{"id":6419,"date":"2022-12-05T14:38:36","date_gmt":"2022-12-05T11:38:36","guid":{"rendered":"https:\/\/if-qatar.com\/?page_id=6419"},"modified":"2022-12-05T15:55:46","modified_gmt":"2022-12-05T12:55:46","slug":"on-en-a-deja-profite","status":"publish","type":"page","link":"https:\/\/if-qatar.com\/en\/on-en-a-deja-profite\/","title":{"rendered":"On en a deja profite !"},"content":{"rendered":"<p><\/p>\n\n\n\n<p><\/p>\n\n\n\n<p><\/p>\n\n\n\n<p class=\"has-text-align-center\"><strong><mark style=\"background-color:rgba(0, 0, 0, 0)\" class=\"has-inline-color has-accent-color\">Strat\u00e9gies de compr\u00e9h<\/mark><\/strong><mark style=\"background-color:rgba(0, 0, 0, 0)\" class=\"has-inline-color has-accent-color\"><strong>ension en FLE. La compr\u00e9hension \u00e9crite<\/strong><\/mark><\/p>\n\n\n<div class=\"wp-block-image\">\n<figure class=\"aligncenter size-large is-resized\"><img fetchpriority=\"high\" decoding=\"async\" src=\"https:\/\/if-qatar.com\/wordpress\/wp-content\/uploads\/2022\/09\/SITE-WEB-FORMATION-1-1024x576.jpg\" alt=\"\" class=\"wp-image-6101\" width=\"307\" height=\"173\" srcset=\"\" sizes=\"(max-width: 307px) 100vw, 307px\" data-srcset=\"\" \/><\/figure><\/div>\n\n\n<p class=\"has-text-align-center\">Identifier les caract\u00e9ristiques du processus de lecture ; Identifier les diff\u00e9rentes strat\u00e9gies de lecture et les mettre en relation avec les pratiques de classe ; S&rsquo;approprier la d\u00e9marche p\u00e9dagogique de l&rsquo;activit\u00e9 de compr\u00e9hension de l&rsquo;\u00e9crit. Nombre limit\u00e9 de places. <\/p>\n\n\n\n<p class=\"has-text-align-center\">Course price: 100 QR, 2 hours<\/p>\n\n\n\n<p class=\"has-text-align-center\">Date: 18\/09 from 3 p.m. to 5 p.m. <\/p>\n\n\n\n<p><\/p>\n\n\n\n<p class=\"has-text-align-center\"><strong><mark style=\"background-color:rgba(0, 0, 0, 0)\" class=\"has-inline-color has-accent-color\">Comprehension strategies in French as a foreign language. Listening comprehension<\/mark><\/strong> <\/p>\n\n\n<div class=\"wp-block-image\">\n<figure class=\"aligncenter size-large is-resized\"><img decoding=\"async\" src=\"https:\/\/if-qatar.com\/wordpress\/wp-content\/uploads\/2022\/06\/FLE-tryptique-copie.jpg-3-1024x1022.jpg\" alt=\"\" class=\"wp-image-5811\" width=\"269\" height=\"268\" srcset=\"\" sizes=\"(max-width: 269px) 100vw, 269px\" data-srcset=\"\" \/><\/figure><\/div>\n\n\n<p class=\"has-text-align-center\">Identifier les crit\u00e8res du choix d&rsquo;un document oral ; Identifier les diff\u00e9rents types d&rsquo;\u00e9coute et les t\u00e2ches qui leur correspondent ; S&rsquo;approprier la d\u00e9marche p\u00e9dagogique de l&rsquo;activit\u00e9 de compr\u00e9hension orale. <\/p>\n\n\n\n<p class=\"has-text-align-center\">June 13 from 3 p.m. to 5 p.m. <\/p>\n\n\n\n<p class=\"has-text-align-center\">100 QR.<\/p>\n\n\n\n<p class=\"has-text-align-center\">En pr\u00e9sentiel, \u00e0 l&rsquo;IFQ<\/p>\n\n\n\n<p class=\"has-text-align-center\"><strong><mark style=\"background-color:rgba(0, 0, 0, 0)\" class=\"has-inline-color has-accent-color\">Regional training: Designing and facilitating a comodal training in French as a foreign language<\/mark><\/strong><\/p>\n\n\n<div class=\"wp-block-image\">\n<figure class=\"aligncenter size-large is-resized\"><img decoding=\"async\" src=\"https:\/\/if-qatar.com\/wordpress\/wp-content\/uploads\/2022\/06\/Mission-IfQatar-1024x819.png\" alt=\"\" class=\"wp-image-5761\" width=\"363\" height=\"290\" srcset=\"\" sizes=\"(max-width: 363px) 100vw, 363px\" data-srcset=\"\" \/><\/figure><\/div>\n\n\n<p class=\"has-text-align-center\">From 26 to 27 May 2022, the French Institute of Qatar, in partnership with the French Institute of the United Arab Emirates and Kuwait, organized a training course \u00ab&nbsp;<strong>Design and lead a comodal training in French as a foreign language \u00bb.<\/strong><\/p>\n\n\n\n<p class=\"has-text-align-center\">Hosted by <strong>Sophie Othman, Associate Professor at the Centre for Applied Linguistics \u2013 University of Franche-Comt\u00e9,<\/strong> This training enabled teachers from the French Institutes in Qatar, the United Arab Emirates and Kuwait to prepare a course of French as a foreign language in comodal with innovative digital tools and to anticipate the challenges of the comodal class on a daily basis.<\/p>\n\n\n\n<p class=\"has-text-align-center\">Following this training, the three French Institutes will be able to offer their public French courses in comodal: the courses will therefore be accessible face-to-face and online, in order to adapt to all audiences.<\/p>","protected":false},"excerpt":{"rendered":"<p>Strat\u00e9gies de compr\u00e9hension en FLE. La compr\u00e9hension \u00e9crite Identifier les caract\u00e9ristiques du processus de lecture ; Identifier les diff\u00e9rentes strat\u00e9gies de lecture et les mettre en relation avec les pratiques de classe ; S&rsquo;approprier la d\u00e9marche p\u00e9dagogique de l&rsquo;activit\u00e9 de compr\u00e9hension de l&rsquo;\u00e9crit. Nombre limit\u00e9 de places. Prix de la formation : 100 QR, 2 [&hellip;]<\/p>","protected":false},"author":1,"featured_media":0,"parent":0,"menu_order":0,"comment_status":"closed","ping_status":"closed","template":"","meta":{"om_disable_all_campaigns":false,"_monsterinsights_skip_tracking":false,"_monsterinsights_sitenote_active":false,"_monsterinsights_sitenote_note":"","_monsterinsights_sitenote_category":0,"footnotes":""},"class_list":["post-6419","page","type-page","status-publish","hentry"],"yoast_head":"<!-- This site is optimized with the Yoast SEO plugin v24.0 - https:\/\/yoast.com\/wordpress\/plugins\/seo\/ -->\n<title>On en a deja profite ! - Institut Fran\u00e7ais du Qatar<\/title>\n<meta name=\"robots\" content=\"index, follow, max-snippet:-1, max-image-preview:large, max-video-preview:-1\" \/>\n<link rel=\"canonical\" href=\"https:\/\/if-qatar.com\/en\/on-en-a-deja-profite\/\" \/>\n<meta property=\"og:locale\" content=\"en_US\" \/>\n<meta property=\"og:type\" content=\"article\" \/>\n<meta property=\"og:title\" content=\"On en a deja profite ! - Institut Fran\u00e7ais du Qatar\" \/>\n<meta property=\"og:description\" content=\"Strat\u00e9gies de compr\u00e9hension en FLE. La compr\u00e9hension \u00e9crite Identifier les caract\u00e9ristiques du processus de lecture ; Identifier les diff\u00e9rentes strat\u00e9gies de lecture et les mettre en relation avec les pratiques de classe ; S&rsquo;approprier la d\u00e9marche p\u00e9dagogique de l&rsquo;activit\u00e9 de compr\u00e9hension de l&rsquo;\u00e9crit. Nombre limit\u00e9 de places. Prix de la formation : 100 QR, 2 [&hellip;]\" \/>\n<meta property=\"og:url\" content=\"https:\/\/if-qatar.com\/en\/on-en-a-deja-profite\/\" \/>\n<meta property=\"og:site_name\" content=\"Institut Fran\u00e7ais du Qatar\" \/>\n<meta property=\"article:modified_time\" content=\"2022-12-05T12:55:46+00:00\" \/>\n<meta property=\"og:image\" content=\"https:\/\/if-qatar.com\/wordpress\/wp-content\/uploads\/2022\/09\/SITE-WEB-FORMATION-1-1024x576.jpg\" \/>\n<meta name=\"twitter:card\" content=\"summary_large_image\" \/>\n<meta name=\"twitter:label1\" content=\"Est. reading time\" \/>\n\t<meta name=\"twitter:data1\" content=\"1 minute\" \/>\n<script type=\"application\/ld+json\" class=\"yoast-schema-graph\">{\"@context\":\"https:\/\/schema.org\",\"@graph\":[{\"@type\":\"WebPage\",\"@id\":\"https:\/\/if-qatar.com\/on-en-a-deja-profite\/\",\"url\":\"https:\/\/if-qatar.com\/on-en-a-deja-profite\/\",\"name\":\"On en a deja profite ! - Institut Fran\u00e7ais du Qatar\",\"isPartOf\":{\"@id\":\"https:\/\/if-qatar.com\/ar\/#website\"},\"primaryImageOfPage\":{\"@id\":\"https:\/\/if-qatar.com\/on-en-a-deja-profite\/#primaryimage\"},\"image\":{\"@id\":\"https:\/\/if-qatar.com\/on-en-a-deja-profite\/#primaryimage\"},\"thumbnailUrl\":\"https:\/\/if-qatar.com\/wordpress\/wp-content\/uploads\/2022\/09\/SITE-WEB-FORMATION-1-1024x576.jpg\",\"datePublished\":\"2022-12-05T11:38:36+00:00\",\"dateModified\":\"2022-12-05T12:55:46+00:00\",\"breadcrumb\":{\"@id\":\"https:\/\/if-qatar.com\/on-en-a-deja-profite\/#breadcrumb\"},\"inLanguage\":\"en-US\",\"potentialAction\":[{\"@type\":\"ReadAction\",\"target\":[\"https:\/\/if-qatar.com\/on-en-a-deja-profite\/\"]}]},{\"@type\":\"ImageObject\",\"inLanguage\":\"en-US\",\"@id\":\"https:\/\/if-qatar.com\/on-en-a-deja-profite\/#primaryimage\",\"url\":\"https:\/\/if-qatar.com\/wordpress\/wp-content\/uploads\/2022\/09\/SITE-WEB-FORMATION-1-1024x576.jpg\",\"contentUrl\":\"https:\/\/if-qatar.com\/wordpress\/wp-content\/uploads\/2022\/09\/SITE-WEB-FORMATION-1-1024x576.jpg\"},{\"@type\":\"BreadcrumbList\",\"@id\":\"https:\/\/if-qatar.com\/on-en-a-deja-profite\/#breadcrumb\",\"itemListElement\":[{\"@type\":\"ListItem\",\"position\":1,\"name\":\"Accueil\",\"item\":\"https:\/\/if-qatar.com\/\"},{\"@type\":\"ListItem\",\"position\":2,\"name\":\"On en a deja profite !\"}]},{\"@type\":\"WebSite\",\"@id\":\"https:\/\/if-qatar.com\/ar\/#website\",\"url\":\"https:\/\/if-qatar.com\/ar\/\",\"name\":\"Institut Fran\u00e7ais du Qatar\",\"description\":\"\",\"publisher\":{\"@id\":\"https:\/\/if-qatar.com\/ar\/#organization\"},\"potentialAction\":[{\"@type\":\"SearchAction\",\"target\":{\"@type\":\"EntryPoint\",\"urlTemplate\":\"https:\/\/if-qatar.com\/ar\/?s={search_term_string}\"},\"query-input\":{\"@type\":\"PropertyValueSpecification\",\"valueRequired\":true,\"valueName\":\"search_term_string\"}}],\"inLanguage\":\"en-US\"},{\"@type\":\"Organization\",\"@id\":\"https:\/\/if-qatar.com\/ar\/#organization\",\"name\":\"Institut Fran\u00e7ais du Qatar\",\"url\":\"https:\/\/if-qatar.com\/ar\/\",\"logo\":{\"@type\":\"ImageObject\",\"inLanguage\":\"en-US\",\"@id\":\"https:\/\/if-qatar.com\/ar\/#\/schema\/logo\/image\/\",\"url\":\"https:\/\/if-qatar.com\/wordpress\/wp-content\/uploads\/2022\/10\/LOGO-IFQ-Fond-blanc-Bleu_Plan-de-travail-1.png\",\"contentUrl\":\"https:\/\/if-qatar.com\/wordpress\/wp-content\/uploads\/2022\/10\/LOGO-IFQ-Fond-blanc-Bleu_Plan-de-travail-1.png\",\"width\":2481,\"height\":1636,\"caption\":\"Institut Fran\u00e7ais du Qatar\"},\"image\":{\"@id\":\"https:\/\/if-qatar.com\/ar\/#\/schema\/logo\/image\/\"}}]}<\/script>\n<!-- \/ Yoast SEO plugin. -->","yoast_head_json":{"title":"On en a deja profite ! - Institut Fran\u00e7ais du Qatar","robots":{"index":"index","follow":"follow","max-snippet":"max-snippet:-1","max-image-preview":"max-image-preview:large","max-video-preview":"max-video-preview:-1"},"canonical":"https:\/\/if-qatar.com\/en\/on-en-a-deja-profite\/","og_locale":"en_US","og_type":"article","og_title":"On en a deja profite ! - Institut Fran\u00e7ais du Qatar","og_description":"Strat\u00e9gies de compr\u00e9hension en FLE. La compr\u00e9hension \u00e9crite Identifier les caract\u00e9ristiques du processus de lecture ; Identifier les diff\u00e9rentes strat\u00e9gies de lecture et les mettre en relation avec les pratiques de classe ; S&rsquo;approprier la d\u00e9marche p\u00e9dagogique de l&rsquo;activit\u00e9 de compr\u00e9hension de l&rsquo;\u00e9crit. Nombre limit\u00e9 de places. Prix de la formation : 100 QR, 2 [&hellip;]","og_url":"https:\/\/if-qatar.com\/en\/on-en-a-deja-profite\/","og_site_name":"Institut Fran\u00e7ais du Qatar","article_modified_time":"2022-12-05T12:55:46+00:00","og_image":[{"url":"https:\/\/if-qatar.com\/wordpress\/wp-content\/uploads\/2022\/09\/SITE-WEB-FORMATION-1-1024x576.jpg","type":"","width":"","height":""}],"twitter_card":"summary_large_image","twitter_misc":{"Est. reading time":"1 minute"},"schema":{"@context":"https:\/\/schema.org","@graph":[{"@type":"WebPage","@id":"https:\/\/if-qatar.com\/on-en-a-deja-profite\/","url":"https:\/\/if-qatar.com\/on-en-a-deja-profite\/","name":"On en a deja profite ! - Institut Fran\u00e7ais du Qatar","isPartOf":{"@id":"https:\/\/if-qatar.com\/ar\/#website"},"primaryImageOfPage":{"@id":"https:\/\/if-qatar.com\/on-en-a-deja-profite\/#primaryimage"},"image":{"@id":"https:\/\/if-qatar.com\/on-en-a-deja-profite\/#primaryimage"},"thumbnailUrl":"https:\/\/if-qatar.com\/wordpress\/wp-content\/uploads\/2022\/09\/SITE-WEB-FORMATION-1-1024x576.jpg","datePublished":"2022-12-05T11:38:36+00:00","dateModified":"2022-12-05T12:55:46+00:00","breadcrumb":{"@id":"https:\/\/if-qatar.com\/on-en-a-deja-profite\/#breadcrumb"},"inLanguage":"en-US","potentialAction":[{"@type":"ReadAction","target":["https:\/\/if-qatar.com\/on-en-a-deja-profite\/"]}]},{"@type":"ImageObject","inLanguage":"en-US","@id":"https:\/\/if-qatar.com\/on-en-a-deja-profite\/#primaryimage","url":"https:\/\/if-qatar.com\/wordpress\/wp-content\/uploads\/2022\/09\/SITE-WEB-FORMATION-1-1024x576.jpg","contentUrl":"https:\/\/if-qatar.com\/wordpress\/wp-content\/uploads\/2022\/09\/SITE-WEB-FORMATION-1-1024x576.jpg"},{"@type":"BreadcrumbList","@id":"https:\/\/if-qatar.com\/on-en-a-deja-profite\/#breadcrumb","itemListElement":[{"@type":"ListItem","position":1,"name":"Accueil","item":"https:\/\/if-qatar.com\/"},{"@type":"ListItem","position":2,"name":"On en a deja profite !"}]},{"@type":"WebSite","@id":"https:\/\/if-qatar.com\/ar\/#website","url":"https:\/\/if-qatar.com\/ar\/","name":"Institut Fran\u00e7ais du Qatar","description":"","publisher":{"@id":"https:\/\/if-qatar.com\/ar\/#organization"},"potentialAction":[{"@type":"SearchAction","target":{"@type":"EntryPoint","urlTemplate":"https:\/\/if-qatar.com\/ar\/?s={search_term_string}"},"query-input":{"@type":"PropertyValueSpecification","valueRequired":true,"valueName":"search_term_string"}}],"inLanguage":"en-US"},{"@type":"Organization","@id":"https:\/\/if-qatar.com\/ar\/#organization","name":"Institut Fran\u00e7ais du Qatar","url":"https:\/\/if-qatar.com\/ar\/","logo":{"@type":"ImageObject","inLanguage":"en-US","@id":"https:\/\/if-qatar.com\/ar\/#\/schema\/logo\/image\/","url":"https:\/\/if-qatar.com\/wordpress\/wp-content\/uploads\/2022\/10\/LOGO-IFQ-Fond-blanc-Bleu_Plan-de-travail-1.png","contentUrl":"https:\/\/if-qatar.com\/wordpress\/wp-content\/uploads\/2022\/10\/LOGO-IFQ-Fond-blanc-Bleu_Plan-de-travail-1.png","width":2481,"height":1636,"caption":"Institut Fran\u00e7ais du Qatar"},"image":{"@id":"https:\/\/if-qatar.com\/ar\/#\/schema\/logo\/image\/"}}]}},"_links":{"self":[{"href":"https:\/\/if-qatar.com\/en\/wp-json\/wp\/v2\/pages\/6419"}],"collection":[{"href":"https:\/\/if-qatar.com\/en\/wp-json\/wp\/v2\/pages"}],"about":[{"href":"https:\/\/if-qatar.com\/en\/wp-json\/wp\/v2\/types\/page"}],"author":[{"embeddable":true,"href":"https:\/\/if-qatar.com\/en\/wp-json\/wp\/v2\/users\/1"}],"replies":[{"embeddable":true,"href":"https:\/\/if-qatar.com\/en\/wp-json\/wp\/v2\/comments?post=6419"}],"version-history":[{"count":5,"href":"https:\/\/if-qatar.com\/en\/wp-json\/wp\/v2\/pages\/6419\/revisions"}],"predecessor-version":[{"id":6429,"href":"https:\/\/if-qatar.com\/en\/wp-json\/wp\/v2\/pages\/6419\/revisions\/6429"}],"wp:attachment":[{"href":"https:\/\/if-qatar.com\/en\/wp-json\/wp\/v2\/media?parent=6419"}],"curies":[{"name":"wp","href":"https:\/\/api.w.org\/{rel}","templated":true}]}}