{"id":5900,"date":"2022-06-13T11:38:39","date_gmt":"2022-06-13T08:38:39","guid":{"rendered":"https:\/\/if-qatar.com\/?page_id=5900"},"modified":"2022-11-19T20:47:23","modified_gmt":"2022-11-19T17:47:23","slug":"translatepress","status":"publish","type":"page","link":"https:\/\/if-qatar.com\/en\/translatepress\/","title":{"rendered":"TranslatePress"},"content":{"rendered":"<div class=\"wp-block-group\"><div class=\"wp-block-group__inner-container is-layout-flow wp-block-group-is-layout-flow\">\n<p>Type of exams<\/p>\n\n\n\n<p>Format<\/p>\n\n\n\n<ul class=\"wp-block-list\"><li>In person<\/li><li>Online<\/li><li>Hybrid<\/li><li>in comodal<\/li><\/ul>\n\n\n\n<p>Type of class<\/p>\n\n\n\n<ul class=\"wp-block-list\"><li>General Classes<\/li><li>French as a seconde language<\/li><li>Extensive (32h)<\/li><li>Extensive (28h)<\/li><li>Intensive (32h)<\/li><li>Intensive plus (48h)<\/li><\/ul>\n\n\n\n<p>Period<\/p>\n\n\n\n<ul class=\"wp-block-list\"><li>Spring<\/li><li>Winter<\/li><li>Autumn<\/li><li>Summer<\/li><\/ul>\n\n\n\n<p>Level<\/p>\n\n\n\n<ul class=\"wp-block-list\"><li>Level A1.2 Plus<\/li><li>Level A1.2<\/li><li>Level A1.3<\/li><li>Level A2.1 Plus<\/li><li>Level A2.1<\/li><li>Level A2.2<\/li><li>Level A2.3<\/li><li>Level B1.1<\/li><li>Level B1.2<\/li><li>Level B1.3<\/li><li>Level B1.4<\/li><li>Level B1.5<\/li><li>Level B1.6<\/li><li>Level B1.7<\/li><li>Level B2.1<\/li><li>Level B2.2<\/li><li>Level C1.1<\/li><li>Level C1.6<\/li><li>Level FLS 12-15 yo<\/li><li>Level FLS 5-7 ans<\/li><li>Level FLS 8-11 ans<\/li><li>Level Les petits filous 1 (5-7 yo)<\/li><li>Level Les petits filous 2 (5-7 yo)<\/li><li>Level Les petits filous 4 (5-7 yo)<\/li><li>Level Les petits filous 5 (5-7 yo)<\/li><li>Level Les loustics 1A1.1 (8 \u2013 11 yo)<\/li><li>Level Les ouistitis 1A1.1 (7-8 yo)<\/li><li>Level Les loustics A1.2 (8-11 yo)<\/li><li>Level Les loustics A1.3 (8-11 yo)<\/li><li>Level Les ouistitis A1.1 (7-8 yo)<\/li><li>Level Les loustics A2.1 (8-11 yo)<\/li><li>Level Les loustics A2.2 (8-11 yo)<\/li><li>Level Les loustics A2.3 (8-11 yo)<\/li><\/ul>\n\n\n\n<ul class=\"wp-block-list\" id=\"block-8aa46916-2427-438f-a05e-bb6f9d14972f\"><li>A1 - Beginner<\/li><li>A2 &#8211; D\u00e9butant confirm\u00e9<\/li><li>B1 &#8211; Interm\u00e9diaire<\/li><li>B2 &#8211; Avanc\u00e9<\/li><li>C1 &#8211; Autonome<\/li><li>&nbsp;Young children<\/li><li>A&nbsp;1.1 &#8211; D\u00e9couverte<\/li><li><\/li><\/ul>\n\n\n\n<p><\/p>\n<\/div><\/div>\n\n\n\n<div class=\"wp-block-group\"><div class=\"wp-block-group__inner-container is-layout-flow wp-block-group-is-layout-flow\">\n<div class=\"wp-block-group\"><div class=\"wp-block-group__inner-container is-layout-flow wp-block-group-is-layout-flow\">\n<p>The professional diploma in French as a foreign language from the Alliance Fran\u00e7aise Paris Ile-de-France (<strong>DAEFLE)<\/strong>&nbsp;DAEFLE) is aimed at anyone holding a Bachelor degree and at level C1 wishing to teach French as a foreign language (FLE) in France and\/or abroad.&nbsp;<strong>ttention, inscriptions closes une semaine avant la date de l&rsquo;examen !&nbsp;<\/strong>&nbsp;To&nbsp;<strong>register<\/strong>please fill the&nbsp;<a href=\"https:\/\/if-qatar.com\/wordpress\/wp-content\/uploads\/2022\/05\/formulaire-Daefle.pdf\">formulaire Daefle<\/a>&nbsp;and send it to info@if-qatar.com.<\/p>\n<\/div><\/div>\n<\/div><\/div>\n\n\n\n<p><\/p>\n\n\n\n<div class=\"wp-block-group\"><div class=\"wp-block-group__inner-container is-layout-flow wp-block-group-is-layout-flow\">\n<div class=\"wp-block-group\"><div class=\"wp-block-group__inner-container is-layout-flow wp-block-group-is-layout-flow\">\n<div class=\"wp-block-group\"><div class=\"wp-block-group__inner-container is-layout-flow wp-block-group-is-layout-flow\">\n<div class=\"wp-block-group\"><div class=\"wp-block-group__inner-container is-layout-flow wp-block-group-is-layout-flow\">\n<p>The&nbsp;<strong>DELF General Public<\/strong>&nbsp;(Diplomas d\u2019Etudes en Langue Fran\u00e7aise) is designed for people wishing to evaluate their level of French for personal, academic or professional purposes and is valid for life. Foreign students wishing to continue their studies in France are required by French universities to provide a DELF AP diploma. The DELF AP assesses the levels (A1, A2, B1, B2) of the European Language Framework (CEFRL). The DALF (Advanced Diplomas in French Language) corresponds to advanced levels (C1, C2).&nbsp;<strong>Attention, please note that registrations are close one week before the exam date!<\/strong>&nbsp;To register, please fill&nbsp;<a href=\"https:\/\/if-qatar.com\/wordpress\/wp-content\/uploads\/2022\/04\/formulaire-delf-tp-tarifs-mis-a-jour.pdf\">formulaire-delf-tp-tarifs&nbsp;<\/a>and send it to info@if-qatar.com<\/p>\n<\/div><\/div>\n<\/div><\/div>\n<\/div><\/div>\n\n\n\n<p><em>This is the minimum level to obtain French nationality<\/em><\/p>\n\n\n\n<p><em>This is the level required for studies in France and the minimum required in the event of immigration to Canada.<\/em><\/p>\n<\/div><\/div>\n\n\n\n<div class=\"wp-block-group\"><div class=\"wp-block-group__inner-container is-layout-flow wp-block-group-is-layout-flow\">\n<ul class=\"wp-block-list\"><li><strong>When ?<\/strong><\/li><li><strong>Where ?<\/strong><\/li><li><strong>Price \/ Booking<\/strong><\/li><li>Prix<\/li><li>Places<\/li><li>Commentaire<\/li><li>Send your booking request<\/li><\/ul>\n<\/div><\/div>\n\n\n\n<p><\/p>\n\n\n\n<p><\/p>","protected":false},"excerpt":{"rendered":"<p>Type examens Format En pr\u00e9sentiel En ligne Hybride En comodal Type de cours Cours g\u00e9n\u00e9raux Cours langue seconde Extensif (32h) Extensif (28h) Intensif (32h) Intensif + (48h) P\u00e9riode Printemps Hiver Automne Ete Niveau Niveau A1.2 Plus Niveau A1.2 Niveau A1.3 Niveau A2.1 Plus Niveau A2.1 Niveau A2.2 Niveau A2.3 Niveau B1.1 Niveau B1.2 Niveau B1.3 [&hellip;]<\/p>","protected":false},"author":1,"featured_media":0,"parent":0,"menu_order":0,"comment_status":"closed","ping_status":"closed","template":"templates\/template-cover.php","meta":{"om_disable_all_campaigns":false,"_monsterinsights_skip_tracking":false,"_monsterinsights_sitenote_active":false,"_monsterinsights_sitenote_note":"","_monsterinsights_sitenote_category":0,"footnotes":""},"class_list":["post-5900","page","type-page","status-publish","hentry"],"yoast_head":"<!-- This site is optimized with the Yoast SEO plugin v24.0 - https:\/\/yoast.com\/wordpress\/plugins\/seo\/ -->\n<title>TranslatePress - Institut Fran\u00e7ais du Qatar<\/title>\n<meta name=\"robots\" content=\"index, follow, max-snippet:-1, max-image-preview:large, max-video-preview:-1\" \/>\n<link rel=\"canonical\" href=\"https:\/\/if-qatar.com\/en\/translatepress\/\" \/>\n<meta property=\"og:locale\" content=\"en_US\" \/>\n<meta property=\"og:type\" content=\"article\" \/>\n<meta property=\"og:title\" content=\"TranslatePress - Institut Fran\u00e7ais du Qatar\" \/>\n<meta property=\"og:description\" content=\"Type examens Format En pr\u00e9sentiel En ligne Hybride En comodal Type de cours Cours g\u00e9n\u00e9raux Cours langue seconde Extensif (32h) Extensif (28h) Intensif (32h) Intensif + (48h) P\u00e9riode Printemps Hiver Automne Ete Niveau Niveau A1.2 Plus Niveau A1.2 Niveau A1.3 Niveau A2.1 Plus Niveau A2.1 Niveau A2.2 Niveau A2.3 Niveau B1.1 Niveau B1.2 Niveau B1.3 [&hellip;]\" \/>\n<meta property=\"og:url\" content=\"https:\/\/if-qatar.com\/en\/translatepress\/\" \/>\n<meta property=\"og:site_name\" content=\"Institut Fran\u00e7ais du Qatar\" \/>\n<meta property=\"article:modified_time\" content=\"2022-11-19T17:47:23+00:00\" \/>\n<meta name=\"twitter:card\" content=\"summary_large_image\" \/>\n<meta name=\"twitter:label1\" content=\"Est. reading time\" \/>\n\t<meta name=\"twitter:data1\" content=\"2 minutes\" \/>\n<script type=\"application\/ld+json\" class=\"yoast-schema-graph\">{\"@context\":\"https:\/\/schema.org\",\"@graph\":[{\"@type\":\"WebPage\",\"@id\":\"https:\/\/if-qatar.com\/translatepress\/\",\"url\":\"https:\/\/if-qatar.com\/translatepress\/\",\"name\":\"TranslatePress - Institut Fran\u00e7ais du Qatar\",\"isPartOf\":{\"@id\":\"https:\/\/if-qatar.com\/ar\/#website\"},\"datePublished\":\"2022-06-13T08:38:39+00:00\",\"dateModified\":\"2022-11-19T17:47:23+00:00\",\"breadcrumb\":{\"@id\":\"https:\/\/if-qatar.com\/translatepress\/#breadcrumb\"},\"inLanguage\":\"en-US\",\"potentialAction\":[{\"@type\":\"ReadAction\",\"target\":[\"https:\/\/if-qatar.com\/translatepress\/\"]}]},{\"@type\":\"BreadcrumbList\",\"@id\":\"https:\/\/if-qatar.com\/translatepress\/#breadcrumb\",\"itemListElement\":[{\"@type\":\"ListItem\",\"position\":1,\"name\":\"Accueil\",\"item\":\"https:\/\/if-qatar.com\/\"},{\"@type\":\"ListItem\",\"position\":2,\"name\":\"TranslatePress\"}]},{\"@type\":\"WebSite\",\"@id\":\"https:\/\/if-qatar.com\/ar\/#website\",\"url\":\"https:\/\/if-qatar.com\/ar\/\",\"name\":\"Institut Fran\u00e7ais du Qatar\",\"description\":\"\",\"publisher\":{\"@id\":\"https:\/\/if-qatar.com\/ar\/#organization\"},\"potentialAction\":[{\"@type\":\"SearchAction\",\"target\":{\"@type\":\"EntryPoint\",\"urlTemplate\":\"https:\/\/if-qatar.com\/ar\/?s={search_term_string}\"},\"query-input\":{\"@type\":\"PropertyValueSpecification\",\"valueRequired\":true,\"valueName\":\"search_term_string\"}}],\"inLanguage\":\"en-US\"},{\"@type\":\"Organization\",\"@id\":\"https:\/\/if-qatar.com\/ar\/#organization\",\"name\":\"Institut Fran\u00e7ais du Qatar\",\"url\":\"https:\/\/if-qatar.com\/ar\/\",\"logo\":{\"@type\":\"ImageObject\",\"inLanguage\":\"en-US\",\"@id\":\"https:\/\/if-qatar.com\/ar\/#\/schema\/logo\/image\/\",\"url\":\"https:\/\/if-qatar.com\/wordpress\/wp-content\/uploads\/2022\/10\/LOGO-IFQ-Fond-blanc-Bleu_Plan-de-travail-1.png\",\"contentUrl\":\"https:\/\/if-qatar.com\/wordpress\/wp-content\/uploads\/2022\/10\/LOGO-IFQ-Fond-blanc-Bleu_Plan-de-travail-1.png\",\"width\":2481,\"height\":1636,\"caption\":\"Institut Fran\u00e7ais du Qatar\"},\"image\":{\"@id\":\"https:\/\/if-qatar.com\/ar\/#\/schema\/logo\/image\/\"}}]}<\/script>\n<!-- \/ Yoast SEO plugin. -->","yoast_head_json":{"title":"TranslatePress - Institut Fran\u00e7ais du Qatar","robots":{"index":"index","follow":"follow","max-snippet":"max-snippet:-1","max-image-preview":"max-image-preview:large","max-video-preview":"max-video-preview:-1"},"canonical":"https:\/\/if-qatar.com\/en\/translatepress\/","og_locale":"en_US","og_type":"article","og_title":"TranslatePress - Institut Fran\u00e7ais du Qatar","og_description":"Type examens Format En pr\u00e9sentiel En ligne Hybride En comodal Type de cours Cours g\u00e9n\u00e9raux Cours langue seconde Extensif (32h) Extensif (28h) Intensif (32h) Intensif + (48h) P\u00e9riode Printemps Hiver Automne Ete Niveau Niveau A1.2 Plus Niveau A1.2 Niveau A1.3 Niveau A2.1 Plus Niveau A2.1 Niveau A2.2 Niveau A2.3 Niveau B1.1 Niveau B1.2 Niveau B1.3 [&hellip;]","og_url":"https:\/\/if-qatar.com\/en\/translatepress\/","og_site_name":"Institut Fran\u00e7ais du Qatar","article_modified_time":"2022-11-19T17:47:23+00:00","twitter_card":"summary_large_image","twitter_misc":{"Est. reading time":"2 minutes"},"schema":{"@context":"https:\/\/schema.org","@graph":[{"@type":"WebPage","@id":"https:\/\/if-qatar.com\/translatepress\/","url":"https:\/\/if-qatar.com\/translatepress\/","name":"TranslatePress - Institut Fran\u00e7ais du Qatar","isPartOf":{"@id":"https:\/\/if-qatar.com\/ar\/#website"},"datePublished":"2022-06-13T08:38:39+00:00","dateModified":"2022-11-19T17:47:23+00:00","breadcrumb":{"@id":"https:\/\/if-qatar.com\/translatepress\/#breadcrumb"},"inLanguage":"en-US","potentialAction":[{"@type":"ReadAction","target":["https:\/\/if-qatar.com\/translatepress\/"]}]},{"@type":"BreadcrumbList","@id":"https:\/\/if-qatar.com\/translatepress\/#breadcrumb","itemListElement":[{"@type":"ListItem","position":1,"name":"Accueil","item":"https:\/\/if-qatar.com\/"},{"@type":"ListItem","position":2,"name":"TranslatePress"}]},{"@type":"WebSite","@id":"https:\/\/if-qatar.com\/ar\/#website","url":"https:\/\/if-qatar.com\/ar\/","name":"Institut Fran\u00e7ais du Qatar","description":"","publisher":{"@id":"https:\/\/if-qatar.com\/ar\/#organization"},"potentialAction":[{"@type":"SearchAction","target":{"@type":"EntryPoint","urlTemplate":"https:\/\/if-qatar.com\/ar\/?s={search_term_string}"},"query-input":{"@type":"PropertyValueSpecification","valueRequired":true,"valueName":"search_term_string"}}],"inLanguage":"en-US"},{"@type":"Organization","@id":"https:\/\/if-qatar.com\/ar\/#organization","name":"Institut Fran\u00e7ais du Qatar","url":"https:\/\/if-qatar.com\/ar\/","logo":{"@type":"ImageObject","inLanguage":"en-US","@id":"https:\/\/if-qatar.com\/ar\/#\/schema\/logo\/image\/","url":"https:\/\/if-qatar.com\/wordpress\/wp-content\/uploads\/2022\/10\/LOGO-IFQ-Fond-blanc-Bleu_Plan-de-travail-1.png","contentUrl":"https:\/\/if-qatar.com\/wordpress\/wp-content\/uploads\/2022\/10\/LOGO-IFQ-Fond-blanc-Bleu_Plan-de-travail-1.png","width":2481,"height":1636,"caption":"Institut Fran\u00e7ais du Qatar"},"image":{"@id":"https:\/\/if-qatar.com\/ar\/#\/schema\/logo\/image\/"}}]}},"_links":{"self":[{"href":"https:\/\/if-qatar.com\/en\/wp-json\/wp\/v2\/pages\/5900"}],"collection":[{"href":"https:\/\/if-qatar.com\/en\/wp-json\/wp\/v2\/pages"}],"about":[{"href":"https:\/\/if-qatar.com\/en\/wp-json\/wp\/v2\/types\/page"}],"author":[{"embeddable":true,"href":"https:\/\/if-qatar.com\/en\/wp-json\/wp\/v2\/users\/1"}],"replies":[{"embeddable":true,"href":"https:\/\/if-qatar.com\/en\/wp-json\/wp\/v2\/comments?post=5900"}],"version-history":[{"count":38,"href":"https:\/\/if-qatar.com\/en\/wp-json\/wp\/v2\/pages\/5900\/revisions"}],"predecessor-version":[{"id":6335,"href":"https:\/\/if-qatar.com\/en\/wp-json\/wp\/v2\/pages\/5900\/revisions\/6335"}],"wp:attachment":[{"href":"https:\/\/if-qatar.com\/en\/wp-json\/wp\/v2\/media?parent=5900"}],"curies":[{"name":"wp","href":"https:\/\/api.w.org\/{rel}","templated":true}]}}