{"id":5209,"date":"2022-03-15T15:53:04","date_gmt":"2022-03-15T12:53:04","guid":{"rendered":"https:\/\/if-qatar.com\/?page_id=5209"},"modified":"2024-01-07T16:28:15","modified_gmt":"2024-01-07T13:28:15","slug":"test-de-positionnement","status":"publish","type":"page","link":"https:\/\/if-qatar.com\/en\/test-de-positionnement\/","title":{"rendered":"Placement test"},"content":{"rendered":"<div class=\"wp-block-group add-padding\"><div class=\"wp-block-group__inner-container is-layout-flow wp-block-group-is-layout-flow\">\t\t\t<!-- Flexy Breadcrumb -->\r\n\t\t\t<div class=\"fbc fbc-page\">\r\n\r\n\t\t\t\t<!-- Breadcrumb wrapper -->\r\n\t\t\t\t<div class=\"fbc-wrap\">\r\n\r\n\t\t\t\t\t<!-- Ordered list-->\r\n\t\t\t\t\t<ol class=\"fbc-items\" itemscope itemtype=\"https:\/\/schema.org\/BreadcrumbList\">\r\n\t\t\t\t\t\t            <li itemprop=\"itemListElement\" itemscope itemtype=\"https:\/\/schema.org\/ListItem\">\r\n                <span itemprop=\"name\">\r\n                    <!-- Home Link -->\r\n                    <a itemprop=\"item\" href=\"https:\/\/if-qatar.com\/en\/\">\r\n                    \r\n                                                    <i class=\"fa fa-home\" aria-hidden=\"true\"><\/i>Home                    <\/a>\r\n                <\/span>\r\n                <meta itemprop=\"position\" content=\"1\" \/><!-- Meta Position-->\r\n             <\/li><li><span class=\"fbc-separator\">\/<\/span><\/li><li class=\"active\" itemprop=\"itemListElement\" itemscope itemtype=\"https:\/\/schema.org\/ListItem\"><span itemprop=\"name\" title=\"Placement test\">Placement test<\/span><meta itemprop=\"position\" content=\"2\" \/><\/li>\t\t\t\t\t<\/ol>\r\n\t\t\t\t\t<div class=\"clearfix\"><\/div>\r\n\t\t\t\t<\/div>\r\n\t\t\t<\/div>\r\n\t\t\t\n\n\n\n<h2 class=\"wp-block-heading\"><strong>Placement test<\/strong><\/h2>\n\n\n\n<h3 class=\"wp-block-heading\"><strong>Why ?<\/strong> <\/h3>\n\n\n\n<ul class=\"wp-block-list\">\n<li>You want to enroll in a course but you are not sure of your level. <\/li>\n\n\n\n<li>You want to register for a French exam but you don't know if you have the right level.<\/li>\n<\/ul>\n\n\n\n<p>Warning: Ev@lang is a non-certifying test, which does not replace an official exam. It serves as an indication for the level.<\/p>\n\n\n\n<h3 class=\"wp-block-heading\"><strong>For who ?<\/strong><\/h3>\n\n\n\n<p>For all learners registering for the first time at the French Institute in Qatar, except if you are an absolute beginner.<\/p>\n\n\n\n<p>For adults, teenagers, pre-teens and children, in order to be able to direct them to the course best suited to their level.<\/p>\n\n\n\n<p>Adults take the test in two parts: one part on the computer with the Ev@lang software, then an interview with a teacher to check the oral level.<\/p>\n\n\n\n<p>The other audiences only have an oral interview, which can be supplemented if necessary by small written tasks, depending on the level.<\/p>\n\n\n\n<h3 class=\"wp-block-heading\"><strong>How ?<\/strong><\/h3>\n\n\n\n<p>By booking an appointment in advance with the reception of the French Institute of Qatar: <a href=\"mailto:info@if-qatar.com\">info@if-qatar.com<\/a> to reserve a slot for the part on the computer (also possible from home) and the interview with the teacher (also possible online, on Zoom) :<\/p>\n\n\n\n<p>1 hour for an adult test (40 minutes for the online part and 20 minutes of interview) and on average 20-25 minutes for other audiences.<\/p>\n\n\n\n<h3 class=\"wp-block-heading\"><strong>How much ?<\/strong><strong> ?<\/strong><\/h3>\n\n\n\n<p>100 QR for adults<\/p>\n\n\n\n<p>50 QAR for teens\/kids<\/p>\n\n\n\n<p>You can make an online transfert or pay directly at the Institute.<\/p>\n\n\n\n<div class=\"wp-block-buttons is-content-justification-center is-layout-flex wp-container-core-buttons-is-layout-1 wp-block-buttons-is-layout-flex\">\n<div class=\"wp-block-button\"><a class=\"wp-block-button__link wp-element-button\" href=\"https:\/\/wa.me\/97431680085\">CHAT ON <strong>WhatsApp<\/strong><\/a><\/div>\n<\/div>\n<\/div><\/div>","protected":false},"excerpt":{"rendered":"<p>Test de positionnement Pourquoi ? Attention: Ev@lang est un test non certifiant, qui ne remplace pas un examen officiel. Il nous sert d\u2019indication pour le niveau. Pour qui ? Pour tous les apprenants qui s\u2019inscrivent pour la premi\u00e8re fois \u00e0 l\u2019Institut fran\u00e7ais du Qatar, sauf si vous \u00eates d\u00e9butant absolu. Nous faisons passer ainsi des [&hellip;]<\/p>","protected":false},"author":1,"featured_media":5323,"parent":0,"menu_order":0,"comment_status":"closed","ping_status":"closed","template":"templates\/template-cover.php","meta":{"om_disable_all_campaigns":false,"_monsterinsights_skip_tracking":false,"_monsterinsights_sitenote_active":false,"_monsterinsights_sitenote_note":"","_monsterinsights_sitenote_category":0,"footnotes":""},"class_list":["post-5209","page","type-page","status-publish","has-post-thumbnail","hentry"],"yoast_head":"<!-- This site is optimized with the Yoast SEO plugin v24.0 - https:\/\/yoast.com\/wordpress\/plugins\/seo\/ -->\n<title>Test de positionnement - Institut Fran\u00e7ais du Qatar<\/title>\n<meta name=\"robots\" content=\"index, follow, max-snippet:-1, max-image-preview:large, max-video-preview:-1\" \/>\n<link rel=\"canonical\" href=\"https:\/\/if-qatar.com\/en\/test-de-positionnement\/\" \/>\n<meta property=\"og:locale\" content=\"en_US\" \/>\n<meta property=\"og:type\" content=\"article\" \/>\n<meta property=\"og:title\" content=\"Test de positionnement - Institut Fran\u00e7ais du Qatar\" \/>\n<meta property=\"og:description\" content=\"Test de positionnement Pourquoi ? Attention: Ev@lang est un test non certifiant, qui ne remplace pas un examen officiel. Il nous sert d\u2019indication pour le niveau. Pour qui ? Pour tous les apprenants qui s\u2019inscrivent pour la premi\u00e8re fois \u00e0 l\u2019Institut fran\u00e7ais du Qatar, sauf si vous \u00eates d\u00e9butant absolu. Nous faisons passer ainsi des [&hellip;]\" \/>\n<meta property=\"og:url\" content=\"https:\/\/if-qatar.com\/en\/test-de-positionnement\/\" \/>\n<meta property=\"og:site_name\" content=\"Institut Fran\u00e7ais du Qatar\" \/>\n<meta property=\"article:modified_time\" content=\"2024-01-07T13:28:15+00:00\" \/>\n<meta property=\"og:image\" content=\"https:\/\/if-qatar.com\/wordpress\/wp-content\/uploads\/2022\/03\/hand-writing-on-paper-with-pen-1-scaled.jpg\" \/>\n\t<meta property=\"og:image:width\" content=\"2560\" \/>\n\t<meta property=\"og:image:height\" content=\"1607\" \/>\n\t<meta property=\"og:image:type\" content=\"image\/jpeg\" \/>\n<meta name=\"twitter:card\" content=\"summary_large_image\" \/>\n<meta name=\"twitter:label1\" content=\"Est. reading time\" \/>\n\t<meta name=\"twitter:data1\" content=\"1 minute\" \/>\n<script type=\"application\/ld+json\" class=\"yoast-schema-graph\">{\"@context\":\"https:\/\/schema.org\",\"@graph\":[{\"@type\":\"WebPage\",\"@id\":\"https:\/\/if-qatar.com\/test-de-positionnement\/\",\"url\":\"https:\/\/if-qatar.com\/test-de-positionnement\/\",\"name\":\"Test de positionnement - Institut Fran\u00e7ais du Qatar\",\"isPartOf\":{\"@id\":\"https:\/\/if-qatar.com\/ar\/#website\"},\"primaryImageOfPage\":{\"@id\":\"https:\/\/if-qatar.com\/test-de-positionnement\/#primaryimage\"},\"image\":{\"@id\":\"https:\/\/if-qatar.com\/test-de-positionnement\/#primaryimage\"},\"thumbnailUrl\":\"https:\/\/if-qatar.com\/wordpress\/wp-content\/uploads\/2022\/03\/hand-writing-on-paper-with-pen-1-scaled.jpg\",\"datePublished\":\"2022-03-15T12:53:04+00:00\",\"dateModified\":\"2024-01-07T13:28:15+00:00\",\"breadcrumb\":{\"@id\":\"https:\/\/if-qatar.com\/test-de-positionnement\/#breadcrumb\"},\"inLanguage\":\"en-US\",\"potentialAction\":[{\"@type\":\"ReadAction\",\"target\":[\"https:\/\/if-qatar.com\/test-de-positionnement\/\"]}]},{\"@type\":\"ImageObject\",\"inLanguage\":\"en-US\",\"@id\":\"https:\/\/if-qatar.com\/test-de-positionnement\/#primaryimage\",\"url\":\"https:\/\/if-qatar.com\/wordpress\/wp-content\/uploads\/2022\/03\/hand-writing-on-paper-with-pen-1-scaled.jpg\",\"contentUrl\":\"https:\/\/if-qatar.com\/wordpress\/wp-content\/uploads\/2022\/03\/hand-writing-on-paper-with-pen-1-scaled.jpg\",\"width\":2560,\"height\":1607,\"caption\":\"Hand with pen over application form\"},{\"@type\":\"BreadcrumbList\",\"@id\":\"https:\/\/if-qatar.com\/test-de-positionnement\/#breadcrumb\",\"itemListElement\":[{\"@type\":\"ListItem\",\"position\":1,\"name\":\"Accueil\",\"item\":\"https:\/\/if-qatar.com\/\"},{\"@type\":\"ListItem\",\"position\":2,\"name\":\"Test de positionnement\"}]},{\"@type\":\"WebSite\",\"@id\":\"https:\/\/if-qatar.com\/ar\/#website\",\"url\":\"https:\/\/if-qatar.com\/ar\/\",\"name\":\"Institut Fran\u00e7ais du Qatar\",\"description\":\"\",\"publisher\":{\"@id\":\"https:\/\/if-qatar.com\/ar\/#organization\"},\"potentialAction\":[{\"@type\":\"SearchAction\",\"target\":{\"@type\":\"EntryPoint\",\"urlTemplate\":\"https:\/\/if-qatar.com\/ar\/?s={search_term_string}\"},\"query-input\":{\"@type\":\"PropertyValueSpecification\",\"valueRequired\":true,\"valueName\":\"search_term_string\"}}],\"inLanguage\":\"en-US\"},{\"@type\":\"Organization\",\"@id\":\"https:\/\/if-qatar.com\/ar\/#organization\",\"name\":\"Institut Fran\u00e7ais du Qatar\",\"url\":\"https:\/\/if-qatar.com\/ar\/\",\"logo\":{\"@type\":\"ImageObject\",\"inLanguage\":\"en-US\",\"@id\":\"https:\/\/if-qatar.com\/ar\/#\/schema\/logo\/image\/\",\"url\":\"https:\/\/if-qatar.com\/wordpress\/wp-content\/uploads\/2022\/10\/LOGO-IFQ-Fond-blanc-Bleu_Plan-de-travail-1.png\",\"contentUrl\":\"https:\/\/if-qatar.com\/wordpress\/wp-content\/uploads\/2022\/10\/LOGO-IFQ-Fond-blanc-Bleu_Plan-de-travail-1.png\",\"width\":2481,\"height\":1636,\"caption\":\"Institut Fran\u00e7ais du Qatar\"},\"image\":{\"@id\":\"https:\/\/if-qatar.com\/ar\/#\/schema\/logo\/image\/\"}}]}<\/script>\n<!-- \/ Yoast SEO plugin. -->","yoast_head_json":{"title":"Test de positionnement - Institut Fran\u00e7ais du Qatar","robots":{"index":"index","follow":"follow","max-snippet":"max-snippet:-1","max-image-preview":"max-image-preview:large","max-video-preview":"max-video-preview:-1"},"canonical":"https:\/\/if-qatar.com\/en\/test-de-positionnement\/","og_locale":"en_US","og_type":"article","og_title":"Test de positionnement - Institut Fran\u00e7ais du Qatar","og_description":"Test de positionnement Pourquoi ? Attention: Ev@lang est un test non certifiant, qui ne remplace pas un examen officiel. Il nous sert d\u2019indication pour le niveau. Pour qui ? Pour tous les apprenants qui s\u2019inscrivent pour la premi\u00e8re fois \u00e0 l\u2019Institut fran\u00e7ais du Qatar, sauf si vous \u00eates d\u00e9butant absolu. Nous faisons passer ainsi des [&hellip;]","og_url":"https:\/\/if-qatar.com\/en\/test-de-positionnement\/","og_site_name":"Institut Fran\u00e7ais du Qatar","article_modified_time":"2024-01-07T13:28:15+00:00","og_image":[{"width":2560,"height":1607,"url":"https:\/\/if-qatar.com\/wordpress\/wp-content\/uploads\/2022\/03\/hand-writing-on-paper-with-pen-1-scaled.jpg","type":"image\/jpeg"}],"twitter_card":"summary_large_image","twitter_misc":{"Est. reading time":"1 minute"},"schema":{"@context":"https:\/\/schema.org","@graph":[{"@type":"WebPage","@id":"https:\/\/if-qatar.com\/test-de-positionnement\/","url":"https:\/\/if-qatar.com\/test-de-positionnement\/","name":"Test de positionnement - Institut Fran\u00e7ais du Qatar","isPartOf":{"@id":"https:\/\/if-qatar.com\/ar\/#website"},"primaryImageOfPage":{"@id":"https:\/\/if-qatar.com\/test-de-positionnement\/#primaryimage"},"image":{"@id":"https:\/\/if-qatar.com\/test-de-positionnement\/#primaryimage"},"thumbnailUrl":"https:\/\/if-qatar.com\/wordpress\/wp-content\/uploads\/2022\/03\/hand-writing-on-paper-with-pen-1-scaled.jpg","datePublished":"2022-03-15T12:53:04+00:00","dateModified":"2024-01-07T13:28:15+00:00","breadcrumb":{"@id":"https:\/\/if-qatar.com\/test-de-positionnement\/#breadcrumb"},"inLanguage":"en-US","potentialAction":[{"@type":"ReadAction","target":["https:\/\/if-qatar.com\/test-de-positionnement\/"]}]},{"@type":"ImageObject","inLanguage":"en-US","@id":"https:\/\/if-qatar.com\/test-de-positionnement\/#primaryimage","url":"https:\/\/if-qatar.com\/wordpress\/wp-content\/uploads\/2022\/03\/hand-writing-on-paper-with-pen-1-scaled.jpg","contentUrl":"https:\/\/if-qatar.com\/wordpress\/wp-content\/uploads\/2022\/03\/hand-writing-on-paper-with-pen-1-scaled.jpg","width":2560,"height":1607,"caption":"Hand with pen over application form"},{"@type":"BreadcrumbList","@id":"https:\/\/if-qatar.com\/test-de-positionnement\/#breadcrumb","itemListElement":[{"@type":"ListItem","position":1,"name":"Accueil","item":"https:\/\/if-qatar.com\/"},{"@type":"ListItem","position":2,"name":"Test de positionnement"}]},{"@type":"WebSite","@id":"https:\/\/if-qatar.com\/ar\/#website","url":"https:\/\/if-qatar.com\/ar\/","name":"Institut Fran\u00e7ais du Qatar","description":"","publisher":{"@id":"https:\/\/if-qatar.com\/ar\/#organization"},"potentialAction":[{"@type":"SearchAction","target":{"@type":"EntryPoint","urlTemplate":"https:\/\/if-qatar.com\/ar\/?s={search_term_string}"},"query-input":{"@type":"PropertyValueSpecification","valueRequired":true,"valueName":"search_term_string"}}],"inLanguage":"en-US"},{"@type":"Organization","@id":"https:\/\/if-qatar.com\/ar\/#organization","name":"Institut Fran\u00e7ais du Qatar","url":"https:\/\/if-qatar.com\/ar\/","logo":{"@type":"ImageObject","inLanguage":"en-US","@id":"https:\/\/if-qatar.com\/ar\/#\/schema\/logo\/image\/","url":"https:\/\/if-qatar.com\/wordpress\/wp-content\/uploads\/2022\/10\/LOGO-IFQ-Fond-blanc-Bleu_Plan-de-travail-1.png","contentUrl":"https:\/\/if-qatar.com\/wordpress\/wp-content\/uploads\/2022\/10\/LOGO-IFQ-Fond-blanc-Bleu_Plan-de-travail-1.png","width":2481,"height":1636,"caption":"Institut Fran\u00e7ais du Qatar"},"image":{"@id":"https:\/\/if-qatar.com\/ar\/#\/schema\/logo\/image\/"}}]}},"_links":{"self":[{"href":"https:\/\/if-qatar.com\/en\/wp-json\/wp\/v2\/pages\/5209"}],"collection":[{"href":"https:\/\/if-qatar.com\/en\/wp-json\/wp\/v2\/pages"}],"about":[{"href":"https:\/\/if-qatar.com\/en\/wp-json\/wp\/v2\/types\/page"}],"author":[{"embeddable":true,"href":"https:\/\/if-qatar.com\/en\/wp-json\/wp\/v2\/users\/1"}],"replies":[{"embeddable":true,"href":"https:\/\/if-qatar.com\/en\/wp-json\/wp\/v2\/comments?post=5209"}],"version-history":[{"count":13,"href":"https:\/\/if-qatar.com\/en\/wp-json\/wp\/v2\/pages\/5209\/revisions"}],"predecessor-version":[{"id":7473,"href":"https:\/\/if-qatar.com\/en\/wp-json\/wp\/v2\/pages\/5209\/revisions\/7473"}],"wp:featuredmedia":[{"embeddable":true,"href":"https:\/\/if-qatar.com\/en\/wp-json\/wp\/v2\/media\/5323"}],"wp:attachment":[{"href":"https:\/\/if-qatar.com\/en\/wp-json\/wp\/v2\/media?parent=5209"}],"curies":[{"name":"wp","href":"https:\/\/api.w.org\/{rel}","templated":true}]}}