{"id":5197,"date":"2022-03-13T21:57:07","date_gmt":"2022-03-13T18:57:07","guid":{"rendered":"https:\/\/if-qatar.com\/?page_id=5197"},"modified":"2022-12-15T10:42:15","modified_gmt":"2022-12-15T07:42:15","slug":"activites","status":"publish","type":"page","link":"https:\/\/if-qatar.com\/en\/mediatheque\/activites\/","title":{"rendered":"Activity"},"content":{"rendered":"<div class=\"wp-block-group add-padding\"><div class=\"wp-block-group__inner-container is-layout-flow wp-block-group-is-layout-flow\"><\/div><\/div>\n\n\n\n<div class=\"wp-block-group\"><div class=\"wp-block-group__inner-container is-layout-flow wp-block-group-is-layout-flow\">\n<h4 class=\"wp-block-heading\"><strong>Reception of classes at the media library<\/strong><\/h4>\n\n\n\n<p>The Institut fran\u00e7ais media library invites teachers from Qatar to come with their students to discover the media library and carry out activities with the media librarian! <\/p>\n\n\n\n<p><strong>Send an email to mediatheque@if-qatar.com<\/strong><\/p>\n\n\n\n<h5 class=\"wp-block-heading\"><strong>Why is this important?<\/strong><\/h5>\n\n\n\n<p>For students:<\/p>\n\n\n\n<ul class=\"wp-block-list\"><li>Develop a taste for personal reading and discover the richness of French-language children's literature.<\/li><li>Develop your culture, critical thinking and imagination<\/li><li>Take ownership of the space and resources made available.<\/li><li>Work French in immersion.<\/li><\/ul>\n\n\n\n<p>For the school :<\/p>\n\n\n\n<ul class=\"wp-block-list\"><li>Exchange good practices with the media librarian.<\/li><li>Diversify activities with students.<\/li><li>Borrowing documentary resources in French as a foreign language<\/li><li>Co-constructing innovative projects with the Institut fran\u00e7ais<\/li><\/ul>\n\n\n\n<h5 class=\"wp-block-heading\"><strong>These turnkey workshops are ready for you:<\/strong><\/h5>\n\n\n\n<p>More personalized activities are possible. You can also organize your own activities in this space that we put at your disposal.&nbsp;<\/p>\n\n\n\n<p>The \"book hunt\": In groups of two or three, students look for a book that has a particular animal as a character, a title or a cover that evokes a theme, a feeling... This animation can be an opportunity to highlight the different illustration techniques. It may lead to the choice of one of the books found by the students and a reading aloud.&nbsp;<\/p>\n\n\n\n<p>What is this book about?\u00a0: From a picture book, we will make the students guess the story through clues, such as the front cover, the illustrations one by one without the text, the front cover and the beginning of the story. Then at the end, read the book so that students know the \"real\" story.&nbsp;<\/p>\n\n\n\n<p>Story time: After a time of collective discovery of the books, you can propose a reading of albums aloud. Make the children comfortable so that everyone can make the most of the entertainment on offer. Be sure to present several books so that each child can appropriate the universe that suits them best. Books should be age-appropriate, illustrations should be visible from a distance (large format books).&nbsp;<\/p>\n\n\n\n<h4 class=\"wp-block-heading\"><strong>The French Briefcase<\/strong><\/h4>\n\n\n\n<p>A real briefcase filled with books in French can be borrowed by your establishment during the school year.  It may contain educational works, books, magazines, children's DVDs, board games, etc.&nbsp;<\/p>\n\n\n\n<h5 class=\"wp-block-heading\"><strong>Why is this important?<\/strong><\/h5>\n\n\n\n<p>For students:<\/p>\n\n\n\n<ul class=\"wp-block-list\"><li>Develop a taste for personal reading and discover the richness of French-language children's literature.&nbsp;<\/li><li>Discover new books and arouse your curiosity.<\/li><\/ul>\n\n\n\n<p>For the school :<\/p>\n\n\n\n<ul class=\"wp-block-list\"><li>For school: Develop a class or school project such as an exhibition, work on storytelling, a reading competition.<\/li><\/ul>\n<\/div><\/div>\n\n\n\n<p><\/p>","protected":false},"excerpt":{"rendered":"<p>L\u2019accueil de classes \u00e0 la m\u00e9diath\u00e8que La m\u00e9diath\u00e8que de l\u2019Institut fran\u00e7ais invite les enseignants du Qatar \u00e0 venir avec leurs \u00e9l\u00e8ves d\u00e9couvrir la m\u00e9diath\u00e8que et r\u00e9aliser des activit\u00e9s avec le m\u00e9diath\u00e9caire ! Envoyez un email \u00e0 mediatheque@if-qatar.com Pourquoi c\u2019est important ? Pour les \u00e9l\u00e8ves : D\u00e9velopper le go\u00fbt de la lecture et d\u00e9couvrir la litt\u00e9rature [&hellip;]<\/p>","protected":false},"author":1,"featured_media":5191,"parent":5163,"menu_order":0,"comment_status":"closed","ping_status":"closed","template":"templates\/template-cover.php","meta":{"om_disable_all_campaigns":false,"_monsterinsights_skip_tracking":false,"_monsterinsights_sitenote_active":false,"_monsterinsights_sitenote_note":"","_monsterinsights_sitenote_category":0,"footnotes":""},"class_list":["post-5197","page","type-page","status-publish","has-post-thumbnail","hentry"],"yoast_head":"<!-- This site is optimized with the Yoast SEO plugin v24.0 - https:\/\/yoast.com\/wordpress\/plugins\/seo\/ -->\n<title>Activit\u00e9s - Institut Fran\u00e7ais du Qatar<\/title>\n<meta name=\"robots\" content=\"index, follow, max-snippet:-1, max-image-preview:large, max-video-preview:-1\" \/>\n<link rel=\"canonical\" href=\"https:\/\/if-qatar.com\/en\/mediatheque\/activites\/\" \/>\n<meta property=\"og:locale\" content=\"en_US\" \/>\n<meta property=\"og:type\" content=\"article\" \/>\n<meta property=\"og:title\" content=\"Activit\u00e9s - Institut Fran\u00e7ais du Qatar\" \/>\n<meta property=\"og:description\" content=\"L\u2019accueil de classes \u00e0 la m\u00e9diath\u00e8que La m\u00e9diath\u00e8que de l\u2019Institut fran\u00e7ais invite les enseignants du Qatar \u00e0 venir avec leurs \u00e9l\u00e8ves d\u00e9couvrir la m\u00e9diath\u00e8que et r\u00e9aliser des activit\u00e9s avec le m\u00e9diath\u00e9caire ! Envoyez un email \u00e0 mediatheque@if-qatar.com Pourquoi c\u2019est important ? Pour les \u00e9l\u00e8ves : D\u00e9velopper le go\u00fbt de la lecture et d\u00e9couvrir la litt\u00e9rature [&hellip;]\" \/>\n<meta property=\"og:url\" content=\"https:\/\/if-qatar.com\/en\/mediatheque\/activites\/\" \/>\n<meta property=\"og:site_name\" content=\"Institut Fran\u00e7ais du Qatar\" \/>\n<meta property=\"article:modified_time\" content=\"2022-12-15T07:42:15+00:00\" \/>\n<meta property=\"og:image\" content=\"https:\/\/if-qatar.com\/wordpress\/wp-content\/uploads\/2022\/03\/Activites.jpg\" \/>\n\t<meta property=\"og:image:width\" content=\"1250\" \/>\n\t<meta property=\"og:image:height\" content=\"550\" \/>\n\t<meta property=\"og:image:type\" content=\"image\/jpeg\" \/>\n<meta name=\"twitter:card\" content=\"summary_large_image\" \/>\n<meta name=\"twitter:label1\" content=\"Est. reading time\" \/>\n\t<meta name=\"twitter:data1\" content=\"2 minutes\" \/>\n<script type=\"application\/ld+json\" class=\"yoast-schema-graph\">{\"@context\":\"https:\/\/schema.org\",\"@graph\":[{\"@type\":\"WebPage\",\"@id\":\"https:\/\/if-qatar.com\/ar\/mediatheque\/activites\/\",\"url\":\"https:\/\/if-qatar.com\/ar\/mediatheque\/activites\/\",\"name\":\"Activit\u00e9s - Institut Fran\u00e7ais du Qatar\",\"isPartOf\":{\"@id\":\"https:\/\/if-qatar.com\/ar\/#website\"},\"primaryImageOfPage\":{\"@id\":\"https:\/\/if-qatar.com\/ar\/mediatheque\/activites\/#primaryimage\"},\"image\":{\"@id\":\"https:\/\/if-qatar.com\/ar\/mediatheque\/activites\/#primaryimage\"},\"thumbnailUrl\":\"https:\/\/if-qatar.com\/wordpress\/wp-content\/uploads\/2022\/03\/Activites.jpg\",\"datePublished\":\"2022-03-13T18:57:07+00:00\",\"dateModified\":\"2022-12-15T07:42:15+00:00\",\"breadcrumb\":{\"@id\":\"https:\/\/if-qatar.com\/ar\/mediatheque\/activites\/#breadcrumb\"},\"inLanguage\":\"en-US\",\"potentialAction\":[{\"@type\":\"ReadAction\",\"target\":[\"https:\/\/if-qatar.com\/ar\/mediatheque\/activites\/\"]}]},{\"@type\":\"ImageObject\",\"inLanguage\":\"en-US\",\"@id\":\"https:\/\/if-qatar.com\/ar\/mediatheque\/activites\/#primaryimage\",\"url\":\"https:\/\/if-qatar.com\/wordpress\/wp-content\/uploads\/2022\/03\/Activites.jpg\",\"contentUrl\":\"https:\/\/if-qatar.com\/wordpress\/wp-content\/uploads\/2022\/03\/Activites.jpg\",\"width\":1250,\"height\":550},{\"@type\":\"BreadcrumbList\",\"@id\":\"https:\/\/if-qatar.com\/ar\/mediatheque\/activites\/#breadcrumb\",\"itemListElement\":[{\"@type\":\"ListItem\",\"position\":1,\"name\":\"Accueil\",\"item\":\"https:\/\/if-qatar.com\/\"},{\"@type\":\"ListItem\",\"position\":2,\"name\":\"M\u00e9diath\u00e8que\",\"item\":\"https:\/\/if-qatar.com\/mediatheque\/\"},{\"@type\":\"ListItem\",\"position\":3,\"name\":\"Activit\u00e9s\"}]},{\"@type\":\"WebSite\",\"@id\":\"https:\/\/if-qatar.com\/ar\/#website\",\"url\":\"https:\/\/if-qatar.com\/ar\/\",\"name\":\"Institut Fran\u00e7ais du Qatar\",\"description\":\"\",\"publisher\":{\"@id\":\"https:\/\/if-qatar.com\/ar\/#organization\"},\"potentialAction\":[{\"@type\":\"SearchAction\",\"target\":{\"@type\":\"EntryPoint\",\"urlTemplate\":\"https:\/\/if-qatar.com\/ar\/?s={search_term_string}\"},\"query-input\":{\"@type\":\"PropertyValueSpecification\",\"valueRequired\":true,\"valueName\":\"search_term_string\"}}],\"inLanguage\":\"en-US\"},{\"@type\":\"Organization\",\"@id\":\"https:\/\/if-qatar.com\/ar\/#organization\",\"name\":\"Institut Fran\u00e7ais du Qatar\",\"url\":\"https:\/\/if-qatar.com\/ar\/\",\"logo\":{\"@type\":\"ImageObject\",\"inLanguage\":\"en-US\",\"@id\":\"https:\/\/if-qatar.com\/ar\/#\/schema\/logo\/image\/\",\"url\":\"https:\/\/if-qatar.com\/wordpress\/wp-content\/uploads\/2022\/10\/LOGO-IFQ-Fond-blanc-Bleu_Plan-de-travail-1.png\",\"contentUrl\":\"https:\/\/if-qatar.com\/wordpress\/wp-content\/uploads\/2022\/10\/LOGO-IFQ-Fond-blanc-Bleu_Plan-de-travail-1.png\",\"width\":2481,\"height\":1636,\"caption\":\"Institut Fran\u00e7ais du Qatar\"},\"image\":{\"@id\":\"https:\/\/if-qatar.com\/ar\/#\/schema\/logo\/image\/\"}}]}<\/script>\n<!-- \/ Yoast SEO plugin. -->","yoast_head_json":{"title":"Activit\u00e9s - Institut Fran\u00e7ais du Qatar","robots":{"index":"index","follow":"follow","max-snippet":"max-snippet:-1","max-image-preview":"max-image-preview:large","max-video-preview":"max-video-preview:-1"},"canonical":"https:\/\/if-qatar.com\/en\/mediatheque\/activites\/","og_locale":"en_US","og_type":"article","og_title":"Activit\u00e9s - Institut Fran\u00e7ais du Qatar","og_description":"L\u2019accueil de classes \u00e0 la m\u00e9diath\u00e8que La m\u00e9diath\u00e8que de l\u2019Institut fran\u00e7ais invite les enseignants du Qatar \u00e0 venir avec leurs \u00e9l\u00e8ves d\u00e9couvrir la m\u00e9diath\u00e8que et r\u00e9aliser des activit\u00e9s avec le m\u00e9diath\u00e9caire ! Envoyez un email \u00e0 mediatheque@if-qatar.com Pourquoi c\u2019est important ? Pour les \u00e9l\u00e8ves : D\u00e9velopper le go\u00fbt de la lecture et d\u00e9couvrir la litt\u00e9rature [&hellip;]","og_url":"https:\/\/if-qatar.com\/en\/mediatheque\/activites\/","og_site_name":"Institut Fran\u00e7ais du Qatar","article_modified_time":"2022-12-15T07:42:15+00:00","og_image":[{"width":1250,"height":550,"url":"https:\/\/if-qatar.com\/wordpress\/wp-content\/uploads\/2022\/03\/Activites.jpg","type":"image\/jpeg"}],"twitter_card":"summary_large_image","twitter_misc":{"Est. reading time":"2 minutes"},"schema":{"@context":"https:\/\/schema.org","@graph":[{"@type":"WebPage","@id":"https:\/\/if-qatar.com\/ar\/mediatheque\/activites\/","url":"https:\/\/if-qatar.com\/ar\/mediatheque\/activites\/","name":"Activit\u00e9s - Institut Fran\u00e7ais du Qatar","isPartOf":{"@id":"https:\/\/if-qatar.com\/ar\/#website"},"primaryImageOfPage":{"@id":"https:\/\/if-qatar.com\/ar\/mediatheque\/activites\/#primaryimage"},"image":{"@id":"https:\/\/if-qatar.com\/ar\/mediatheque\/activites\/#primaryimage"},"thumbnailUrl":"https:\/\/if-qatar.com\/wordpress\/wp-content\/uploads\/2022\/03\/Activites.jpg","datePublished":"2022-03-13T18:57:07+00:00","dateModified":"2022-12-15T07:42:15+00:00","breadcrumb":{"@id":"https:\/\/if-qatar.com\/ar\/mediatheque\/activites\/#breadcrumb"},"inLanguage":"en-US","potentialAction":[{"@type":"ReadAction","target":["https:\/\/if-qatar.com\/ar\/mediatheque\/activites\/"]}]},{"@type":"ImageObject","inLanguage":"en-US","@id":"https:\/\/if-qatar.com\/ar\/mediatheque\/activites\/#primaryimage","url":"https:\/\/if-qatar.com\/wordpress\/wp-content\/uploads\/2022\/03\/Activites.jpg","contentUrl":"https:\/\/if-qatar.com\/wordpress\/wp-content\/uploads\/2022\/03\/Activites.jpg","width":1250,"height":550},{"@type":"BreadcrumbList","@id":"https:\/\/if-qatar.com\/ar\/mediatheque\/activites\/#breadcrumb","itemListElement":[{"@type":"ListItem","position":1,"name":"Accueil","item":"https:\/\/if-qatar.com\/"},{"@type":"ListItem","position":2,"name":"M\u00e9diath\u00e8que","item":"https:\/\/if-qatar.com\/mediatheque\/"},{"@type":"ListItem","position":3,"name":"Activit\u00e9s"}]},{"@type":"WebSite","@id":"https:\/\/if-qatar.com\/ar\/#website","url":"https:\/\/if-qatar.com\/ar\/","name":"Institut Fran\u00e7ais du Qatar","description":"","publisher":{"@id":"https:\/\/if-qatar.com\/ar\/#organization"},"potentialAction":[{"@type":"SearchAction","target":{"@type":"EntryPoint","urlTemplate":"https:\/\/if-qatar.com\/ar\/?s={search_term_string}"},"query-input":{"@type":"PropertyValueSpecification","valueRequired":true,"valueName":"search_term_string"}}],"inLanguage":"en-US"},{"@type":"Organization","@id":"https:\/\/if-qatar.com\/ar\/#organization","name":"Institut Fran\u00e7ais du Qatar","url":"https:\/\/if-qatar.com\/ar\/","logo":{"@type":"ImageObject","inLanguage":"en-US","@id":"https:\/\/if-qatar.com\/ar\/#\/schema\/logo\/image\/","url":"https:\/\/if-qatar.com\/wordpress\/wp-content\/uploads\/2022\/10\/LOGO-IFQ-Fond-blanc-Bleu_Plan-de-travail-1.png","contentUrl":"https:\/\/if-qatar.com\/wordpress\/wp-content\/uploads\/2022\/10\/LOGO-IFQ-Fond-blanc-Bleu_Plan-de-travail-1.png","width":2481,"height":1636,"caption":"Institut Fran\u00e7ais du Qatar"},"image":{"@id":"https:\/\/if-qatar.com\/ar\/#\/schema\/logo\/image\/"}}]}},"_links":{"self":[{"href":"https:\/\/if-qatar.com\/en\/wp-json\/wp\/v2\/pages\/5197"}],"collection":[{"href":"https:\/\/if-qatar.com\/en\/wp-json\/wp\/v2\/pages"}],"about":[{"href":"https:\/\/if-qatar.com\/en\/wp-json\/wp\/v2\/types\/page"}],"author":[{"embeddable":true,"href":"https:\/\/if-qatar.com\/en\/wp-json\/wp\/v2\/users\/1"}],"replies":[{"embeddable":true,"href":"https:\/\/if-qatar.com\/en\/wp-json\/wp\/v2\/comments?post=5197"}],"version-history":[{"count":14,"href":"https:\/\/if-qatar.com\/en\/wp-json\/wp\/v2\/pages\/5197\/revisions"}],"predecessor-version":[{"id":6486,"href":"https:\/\/if-qatar.com\/en\/wp-json\/wp\/v2\/pages\/5197\/revisions\/6486"}],"up":[{"embeddable":true,"href":"https:\/\/if-qatar.com\/en\/wp-json\/wp\/v2\/pages\/5163"}],"wp:featuredmedia":[{"embeddable":true,"href":"https:\/\/if-qatar.com\/en\/wp-json\/wp\/v2\/media\/5191"}],"wp:attachment":[{"href":"https:\/\/if-qatar.com\/en\/wp-json\/wp\/v2\/media?parent=5197"}],"curies":[{"name":"wp","href":"https:\/\/api.w.org\/{rel}","templated":true}]}}