{"id":5163,"date":"2022-03-13T21:19:10","date_gmt":"2022-03-13T18:19:10","guid":{"rendered":"https:\/\/if-qatar.com\/?page_id=5163"},"modified":"2025-12-08T19:17:48","modified_gmt":"2025-12-08T16:17:48","slug":"mediatheque","status":"publish","type":"page","link":"https:\/\/if-qatar.com\/en\/mediatheque\/","title":{"rendered":"Media library"},"content":{"rendered":"<div data-elementor-type=\"wp-page\" data-elementor-id=\"5163\" class=\"elementor elementor-5163\" data-elementor-post-type=\"page\">\n\t\t\t\t<div class=\"elementor-element elementor-element-7b9f2aac e-flex e-con-boxed e-con e-parent\" data-id=\"7b9f2aac\" data-element_type=\"container\">\n\t\t\t\t\t<div class=\"e-con-inner\">\n\t\t\t\t<div class=\"elementor-element elementor-element-17f5e1c6 elementor-widget elementor-widget-text-editor\" data-id=\"17f5e1c6\" data-element_type=\"widget\" data-widget_type=\"text-editor.default\">\n\t\t\t\t<div class=\"elementor-widget-container\">\n\t\t\t\t\t\t\t<!-- wp:group {\"className\":\"add-padding\"} -->\n<div class=\"wp-block-group add-padding\"><!-- wp:shortcode --> \t\t\t<!-- Flexy Breadcrumb -->\r\n\t\t\t<div class=\"fbc fbc-page\">\r\n\r\n\t\t\t\t<!-- Breadcrumb wrapper -->\r\n\t\t\t\t<div class=\"fbc-wrap\">\r\n\r\n\t\t\t\t\t<!-- Ordered list-->\r\n\t\t\t\t\t<ol class=\"fbc-items\" itemscope itemtype=\"https:\/\/schema.org\/BreadcrumbList\">\r\n\t\t\t\t\t\t            <li itemprop=\"itemListElement\" itemscope itemtype=\"https:\/\/schema.org\/ListItem\">\r\n                <span itemprop=\"name\">\r\n                    <!-- Home Link -->\r\n                    <a itemprop=\"item\" href=\"https:\/\/if-qatar.com\/en\/\">\r\n                    \r\n                                                    <i class=\"fa fa-home\" aria-hidden=\"true\"><\/i>Home                    <\/a>\r\n                <\/span>\r\n                <meta itemprop=\"position\" content=\"1\" \/><!-- Meta Position-->\r\n             <\/li><li><span class=\"fbc-separator\">\/<\/span><\/li><li class=\"active\" itemprop=\"itemListElement\" itemscope itemtype=\"https:\/\/schema.org\/ListItem\"><span itemprop=\"name\" title=\"Media library\">Media library<\/span><meta itemprop=\"position\" content=\"2\" \/><\/li>\t\t\t\t\t<\/ol>\r\n\t\t\t\t\t<div class=\"clearfix\"><\/div>\r\n\t\t\t\t<\/div>\r\n\t\t\t<\/div>\r\n\t\t\t <!-- \/wp:shortcode --><!-- wp:heading -->\n<h2 class=\"wp-block-heading\"><strong>Media library<\/strong><\/h2>\n<!-- \/wp:heading --><!-- wp:heading {\"level\":3} -->\n<h3 class=\"wp-block-heading\"><strong>The portal of French culture and French language !<\/strong><\/h3>\n<!-- \/wp:heading --><!-- wp:paragraph -->\n<p>La m\u00e9diath\u00e8que de l&rsquo;Institut est ouverte \u00e0 tous les publics et vous propose une collection riche, compos\u00e9e de livres, magazines, bande dessin\u00e9s, magazines, documents p\u00e9dagogiques..<\/p>\n<!-- \/wp:paragraph --><!-- wp:paragraph -->\n<p>It is the perfect place if you want to improve your language skills, meet new people and immerse yourself in French culture.<\/p>\n<!-- \/wp:paragraph --><!-- wp:heading {\"level\":3} -->\n<h3 class=\"wp-block-heading\"><strong>Quels sont les avantages \u00e0 \u00eatre abonn\u00e9 \u00e0 la m\u00e9diath\u00e8que ?<\/strong><\/h3>\n<!-- \/wp:heading --><!-- wp:paragraph -->\n<p>Gr\u00e2ce \u00e0 la diversit\u00e9 de notre offre, la m\u00e9diath\u00e8que s&rsquo;adresse \u00e0 tous les publics: enfants, adolescents, adultes, professeurs et \u00e9l\u00e8ves.<\/p>\n<!-- \/wp:paragraph --><!-- wp:paragraph -->\n<p>Membership in our library allows you to borrow for 3 weeks :<\/p>\n<!-- \/wp:paragraph --><!-- wp:list -->\n<ul><!-- wp:list-item -->\n<li>8 books or magazines for 300 QAR subscription\/year<\/li>\n<!-- \/wp:list-item --><!-- wp:list-item -->\n<li>18 articles (livres et\/ou magazines) pour 500 QAR d&rsquo;abonnement\/an<\/li>\n<!-- \/wp:list-item --><\/ul>\n<!-- \/wp:list --><!-- wp:paragraph -->\n<p>Les membres de la m\u00e9diath\u00e8que ont aussi acc\u00e8s \u00e0 la\u202fCultureth\u00e8que,\u202fune biblioth\u00e8que num\u00e9rique, qui gr\u00e2ce \u00e0 nos partenariats avec la Biblioth\u00e8que nationale de France, la Cit\u00e9 de la musique, l\u2019INA, le Coll\u00e8ge de France vous permet d&rsquo;<strong>to thousands of documents <\/strong>: livres, livres audios en fran\u00e7ais facile, presse, revues, musique, ressources pour l\u2019apprentissage du fran\u00e7ais.<\/p>\n<!-- \/wp:paragraph --><!-- wp:paragraph -->\n<p>To know more :<\/p>\n<!-- \/wp:paragraph --><!-- wp:paragraph -->\n<p><strong><a href=\"https:\/\/www.youtube.com\/watch?v=UZUVFdrxb8I\"><span class=\"has-inline-color has-accent-color\">Cultureth\u00e8que \u2013 all the culture in French for French learners<\/span><\/a><\/strong><\/p>\n<!-- \/wp:paragraph --><!-- wp:paragraph -->\n<p>\u00a0<\/p>\n<!-- \/wp:paragraph --><!-- wp:heading {\"level\":3} -->\n<h3 class=\"wp-block-heading\"><strong>Contacts and informations<\/strong><\/h3>\n<!-- \/wp:heading --><!-- wp:paragraph -->\n<p>For subscriptions reserved in schools or if you wish to know more about subscriptions and activities, please contact us:<a href=\"mailto:mediatheque@if-qatar.com\">mediatheque@if-qatar.com<\/a><\/p>\n<!-- \/wp:paragraph --><!-- wp:paragraph -->\n<p>Come and visit us !<\/p>\n<!-- \/wp:paragraph --><!-- wp:paragraph -->\n<p>Opening hours :<\/p>\n<!-- \/wp:paragraph --><!-- wp:paragraph -->\n<p>Monday, Tuesday, Wednesday : 9am - 3pm <br \/>Thursday and Friday : closed<br \/>Saturday : 9am - 4pm<\/p>\n<!-- \/wp:paragraph --><\/div>\n<!-- \/wp:group --><!-- wp:columns -->\n<div class=\"wp-block-columns\"><!-- wp:column {\"className\":\"wp-block-group vignette is-layout-flow wp-block-group-is-layout-flow\"} -->\n<div class=\"wp-block-column wp-block-group vignette is-layout-flow wp-block-group-is-layout-flow\"><!-- wp:html --> <a href=\"https:\/\/mediatheque.if-qatar.com\/opac\/\" target=\"_blank\" rel=\"noopener\"> <!-- \/wp:html --><!-- wp:image {\"sizeSlug\":\"large\"} --><\/a>\n<figure class=\"wp-block-image size-large\"><img decoding=\"async\" src=\"https:\/\/if-qatar.com\/wordpress\/wp-content\/uploads\/2022\/03\/Catalogue-en-ligne-edited-1024x1022.jpg\" alt=\"\" \/><\/figure>\n<a href=\"https:\/\/mediatheque.if-qatar.com\/opac\/\" target=\"_blank\" rel=\"noopener\"><!-- \/wp:image --><!-- wp:heading {\"textAlign\":\"center\",\"level\":5} --><\/a>\n<h5 class=\"wp-block-heading has-text-align-center\"><span style=\"color: #000000;\"><strong>Online catalogue<\/strong><\/span><\/h5>\n<a href=\"https:\/\/mediatheque.if-qatar.com\/opac\/\" target=\"_blank\" rel=\"noopener\"><!-- \/wp:heading --><!-- wp:html --> <\/a> <!-- \/wp:html --><\/div>\n<!-- \/wp:column --><!-- wp:column {\"className\":\"wp-block-group vignette is-layout-flow wp-block-group-is-layout-flow\"} -->\n<div class=\"wp-block-column wp-block-group vignette is-layout-flow wp-block-group-is-layout-flow\"><!-- wp:html --> <a href=\"https:\/\/www.culturetheque.com\/fr\" target=\"_blank\" rel=\"noopener\"> <!-- \/wp:html --><!-- wp:image {\"sizeSlug\":\"large\"} --><\/a>\n<figure class=\"wp-block-image size-large\"><a href=\"https:\/\/www.culturetheque.com\/fr\"><img fetchpriority=\"high\" decoding=\"async\" class=\"alignnone\" src=\"https:\/\/if-qatar.com\/wordpress\/wp-content\/uploads\/2022\/03\/culturetheque-logo.jpg\" alt=\"\" width=\"300\" height=\"300\" \/><\/a><\/figure>\n<h5 style=\"text-align: center;\"><span style=\"color: #000000;\"><strong>Culture Library<\/strong><\/span><\/h5>\n<a href=\"https:\/\/www.culturetheque.com\/fr\" target=\"_blank\" rel=\"noopener\"><!-- \/wp:image --><!-- wp:heading {\"textAlign\":\"center\",\"level\":5} --><\/a>\n<h5 class=\"wp-block-heading has-text-align-center\" style=\"text-align: left;\">\u00a0<\/h5>\n<a href=\"https:\/\/www.culturetheque.com\/fr\" target=\"_blank\" rel=\"noopener\"><!-- \/wp:heading --><!-- wp:html --> <\/a> <!-- \/wp:html --><\/div>\n<!-- \/wp:column --><!-- wp:column {\"className\":\"wp-block-group vignette is-layout-flow wp-block-group-is-layout-flow\"} -->\n<div class=\"wp-block-column wp-block-group vignette is-layout-flow wp-block-group-is-layout-flow\"><!-- wp:html --> <a href=\"https:\/\/if-qatar.com\/mediatheque\/activites\"> <!-- \/wp:html --><!-- wp:image {\"sizeSlug\":\"large\"} --><\/a>\n<figure class=\"wp-block-image size-large\"><a href=\"https:\/\/if-qatar.com\/mediatheque\/activites\/\"><img decoding=\"async\" class=\"alignnone\" src=\"https:\/\/if-qatar.com\/wordpress\/wp-content\/uploads\/2022\/03\/Activites-edited-1.jpg\" alt=\"\" width=\"550\" height=\"550\" \/><\/a><\/figure>\n<a href=\"https:\/\/if-qatar.com\/mediatheque\/activites\"><!-- \/wp:image --><!-- wp:heading {\"textAlign\":\"center\",\"level\":5} --><\/a>\n<h5 class=\"wp-block-heading has-text-align-center\"><span style=\"color: #000000;\"><strong>Activity<\/strong><\/span><\/h5>\n<a href=\"https:\/\/if-qatar.com\/mediatheque\/activites\"><!-- \/wp:heading --><!-- wp:html --> <\/a> <!-- \/wp:html --><\/div>\n<!-- \/wp:column --><\/div>\n<!-- \/wp:columns -->\n<p>\u00a0<\/p>\t\t\t\t\t\t<\/div>\n\t\t\t\t<\/div>\n\t\t\t\t\t<\/div>\n\t\t\t\t<\/div>\n\t\t\t\t<\/div>","protected":false},"excerpt":{"rendered":"<p>M\u00e9diath\u00e8que Le portail de la culture francophone et de la langue fran\u00e7aise ! La m\u00e9diath\u00e8que de l&rsquo;Institut est ouverte \u00e0 tous les publics et vous propose une collection riche, compos\u00e9e de livres, magazines, bande dessin\u00e9s, magazines, documents p\u00e9dagogiques.. Elle est l&rsquo;endroit parfait si vous souhaitez am\u00e9liorer vos comp\u00e9tences linguistiques, rencontrer des nouvelles personnes et vous [&hellip;]<\/p>","protected":false},"author":1,"featured_media":9277,"parent":0,"menu_order":0,"comment_status":"closed","ping_status":"closed","template":"templates\/template-cover.php","meta":{"om_disable_all_campaigns":false,"_monsterinsights_skip_tracking":false,"_monsterinsights_sitenote_active":false,"_monsterinsights_sitenote_note":"","_monsterinsights_sitenote_category":0,"footnotes":""},"class_list":["post-5163","page","type-page","status-publish","has-post-thumbnail","hentry"],"yoast_head":"<!-- This site is optimized with the Yoast SEO plugin v24.0 - https:\/\/yoast.com\/wordpress\/plugins\/seo\/ -->\n<title>M\u00e9diath\u00e8que - Institut Fran\u00e7ais du Qatar<\/title>\n<meta name=\"robots\" content=\"index, follow, max-snippet:-1, max-image-preview:large, max-video-preview:-1\" \/>\n<link rel=\"canonical\" href=\"https:\/\/if-qatar.com\/en\/mediatheque\/\" \/>\n<meta property=\"og:locale\" content=\"en_US\" \/>\n<meta property=\"og:type\" content=\"article\" \/>\n<meta property=\"og:title\" content=\"M\u00e9diath\u00e8que - Institut Fran\u00e7ais du Qatar\" \/>\n<meta property=\"og:description\" content=\"M\u00e9diath\u00e8que Le portail de la culture francophone et de la langue fran\u00e7aise ! La m\u00e9diath\u00e8que de l&rsquo;Institut est ouverte \u00e0 tous les publics et vous propose une collection riche, compos\u00e9e de livres, magazines, bande dessin\u00e9s, magazines, documents p\u00e9dagogiques.. Elle est l&rsquo;endroit parfait si vous souhaitez am\u00e9liorer vos comp\u00e9tences linguistiques, rencontrer des nouvelles personnes et vous [&hellip;]\" \/>\n<meta property=\"og:url\" content=\"https:\/\/if-qatar.com\/en\/mediatheque\/\" \/>\n<meta property=\"og:site_name\" content=\"Institut Fran\u00e7ais du Qatar\" \/>\n<meta property=\"article:modified_time\" content=\"2025-12-08T16:17:48+00:00\" \/>\n<meta property=\"og:image\" content=\"https:\/\/if-qatar.com\/wordpress\/wp-content\/uploads\/2025\/12\/WhatsApp-Image-2025-12-07-at-2.57.51-PM-1.jpeg\" \/>\n\t<meta property=\"og:image:width\" content=\"1600\" \/>\n\t<meta property=\"og:image:height\" content=\"899\" \/>\n\t<meta property=\"og:image:type\" content=\"image\/jpeg\" \/>\n<meta name=\"twitter:card\" content=\"summary_large_image\" \/>\n<meta name=\"twitter:label1\" content=\"Est. reading time\" \/>\n\t<meta name=\"twitter:data1\" content=\"3 minutes\" \/>\n<script type=\"application\/ld+json\" class=\"yoast-schema-graph\">{\"@context\":\"https:\/\/schema.org\",\"@graph\":[{\"@type\":\"WebPage\",\"@id\":\"https:\/\/if-qatar.com\/mediatheque\/\",\"url\":\"https:\/\/if-qatar.com\/mediatheque\/\",\"name\":\"M\u00e9diath\u00e8que - Institut Fran\u00e7ais du Qatar\",\"isPartOf\":{\"@id\":\"https:\/\/if-qatar.com\/ar\/#website\"},\"primaryImageOfPage\":{\"@id\":\"https:\/\/if-qatar.com\/mediatheque\/#primaryimage\"},\"image\":{\"@id\":\"https:\/\/if-qatar.com\/mediatheque\/#primaryimage\"},\"thumbnailUrl\":\"https:\/\/if-qatar.com\/wordpress\/wp-content\/uploads\/2025\/12\/WhatsApp-Image-2025-12-07-at-2.57.51-PM-1.jpeg\",\"datePublished\":\"2022-03-13T18:19:10+00:00\",\"dateModified\":\"2025-12-08T16:17:48+00:00\",\"breadcrumb\":{\"@id\":\"https:\/\/if-qatar.com\/mediatheque\/#breadcrumb\"},\"inLanguage\":\"en-US\",\"potentialAction\":[{\"@type\":\"ReadAction\",\"target\":[\"https:\/\/if-qatar.com\/mediatheque\/\"]}]},{\"@type\":\"ImageObject\",\"inLanguage\":\"en-US\",\"@id\":\"https:\/\/if-qatar.com\/mediatheque\/#primaryimage\",\"url\":\"https:\/\/if-qatar.com\/wordpress\/wp-content\/uploads\/2025\/12\/WhatsApp-Image-2025-12-07-at-2.57.51-PM-1.jpeg\",\"contentUrl\":\"https:\/\/if-qatar.com\/wordpress\/wp-content\/uploads\/2025\/12\/WhatsApp-Image-2025-12-07-at-2.57.51-PM-1.jpeg\",\"width\":1600,\"height\":899},{\"@type\":\"BreadcrumbList\",\"@id\":\"https:\/\/if-qatar.com\/mediatheque\/#breadcrumb\",\"itemListElement\":[{\"@type\":\"ListItem\",\"position\":1,\"name\":\"Accueil\",\"item\":\"https:\/\/if-qatar.com\/\"},{\"@type\":\"ListItem\",\"position\":2,\"name\":\"M\u00e9diath\u00e8que\"}]},{\"@type\":\"WebSite\",\"@id\":\"https:\/\/if-qatar.com\/ar\/#website\",\"url\":\"https:\/\/if-qatar.com\/ar\/\",\"name\":\"Institut Fran\u00e7ais du Qatar\",\"description\":\"\",\"publisher\":{\"@id\":\"https:\/\/if-qatar.com\/ar\/#organization\"},\"potentialAction\":[{\"@type\":\"SearchAction\",\"target\":{\"@type\":\"EntryPoint\",\"urlTemplate\":\"https:\/\/if-qatar.com\/ar\/?s={search_term_string}\"},\"query-input\":{\"@type\":\"PropertyValueSpecification\",\"valueRequired\":true,\"valueName\":\"search_term_string\"}}],\"inLanguage\":\"en-US\"},{\"@type\":\"Organization\",\"@id\":\"https:\/\/if-qatar.com\/ar\/#organization\",\"name\":\"Institut Fran\u00e7ais du Qatar\",\"url\":\"https:\/\/if-qatar.com\/ar\/\",\"logo\":{\"@type\":\"ImageObject\",\"inLanguage\":\"en-US\",\"@id\":\"https:\/\/if-qatar.com\/ar\/#\/schema\/logo\/image\/\",\"url\":\"https:\/\/if-qatar.com\/wordpress\/wp-content\/uploads\/2022\/10\/LOGO-IFQ-Fond-blanc-Bleu_Plan-de-travail-1.png\",\"contentUrl\":\"https:\/\/if-qatar.com\/wordpress\/wp-content\/uploads\/2022\/10\/LOGO-IFQ-Fond-blanc-Bleu_Plan-de-travail-1.png\",\"width\":2481,\"height\":1636,\"caption\":\"Institut Fran\u00e7ais du Qatar\"},\"image\":{\"@id\":\"https:\/\/if-qatar.com\/ar\/#\/schema\/logo\/image\/\"}}]}<\/script>\n<!-- \/ Yoast SEO plugin. -->","yoast_head_json":{"title":"M\u00e9diath\u00e8que - Institut Fran\u00e7ais du Qatar","robots":{"index":"index","follow":"follow","max-snippet":"max-snippet:-1","max-image-preview":"max-image-preview:large","max-video-preview":"max-video-preview:-1"},"canonical":"https:\/\/if-qatar.com\/en\/mediatheque\/","og_locale":"en_US","og_type":"article","og_title":"M\u00e9diath\u00e8que - Institut Fran\u00e7ais du Qatar","og_description":"M\u00e9diath\u00e8que Le portail de la culture francophone et de la langue fran\u00e7aise ! La m\u00e9diath\u00e8que de l&rsquo;Institut est ouverte \u00e0 tous les publics et vous propose une collection riche, compos\u00e9e de livres, magazines, bande dessin\u00e9s, magazines, documents p\u00e9dagogiques.. Elle est l&rsquo;endroit parfait si vous souhaitez am\u00e9liorer vos comp\u00e9tences linguistiques, rencontrer des nouvelles personnes et vous [&hellip;]","og_url":"https:\/\/if-qatar.com\/en\/mediatheque\/","og_site_name":"Institut Fran\u00e7ais du Qatar","article_modified_time":"2025-12-08T16:17:48+00:00","og_image":[{"width":1600,"height":899,"url":"https:\/\/if-qatar.com\/wordpress\/wp-content\/uploads\/2025\/12\/WhatsApp-Image-2025-12-07-at-2.57.51-PM-1.jpeg","type":"image\/jpeg"}],"twitter_card":"summary_large_image","twitter_misc":{"Est. reading time":"3 minutes"},"schema":{"@context":"https:\/\/schema.org","@graph":[{"@type":"WebPage","@id":"https:\/\/if-qatar.com\/mediatheque\/","url":"https:\/\/if-qatar.com\/mediatheque\/","name":"M\u00e9diath\u00e8que - Institut Fran\u00e7ais du Qatar","isPartOf":{"@id":"https:\/\/if-qatar.com\/ar\/#website"},"primaryImageOfPage":{"@id":"https:\/\/if-qatar.com\/mediatheque\/#primaryimage"},"image":{"@id":"https:\/\/if-qatar.com\/mediatheque\/#primaryimage"},"thumbnailUrl":"https:\/\/if-qatar.com\/wordpress\/wp-content\/uploads\/2025\/12\/WhatsApp-Image-2025-12-07-at-2.57.51-PM-1.jpeg","datePublished":"2022-03-13T18:19:10+00:00","dateModified":"2025-12-08T16:17:48+00:00","breadcrumb":{"@id":"https:\/\/if-qatar.com\/mediatheque\/#breadcrumb"},"inLanguage":"en-US","potentialAction":[{"@type":"ReadAction","target":["https:\/\/if-qatar.com\/mediatheque\/"]}]},{"@type":"ImageObject","inLanguage":"en-US","@id":"https:\/\/if-qatar.com\/mediatheque\/#primaryimage","url":"https:\/\/if-qatar.com\/wordpress\/wp-content\/uploads\/2025\/12\/WhatsApp-Image-2025-12-07-at-2.57.51-PM-1.jpeg","contentUrl":"https:\/\/if-qatar.com\/wordpress\/wp-content\/uploads\/2025\/12\/WhatsApp-Image-2025-12-07-at-2.57.51-PM-1.jpeg","width":1600,"height":899},{"@type":"BreadcrumbList","@id":"https:\/\/if-qatar.com\/mediatheque\/#breadcrumb","itemListElement":[{"@type":"ListItem","position":1,"name":"Accueil","item":"https:\/\/if-qatar.com\/"},{"@type":"ListItem","position":2,"name":"M\u00e9diath\u00e8que"}]},{"@type":"WebSite","@id":"https:\/\/if-qatar.com\/ar\/#website","url":"https:\/\/if-qatar.com\/ar\/","name":"Institut Fran\u00e7ais du Qatar","description":"","publisher":{"@id":"https:\/\/if-qatar.com\/ar\/#organization"},"potentialAction":[{"@type":"SearchAction","target":{"@type":"EntryPoint","urlTemplate":"https:\/\/if-qatar.com\/ar\/?s={search_term_string}"},"query-input":{"@type":"PropertyValueSpecification","valueRequired":true,"valueName":"search_term_string"}}],"inLanguage":"en-US"},{"@type":"Organization","@id":"https:\/\/if-qatar.com\/ar\/#organization","name":"Institut Fran\u00e7ais du Qatar","url":"https:\/\/if-qatar.com\/ar\/","logo":{"@type":"ImageObject","inLanguage":"en-US","@id":"https:\/\/if-qatar.com\/ar\/#\/schema\/logo\/image\/","url":"https:\/\/if-qatar.com\/wordpress\/wp-content\/uploads\/2022\/10\/LOGO-IFQ-Fond-blanc-Bleu_Plan-de-travail-1.png","contentUrl":"https:\/\/if-qatar.com\/wordpress\/wp-content\/uploads\/2022\/10\/LOGO-IFQ-Fond-blanc-Bleu_Plan-de-travail-1.png","width":2481,"height":1636,"caption":"Institut Fran\u00e7ais du Qatar"},"image":{"@id":"https:\/\/if-qatar.com\/ar\/#\/schema\/logo\/image\/"}}]}},"_links":{"self":[{"href":"https:\/\/if-qatar.com\/en\/wp-json\/wp\/v2\/pages\/5163"}],"collection":[{"href":"https:\/\/if-qatar.com\/en\/wp-json\/wp\/v2\/pages"}],"about":[{"href":"https:\/\/if-qatar.com\/en\/wp-json\/wp\/v2\/types\/page"}],"author":[{"embeddable":true,"href":"https:\/\/if-qatar.com\/en\/wp-json\/wp\/v2\/users\/1"}],"replies":[{"embeddable":true,"href":"https:\/\/if-qatar.com\/en\/wp-json\/wp\/v2\/comments?post=5163"}],"version-history":[{"count":67,"href":"https:\/\/if-qatar.com\/en\/wp-json\/wp\/v2\/pages\/5163\/revisions"}],"predecessor-version":[{"id":9003,"href":"https:\/\/if-qatar.com\/en\/wp-json\/wp\/v2\/pages\/5163\/revisions\/9003"}],"wp:featuredmedia":[{"embeddable":true,"href":"https:\/\/if-qatar.com\/en\/wp-json\/wp\/v2\/media\/9277"}],"wp:attachment":[{"href":"https:\/\/if-qatar.com\/en\/wp-json\/wp\/v2\/media?parent=5163"}],"curies":[{"name":"wp","href":"https:\/\/api.w.org\/{rel}","templated":true}]}}