{"id":4964,"date":"2022-03-09T11:30:40","date_gmt":"2022-03-09T08:30:40","guid":{"rendered":"https:\/\/if-qatar.com\/?page_id=4964"},"modified":"2024-02-22T08:41:42","modified_gmt":"2024-02-22T05:41:42","slug":"cours-en-entreprise","status":"publish","type":"page","link":"https:\/\/if-qatar.com\/en\/cours-en-entreprise\/","title":{"rendered":"Business courses"},"content":{"rendered":"<div class=\"wp-block-group add-padding\"><div class=\"wp-block-group__inner-container is-layout-flow wp-block-group-is-layout-flow\">\t\t\t<!-- Flexy Breadcrumb -->\r\n\t\t\t<div class=\"fbc fbc-page\">\r\n\r\n\t\t\t\t<!-- Breadcrumb wrapper -->\r\n\t\t\t\t<div class=\"fbc-wrap\">\r\n\r\n\t\t\t\t\t<!-- Ordered list-->\r\n\t\t\t\t\t<ol class=\"fbc-items\" itemscope itemtype=\"https:\/\/schema.org\/BreadcrumbList\">\r\n\t\t\t\t\t\t            <li itemprop=\"itemListElement\" itemscope itemtype=\"https:\/\/schema.org\/ListItem\">\r\n                <span itemprop=\"name\">\r\n                    <!-- Home Link -->\r\n                    <a itemprop=\"item\" href=\"https:\/\/if-qatar.com\/en\/\">\r\n                    \r\n                                                    <i class=\"fa fa-home\" aria-hidden=\"true\"><\/i>Home                    <\/a>\r\n                <\/span>\r\n                <meta itemprop=\"position\" content=\"1\" \/><!-- Meta Position-->\r\n             <\/li><li><span class=\"fbc-separator\">\/<\/span><\/li><li class=\"active\" itemprop=\"itemListElement\" itemscope itemtype=\"https:\/\/schema.org\/ListItem\"><span itemprop=\"name\" title=\"Business courses\">Business courses<\/span><meta itemprop=\"position\" content=\"2\" \/><\/li>\t\t\t\t\t<\/ol>\r\n\t\t\t\t\t<div class=\"clearfix\"><\/div>\r\n\t\t\t\t<\/div>\r\n\t\t\t<\/div>\r\n\t\t\t\n\n\n\n<h2 class=\"wp-block-heading\"><strong>Business courses<\/strong><\/h2>\n\n\n\n<p>The French Institute of Qatar collaborates with companies, public and private institutions to develop the best language training program that meets the needs of their teams.<\/p>\n\n\n\n<p>For an \u00e0 la carte offer, please contact us :<em><a href=\"mailto:info@if-qatar.com\">info@if-qatar.com<\/a><\/em><\/p>\n\n\n\n<p>They have placed their trust in us : <\/p>\n\n\n\n<figure class=\"wp-block-image size-medium\"><img fetchpriority=\"high\" decoding=\"async\" width=\"300\" height=\"237\" src=\"https:\/\/if-qatar.com\/wordpress\/wp-content\/uploads\/2022\/06\/TotalEnergies_Logo_RGB-300x237.png\" alt=\"\" class=\"wp-image-5986\" srcset=\"https:\/\/if-qatar.com\/wordpress\/wp-content\/uploads\/2022\/06\/TotalEnergies_Logo_RGB-300x237.png 300w, https:\/\/if-qatar.com\/wordpress\/wp-content\/uploads\/2022\/06\/TotalEnergies_Logo_RGB-1024x809.png 1024w, https:\/\/if-qatar.com\/wordpress\/wp-content\/uploads\/2022\/06\/TotalEnergies_Logo_RGB-768x607.png 768w, https:\/\/if-qatar.com\/wordpress\/wp-content\/uploads\/2022\/06\/TotalEnergies_Logo_RGB-1536x1214.png 1536w, https:\/\/if-qatar.com\/wordpress\/wp-content\/uploads\/2022\/06\/TotalEnergies_Logo_RGB-1200x948.png 1200w, https:\/\/if-qatar.com\/wordpress\/wp-content\/uploads\/2022\/06\/TotalEnergies_Logo_RGB.png 1832w\" sizes=\"(max-width: 300px) 100vw, 300px\" \/><\/figure>\n\n\n\n<figure class=\"wp-block-image size-medium\"><img decoding=\"async\" width=\"300\" height=\"169\" src=\"https:\/\/if-qatar.com\/wordpress\/wp-content\/uploads\/2022\/06\/HEC-Paris-in-Qatar_Screen_1920x1080px-300x169.jpg\" alt=\"\" class=\"wp-image-5987\" srcset=\"https:\/\/if-qatar.com\/wordpress\/wp-content\/uploads\/2022\/06\/HEC-Paris-in-Qatar_Screen_1920x1080px-300x169.jpg 300w, https:\/\/if-qatar.com\/wordpress\/wp-content\/uploads\/2022\/06\/HEC-Paris-in-Qatar_Screen_1920x1080px-1024x576.jpg 1024w, https:\/\/if-qatar.com\/wordpress\/wp-content\/uploads\/2022\/06\/HEC-Paris-in-Qatar_Screen_1920x1080px-768x432.jpg 768w, https:\/\/if-qatar.com\/wordpress\/wp-content\/uploads\/2022\/06\/HEC-Paris-in-Qatar_Screen_1920x1080px-1536x864.jpg 1536w, https:\/\/if-qatar.com\/wordpress\/wp-content\/uploads\/2022\/06\/HEC-Paris-in-Qatar_Screen_1920x1080px-1200x675.jpg 1200w, https:\/\/if-qatar.com\/wordpress\/wp-content\/uploads\/2022\/06\/HEC-Paris-in-Qatar_Screen_1920x1080px.jpg 1920w\" sizes=\"(max-width: 300px) 100vw, 300px\" \/><\/figure>\n<\/div><\/div>\n\n\n\n<div class=\"wp-block-group\"><div class=\"wp-block-group__inner-container is-layout-flow wp-block-group-is-layout-flow\"><\/div><\/div>\n\n\n\n<p><\/p>","protected":false},"excerpt":{"rendered":"<p>Cours en entreprise L\u2019Institut fran\u00e7ais du Qatar collabore avec des entreprises, des institutions publiques et priv\u00e9es afin&nbsp;d\u2019\u00e9laborer le meilleur programme de formation en langue qui r\u00e9ponde aux besoins de leurs \u00e9quipes. Pour une offre \u00e0 la carte, merci de contacter \u202finfo@if-qatar.com Ils nous ont fait confiance :<\/p>","protected":false},"author":1,"featured_media":4941,"parent":0,"menu_order":0,"comment_status":"closed","ping_status":"closed","template":"templates\/template-cover.php","meta":{"om_disable_all_campaigns":false,"_monsterinsights_skip_tracking":false,"_monsterinsights_sitenote_active":false,"_monsterinsights_sitenote_note":"","_monsterinsights_sitenote_category":0,"footnotes":""},"class_list":["post-4964","page","type-page","status-publish","has-post-thumbnail","hentry"],"yoast_head":"<!-- This site is optimized with the Yoast SEO plugin v24.0 - https:\/\/yoast.com\/wordpress\/plugins\/seo\/ -->\n<title>Cours en entreprise - Institut Fran\u00e7ais du Qatar<\/title>\n<meta name=\"robots\" content=\"index, follow, max-snippet:-1, max-image-preview:large, max-video-preview:-1\" \/>\n<link rel=\"canonical\" href=\"https:\/\/if-qatar.com\/en\/cours-en-entreprise\/\" \/>\n<meta property=\"og:locale\" content=\"en_US\" \/>\n<meta property=\"og:type\" content=\"article\" \/>\n<meta property=\"og:title\" content=\"Cours en entreprise - Institut Fran\u00e7ais du Qatar\" \/>\n<meta property=\"og:description\" content=\"Cours en entreprise L\u2019Institut fran\u00e7ais du Qatar collabore avec des entreprises, des institutions publiques et priv\u00e9es afin&nbsp;d\u2019\u00e9laborer le meilleur programme de formation en langue qui r\u00e9ponde aux besoins de leurs \u00e9quipes. Pour une offre \u00e0 la carte, merci de contacter \u202finfo@if-qatar.com Ils nous ont fait confiance :\" \/>\n<meta property=\"og:url\" content=\"https:\/\/if-qatar.com\/en\/cours-en-entreprise\/\" \/>\n<meta property=\"og:site_name\" content=\"Institut Fran\u00e7ais du Qatar\" \/>\n<meta property=\"article:modified_time\" content=\"2024-02-22T05:41:42+00:00\" \/>\n<meta property=\"og:image\" content=\"https:\/\/if-qatar.com\/wordpress\/wp-content\/uploads\/2022\/03\/Cours-en-entreprise-scaled-e1646814558612.jpg\" \/>\n\t<meta property=\"og:image:width\" content=\"2000\" \/>\n\t<meta property=\"og:image:height\" content=\"1334\" \/>\n\t<meta property=\"og:image:type\" content=\"image\/jpeg\" \/>\n<meta name=\"twitter:card\" content=\"summary_large_image\" \/>\n<script type=\"application\/ld+json\" class=\"yoast-schema-graph\">{\"@context\":\"https:\/\/schema.org\",\"@graph\":[{\"@type\":\"WebPage\",\"@id\":\"https:\/\/if-qatar.com\/cours-en-entreprise\/\",\"url\":\"https:\/\/if-qatar.com\/cours-en-entreprise\/\",\"name\":\"Cours en entreprise - Institut Fran\u00e7ais du Qatar\",\"isPartOf\":{\"@id\":\"https:\/\/if-qatar.com\/ar\/#website\"},\"primaryImageOfPage\":{\"@id\":\"https:\/\/if-qatar.com\/cours-en-entreprise\/#primaryimage\"},\"image\":{\"@id\":\"https:\/\/if-qatar.com\/cours-en-entreprise\/#primaryimage\"},\"thumbnailUrl\":\"https:\/\/if-qatar.com\/wordpress\/wp-content\/uploads\/2022\/03\/Cours-en-entreprise-scaled-e1646814558612.jpg\",\"datePublished\":\"2022-03-09T08:30:40+00:00\",\"dateModified\":\"2024-02-22T05:41:42+00:00\",\"breadcrumb\":{\"@id\":\"https:\/\/if-qatar.com\/cours-en-entreprise\/#breadcrumb\"},\"inLanguage\":\"en-US\",\"potentialAction\":[{\"@type\":\"ReadAction\",\"target\":[\"https:\/\/if-qatar.com\/cours-en-entreprise\/\"]}]},{\"@type\":\"ImageObject\",\"inLanguage\":\"en-US\",\"@id\":\"https:\/\/if-qatar.com\/cours-en-entreprise\/#primaryimage\",\"url\":\"https:\/\/if-qatar.com\/wordpress\/wp-content\/uploads\/2022\/03\/Cours-en-entreprise-scaled-e1646814558612.jpg\",\"contentUrl\":\"https:\/\/if-qatar.com\/wordpress\/wp-content\/uploads\/2022\/03\/Cours-en-entreprise-scaled-e1646814558612.jpg\",\"width\":2000,\"height\":1334},{\"@type\":\"BreadcrumbList\",\"@id\":\"https:\/\/if-qatar.com\/cours-en-entreprise\/#breadcrumb\",\"itemListElement\":[{\"@type\":\"ListItem\",\"position\":1,\"name\":\"Accueil\",\"item\":\"https:\/\/if-qatar.com\/\"},{\"@type\":\"ListItem\",\"position\":2,\"name\":\"Cours en entreprise\"}]},{\"@type\":\"WebSite\",\"@id\":\"https:\/\/if-qatar.com\/ar\/#website\",\"url\":\"https:\/\/if-qatar.com\/ar\/\",\"name\":\"Institut Fran\u00e7ais du Qatar\",\"description\":\"\",\"publisher\":{\"@id\":\"https:\/\/if-qatar.com\/ar\/#organization\"},\"potentialAction\":[{\"@type\":\"SearchAction\",\"target\":{\"@type\":\"EntryPoint\",\"urlTemplate\":\"https:\/\/if-qatar.com\/ar\/?s={search_term_string}\"},\"query-input\":{\"@type\":\"PropertyValueSpecification\",\"valueRequired\":true,\"valueName\":\"search_term_string\"}}],\"inLanguage\":\"en-US\"},{\"@type\":\"Organization\",\"@id\":\"https:\/\/if-qatar.com\/ar\/#organization\",\"name\":\"Institut Fran\u00e7ais du Qatar\",\"url\":\"https:\/\/if-qatar.com\/ar\/\",\"logo\":{\"@type\":\"ImageObject\",\"inLanguage\":\"en-US\",\"@id\":\"https:\/\/if-qatar.com\/ar\/#\/schema\/logo\/image\/\",\"url\":\"https:\/\/if-qatar.com\/wordpress\/wp-content\/uploads\/2022\/10\/LOGO-IFQ-Fond-blanc-Bleu_Plan-de-travail-1.png\",\"contentUrl\":\"https:\/\/if-qatar.com\/wordpress\/wp-content\/uploads\/2022\/10\/LOGO-IFQ-Fond-blanc-Bleu_Plan-de-travail-1.png\",\"width\":2481,\"height\":1636,\"caption\":\"Institut Fran\u00e7ais du Qatar\"},\"image\":{\"@id\":\"https:\/\/if-qatar.com\/ar\/#\/schema\/logo\/image\/\"}}]}<\/script>\n<!-- \/ Yoast SEO plugin. -->","yoast_head_json":{"title":"Cours en entreprise - Institut Fran\u00e7ais du Qatar","robots":{"index":"index","follow":"follow","max-snippet":"max-snippet:-1","max-image-preview":"max-image-preview:large","max-video-preview":"max-video-preview:-1"},"canonical":"https:\/\/if-qatar.com\/en\/cours-en-entreprise\/","og_locale":"en_US","og_type":"article","og_title":"Cours en entreprise - Institut Fran\u00e7ais du Qatar","og_description":"Cours en entreprise L\u2019Institut fran\u00e7ais du Qatar collabore avec des entreprises, des institutions publiques et priv\u00e9es afin&nbsp;d\u2019\u00e9laborer le meilleur programme de formation en langue qui r\u00e9ponde aux besoins de leurs \u00e9quipes. Pour une offre \u00e0 la carte, merci de contacter \u202finfo@if-qatar.com Ils nous ont fait confiance :","og_url":"https:\/\/if-qatar.com\/en\/cours-en-entreprise\/","og_site_name":"Institut Fran\u00e7ais du Qatar","article_modified_time":"2024-02-22T05:41:42+00:00","og_image":[{"width":2000,"height":1334,"url":"https:\/\/if-qatar.com\/wordpress\/wp-content\/uploads\/2022\/03\/Cours-en-entreprise-scaled-e1646814558612.jpg","type":"image\/jpeg"}],"twitter_card":"summary_large_image","schema":{"@context":"https:\/\/schema.org","@graph":[{"@type":"WebPage","@id":"https:\/\/if-qatar.com\/cours-en-entreprise\/","url":"https:\/\/if-qatar.com\/cours-en-entreprise\/","name":"Cours en entreprise - Institut Fran\u00e7ais du Qatar","isPartOf":{"@id":"https:\/\/if-qatar.com\/ar\/#website"},"primaryImageOfPage":{"@id":"https:\/\/if-qatar.com\/cours-en-entreprise\/#primaryimage"},"image":{"@id":"https:\/\/if-qatar.com\/cours-en-entreprise\/#primaryimage"},"thumbnailUrl":"https:\/\/if-qatar.com\/wordpress\/wp-content\/uploads\/2022\/03\/Cours-en-entreprise-scaled-e1646814558612.jpg","datePublished":"2022-03-09T08:30:40+00:00","dateModified":"2024-02-22T05:41:42+00:00","breadcrumb":{"@id":"https:\/\/if-qatar.com\/cours-en-entreprise\/#breadcrumb"},"inLanguage":"en-US","potentialAction":[{"@type":"ReadAction","target":["https:\/\/if-qatar.com\/cours-en-entreprise\/"]}]},{"@type":"ImageObject","inLanguage":"en-US","@id":"https:\/\/if-qatar.com\/cours-en-entreprise\/#primaryimage","url":"https:\/\/if-qatar.com\/wordpress\/wp-content\/uploads\/2022\/03\/Cours-en-entreprise-scaled-e1646814558612.jpg","contentUrl":"https:\/\/if-qatar.com\/wordpress\/wp-content\/uploads\/2022\/03\/Cours-en-entreprise-scaled-e1646814558612.jpg","width":2000,"height":1334},{"@type":"BreadcrumbList","@id":"https:\/\/if-qatar.com\/cours-en-entreprise\/#breadcrumb","itemListElement":[{"@type":"ListItem","position":1,"name":"Accueil","item":"https:\/\/if-qatar.com\/"},{"@type":"ListItem","position":2,"name":"Cours en entreprise"}]},{"@type":"WebSite","@id":"https:\/\/if-qatar.com\/ar\/#website","url":"https:\/\/if-qatar.com\/ar\/","name":"Institut Fran\u00e7ais du Qatar","description":"","publisher":{"@id":"https:\/\/if-qatar.com\/ar\/#organization"},"potentialAction":[{"@type":"SearchAction","target":{"@type":"EntryPoint","urlTemplate":"https:\/\/if-qatar.com\/ar\/?s={search_term_string}"},"query-input":{"@type":"PropertyValueSpecification","valueRequired":true,"valueName":"search_term_string"}}],"inLanguage":"en-US"},{"@type":"Organization","@id":"https:\/\/if-qatar.com\/ar\/#organization","name":"Institut Fran\u00e7ais du Qatar","url":"https:\/\/if-qatar.com\/ar\/","logo":{"@type":"ImageObject","inLanguage":"en-US","@id":"https:\/\/if-qatar.com\/ar\/#\/schema\/logo\/image\/","url":"https:\/\/if-qatar.com\/wordpress\/wp-content\/uploads\/2022\/10\/LOGO-IFQ-Fond-blanc-Bleu_Plan-de-travail-1.png","contentUrl":"https:\/\/if-qatar.com\/wordpress\/wp-content\/uploads\/2022\/10\/LOGO-IFQ-Fond-blanc-Bleu_Plan-de-travail-1.png","width":2481,"height":1636,"caption":"Institut Fran\u00e7ais du Qatar"},"image":{"@id":"https:\/\/if-qatar.com\/ar\/#\/schema\/logo\/image\/"}}]}},"_links":{"self":[{"href":"https:\/\/if-qatar.com\/en\/wp-json\/wp\/v2\/pages\/4964"}],"collection":[{"href":"https:\/\/if-qatar.com\/en\/wp-json\/wp\/v2\/pages"}],"about":[{"href":"https:\/\/if-qatar.com\/en\/wp-json\/wp\/v2\/types\/page"}],"author":[{"embeddable":true,"href":"https:\/\/if-qatar.com\/en\/wp-json\/wp\/v2\/users\/1"}],"replies":[{"embeddable":true,"href":"https:\/\/if-qatar.com\/en\/wp-json\/wp\/v2\/comments?post=4964"}],"version-history":[{"count":16,"href":"https:\/\/if-qatar.com\/en\/wp-json\/wp\/v2\/pages\/4964\/revisions"}],"predecessor-version":[{"id":7748,"href":"https:\/\/if-qatar.com\/en\/wp-json\/wp\/v2\/pages\/4964\/revisions\/7748"}],"wp:featuredmedia":[{"embeddable":true,"href":"https:\/\/if-qatar.com\/en\/wp-json\/wp\/v2\/media\/4941"}],"wp:attachment":[{"href":"https:\/\/if-qatar.com\/en\/wp-json\/wp\/v2\/media?parent=4964"}],"curies":[{"name":"wp","href":"https:\/\/api.w.org\/{rel}","templated":true}]}}