{"id":4738,"date":"2022-03-03T21:50:59","date_gmt":"2022-03-03T18:50:59","guid":{"rendered":"https:\/\/if-qatar.com\/?page_id=4738"},"modified":"2023-01-11T13:00:42","modified_gmt":"2023-01-11T10:00:42","slug":"cooperation-universitaire-et-scientifique","status":"publish","type":"page","link":"https:\/\/if-qatar.com\/en\/cooperation\/cooperation-universitaire-et-scientifique\/","title":{"rendered":"University and scientific cooperation"},"content":{"rendered":"<div class=\"wp-block-group add-padding\"><div class=\"wp-block-group__inner-container is-layout-flow wp-block-group-is-layout-flow\">\t\t\t<!-- Flexy Breadcrumb -->\r\n\t\t\t<div class=\"fbc fbc-page\">\r\n\r\n\t\t\t\t<!-- Breadcrumb wrapper -->\r\n\t\t\t\t<div class=\"fbc-wrap\">\r\n\r\n\t\t\t\t\t<!-- Ordered list-->\r\n\t\t\t\t\t<ol class=\"fbc-items\" itemscope itemtype=\"https:\/\/schema.org\/BreadcrumbList\">\r\n\t\t\t\t\t\t            <li itemprop=\"itemListElement\" itemscope itemtype=\"https:\/\/schema.org\/ListItem\">\r\n                <span itemprop=\"name\">\r\n                    <!-- Home Link -->\r\n                    <a itemprop=\"item\" href=\"https:\/\/if-qatar.com\/en\/\">\r\n                    \r\n                                                    <i class=\"fa fa-home\" aria-hidden=\"true\"><\/i>Home                    <\/a>\r\n                <\/span>\r\n                <meta itemprop=\"position\" content=\"1\" \/><!-- Meta Position-->\r\n             <\/li><li><span class=\"fbc-separator\">\/<\/span><\/li><li class=\"active\" itemprop=\"itemListElement\" itemscope itemtype=\"https:\/\/schema.org\/ListItem\"><span itemprop=\"name\" title=\"University and scientific cooperation\">University and scientific cooperation<\/span><meta itemprop=\"position\" content=\"2\" \/><\/li>\t\t\t\t\t<\/ol>\r\n\t\t\t\t\t<div class=\"clearfix\"><\/div>\r\n\t\t\t\t<\/div>\r\n\t\t\t<\/div>\r\n\t\t\t\n\n\n\n<h2 class=\"wp-block-heading\"><strong>University and scientific cooperation<\/strong><\/h2>\n\n\n\n<p><strong>The French Institute and the French Embassy in Qatar<\/strong> support academic and scientific cooperation actions between French and Qatari institutions.  Four priority areas are targeted: health, sustainable development, digital technology and human and social sciences.<\/p>\n\n\n\n<h3 class=\"wp-block-heading\"><strong>Qatar Health 2022 conference<\/strong><\/h3>\n\n\n\n<p>On February 13, 2022, with the support of the Institut Fran\u00e7ais and the Embassy of France in Qatar, Professor Pierre Carli, head of the SAMU of Paris spoke at the conference on the medical management of mass gatherings, organized by the Qatari Ministry of Health in view of the 2022 FIFA World Cup:<\/p>\n\n\n\n<figure class=\"wp-block-image size-large is-resized\"><a href=\"https:\/\/www.hamad.qa\/EN\/All-Events\/Qatar-Health-2022\/Programs\/Pages\/Day-3.aspx\"><img decoding=\"async\" src=\"https:\/\/if-qatar.com\/wordpress\/wp-content\/uploads\/2022\/03\/Qatar-Health-2022-edited.jpg\" alt=\"\" class=\"wp-image-4746\" width=\"242\" height=\"139\"\/><\/a><\/figure>\n\n\n\n<h3 class=\"wp-block-heading\"><strong>WISH Global Health Innovation Summit<\/strong><\/h3>\n\n\n\n<p><\/p>\n\n\n\n<p>L&rsquo;\u00e9v\u00e9nement bi-annuel WISH (World Innovation Summit for Health) est une initiative de la Qatar Foundation. L\u2019\u00e9dition 2020 s\u2019est tenue, sous format virtuel, du 15 au 19 novembre 2020 et a \u00e9t\u00e9 la plus suivie depuis la cr\u00e9ation de WISH, avec 7\u202f500 participants originaires de 180 pays.<\/p>\n\n\n\n<p>The French Institute and the French Embassy in Qatar supported French participation\u00a0<\/p>\n\n\n\n<ul class=\"wp-block-list\">\n<li>Speech by Olivier V\u00e9ran, Minister of Solidarity and Health, during the \u00ab Mental Health and Digital Technology\" panel \u00bb\u202f;<\/li>\n\n\n\n<li>Speech by St\u00e9phanie Seydoux, Ambassador for Global Health, during the panel \u00ab Climate Change and communicable diseases \u00bb\u202f;<\/li>\n<\/ul>\n\n\n\n<p>Virtual stands of the Assistance Publique \u2013 H\u00f4pitaux de Paris, the Imagine Institute for Genetic Diseases and the French start-up Kaya Sant\u00e9 (artificial intelligence for non-drug therapies) will be held in the exhibition space;<\/p>\n\n\n\n<p>Presentation in the virtual \"gallery\" space of the photo exhibition \"Les professionnels de l'Assistance Publique -H\u00f4pitaux de Paris face au Covid\", created by the photographer Bruno Fert and which was exhibited at the H\u00f4tel de Ville de Paris from July 28 to August 20, 2020.<\/p>\n\n\n\n<p><strong>The next edition of WISH will be held from October 4 to 6, 2022<\/strong>\u202f:<\/p>\n\n\n\n<figure class=\"wp-block-image size-large is-resized\"><a href=\"https:\/\/www.wish.org.qa\/\"><img decoding=\"async\" src=\"https:\/\/if-qatar.com\/wordpress\/wp-content\/uploads\/2022\/03\/wish-1024x485.png\" alt=\"\" class=\"wp-image-4751\" width=\"233\" height=\"113\"\/><\/a><\/figure>\n\n\n\n<h3 class=\"wp-block-heading\"><strong>Conference \u00abCoastal Cities and Climate Change\u00bb<\/strong><\/h3>\n\n\n\n<p><\/p>\n\n\n\n<p>On the occasion of Qatar Sustainability Week 2021, the Institut Fran\u00e7ais and the Embassy of France in Qatar co-organized, on October 25, a virtual conference on the theme \"Coastal cities and climate change\" in partnership with the Qatar Green Building Council and the Doha Institute. The panel brought together two of the authors of the Intergovernmental Panel on Climate Change (IPCC) reports as well as architects and urban planners. Together, they analysed the issues and challenges to be met for the adaptation of coastal cities to climate change.\u00a0<\/p>\n\n\n\n<p>See the replay<\/p>\n\n\n\n<figure class=\"wp-block-image size-full is-resized\"><a href=\" https:\/\/www.youtube.com\/watch?v=8tLPX4Przjg&amp;list=PLS4thPKuEC3IWFK4WhKtC-08x_eYxUwKr\"><img decoding=\"async\" src=\"https:\/\/if-qatar.com\/wordpress\/wp-content\/uploads\/2022\/03\/focusday.png\" alt=\"\" class=\"wp-image-4755\" width=\"289\" height=\"145\" srcset=\"https:\/\/if-qatar.com\/wordpress\/wp-content\/uploads\/2022\/03\/focusday.png 1000w, https:\/\/if-qatar.com\/wordpress\/wp-content\/uploads\/2022\/03\/focusday-300x150.png 300w, https:\/\/if-qatar.com\/wordpress\/wp-content\/uploads\/2022\/03\/focusday-768x384.png 768w\" sizes=\"(max-width: 289px) 100vw, 289px\" \/><\/a><\/figure>\n<\/div><\/div>","protected":false},"excerpt":{"rendered":"<p>Coop\u00e9ration&nbsp;universitaire et scientifique L\u2019institut Fran\u00e7ais et l\u2019Ambassade de France au Qatar soutiennent les actions de coop\u00e9ration universitaires et scientifiques entre les institutions fran\u00e7aises et qatariennes. Quatre domaines prioritaires sont cibl\u00e9s\u202f: la sant\u00e9, le d\u00e9veloppement durable, le num\u00e9rique et les sciences humaines et sociales. Conf\u00e9rence Qatar Health 2022 Le 13 f\u00e9vrier 2022, avec le soutien de [&hellip;]<\/p>","protected":false},"author":1,"featured_media":4704,"parent":4700,"menu_order":2,"comment_status":"closed","ping_status":"closed","template":"templates\/template-cover.php","meta":{"om_disable_all_campaigns":false,"_monsterinsights_skip_tracking":false,"_monsterinsights_sitenote_active":false,"_monsterinsights_sitenote_note":"","_monsterinsights_sitenote_category":0,"footnotes":""},"class_list":["post-4738","page","type-page","status-publish","has-post-thumbnail","hentry"],"yoast_head":"<!-- This site is optimized with the Yoast SEO plugin v24.0 - https:\/\/yoast.com\/wordpress\/plugins\/seo\/ -->\n<title>Coop\u00e9ration universitaire et scientifique - Institut Fran\u00e7ais du Qatar<\/title>\n<meta name=\"robots\" content=\"index, follow, max-snippet:-1, max-image-preview:large, max-video-preview:-1\" \/>\n<link rel=\"canonical\" href=\"https:\/\/if-qatar.com\/en\/cooperation\/cooperation-universitaire-et-scientifique\/\" \/>\n<meta property=\"og:locale\" content=\"en_US\" \/>\n<meta property=\"og:type\" content=\"article\" \/>\n<meta property=\"og:title\" content=\"Coop\u00e9ration universitaire et scientifique - Institut Fran\u00e7ais du Qatar\" \/>\n<meta property=\"og:description\" content=\"Coop\u00e9ration&nbsp;universitaire et scientifique L\u2019institut Fran\u00e7ais et l\u2019Ambassade de France au Qatar soutiennent les actions de coop\u00e9ration universitaires et scientifiques entre les institutions fran\u00e7aises et qatariennes. Quatre domaines prioritaires sont cibl\u00e9s\u202f: la sant\u00e9, le d\u00e9veloppement durable, le num\u00e9rique et les sciences humaines et sociales. Conf\u00e9rence Qatar Health 2022 Le 13 f\u00e9vrier 2022, avec le soutien de [&hellip;]\" \/>\n<meta property=\"og:url\" content=\"https:\/\/if-qatar.com\/en\/cooperation\/cooperation-universitaire-et-scientifique\/\" \/>\n<meta property=\"og:site_name\" content=\"Institut Fran\u00e7ais du Qatar\" \/>\n<meta property=\"article:modified_time\" content=\"2023-01-11T10:00:42+00:00\" \/>\n<meta property=\"og:image\" content=\"https:\/\/if-qatar.com\/wordpress\/wp-content\/uploads\/2022\/03\/Cooperation-scientifique.jpg\" \/>\n\t<meta property=\"og:image:width\" content=\"1347\" \/>\n\t<meta property=\"og:image:height\" content=\"1080\" \/>\n\t<meta property=\"og:image:type\" content=\"image\/jpeg\" \/>\n<meta name=\"twitter:card\" content=\"summary_large_image\" \/>\n<meta name=\"twitter:label1\" content=\"Est. reading time\" \/>\n\t<meta name=\"twitter:data1\" content=\"3 minutes\" \/>\n<script type=\"application\/ld+json\" class=\"yoast-schema-graph\">{\"@context\":\"https:\/\/schema.org\",\"@graph\":[{\"@type\":\"WebPage\",\"@id\":\"https:\/\/if-qatar.com\/cooperation\/cooperation-universitaire-et-scientifique\/\",\"url\":\"https:\/\/if-qatar.com\/cooperation\/cooperation-universitaire-et-scientifique\/\",\"name\":\"Coop\u00e9ration universitaire et scientifique - Institut Fran\u00e7ais du Qatar\",\"isPartOf\":{\"@id\":\"https:\/\/if-qatar.com\/ar\/#website\"},\"primaryImageOfPage\":{\"@id\":\"https:\/\/if-qatar.com\/cooperation\/cooperation-universitaire-et-scientifique\/#primaryimage\"},\"image\":{\"@id\":\"https:\/\/if-qatar.com\/cooperation\/cooperation-universitaire-et-scientifique\/#primaryimage\"},\"thumbnailUrl\":\"https:\/\/if-qatar.com\/wordpress\/wp-content\/uploads\/2022\/03\/Cooperation-scientifique.jpg\",\"datePublished\":\"2022-03-03T18:50:59+00:00\",\"dateModified\":\"2023-01-11T10:00:42+00:00\",\"breadcrumb\":{\"@id\":\"https:\/\/if-qatar.com\/cooperation\/cooperation-universitaire-et-scientifique\/#breadcrumb\"},\"inLanguage\":\"en-US\",\"potentialAction\":[{\"@type\":\"ReadAction\",\"target\":[\"https:\/\/if-qatar.com\/cooperation\/cooperation-universitaire-et-scientifique\/\"]}]},{\"@type\":\"ImageObject\",\"inLanguage\":\"en-US\",\"@id\":\"https:\/\/if-qatar.com\/cooperation\/cooperation-universitaire-et-scientifique\/#primaryimage\",\"url\":\"https:\/\/if-qatar.com\/wordpress\/wp-content\/uploads\/2022\/03\/Cooperation-scientifique.jpg\",\"contentUrl\":\"https:\/\/if-qatar.com\/wordpress\/wp-content\/uploads\/2022\/03\/Cooperation-scientifique.jpg\",\"width\":1347,\"height\":1080},{\"@type\":\"BreadcrumbList\",\"@id\":\"https:\/\/if-qatar.com\/cooperation\/cooperation-universitaire-et-scientifique\/#breadcrumb\",\"itemListElement\":[{\"@type\":\"ListItem\",\"position\":1,\"name\":\"Accueil\",\"item\":\"https:\/\/if-qatar.com\/\"},{\"@type\":\"ListItem\",\"position\":2,\"name\":\"Coop\u00e9ration\",\"item\":\"https:\/\/if-qatar.com\/cooperation\/\"},{\"@type\":\"ListItem\",\"position\":3,\"name\":\"Coop\u00e9ration universitaire et scientifique\"}]},{\"@type\":\"WebSite\",\"@id\":\"https:\/\/if-qatar.com\/ar\/#website\",\"url\":\"https:\/\/if-qatar.com\/ar\/\",\"name\":\"Institut Fran\u00e7ais du Qatar\",\"description\":\"\",\"publisher\":{\"@id\":\"https:\/\/if-qatar.com\/ar\/#organization\"},\"potentialAction\":[{\"@type\":\"SearchAction\",\"target\":{\"@type\":\"EntryPoint\",\"urlTemplate\":\"https:\/\/if-qatar.com\/ar\/?s={search_term_string}\"},\"query-input\":{\"@type\":\"PropertyValueSpecification\",\"valueRequired\":true,\"valueName\":\"search_term_string\"}}],\"inLanguage\":\"en-US\"},{\"@type\":\"Organization\",\"@id\":\"https:\/\/if-qatar.com\/ar\/#organization\",\"name\":\"Institut Fran\u00e7ais du Qatar\",\"url\":\"https:\/\/if-qatar.com\/ar\/\",\"logo\":{\"@type\":\"ImageObject\",\"inLanguage\":\"en-US\",\"@id\":\"https:\/\/if-qatar.com\/ar\/#\/schema\/logo\/image\/\",\"url\":\"https:\/\/if-qatar.com\/wordpress\/wp-content\/uploads\/2022\/10\/LOGO-IFQ-Fond-blanc-Bleu_Plan-de-travail-1.png\",\"contentUrl\":\"https:\/\/if-qatar.com\/wordpress\/wp-content\/uploads\/2022\/10\/LOGO-IFQ-Fond-blanc-Bleu_Plan-de-travail-1.png\",\"width\":2481,\"height\":1636,\"caption\":\"Institut Fran\u00e7ais du Qatar\"},\"image\":{\"@id\":\"https:\/\/if-qatar.com\/ar\/#\/schema\/logo\/image\/\"}}]}<\/script>\n<!-- \/ Yoast SEO plugin. -->","yoast_head_json":{"title":"Coop\u00e9ration universitaire et scientifique - Institut Fran\u00e7ais du Qatar","robots":{"index":"index","follow":"follow","max-snippet":"max-snippet:-1","max-image-preview":"max-image-preview:large","max-video-preview":"max-video-preview:-1"},"canonical":"https:\/\/if-qatar.com\/en\/cooperation\/cooperation-universitaire-et-scientifique\/","og_locale":"en_US","og_type":"article","og_title":"Coop\u00e9ration universitaire et scientifique - Institut Fran\u00e7ais du Qatar","og_description":"Coop\u00e9ration&nbsp;universitaire et scientifique L\u2019institut Fran\u00e7ais et l\u2019Ambassade de France au Qatar soutiennent les actions de coop\u00e9ration universitaires et scientifiques entre les institutions fran\u00e7aises et qatariennes. Quatre domaines prioritaires sont cibl\u00e9s\u202f: la sant\u00e9, le d\u00e9veloppement durable, le num\u00e9rique et les sciences humaines et sociales. Conf\u00e9rence Qatar Health 2022 Le 13 f\u00e9vrier 2022, avec le soutien de [&hellip;]","og_url":"https:\/\/if-qatar.com\/en\/cooperation\/cooperation-universitaire-et-scientifique\/","og_site_name":"Institut Fran\u00e7ais du Qatar","article_modified_time":"2023-01-11T10:00:42+00:00","og_image":[{"width":1347,"height":1080,"url":"https:\/\/if-qatar.com\/wordpress\/wp-content\/uploads\/2022\/03\/Cooperation-scientifique.jpg","type":"image\/jpeg"}],"twitter_card":"summary_large_image","twitter_misc":{"Est. reading time":"3 minutes"},"schema":{"@context":"https:\/\/schema.org","@graph":[{"@type":"WebPage","@id":"https:\/\/if-qatar.com\/cooperation\/cooperation-universitaire-et-scientifique\/","url":"https:\/\/if-qatar.com\/cooperation\/cooperation-universitaire-et-scientifique\/","name":"Coop\u00e9ration universitaire et scientifique - Institut Fran\u00e7ais du Qatar","isPartOf":{"@id":"https:\/\/if-qatar.com\/ar\/#website"},"primaryImageOfPage":{"@id":"https:\/\/if-qatar.com\/cooperation\/cooperation-universitaire-et-scientifique\/#primaryimage"},"image":{"@id":"https:\/\/if-qatar.com\/cooperation\/cooperation-universitaire-et-scientifique\/#primaryimage"},"thumbnailUrl":"https:\/\/if-qatar.com\/wordpress\/wp-content\/uploads\/2022\/03\/Cooperation-scientifique.jpg","datePublished":"2022-03-03T18:50:59+00:00","dateModified":"2023-01-11T10:00:42+00:00","breadcrumb":{"@id":"https:\/\/if-qatar.com\/cooperation\/cooperation-universitaire-et-scientifique\/#breadcrumb"},"inLanguage":"en-US","potentialAction":[{"@type":"ReadAction","target":["https:\/\/if-qatar.com\/cooperation\/cooperation-universitaire-et-scientifique\/"]}]},{"@type":"ImageObject","inLanguage":"en-US","@id":"https:\/\/if-qatar.com\/cooperation\/cooperation-universitaire-et-scientifique\/#primaryimage","url":"https:\/\/if-qatar.com\/wordpress\/wp-content\/uploads\/2022\/03\/Cooperation-scientifique.jpg","contentUrl":"https:\/\/if-qatar.com\/wordpress\/wp-content\/uploads\/2022\/03\/Cooperation-scientifique.jpg","width":1347,"height":1080},{"@type":"BreadcrumbList","@id":"https:\/\/if-qatar.com\/cooperation\/cooperation-universitaire-et-scientifique\/#breadcrumb","itemListElement":[{"@type":"ListItem","position":1,"name":"Accueil","item":"https:\/\/if-qatar.com\/"},{"@type":"ListItem","position":2,"name":"Coop\u00e9ration","item":"https:\/\/if-qatar.com\/cooperation\/"},{"@type":"ListItem","position":3,"name":"Coop\u00e9ration universitaire et scientifique"}]},{"@type":"WebSite","@id":"https:\/\/if-qatar.com\/ar\/#website","url":"https:\/\/if-qatar.com\/ar\/","name":"Institut Fran\u00e7ais du Qatar","description":"","publisher":{"@id":"https:\/\/if-qatar.com\/ar\/#organization"},"potentialAction":[{"@type":"SearchAction","target":{"@type":"EntryPoint","urlTemplate":"https:\/\/if-qatar.com\/ar\/?s={search_term_string}"},"query-input":{"@type":"PropertyValueSpecification","valueRequired":true,"valueName":"search_term_string"}}],"inLanguage":"en-US"},{"@type":"Organization","@id":"https:\/\/if-qatar.com\/ar\/#organization","name":"Institut Fran\u00e7ais du Qatar","url":"https:\/\/if-qatar.com\/ar\/","logo":{"@type":"ImageObject","inLanguage":"en-US","@id":"https:\/\/if-qatar.com\/ar\/#\/schema\/logo\/image\/","url":"https:\/\/if-qatar.com\/wordpress\/wp-content\/uploads\/2022\/10\/LOGO-IFQ-Fond-blanc-Bleu_Plan-de-travail-1.png","contentUrl":"https:\/\/if-qatar.com\/wordpress\/wp-content\/uploads\/2022\/10\/LOGO-IFQ-Fond-blanc-Bleu_Plan-de-travail-1.png","width":2481,"height":1636,"caption":"Institut Fran\u00e7ais du Qatar"},"image":{"@id":"https:\/\/if-qatar.com\/ar\/#\/schema\/logo\/image\/"}}]}},"_links":{"self":[{"href":"https:\/\/if-qatar.com\/en\/wp-json\/wp\/v2\/pages\/4738"}],"collection":[{"href":"https:\/\/if-qatar.com\/en\/wp-json\/wp\/v2\/pages"}],"about":[{"href":"https:\/\/if-qatar.com\/en\/wp-json\/wp\/v2\/types\/page"}],"author":[{"embeddable":true,"href":"https:\/\/if-qatar.com\/en\/wp-json\/wp\/v2\/users\/1"}],"replies":[{"embeddable":true,"href":"https:\/\/if-qatar.com\/en\/wp-json\/wp\/v2\/comments?post=4738"}],"version-history":[{"count":18,"href":"https:\/\/if-qatar.com\/en\/wp-json\/wp\/v2\/pages\/4738\/revisions"}],"predecessor-version":[{"id":6527,"href":"https:\/\/if-qatar.com\/en\/wp-json\/wp\/v2\/pages\/4738\/revisions\/6527"}],"up":[{"embeddable":true,"href":"https:\/\/if-qatar.com\/en\/wp-json\/wp\/v2\/pages\/4700"}],"wp:featuredmedia":[{"embeddable":true,"href":"https:\/\/if-qatar.com\/en\/wp-json\/wp\/v2\/media\/4704"}],"wp:attachment":[{"href":"https:\/\/if-qatar.com\/en\/wp-json\/wp\/v2\/media?parent=4738"}],"curies":[{"name":"wp","href":"https:\/\/api.w.org\/{rel}","templated":true}]}}