{"id":4725,"date":"2022-03-03T21:42:00","date_gmt":"2022-03-03T18:42:00","guid":{"rendered":"https:\/\/if-qatar.com\/?page_id=4725"},"modified":"2023-01-11T12:53:18","modified_gmt":"2023-01-11T09:53:18","slug":"cooperation-educative-et-linguistique","status":"publish","type":"page","link":"https:\/\/if-qatar.com\/en\/cooperation\/cooperation-educative-et-linguistique\/","title":{"rendered":"Educational and linguistic cooperation"},"content":{"rendered":"<div class=\"wp-block-group add-padding\"><div class=\"wp-block-group__inner-container is-layout-flow wp-block-group-is-layout-flow\">\t\t\t<!-- Flexy Breadcrumb -->\r\n\t\t\t<div class=\"fbc fbc-page\">\r\n\r\n\t\t\t\t<!-- Breadcrumb wrapper -->\r\n\t\t\t\t<div class=\"fbc-wrap\">\r\n\r\n\t\t\t\t\t<!-- Ordered list-->\r\n\t\t\t\t\t<ol class=\"fbc-items\" itemscope itemtype=\"https:\/\/schema.org\/BreadcrumbList\">\r\n\t\t\t\t\t\t            <li itemprop=\"itemListElement\" itemscope itemtype=\"https:\/\/schema.org\/ListItem\">\r\n                <span itemprop=\"name\">\r\n                    <!-- Home Link -->\r\n                    <a itemprop=\"item\" href=\"https:\/\/if-qatar.com\/en\/\">\r\n                    \r\n                                                    <i class=\"fa fa-home\" aria-hidden=\"true\"><\/i>Home                    <\/a>\r\n                <\/span>\r\n                <meta itemprop=\"position\" content=\"1\" \/><!-- Meta Position-->\r\n             <\/li><li><span class=\"fbc-separator\">\/<\/span><\/li><li class=\"active\" itemprop=\"itemListElement\" itemscope itemtype=\"https:\/\/schema.org\/ListItem\"><span itemprop=\"name\" title=\"Educational and linguistic cooperation\">Educational and linguistic cooperation<\/span><meta itemprop=\"position\" content=\"2\" \/><\/li>\t\t\t\t\t<\/ol>\r\n\t\t\t\t\t<div class=\"clearfix\"><\/div>\r\n\t\t\t\t<\/div>\r\n\t\t\t<\/div>\r\n\t\t\t\n\n\n\n<h2 class=\"wp-block-heading\"><strong>Educational and linguistic cooperation<\/strong><\/h2>\n\n\n\n<p>The Cooperation and Cultural Action Department of the French Embassy in Qatar  and the French Institute in Qatar, implement a rich educational and linguistic cooperation with the Qatari Ministry of Education and Higher Education and carry out cooperation actions with educational and university institutions, public or private in Qatar. The aim is to promot multilingualism and strengthen the Francophonie in Qatar.  We work with French operators to offer French expertise in the field of education and in particular in the teaching of French.<\/p>\n\n\n\n<h3 class=\"wp-block-heading\"><strong>The language center of The French Institute<\/strong><\/h3>\n\n\n\n<p>The language center of the French Institute in Qatar actively participates in the promotion of French language and culture and offers a complete range of courses and certifications aimed at both the general public, businesses and professionals.  teaching.  It is the place for exchanges and meetings between French teachers in Qatar.<\/p>\n\n\n\n<h3 class=\"wp-block-heading\"><strong>French in schools and universities<\/strong><\/h3>\n\n\n\n<p>Le Qatar compte 2 \u00e9tablissements homologu\u00e9s AEFE, le lyc\u00e9e fran\u00e7ais Bonaparte, conventionn\u00e9 et le lyc\u00e9e franco-qatarien Voltaire, partenaire. Se rajoutent \u00e0 ces deux \u00e9tablissements, une multitude d&rsquo;\u00e9coles priv\u00e9es bilingues francophones dont deux ont obtenu le label France\u00c9ducation . Le secteur public s&rsquo;int\u00e9resse aussi au fran\u00e7ais, le minist\u00e8re de l&rsquo;\u00e9ducation qatarien a lanc\u00e9, en 2012, une initiative d&rsquo;introduction de la langue fran\u00e7aise dans plusieurs lyc\u00e9es publiques et Qatar University qui a &nbsp;inaugur\u00e9 sa Mineure de fran\u00e7ais, la m\u00eame ann\u00e9e.<\/p>\n\n\n\n<figure class=\"wp-block-image is-resized\"><a href=\"https:\/\/www.aefe.fr\/\" target=\"_blank\" rel=\"noreferrer noopener\"><img decoding=\"async\" src=\"https:\/\/if-qatar.com\/wordpress\/wp-content\/uploads\/2022\/03\/aefe.png\" alt=\"\" width=\"127\" height=\"106\"\/><\/a><figcaption class=\"wp-element-caption\"><a rel=\"noreferrer noopener\" href=\"https:\/\/www.france-education-international.fr\/\" target=\"_blank\"><img decoding=\"async\" width=\"100px\" src=\"https:\/\/if-qatar.com\/wordpress\/wp-content\/uploads\/2022\/03\/fei.png\"><\/a><\/figcaption><\/figure>\n\n\n\n<h3 class=\"wp-block-heading\"><strong>Development of the Francophonie<\/strong><\/h3>\n\n\n\n<p>Organized each year around March 20, International Day of La Francophonie, the Week of the French language and La Francophonie is the meeting place for lovers of words in France and abroad.  It offers the general public the opportunity to celebrate the French language by showing its attachment to it and celebrating its richness and modernity. <\/p>\n\n\n\n<p>Suivez le calendrier Francophonie et partagez votre go\u00fbt pour les mots, le cin\u00e9ma, l&rsquo;art visuel, la musique et bien d&rsquo;autres formes artistiques et litt\u00e9raires en participant \u00e0 nos \u00e9v\u00e8nements, dans toutes leurs diversit\u00e9s. Au programme cette ann\u00e9e : \u00a0le concours des 10 mots, \u00a0la grande dict\u00e9e francophonie et d&rsquo;autre encore ! Suivez notre agenda pour plus d&rsquo;ev\u00e8nements.<\/p>\n<\/div><\/div>","protected":false},"excerpt":{"rendered":"<p>Coop\u00e9ration \u00e9ducative et linguistique Le Service de Coop\u00e9ration et d&rsquo;Action Culturelle de l&rsquo;Ambassade de France au Qatar (SCAC) et l&rsquo;Institut fran\u00e7ais du Qatar mettent en \u0153uvre une coop\u00e9ration \u00e9ducative et linguistique riche avec le minist\u00e8re de l&rsquo;\u00e9ducation et de l&rsquo;enseignement sup\u00e9rieur qatarien (MOEHE) et m\u00e8nent des actions de coop\u00e9ration avec les institutions &nbsp;scolaires et universitaires, [&hellip;]<\/p>","protected":false},"author":1,"featured_media":4703,"parent":4700,"menu_order":1,"comment_status":"closed","ping_status":"closed","template":"templates\/template-cover.php","meta":{"om_disable_all_campaigns":false,"_monsterinsights_skip_tracking":false,"_monsterinsights_sitenote_active":false,"_monsterinsights_sitenote_note":"","_monsterinsights_sitenote_category":0,"footnotes":""},"class_list":["post-4725","page","type-page","status-publish","has-post-thumbnail","hentry"],"yoast_head":"<!-- This site is optimized with the Yoast SEO plugin v24.0 - https:\/\/yoast.com\/wordpress\/plugins\/seo\/ -->\n<title>Coop\u00e9ration \u00e9ducative et linguistique - Institut Fran\u00e7ais du Qatar<\/title>\n<meta name=\"robots\" content=\"index, follow, max-snippet:-1, max-image-preview:large, max-video-preview:-1\" \/>\n<link rel=\"canonical\" href=\"https:\/\/if-qatar.com\/en\/cooperation\/cooperation-educative-et-linguistique\/\" \/>\n<meta property=\"og:locale\" content=\"en_US\" \/>\n<meta property=\"og:type\" content=\"article\" \/>\n<meta property=\"og:title\" content=\"Coop\u00e9ration \u00e9ducative et linguistique - Institut Fran\u00e7ais du Qatar\" \/>\n<meta property=\"og:description\" content=\"Coop\u00e9ration \u00e9ducative et linguistique Le Service de Coop\u00e9ration et d&rsquo;Action Culturelle de l&rsquo;Ambassade de France au Qatar (SCAC) et l&rsquo;Institut fran\u00e7ais du Qatar mettent en \u0153uvre une coop\u00e9ration \u00e9ducative et linguistique riche avec le minist\u00e8re de l&rsquo;\u00e9ducation et de l&rsquo;enseignement sup\u00e9rieur qatarien (MOEHE) et m\u00e8nent des actions de coop\u00e9ration avec les institutions &nbsp;scolaires et universitaires, [&hellip;]\" \/>\n<meta property=\"og:url\" content=\"https:\/\/if-qatar.com\/en\/cooperation\/cooperation-educative-et-linguistique\/\" \/>\n<meta property=\"og:site_name\" content=\"Institut Fran\u00e7ais du Qatar\" \/>\n<meta property=\"article:modified_time\" content=\"2023-01-11T09:53:18+00:00\" \/>\n<meta property=\"og:image\" content=\"https:\/\/if-qatar.com\/wordpress\/wp-content\/uploads\/2022\/03\/cooperation-linguistique.jpg\" \/>\n\t<meta property=\"og:image:width\" content=\"1620\" \/>\n\t<meta property=\"og:image:height\" content=\"1080\" \/>\n\t<meta property=\"og:image:type\" content=\"image\/jpeg\" \/>\n<meta name=\"twitter:card\" content=\"summary_large_image\" \/>\n<meta name=\"twitter:label1\" content=\"Est. reading time\" \/>\n\t<meta name=\"twitter:data1\" content=\"3 minutes\" \/>\n<script type=\"application\/ld+json\" class=\"yoast-schema-graph\">{\"@context\":\"https:\/\/schema.org\",\"@graph\":[{\"@type\":\"WebPage\",\"@id\":\"https:\/\/if-qatar.com\/cooperation\/cooperation-educative-et-linguistique\/\",\"url\":\"https:\/\/if-qatar.com\/cooperation\/cooperation-educative-et-linguistique\/\",\"name\":\"Coop\u00e9ration \u00e9ducative et linguistique - Institut Fran\u00e7ais du Qatar\",\"isPartOf\":{\"@id\":\"https:\/\/if-qatar.com\/ar\/#website\"},\"primaryImageOfPage\":{\"@id\":\"https:\/\/if-qatar.com\/cooperation\/cooperation-educative-et-linguistique\/#primaryimage\"},\"image\":{\"@id\":\"https:\/\/if-qatar.com\/cooperation\/cooperation-educative-et-linguistique\/#primaryimage\"},\"thumbnailUrl\":\"https:\/\/if-qatar.com\/wordpress\/wp-content\/uploads\/2022\/03\/cooperation-linguistique.jpg\",\"datePublished\":\"2022-03-03T18:42:00+00:00\",\"dateModified\":\"2023-01-11T09:53:18+00:00\",\"breadcrumb\":{\"@id\":\"https:\/\/if-qatar.com\/cooperation\/cooperation-educative-et-linguistique\/#breadcrumb\"},\"inLanguage\":\"en-US\",\"potentialAction\":[{\"@type\":\"ReadAction\",\"target\":[\"https:\/\/if-qatar.com\/cooperation\/cooperation-educative-et-linguistique\/\"]}]},{\"@type\":\"ImageObject\",\"inLanguage\":\"en-US\",\"@id\":\"https:\/\/if-qatar.com\/cooperation\/cooperation-educative-et-linguistique\/#primaryimage\",\"url\":\"https:\/\/if-qatar.com\/wordpress\/wp-content\/uploads\/2022\/03\/cooperation-linguistique.jpg\",\"contentUrl\":\"https:\/\/if-qatar.com\/wordpress\/wp-content\/uploads\/2022\/03\/cooperation-linguistique.jpg\",\"width\":1620,\"height\":1080,\"caption\":\"Education concept. Student studying and brainstorming campus concept. Close up of students discussing their subject on books or textbooks. Selective focus.\"},{\"@type\":\"BreadcrumbList\",\"@id\":\"https:\/\/if-qatar.com\/cooperation\/cooperation-educative-et-linguistique\/#breadcrumb\",\"itemListElement\":[{\"@type\":\"ListItem\",\"position\":1,\"name\":\"Accueil\",\"item\":\"https:\/\/if-qatar.com\/\"},{\"@type\":\"ListItem\",\"position\":2,\"name\":\"Coop\u00e9ration\",\"item\":\"https:\/\/if-qatar.com\/cooperation\/\"},{\"@type\":\"ListItem\",\"position\":3,\"name\":\"Coop\u00e9ration \u00e9ducative et linguistique\"}]},{\"@type\":\"WebSite\",\"@id\":\"https:\/\/if-qatar.com\/ar\/#website\",\"url\":\"https:\/\/if-qatar.com\/ar\/\",\"name\":\"Institut Fran\u00e7ais du Qatar\",\"description\":\"\",\"publisher\":{\"@id\":\"https:\/\/if-qatar.com\/ar\/#organization\"},\"potentialAction\":[{\"@type\":\"SearchAction\",\"target\":{\"@type\":\"EntryPoint\",\"urlTemplate\":\"https:\/\/if-qatar.com\/ar\/?s={search_term_string}\"},\"query-input\":{\"@type\":\"PropertyValueSpecification\",\"valueRequired\":true,\"valueName\":\"search_term_string\"}}],\"inLanguage\":\"en-US\"},{\"@type\":\"Organization\",\"@id\":\"https:\/\/if-qatar.com\/ar\/#organization\",\"name\":\"Institut Fran\u00e7ais du Qatar\",\"url\":\"https:\/\/if-qatar.com\/ar\/\",\"logo\":{\"@type\":\"ImageObject\",\"inLanguage\":\"en-US\",\"@id\":\"https:\/\/if-qatar.com\/ar\/#\/schema\/logo\/image\/\",\"url\":\"https:\/\/if-qatar.com\/wordpress\/wp-content\/uploads\/2022\/10\/LOGO-IFQ-Fond-blanc-Bleu_Plan-de-travail-1.png\",\"contentUrl\":\"https:\/\/if-qatar.com\/wordpress\/wp-content\/uploads\/2022\/10\/LOGO-IFQ-Fond-blanc-Bleu_Plan-de-travail-1.png\",\"width\":2481,\"height\":1636,\"caption\":\"Institut Fran\u00e7ais du Qatar\"},\"image\":{\"@id\":\"https:\/\/if-qatar.com\/ar\/#\/schema\/logo\/image\/\"}}]}<\/script>\n<!-- \/ Yoast SEO plugin. -->","yoast_head_json":{"title":"Coop\u00e9ration \u00e9ducative et linguistique - Institut Fran\u00e7ais du Qatar","robots":{"index":"index","follow":"follow","max-snippet":"max-snippet:-1","max-image-preview":"max-image-preview:large","max-video-preview":"max-video-preview:-1"},"canonical":"https:\/\/if-qatar.com\/en\/cooperation\/cooperation-educative-et-linguistique\/","og_locale":"en_US","og_type":"article","og_title":"Coop\u00e9ration \u00e9ducative et linguistique - Institut Fran\u00e7ais du Qatar","og_description":"Coop\u00e9ration \u00e9ducative et linguistique Le Service de Coop\u00e9ration et d&rsquo;Action Culturelle de l&rsquo;Ambassade de France au Qatar (SCAC) et l&rsquo;Institut fran\u00e7ais du Qatar mettent en \u0153uvre une coop\u00e9ration \u00e9ducative et linguistique riche avec le minist\u00e8re de l&rsquo;\u00e9ducation et de l&rsquo;enseignement sup\u00e9rieur qatarien (MOEHE) et m\u00e8nent des actions de coop\u00e9ration avec les institutions &nbsp;scolaires et universitaires, [&hellip;]","og_url":"https:\/\/if-qatar.com\/en\/cooperation\/cooperation-educative-et-linguistique\/","og_site_name":"Institut Fran\u00e7ais du Qatar","article_modified_time":"2023-01-11T09:53:18+00:00","og_image":[{"width":1620,"height":1080,"url":"https:\/\/if-qatar.com\/wordpress\/wp-content\/uploads\/2022\/03\/cooperation-linguistique.jpg","type":"image\/jpeg"}],"twitter_card":"summary_large_image","twitter_misc":{"Est. reading time":"3 minutes"},"schema":{"@context":"https:\/\/schema.org","@graph":[{"@type":"WebPage","@id":"https:\/\/if-qatar.com\/cooperation\/cooperation-educative-et-linguistique\/","url":"https:\/\/if-qatar.com\/cooperation\/cooperation-educative-et-linguistique\/","name":"Coop\u00e9ration \u00e9ducative et linguistique - Institut Fran\u00e7ais du Qatar","isPartOf":{"@id":"https:\/\/if-qatar.com\/ar\/#website"},"primaryImageOfPage":{"@id":"https:\/\/if-qatar.com\/cooperation\/cooperation-educative-et-linguistique\/#primaryimage"},"image":{"@id":"https:\/\/if-qatar.com\/cooperation\/cooperation-educative-et-linguistique\/#primaryimage"},"thumbnailUrl":"https:\/\/if-qatar.com\/wordpress\/wp-content\/uploads\/2022\/03\/cooperation-linguistique.jpg","datePublished":"2022-03-03T18:42:00+00:00","dateModified":"2023-01-11T09:53:18+00:00","breadcrumb":{"@id":"https:\/\/if-qatar.com\/cooperation\/cooperation-educative-et-linguistique\/#breadcrumb"},"inLanguage":"en-US","potentialAction":[{"@type":"ReadAction","target":["https:\/\/if-qatar.com\/cooperation\/cooperation-educative-et-linguistique\/"]}]},{"@type":"ImageObject","inLanguage":"en-US","@id":"https:\/\/if-qatar.com\/cooperation\/cooperation-educative-et-linguistique\/#primaryimage","url":"https:\/\/if-qatar.com\/wordpress\/wp-content\/uploads\/2022\/03\/cooperation-linguistique.jpg","contentUrl":"https:\/\/if-qatar.com\/wordpress\/wp-content\/uploads\/2022\/03\/cooperation-linguistique.jpg","width":1620,"height":1080,"caption":"Education concept. Student studying and brainstorming campus concept. Close up of students discussing their subject on books or textbooks. Selective focus."},{"@type":"BreadcrumbList","@id":"https:\/\/if-qatar.com\/cooperation\/cooperation-educative-et-linguistique\/#breadcrumb","itemListElement":[{"@type":"ListItem","position":1,"name":"Accueil","item":"https:\/\/if-qatar.com\/"},{"@type":"ListItem","position":2,"name":"Coop\u00e9ration","item":"https:\/\/if-qatar.com\/cooperation\/"},{"@type":"ListItem","position":3,"name":"Coop\u00e9ration \u00e9ducative et linguistique"}]},{"@type":"WebSite","@id":"https:\/\/if-qatar.com\/ar\/#website","url":"https:\/\/if-qatar.com\/ar\/","name":"Institut Fran\u00e7ais du Qatar","description":"","publisher":{"@id":"https:\/\/if-qatar.com\/ar\/#organization"},"potentialAction":[{"@type":"SearchAction","target":{"@type":"EntryPoint","urlTemplate":"https:\/\/if-qatar.com\/ar\/?s={search_term_string}"},"query-input":{"@type":"PropertyValueSpecification","valueRequired":true,"valueName":"search_term_string"}}],"inLanguage":"en-US"},{"@type":"Organization","@id":"https:\/\/if-qatar.com\/ar\/#organization","name":"Institut Fran\u00e7ais du Qatar","url":"https:\/\/if-qatar.com\/ar\/","logo":{"@type":"ImageObject","inLanguage":"en-US","@id":"https:\/\/if-qatar.com\/ar\/#\/schema\/logo\/image\/","url":"https:\/\/if-qatar.com\/wordpress\/wp-content\/uploads\/2022\/10\/LOGO-IFQ-Fond-blanc-Bleu_Plan-de-travail-1.png","contentUrl":"https:\/\/if-qatar.com\/wordpress\/wp-content\/uploads\/2022\/10\/LOGO-IFQ-Fond-blanc-Bleu_Plan-de-travail-1.png","width":2481,"height":1636,"caption":"Institut Fran\u00e7ais du Qatar"},"image":{"@id":"https:\/\/if-qatar.com\/ar\/#\/schema\/logo\/image\/"}}]}},"_links":{"self":[{"href":"https:\/\/if-qatar.com\/en\/wp-json\/wp\/v2\/pages\/4725"}],"collection":[{"href":"https:\/\/if-qatar.com\/en\/wp-json\/wp\/v2\/pages"}],"about":[{"href":"https:\/\/if-qatar.com\/en\/wp-json\/wp\/v2\/types\/page"}],"author":[{"embeddable":true,"href":"https:\/\/if-qatar.com\/en\/wp-json\/wp\/v2\/users\/1"}],"replies":[{"embeddable":true,"href":"https:\/\/if-qatar.com\/en\/wp-json\/wp\/v2\/comments?post=4725"}],"version-history":[{"count":11,"href":"https:\/\/if-qatar.com\/en\/wp-json\/wp\/v2\/pages\/4725\/revisions"}],"predecessor-version":[{"id":6525,"href":"https:\/\/if-qatar.com\/en\/wp-json\/wp\/v2\/pages\/4725\/revisions\/6525"}],"up":[{"embeddable":true,"href":"https:\/\/if-qatar.com\/en\/wp-json\/wp\/v2\/pages\/4700"}],"wp:featuredmedia":[{"embeddable":true,"href":"https:\/\/if-qatar.com\/en\/wp-json\/wp\/v2\/media\/4703"}],"wp:attachment":[{"href":"https:\/\/if-qatar.com\/en\/wp-json\/wp\/v2\/media?parent=4725"}],"curies":[{"name":"wp","href":"https:\/\/api.w.org\/{rel}","templated":true}]}}