{"id":4715,"date":"2022-03-03T21:34:30","date_gmt":"2022-03-03T18:34:30","guid":{"rendered":"https:\/\/if-qatar.com\/?page_id=4715"},"modified":"2022-05-29T16:35:29","modified_gmt":"2022-05-29T13:35:29","slug":"cooperation-culturelle-2","status":"publish","type":"page","link":"https:\/\/if-qatar.com\/en\/cooperation\/cooperation-culturelle-2\/","title":{"rendered":"Cultural cooperation"},"content":{"rendered":"<div class=\"wp-block-group add-padding\"><div class=\"wp-block-group__inner-container is-layout-flow wp-block-group-is-layout-flow\">\t\t\t<!-- Flexy Breadcrumb -->\r\n\t\t\t<div class=\"fbc fbc-page\">\r\n\r\n\t\t\t\t<!-- Breadcrumb wrapper -->\r\n\t\t\t\t<div class=\"fbc-wrap\">\r\n\r\n\t\t\t\t\t<!-- Ordered list-->\r\n\t\t\t\t\t<ol class=\"fbc-items\" itemscope itemtype=\"https:\/\/schema.org\/BreadcrumbList\">\r\n\t\t\t\t\t\t            <li itemprop=\"itemListElement\" itemscope itemtype=\"https:\/\/schema.org\/ListItem\">\r\n                <span itemprop=\"name\">\r\n                    <!-- Home Link -->\r\n                    <a itemprop=\"item\" href=\"https:\/\/if-qatar.com\/en\/\">\r\n                    \r\n                                                    <i class=\"fa fa-home\" aria-hidden=\"true\"><\/i>Home                    <\/a>\r\n                <\/span>\r\n                <meta itemprop=\"position\" content=\"1\" \/><!-- Meta Position-->\r\n             <\/li><li><span class=\"fbc-separator\">\/<\/span><\/li><li class=\"active\" itemprop=\"itemListElement\" itemscope itemtype=\"https:\/\/schema.org\/ListItem\"><span itemprop=\"name\" title=\"Cultural cooperation\">Cultural cooperation<\/span><meta itemprop=\"position\" content=\"2\" \/><\/li>\t\t\t\t\t<\/ol>\r\n\t\t\t\t\t<div class=\"clearfix\"><\/div>\r\n\t\t\t\t<\/div>\r\n\t\t\t<\/div>\r\n\t\t\t\n\n\n\n<h2 class=\"wp-block-heading\"><strong>Cultural cooperation<\/strong><\/h2>\n\n\n\n<p>Cultural cooperation actions are driven by the French Institute and the French Embassy in Qatar in order to support projects undertaken between French and Qatari cultural institutions.  Cooperation is very active between the two countries and revolves around three areas of action: the cultural component, the debate of ideas, and the audiovisual sector. Cooperation for the cultural sector, organized with our main Qatari institutional partners  which are Qatar Museums, Katara and Qatar Foundation, covers all artistic fields, and in particular:<\/p>\n\n\n\n<ul class=\"wp-block-list\"><li>Music with the European Jazz Festival, the music Festival and the concert offered in Katara<\/li><li>The visual arts with major exhibitions such as the Christian Dior exhibition at the M7, the Paris Moderne exhibition scheduled for 2023 at the National Museum, the Francophone film festival on the occasion of the Francophonie<\/li><\/ul>\n\n\n\n<p><br>Audiovisual cooperation revolves around the support granted to Doha Film Institute for the two main festivals organized during the year: \"Qumra\", a meeting of professionals with film figures, and \"Ajyal\" devoted to the festival for young people. In terms of debate of ideas, the French Institute regularly offers conferences, round tables and welcomes authors to discuss social issues of interest to the Middle East and the exchange of cultures.  One of the highlights of this cooperation is the \"Night of Ideas\", hosted each year by the Institut fran\u00e7ais Paris and celebrated around the world.<\/p>\n\n\n\n<p><br><\/p>\n<\/div><\/div>","protected":false},"excerpt":{"rendered":"<p>Coop\u00e9ration culturelle Les actions de coop\u00e9ration culturelle sont port\u00e9es par l\u2019Institut fran\u00e7ais et l\u2019Ambassade de France au Qatar afin d\u2019accompagner les projets engag\u00e9s entre les institutions culturelles fran\u00e7aises et qatariennes. La coop\u00e9ration est tr\u00e8s active entre les deux pays et s\u2019articule autour de trois domaines d\u2019action : le volet culturel, le d\u00e9bat d\u2019id\u00e9e, et l\u2019audiovisuel.La [&hellip;]<\/p>","protected":false},"author":1,"featured_media":4701,"parent":4700,"menu_order":0,"comment_status":"closed","ping_status":"closed","template":"templates\/template-cover.php","meta":{"om_disable_all_campaigns":false,"_monsterinsights_skip_tracking":false,"_monsterinsights_sitenote_active":false,"_monsterinsights_sitenote_note":"","_monsterinsights_sitenote_category":0,"footnotes":""},"class_list":["post-4715","page","type-page","status-publish","has-post-thumbnail","hentry"],"yoast_head":"<!-- This site is optimized with the Yoast SEO plugin v24.0 - https:\/\/yoast.com\/wordpress\/plugins\/seo\/ -->\n<title>Coop\u00e9ration culturelle - Institut Fran\u00e7ais du Qatar<\/title>\n<meta name=\"robots\" content=\"index, follow, max-snippet:-1, max-image-preview:large, max-video-preview:-1\" \/>\n<link rel=\"canonical\" href=\"https:\/\/if-qatar.com\/en\/cooperation\/cooperation-culturelle-2\/\" \/>\n<meta property=\"og:locale\" content=\"en_US\" \/>\n<meta property=\"og:type\" content=\"article\" \/>\n<meta property=\"og:title\" content=\"Coop\u00e9ration culturelle - Institut Fran\u00e7ais du Qatar\" \/>\n<meta property=\"og:description\" content=\"Coop\u00e9ration culturelle Les actions de coop\u00e9ration culturelle sont port\u00e9es par l\u2019Institut fran\u00e7ais et l\u2019Ambassade de France au Qatar afin d\u2019accompagner les projets engag\u00e9s entre les institutions culturelles fran\u00e7aises et qatariennes. La coop\u00e9ration est tr\u00e8s active entre les deux pays et s\u2019articule autour de trois domaines d\u2019action : le volet culturel, le d\u00e9bat d\u2019id\u00e9e, et l\u2019audiovisuel.La [&hellip;]\" \/>\n<meta property=\"og:url\" content=\"https:\/\/if-qatar.com\/en\/cooperation\/cooperation-culturelle-2\/\" \/>\n<meta property=\"og:site_name\" content=\"Institut Fran\u00e7ais du Qatar\" \/>\n<meta property=\"article:modified_time\" content=\"2022-05-29T13:35:29+00:00\" \/>\n<meta property=\"og:image\" content=\"https:\/\/if-qatar.com\/wordpress\/wp-content\/uploads\/2022\/03\/cooperation-culturelle.jpg\" \/>\n\t<meta property=\"og:image:width\" content=\"1512\" \/>\n\t<meta property=\"og:image:height\" content=\"1080\" \/>\n\t<meta property=\"og:image:type\" content=\"image\/jpeg\" \/>\n<meta name=\"twitter:card\" content=\"summary_large_image\" \/>\n<meta name=\"twitter:label1\" content=\"Est. reading time\" \/>\n\t<meta name=\"twitter:data1\" content=\"1 minute\" \/>\n<script type=\"application\/ld+json\" class=\"yoast-schema-graph\">{\"@context\":\"https:\/\/schema.org\",\"@graph\":[{\"@type\":\"WebPage\",\"@id\":\"https:\/\/if-qatar.com\/ar\/cooperation\/cooperation-culturelle-2\/\",\"url\":\"https:\/\/if-qatar.com\/ar\/cooperation\/cooperation-culturelle-2\/\",\"name\":\"Coop\u00e9ration culturelle - Institut Fran\u00e7ais du Qatar\",\"isPartOf\":{\"@id\":\"https:\/\/if-qatar.com\/ar\/#website\"},\"primaryImageOfPage\":{\"@id\":\"https:\/\/if-qatar.com\/ar\/cooperation\/cooperation-culturelle-2\/#primaryimage\"},\"image\":{\"@id\":\"https:\/\/if-qatar.com\/ar\/cooperation\/cooperation-culturelle-2\/#primaryimage\"},\"thumbnailUrl\":\"https:\/\/if-qatar.com\/wordpress\/wp-content\/uploads\/2022\/03\/cooperation-culturelle.jpg\",\"datePublished\":\"2022-03-03T18:34:30+00:00\",\"dateModified\":\"2022-05-29T13:35:29+00:00\",\"breadcrumb\":{\"@id\":\"https:\/\/if-qatar.com\/ar\/cooperation\/cooperation-culturelle-2\/#breadcrumb\"},\"inLanguage\":\"en-US\",\"potentialAction\":[{\"@type\":\"ReadAction\",\"target\":[\"https:\/\/if-qatar.com\/ar\/cooperation\/cooperation-culturelle-2\/\"]}]},{\"@type\":\"ImageObject\",\"inLanguage\":\"en-US\",\"@id\":\"https:\/\/if-qatar.com\/ar\/cooperation\/cooperation-culturelle-2\/#primaryimage\",\"url\":\"https:\/\/if-qatar.com\/wordpress\/wp-content\/uploads\/2022\/03\/cooperation-culturelle.jpg\",\"contentUrl\":\"https:\/\/if-qatar.com\/wordpress\/wp-content\/uploads\/2022\/03\/cooperation-culturelle.jpg\",\"width\":1512,\"height\":1080},{\"@type\":\"BreadcrumbList\",\"@id\":\"https:\/\/if-qatar.com\/ar\/cooperation\/cooperation-culturelle-2\/#breadcrumb\",\"itemListElement\":[{\"@type\":\"ListItem\",\"position\":1,\"name\":\"Accueil\",\"item\":\"https:\/\/if-qatar.com\/\"},{\"@type\":\"ListItem\",\"position\":2,\"name\":\"Coop\u00e9ration\",\"item\":\"https:\/\/if-qatar.com\/cooperation\/\"},{\"@type\":\"ListItem\",\"position\":3,\"name\":\"Coop\u00e9ration culturelle\"}]},{\"@type\":\"WebSite\",\"@id\":\"https:\/\/if-qatar.com\/ar\/#website\",\"url\":\"https:\/\/if-qatar.com\/ar\/\",\"name\":\"Institut Fran\u00e7ais du Qatar\",\"description\":\"\",\"publisher\":{\"@id\":\"https:\/\/if-qatar.com\/ar\/#organization\"},\"potentialAction\":[{\"@type\":\"SearchAction\",\"target\":{\"@type\":\"EntryPoint\",\"urlTemplate\":\"https:\/\/if-qatar.com\/ar\/?s={search_term_string}\"},\"query-input\":{\"@type\":\"PropertyValueSpecification\",\"valueRequired\":true,\"valueName\":\"search_term_string\"}}],\"inLanguage\":\"en-US\"},{\"@type\":\"Organization\",\"@id\":\"https:\/\/if-qatar.com\/ar\/#organization\",\"name\":\"Institut Fran\u00e7ais du Qatar\",\"url\":\"https:\/\/if-qatar.com\/ar\/\",\"logo\":{\"@type\":\"ImageObject\",\"inLanguage\":\"en-US\",\"@id\":\"https:\/\/if-qatar.com\/ar\/#\/schema\/logo\/image\/\",\"url\":\"https:\/\/if-qatar.com\/wordpress\/wp-content\/uploads\/2022\/10\/LOGO-IFQ-Fond-blanc-Bleu_Plan-de-travail-1.png\",\"contentUrl\":\"https:\/\/if-qatar.com\/wordpress\/wp-content\/uploads\/2022\/10\/LOGO-IFQ-Fond-blanc-Bleu_Plan-de-travail-1.png\",\"width\":2481,\"height\":1636,\"caption\":\"Institut Fran\u00e7ais du Qatar\"},\"image\":{\"@id\":\"https:\/\/if-qatar.com\/ar\/#\/schema\/logo\/image\/\"}}]}<\/script>\n<!-- \/ Yoast SEO plugin. -->","yoast_head_json":{"title":"Coop\u00e9ration culturelle - Institut Fran\u00e7ais du Qatar","robots":{"index":"index","follow":"follow","max-snippet":"max-snippet:-1","max-image-preview":"max-image-preview:large","max-video-preview":"max-video-preview:-1"},"canonical":"https:\/\/if-qatar.com\/en\/cooperation\/cooperation-culturelle-2\/","og_locale":"en_US","og_type":"article","og_title":"Coop\u00e9ration culturelle - Institut Fran\u00e7ais du Qatar","og_description":"Coop\u00e9ration culturelle Les actions de coop\u00e9ration culturelle sont port\u00e9es par l\u2019Institut fran\u00e7ais et l\u2019Ambassade de France au Qatar afin d\u2019accompagner les projets engag\u00e9s entre les institutions culturelles fran\u00e7aises et qatariennes. La coop\u00e9ration est tr\u00e8s active entre les deux pays et s\u2019articule autour de trois domaines d\u2019action : le volet culturel, le d\u00e9bat d\u2019id\u00e9e, et l\u2019audiovisuel.La [&hellip;]","og_url":"https:\/\/if-qatar.com\/en\/cooperation\/cooperation-culturelle-2\/","og_site_name":"Institut Fran\u00e7ais du Qatar","article_modified_time":"2022-05-29T13:35:29+00:00","og_image":[{"width":1512,"height":1080,"url":"https:\/\/if-qatar.com\/wordpress\/wp-content\/uploads\/2022\/03\/cooperation-culturelle.jpg","type":"image\/jpeg"}],"twitter_card":"summary_large_image","twitter_misc":{"Est. reading time":"1 minute"},"schema":{"@context":"https:\/\/schema.org","@graph":[{"@type":"WebPage","@id":"https:\/\/if-qatar.com\/ar\/cooperation\/cooperation-culturelle-2\/","url":"https:\/\/if-qatar.com\/ar\/cooperation\/cooperation-culturelle-2\/","name":"Coop\u00e9ration culturelle - Institut Fran\u00e7ais du Qatar","isPartOf":{"@id":"https:\/\/if-qatar.com\/ar\/#website"},"primaryImageOfPage":{"@id":"https:\/\/if-qatar.com\/ar\/cooperation\/cooperation-culturelle-2\/#primaryimage"},"image":{"@id":"https:\/\/if-qatar.com\/ar\/cooperation\/cooperation-culturelle-2\/#primaryimage"},"thumbnailUrl":"https:\/\/if-qatar.com\/wordpress\/wp-content\/uploads\/2022\/03\/cooperation-culturelle.jpg","datePublished":"2022-03-03T18:34:30+00:00","dateModified":"2022-05-29T13:35:29+00:00","breadcrumb":{"@id":"https:\/\/if-qatar.com\/ar\/cooperation\/cooperation-culturelle-2\/#breadcrumb"},"inLanguage":"en-US","potentialAction":[{"@type":"ReadAction","target":["https:\/\/if-qatar.com\/ar\/cooperation\/cooperation-culturelle-2\/"]}]},{"@type":"ImageObject","inLanguage":"en-US","@id":"https:\/\/if-qatar.com\/ar\/cooperation\/cooperation-culturelle-2\/#primaryimage","url":"https:\/\/if-qatar.com\/wordpress\/wp-content\/uploads\/2022\/03\/cooperation-culturelle.jpg","contentUrl":"https:\/\/if-qatar.com\/wordpress\/wp-content\/uploads\/2022\/03\/cooperation-culturelle.jpg","width":1512,"height":1080},{"@type":"BreadcrumbList","@id":"https:\/\/if-qatar.com\/ar\/cooperation\/cooperation-culturelle-2\/#breadcrumb","itemListElement":[{"@type":"ListItem","position":1,"name":"Accueil","item":"https:\/\/if-qatar.com\/"},{"@type":"ListItem","position":2,"name":"Coop\u00e9ration","item":"https:\/\/if-qatar.com\/cooperation\/"},{"@type":"ListItem","position":3,"name":"Coop\u00e9ration culturelle"}]},{"@type":"WebSite","@id":"https:\/\/if-qatar.com\/ar\/#website","url":"https:\/\/if-qatar.com\/ar\/","name":"Institut Fran\u00e7ais du Qatar","description":"","publisher":{"@id":"https:\/\/if-qatar.com\/ar\/#organization"},"potentialAction":[{"@type":"SearchAction","target":{"@type":"EntryPoint","urlTemplate":"https:\/\/if-qatar.com\/ar\/?s={search_term_string}"},"query-input":{"@type":"PropertyValueSpecification","valueRequired":true,"valueName":"search_term_string"}}],"inLanguage":"en-US"},{"@type":"Organization","@id":"https:\/\/if-qatar.com\/ar\/#organization","name":"Institut Fran\u00e7ais du Qatar","url":"https:\/\/if-qatar.com\/ar\/","logo":{"@type":"ImageObject","inLanguage":"en-US","@id":"https:\/\/if-qatar.com\/ar\/#\/schema\/logo\/image\/","url":"https:\/\/if-qatar.com\/wordpress\/wp-content\/uploads\/2022\/10\/LOGO-IFQ-Fond-blanc-Bleu_Plan-de-travail-1.png","contentUrl":"https:\/\/if-qatar.com\/wordpress\/wp-content\/uploads\/2022\/10\/LOGO-IFQ-Fond-blanc-Bleu_Plan-de-travail-1.png","width":2481,"height":1636,"caption":"Institut Fran\u00e7ais du Qatar"},"image":{"@id":"https:\/\/if-qatar.com\/ar\/#\/schema\/logo\/image\/"}}]}},"_links":{"self":[{"href":"https:\/\/if-qatar.com\/en\/wp-json\/wp\/v2\/pages\/4715"}],"collection":[{"href":"https:\/\/if-qatar.com\/en\/wp-json\/wp\/v2\/pages"}],"about":[{"href":"https:\/\/if-qatar.com\/en\/wp-json\/wp\/v2\/types\/page"}],"author":[{"embeddable":true,"href":"https:\/\/if-qatar.com\/en\/wp-json\/wp\/v2\/users\/1"}],"replies":[{"embeddable":true,"href":"https:\/\/if-qatar.com\/en\/wp-json\/wp\/v2\/comments?post=4715"}],"version-history":[{"count":7,"href":"https:\/\/if-qatar.com\/en\/wp-json\/wp\/v2\/pages\/4715\/revisions"}],"predecessor-version":[{"id":5738,"href":"https:\/\/if-qatar.com\/en\/wp-json\/wp\/v2\/pages\/4715\/revisions\/5738"}],"up":[{"embeddable":true,"href":"https:\/\/if-qatar.com\/en\/wp-json\/wp\/v2\/pages\/4700"}],"wp:featuredmedia":[{"embeddable":true,"href":"https:\/\/if-qatar.com\/en\/wp-json\/wp\/v2\/media\/4701"}],"wp:attachment":[{"href":"https:\/\/if-qatar.com\/en\/wp-json\/wp\/v2\/media?parent=4715"}],"curies":[{"name":"wp","href":"https:\/\/api.w.org\/{rel}","templated":true}]}}