{"id":4700,"date":"2022-03-03T21:31:21","date_gmt":"2022-03-03T18:31:21","guid":{"rendered":"https:\/\/if-qatar.com\/?page_id=4700"},"modified":"2023-10-11T18:20:03","modified_gmt":"2023-10-11T15:20:03","slug":"cooperation","status":"publish","type":"page","link":"https:\/\/if-qatar.com\/en\/cooperation\/","title":{"rendered":"Cooperation"},"content":{"rendered":"<div class=\"wp-block-group add-padding\"><div class=\"wp-block-group__inner-container is-layout-flow wp-block-group-is-layout-flow\">\n\t\t\t<!-- Flexy Breadcrumb -->\r\n\t\t\t<div class=\"fbc fbc-page\">\r\n\r\n\t\t\t\t<!-- Breadcrumb wrapper -->\r\n\t\t\t\t<div class=\"fbc-wrap\">\r\n\r\n\t\t\t\t\t<!-- Ordered list-->\r\n\t\t\t\t\t<ol class=\"fbc-items\" itemscope itemtype=\"https:\/\/schema.org\/BreadcrumbList\">\r\n\t\t\t\t\t\t            <li itemprop=\"itemListElement\" itemscope itemtype=\"https:\/\/schema.org\/ListItem\">\r\n                <span itemprop=\"name\">\r\n                    <!-- Home Link -->\r\n                    <a itemprop=\"item\" href=\"https:\/\/if-qatar.com\/en\/\">\r\n                    \r\n                                                    <i class=\"fa fa-home\" aria-hidden=\"true\"><\/i>Home                    <\/a>\r\n                <\/span>\r\n                <meta itemprop=\"position\" content=\"1\" \/><!-- Meta Position-->\r\n             <\/li><li><span class=\"fbc-separator\">\/<\/span><\/li><li class=\"active\" itemprop=\"itemListElement\" itemscope itemtype=\"https:\/\/schema.org\/ListItem\"><span itemprop=\"name\" title=\"Cooperation\">Cooperation<\/span><meta itemprop=\"position\" content=\"2\" \/><\/li>\t\t\t\t\t<\/ol>\r\n\t\t\t\t\t<div class=\"clearfix\"><\/div>\r\n\t\t\t\t<\/div>\r\n\t\t\t<\/div>\r\n\t\t\t\n\n\n\n<h2 class=\"wp-block-heading no-margin-top\"><strong><mark style=\"background-color:rgba(0, 0, 0, 0)\" class=\"has-inline-color has-primary-color\"><strong>Cooperation<\/strong><\/mark><\/strong><\/h2>\n\n\n\n<p>Culture, education, science and universities are very strong pillars of cooperation between France and Qatar.<\/p>\n<\/div><\/div>\n\n\n\n<div class=\"wp-block-columns is-layout-flex wp-container-core-columns-is-layout-1 wp-block-columns-is-layout-flex\">\n<div class=\"wp-block-column wp-block-group vignette is-layout-flow wp-block-group-is-layout-flow wp-block-column-is-layout-flow\">\n<a href=\"cooperation-culturelle-2\">\n\n\n\n<figure class=\"wp-block-image size-large\"><img decoding=\"async\" src=\"https:\/\/if-qatar.com\/wordpress\/wp-content\/uploads\/2022\/03\/cooperation-culturelle-carre.jpg\" alt=\"\"\/><\/figure>\n\n\n\n<h5 class=\"wp-block-heading has-text-align-center\"><strong>Cultural cooperation<\/strong><\/h5>\n\n\n\n<p class=\"has-text-align-center has-small-font-size\">Cooperation is very active between the two countries and revolves around three areas of action: the cultural component, the debate of ideas, and the audiovisual sector<\/p>\n\n\n\n<\/a>\n<\/div>\n\n\n\n<div class=\"wp-block-column wp-block-group vignette is-layout-flow wp-block-group-is-layout-flow wp-block-column-is-layout-flow\">\n<a href=\"cooperation-educative-et-linguistique\">\n\n\n\n<figure class=\"wp-block-image size-large\"><img decoding=\"async\" src=\"https:\/\/if-qatar.com\/wordpress\/wp-content\/uploads\/2022\/03\/cooperation-linguistique-carre.jpg\" alt=\"\"\/><\/figure>\n\n\n\n<h5 class=\"wp-block-heading has-text-align-center\"><strong>Educational and linguistic cooperation<\/strong><\/h5>\n\n\n\n<p>The French Embassy in Qatar and the French Institute of Qatar implement rich educational and linguistic cooperation with local universities and schools<\/p>\n\n\n\n<\/a>\n<\/div>\n\n\n\n<div class=\"wp-block-column wp-block-group vignette is-layout-flow wp-block-group-is-layout-flow wp-block-column-is-layout-flow\">\n<a href=\"cooperation-universitaire-et-scientifique\">\n\n\n\n<figure class=\"wp-block-image size-large\"><img decoding=\"async\" src=\"https:\/\/if-qatar.com\/wordpress\/wp-content\/uploads\/2022\/03\/Cooperation-scientifique-carre.jpg\" alt=\"\"\/><\/figure>\n\n\n\n<h5 class=\"wp-block-heading has-text-align-center\"><strong>University and scientific cooperation<\/strong><\/h5>\n\n\n\n<p class=\"has-text-align-center\">Four priority areas are targeted: health, sustainable development, digital technology and human and social sciences<\/p>\n\n\n\n<\/a>\n<\/div>\n<\/div>","protected":false},"excerpt":{"rendered":"<p>Coop\u00e9ration La culture, l&rsquo;\u00e9ducation ainsi que les sciences et universit\u00e9s sont des piliers tr\u00e8s forts de la coop\u00e9ration entre la France et le Qatar. Coop\u00e9ration culturelle La coop\u00e9ration est tr\u00e8s active entre les deux pays et s\u2019articule autour de trois domaines d\u2019action\u202f: le volet culturel, le d\u00e9bat d\u2019id\u00e9e, et l\u2019audiovisuel. Coop\u00e9ration \u00e9ducative et linguistique L&rsquo;Ambassade [&hellip;]<\/p>","protected":false},"author":1,"featured_media":4702,"parent":0,"menu_order":0,"comment_status":"closed","ping_status":"closed","template":"templates\/template-cover.php","meta":{"om_disable_all_campaigns":false,"_monsterinsights_skip_tracking":false,"_monsterinsights_sitenote_active":false,"_monsterinsights_sitenote_note":"","_monsterinsights_sitenote_category":0,"footnotes":""},"class_list":["post-4700","page","type-page","status-publish","has-post-thumbnail","hentry"],"yoast_head":"<!-- This site is optimized with the Yoast SEO plugin v24.0 - https:\/\/yoast.com\/wordpress\/plugins\/seo\/ -->\n<title>Coop\u00e9ration - Institut Fran\u00e7ais du Qatar<\/title>\n<meta name=\"robots\" content=\"index, follow, max-snippet:-1, max-image-preview:large, max-video-preview:-1\" \/>\n<link rel=\"canonical\" href=\"https:\/\/if-qatar.com\/en\/cooperation\/\" \/>\n<meta property=\"og:locale\" content=\"en_US\" \/>\n<meta property=\"og:type\" content=\"article\" \/>\n<meta property=\"og:title\" content=\"Coop\u00e9ration - Institut Fran\u00e7ais du Qatar\" \/>\n<meta property=\"og:description\" content=\"Coop\u00e9ration La culture, l&rsquo;\u00e9ducation ainsi que les sciences et universit\u00e9s sont des piliers tr\u00e8s forts de la coop\u00e9ration entre la France et le Qatar. Coop\u00e9ration culturelle La coop\u00e9ration est tr\u00e8s active entre les deux pays et s\u2019articule autour de trois domaines d\u2019action\u202f: le volet culturel, le d\u00e9bat d\u2019id\u00e9e, et l\u2019audiovisuel. Coop\u00e9ration \u00e9ducative et linguistique L&rsquo;Ambassade [&hellip;]\" \/>\n<meta property=\"og:url\" content=\"https:\/\/if-qatar.com\/en\/cooperation\/\" \/>\n<meta property=\"og:site_name\" content=\"Institut Fran\u00e7ais du Qatar\" \/>\n<meta property=\"article:modified_time\" content=\"2023-10-11T15:20:03+00:00\" \/>\n<meta property=\"og:image\" content=\"https:\/\/if-qatar.com\/wordpress\/wp-content\/uploads\/2022\/03\/cooperation-landing-page.jpg\" \/>\n\t<meta property=\"og:image:width\" content=\"1620\" \/>\n\t<meta property=\"og:image:height\" content=\"1080\" \/>\n\t<meta property=\"og:image:type\" content=\"image\/jpeg\" \/>\n<meta name=\"twitter:card\" content=\"summary_large_image\" \/>\n<meta name=\"twitter:label1\" content=\"Est. reading time\" \/>\n\t<meta name=\"twitter:data1\" content=\"2 minutes\" \/>\n<script type=\"application\/ld+json\" class=\"yoast-schema-graph\">{\"@context\":\"https:\/\/schema.org\",\"@graph\":[{\"@type\":\"WebPage\",\"@id\":\"https:\/\/if-qatar.com\/cooperation\/\",\"url\":\"https:\/\/if-qatar.com\/cooperation\/\",\"name\":\"Coop\u00e9ration - Institut Fran\u00e7ais du Qatar\",\"isPartOf\":{\"@id\":\"https:\/\/if-qatar.com\/ar\/#website\"},\"primaryImageOfPage\":{\"@id\":\"https:\/\/if-qatar.com\/cooperation\/#primaryimage\"},\"image\":{\"@id\":\"https:\/\/if-qatar.com\/cooperation\/#primaryimage\"},\"thumbnailUrl\":\"https:\/\/if-qatar.com\/wordpress\/wp-content\/uploads\/2022\/03\/cooperation-landing-page.jpg\",\"datePublished\":\"2022-03-03T18:31:21+00:00\",\"dateModified\":\"2023-10-11T15:20:03+00:00\",\"breadcrumb\":{\"@id\":\"https:\/\/if-qatar.com\/cooperation\/#breadcrumb\"},\"inLanguage\":\"en-US\",\"potentialAction\":[{\"@type\":\"ReadAction\",\"target\":[\"https:\/\/if-qatar.com\/cooperation\/\"]}]},{\"@type\":\"ImageObject\",\"inLanguage\":\"en-US\",\"@id\":\"https:\/\/if-qatar.com\/cooperation\/#primaryimage\",\"url\":\"https:\/\/if-qatar.com\/wordpress\/wp-content\/uploads\/2022\/03\/cooperation-landing-page.jpg\",\"contentUrl\":\"https:\/\/if-qatar.com\/wordpress\/wp-content\/uploads\/2022\/03\/cooperation-landing-page.jpg\",\"width\":1620,\"height\":1080,\"caption\":\"Top view of diverse people hands holding together in circle, hands stack, close up\"},{\"@type\":\"BreadcrumbList\",\"@id\":\"https:\/\/if-qatar.com\/cooperation\/#breadcrumb\",\"itemListElement\":[{\"@type\":\"ListItem\",\"position\":1,\"name\":\"Accueil\",\"item\":\"https:\/\/if-qatar.com\/\"},{\"@type\":\"ListItem\",\"position\":2,\"name\":\"Coop\u00e9ration\"}]},{\"@type\":\"WebSite\",\"@id\":\"https:\/\/if-qatar.com\/ar\/#website\",\"url\":\"https:\/\/if-qatar.com\/ar\/\",\"name\":\"Institut Fran\u00e7ais du Qatar\",\"description\":\"\",\"publisher\":{\"@id\":\"https:\/\/if-qatar.com\/ar\/#organization\"},\"potentialAction\":[{\"@type\":\"SearchAction\",\"target\":{\"@type\":\"EntryPoint\",\"urlTemplate\":\"https:\/\/if-qatar.com\/ar\/?s={search_term_string}\"},\"query-input\":{\"@type\":\"PropertyValueSpecification\",\"valueRequired\":true,\"valueName\":\"search_term_string\"}}],\"inLanguage\":\"en-US\"},{\"@type\":\"Organization\",\"@id\":\"https:\/\/if-qatar.com\/ar\/#organization\",\"name\":\"Institut Fran\u00e7ais du Qatar\",\"url\":\"https:\/\/if-qatar.com\/ar\/\",\"logo\":{\"@type\":\"ImageObject\",\"inLanguage\":\"en-US\",\"@id\":\"https:\/\/if-qatar.com\/ar\/#\/schema\/logo\/image\/\",\"url\":\"https:\/\/if-qatar.com\/wordpress\/wp-content\/uploads\/2022\/10\/LOGO-IFQ-Fond-blanc-Bleu_Plan-de-travail-1.png\",\"contentUrl\":\"https:\/\/if-qatar.com\/wordpress\/wp-content\/uploads\/2022\/10\/LOGO-IFQ-Fond-blanc-Bleu_Plan-de-travail-1.png\",\"width\":2481,\"height\":1636,\"caption\":\"Institut Fran\u00e7ais du Qatar\"},\"image\":{\"@id\":\"https:\/\/if-qatar.com\/ar\/#\/schema\/logo\/image\/\"}}]}<\/script>\n<!-- \/ Yoast SEO plugin. -->","yoast_head_json":{"title":"Coop\u00e9ration - Institut Fran\u00e7ais du Qatar","robots":{"index":"index","follow":"follow","max-snippet":"max-snippet:-1","max-image-preview":"max-image-preview:large","max-video-preview":"max-video-preview:-1"},"canonical":"https:\/\/if-qatar.com\/en\/cooperation\/","og_locale":"en_US","og_type":"article","og_title":"Coop\u00e9ration - Institut Fran\u00e7ais du Qatar","og_description":"Coop\u00e9ration La culture, l&rsquo;\u00e9ducation ainsi que les sciences et universit\u00e9s sont des piliers tr\u00e8s forts de la coop\u00e9ration entre la France et le Qatar. Coop\u00e9ration culturelle La coop\u00e9ration est tr\u00e8s active entre les deux pays et s\u2019articule autour de trois domaines d\u2019action\u202f: le volet culturel, le d\u00e9bat d\u2019id\u00e9e, et l\u2019audiovisuel. Coop\u00e9ration \u00e9ducative et linguistique L&rsquo;Ambassade [&hellip;]","og_url":"https:\/\/if-qatar.com\/en\/cooperation\/","og_site_name":"Institut Fran\u00e7ais du Qatar","article_modified_time":"2023-10-11T15:20:03+00:00","og_image":[{"width":1620,"height":1080,"url":"https:\/\/if-qatar.com\/wordpress\/wp-content\/uploads\/2022\/03\/cooperation-landing-page.jpg","type":"image\/jpeg"}],"twitter_card":"summary_large_image","twitter_misc":{"Est. reading time":"2 minutes"},"schema":{"@context":"https:\/\/schema.org","@graph":[{"@type":"WebPage","@id":"https:\/\/if-qatar.com\/cooperation\/","url":"https:\/\/if-qatar.com\/cooperation\/","name":"Coop\u00e9ration - Institut Fran\u00e7ais du Qatar","isPartOf":{"@id":"https:\/\/if-qatar.com\/ar\/#website"},"primaryImageOfPage":{"@id":"https:\/\/if-qatar.com\/cooperation\/#primaryimage"},"image":{"@id":"https:\/\/if-qatar.com\/cooperation\/#primaryimage"},"thumbnailUrl":"https:\/\/if-qatar.com\/wordpress\/wp-content\/uploads\/2022\/03\/cooperation-landing-page.jpg","datePublished":"2022-03-03T18:31:21+00:00","dateModified":"2023-10-11T15:20:03+00:00","breadcrumb":{"@id":"https:\/\/if-qatar.com\/cooperation\/#breadcrumb"},"inLanguage":"en-US","potentialAction":[{"@type":"ReadAction","target":["https:\/\/if-qatar.com\/cooperation\/"]}]},{"@type":"ImageObject","inLanguage":"en-US","@id":"https:\/\/if-qatar.com\/cooperation\/#primaryimage","url":"https:\/\/if-qatar.com\/wordpress\/wp-content\/uploads\/2022\/03\/cooperation-landing-page.jpg","contentUrl":"https:\/\/if-qatar.com\/wordpress\/wp-content\/uploads\/2022\/03\/cooperation-landing-page.jpg","width":1620,"height":1080,"caption":"Top view of diverse people hands holding together in circle, hands stack, close up"},{"@type":"BreadcrumbList","@id":"https:\/\/if-qatar.com\/cooperation\/#breadcrumb","itemListElement":[{"@type":"ListItem","position":1,"name":"Accueil","item":"https:\/\/if-qatar.com\/"},{"@type":"ListItem","position":2,"name":"Coop\u00e9ration"}]},{"@type":"WebSite","@id":"https:\/\/if-qatar.com\/ar\/#website","url":"https:\/\/if-qatar.com\/ar\/","name":"Institut Fran\u00e7ais du Qatar","description":"","publisher":{"@id":"https:\/\/if-qatar.com\/ar\/#organization"},"potentialAction":[{"@type":"SearchAction","target":{"@type":"EntryPoint","urlTemplate":"https:\/\/if-qatar.com\/ar\/?s={search_term_string}"},"query-input":{"@type":"PropertyValueSpecification","valueRequired":true,"valueName":"search_term_string"}}],"inLanguage":"en-US"},{"@type":"Organization","@id":"https:\/\/if-qatar.com\/ar\/#organization","name":"Institut Fran\u00e7ais du Qatar","url":"https:\/\/if-qatar.com\/ar\/","logo":{"@type":"ImageObject","inLanguage":"en-US","@id":"https:\/\/if-qatar.com\/ar\/#\/schema\/logo\/image\/","url":"https:\/\/if-qatar.com\/wordpress\/wp-content\/uploads\/2022\/10\/LOGO-IFQ-Fond-blanc-Bleu_Plan-de-travail-1.png","contentUrl":"https:\/\/if-qatar.com\/wordpress\/wp-content\/uploads\/2022\/10\/LOGO-IFQ-Fond-blanc-Bleu_Plan-de-travail-1.png","width":2481,"height":1636,"caption":"Institut Fran\u00e7ais du Qatar"},"image":{"@id":"https:\/\/if-qatar.com\/ar\/#\/schema\/logo\/image\/"}}]}},"_links":{"self":[{"href":"https:\/\/if-qatar.com\/en\/wp-json\/wp\/v2\/pages\/4700"}],"collection":[{"href":"https:\/\/if-qatar.com\/en\/wp-json\/wp\/v2\/pages"}],"about":[{"href":"https:\/\/if-qatar.com\/en\/wp-json\/wp\/v2\/types\/page"}],"author":[{"embeddable":true,"href":"https:\/\/if-qatar.com\/en\/wp-json\/wp\/v2\/users\/1"}],"replies":[{"embeddable":true,"href":"https:\/\/if-qatar.com\/en\/wp-json\/wp\/v2\/comments?post=4700"}],"version-history":[{"count":11,"href":"https:\/\/if-qatar.com\/en\/wp-json\/wp\/v2\/pages\/4700\/revisions"}],"predecessor-version":[{"id":7135,"href":"https:\/\/if-qatar.com\/en\/wp-json\/wp\/v2\/pages\/4700\/revisions\/7135"}],"wp:featuredmedia":[{"embeddable":true,"href":"https:\/\/if-qatar.com\/en\/wp-json\/wp\/v2\/media\/4702"}],"wp:attachment":[{"href":"https:\/\/if-qatar.com\/en\/wp-json\/wp\/v2\/media?parent=4700"}],"curies":[{"name":"wp","href":"https:\/\/api.w.org\/{rel}","templated":true}]}}