{"id":4274,"date":"2022-02-22T12:00:25","date_gmt":"2022-02-22T09:00:25","guid":{"rendered":"https:\/\/if-qatar.com\/?page_id=4274"},"modified":"2024-01-29T14:32:55","modified_gmt":"2024-01-29T11:32:55","slug":"apfq","status":"publish","type":"page","link":"https:\/\/if-qatar.com\/en\/special-profs\/apfq\/","title":{"rendered":"APFQ"},"content":{"rendered":"<div class=\"wp-block-group add-padding\"><div class=\"wp-block-group__inner-container is-layout-flow wp-block-group-is-layout-flow\">\n\t\t\t<!-- Flexy Breadcrumb -->\r\n\t\t\t<div class=\"fbc fbc-page\">\r\n\r\n\t\t\t\t<!-- Breadcrumb wrapper -->\r\n\t\t\t\t<div class=\"fbc-wrap\">\r\n\r\n\t\t\t\t\t<!-- Ordered list-->\r\n\t\t\t\t\t<ol class=\"fbc-items\" itemscope itemtype=\"https:\/\/schema.org\/BreadcrumbList\">\r\n\t\t\t\t\t\t            <li itemprop=\"itemListElement\" itemscope itemtype=\"https:\/\/schema.org\/ListItem\">\r\n                <span itemprop=\"name\">\r\n                    <!-- Home Link -->\r\n                    <a itemprop=\"item\" href=\"https:\/\/if-qatar.com\/en\/\">\r\n                    \r\n                                                    <i class=\"fa fa-home\" aria-hidden=\"true\"><\/i>Home                    <\/a>\r\n                <\/span>\r\n                <meta itemprop=\"position\" content=\"1\" \/><!-- Meta Position-->\r\n             <\/li><li><span class=\"fbc-separator\">\/<\/span><\/li><li class=\"active\" itemprop=\"itemListElement\" itemscope itemtype=\"https:\/\/schema.org\/ListItem\"><span itemprop=\"name\" title=\"APFQ\">APFQ<\/span><meta itemprop=\"position\" content=\"2\" \/><\/li>\t\t\t\t\t<\/ol>\r\n\t\t\t\t\t<div class=\"clearfix\"><\/div>\r\n\t\t\t\t<\/div>\r\n\t\t\t<\/div>\r\n\t\t\t\n\n\n\n<h2 class=\"no-margin-top wp-block-heading\"><strong><span class=\"has-inline-color has-primary-color\"><strong>APFQ<\/strong><\/span><\/strong><\/h2>\n\n\n\n<p>The association of French teachers in Qatar was created in 2019 and brings together teachers, trainers, educational advisers, teacher-researchers specialized in French didactics.<\/p>\n\n\n\n<p>This association aims to:&nbsp; <\/p>\n\n\n\n<ul class=\"wp-block-list\"><li>Promote the French language throughout Qatar<\/li><li>Promote cooperation between associations and teachers working in the field of teaching and promoting the French language and the cultures of French-speaking countries<\/li><li>Work to improve the quality of education<\/li><li>Ensuring exchanges of experiences and good practices between French teachers and users of the French language in Qatar and abroad<\/li><\/ul>\n\n\n\n<h5 class=\"wp-block-heading\"><strong>Useful links<\/strong><\/h5>\n\n\n\n<figure class=\"wp-block-image size-thumbnail\"><a href=\"https:\/\/www.facebook.com\/associationdesprofesseursdefrancaisduqatar\/\"><img decoding=\"async\" width=\"150\" height=\"150\" src=\"https:\/\/if-qatar.com\/wordpress\/wp-content\/uploads\/2022\/02\/APFQ-carre-e1645519722530-150x150.jpg\" alt=\"\" class=\"wp-image-4261\" srcset=\"\" sizes=\"(max-width: 150px) 100vw, 150px\" data-srcset=\"\" \/><\/a><figcaption>Or contact info.apfq@gmail.com<\/figcaption><\/figure>\n<\/div><\/div>","protected":false},"excerpt":{"rendered":"<p>APFQ L&rsquo;association des professeurs de fran\u00e7ais du Qatar a \u00e9t\u00e9 cr\u00e9\u00e9e en 2019 et regroupe les enseignants, formateurs, conseillers p\u00e9dagogiques, enseignants-chercheurs sp\u00e9cialis\u00e9s en didactique du fran\u00e7ais. Cette association a pour objectif de :&nbsp; Promouvoir la langue fran\u00e7aise sur l&rsquo;ensemble du territoire qatarien Favoriser la coop\u00e9ration entre les associations et les enseignants agissant dans le domaine [&hellip;]<\/p>","protected":false},"author":1,"featured_media":7579,"parent":4242,"menu_order":0,"comment_status":"closed","ping_status":"closed","template":"templates\/template-cover.php","meta":{"om_disable_all_campaigns":false,"_monsterinsights_skip_tracking":false,"_monsterinsights_sitenote_active":false,"_monsterinsights_sitenote_note":"","_monsterinsights_sitenote_category":0,"footnotes":""},"class_list":["post-4274","page","type-page","status-publish","has-post-thumbnail","hentry"],"yoast_head":"<!-- This site is optimized with the Yoast SEO plugin v24.0 - https:\/\/yoast.com\/wordpress\/plugins\/seo\/ -->\n<title>APFQ - Institut Fran\u00e7ais du Qatar<\/title>\n<meta name=\"robots\" content=\"index, follow, max-snippet:-1, max-image-preview:large, max-video-preview:-1\" \/>\n<link rel=\"canonical\" href=\"https:\/\/if-qatar.com\/en\/special-profs\/apfq\/\" \/>\n<meta property=\"og:locale\" content=\"en_US\" \/>\n<meta property=\"og:type\" content=\"article\" \/>\n<meta property=\"og:title\" content=\"APFQ - Institut Fran\u00e7ais du Qatar\" \/>\n<meta property=\"og:description\" content=\"APFQ L&rsquo;association des professeurs de fran\u00e7ais du Qatar a \u00e9t\u00e9 cr\u00e9\u00e9e en 2019 et regroupe les enseignants, formateurs, conseillers p\u00e9dagogiques, enseignants-chercheurs sp\u00e9cialis\u00e9s en didactique du fran\u00e7ais. Cette association a pour objectif de :&nbsp; Promouvoir la langue fran\u00e7aise sur l&rsquo;ensemble du territoire qatarien Favoriser la coop\u00e9ration entre les associations et les enseignants agissant dans le domaine [&hellip;]\" \/>\n<meta property=\"og:url\" content=\"https:\/\/if-qatar.com\/en\/special-profs\/apfq\/\" \/>\n<meta property=\"og:site_name\" content=\"Institut Fran\u00e7ais du Qatar\" \/>\n<meta property=\"article:modified_time\" content=\"2024-01-29T11:32:55+00:00\" \/>\n<meta property=\"og:image\" content=\"https:\/\/if-qatar.com\/wordpress\/wp-content\/uploads\/2024\/01\/thumbnail_image0.jpeg\" \/>\n\t<meta property=\"og:image:width\" content=\"1005\" \/>\n\t<meta property=\"og:image:height\" content=\"493\" \/>\n\t<meta property=\"og:image:type\" content=\"image\/jpeg\" \/>\n<meta name=\"twitter:card\" content=\"summary_large_image\" \/>\n<meta name=\"twitter:label1\" content=\"Est. reading time\" \/>\n\t<meta name=\"twitter:data1\" content=\"1 minute\" \/>\n<script type=\"application\/ld+json\" class=\"yoast-schema-graph\">{\"@context\":\"https:\/\/schema.org\",\"@graph\":[{\"@type\":\"WebPage\",\"@id\":\"https:\/\/if-qatar.com\/special-profs\/apfq\/\",\"url\":\"https:\/\/if-qatar.com\/special-profs\/apfq\/\",\"name\":\"APFQ - Institut Fran\u00e7ais du Qatar\",\"isPartOf\":{\"@id\":\"https:\/\/if-qatar.com\/ar\/#website\"},\"primaryImageOfPage\":{\"@id\":\"https:\/\/if-qatar.com\/special-profs\/apfq\/#primaryimage\"},\"image\":{\"@id\":\"https:\/\/if-qatar.com\/special-profs\/apfq\/#primaryimage\"},\"thumbnailUrl\":\"https:\/\/if-qatar.com\/wordpress\/wp-content\/uploads\/2024\/01\/thumbnail_image0.jpeg\",\"datePublished\":\"2022-02-22T09:00:25+00:00\",\"dateModified\":\"2024-01-29T11:32:55+00:00\",\"breadcrumb\":{\"@id\":\"https:\/\/if-qatar.com\/special-profs\/apfq\/#breadcrumb\"},\"inLanguage\":\"en-US\",\"potentialAction\":[{\"@type\":\"ReadAction\",\"target\":[\"https:\/\/if-qatar.com\/special-profs\/apfq\/\"]}]},{\"@type\":\"ImageObject\",\"inLanguage\":\"en-US\",\"@id\":\"https:\/\/if-qatar.com\/special-profs\/apfq\/#primaryimage\",\"url\":\"https:\/\/if-qatar.com\/wordpress\/wp-content\/uploads\/2024\/01\/thumbnail_image0.jpeg\",\"contentUrl\":\"https:\/\/if-qatar.com\/wordpress\/wp-content\/uploads\/2024\/01\/thumbnail_image0.jpeg\",\"width\":1005,\"height\":493},{\"@type\":\"BreadcrumbList\",\"@id\":\"https:\/\/if-qatar.com\/special-profs\/apfq\/#breadcrumb\",\"itemListElement\":[{\"@type\":\"ListItem\",\"position\":1,\"name\":\"Accueil\",\"item\":\"https:\/\/if-qatar.com\/\"},{\"@type\":\"ListItem\",\"position\":2,\"name\":\"Sp\u00e9cial Profs\",\"item\":\"https:\/\/if-qatar.com\/special-profs\/\"},{\"@type\":\"ListItem\",\"position\":3,\"name\":\"APFQ\"}]},{\"@type\":\"WebSite\",\"@id\":\"https:\/\/if-qatar.com\/ar\/#website\",\"url\":\"https:\/\/if-qatar.com\/ar\/\",\"name\":\"Institut Fran\u00e7ais du Qatar\",\"description\":\"\",\"publisher\":{\"@id\":\"https:\/\/if-qatar.com\/ar\/#organization\"},\"potentialAction\":[{\"@type\":\"SearchAction\",\"target\":{\"@type\":\"EntryPoint\",\"urlTemplate\":\"https:\/\/if-qatar.com\/ar\/?s={search_term_string}\"},\"query-input\":{\"@type\":\"PropertyValueSpecification\",\"valueRequired\":true,\"valueName\":\"search_term_string\"}}],\"inLanguage\":\"en-US\"},{\"@type\":\"Organization\",\"@id\":\"https:\/\/if-qatar.com\/ar\/#organization\",\"name\":\"Institut Fran\u00e7ais du Qatar\",\"url\":\"https:\/\/if-qatar.com\/ar\/\",\"logo\":{\"@type\":\"ImageObject\",\"inLanguage\":\"en-US\",\"@id\":\"https:\/\/if-qatar.com\/ar\/#\/schema\/logo\/image\/\",\"url\":\"https:\/\/if-qatar.com\/wordpress\/wp-content\/uploads\/2022\/10\/LOGO-IFQ-Fond-blanc-Bleu_Plan-de-travail-1.png\",\"contentUrl\":\"https:\/\/if-qatar.com\/wordpress\/wp-content\/uploads\/2022\/10\/LOGO-IFQ-Fond-blanc-Bleu_Plan-de-travail-1.png\",\"width\":2481,\"height\":1636,\"caption\":\"Institut Fran\u00e7ais du Qatar\"},\"image\":{\"@id\":\"https:\/\/if-qatar.com\/ar\/#\/schema\/logo\/image\/\"}}]}<\/script>\n<!-- \/ Yoast SEO plugin. -->","yoast_head_json":{"title":"APFQ - Institut Fran\u00e7ais du Qatar","robots":{"index":"index","follow":"follow","max-snippet":"max-snippet:-1","max-image-preview":"max-image-preview:large","max-video-preview":"max-video-preview:-1"},"canonical":"https:\/\/if-qatar.com\/en\/special-profs\/apfq\/","og_locale":"en_US","og_type":"article","og_title":"APFQ - Institut Fran\u00e7ais du Qatar","og_description":"APFQ L&rsquo;association des professeurs de fran\u00e7ais du Qatar a \u00e9t\u00e9 cr\u00e9\u00e9e en 2019 et regroupe les enseignants, formateurs, conseillers p\u00e9dagogiques, enseignants-chercheurs sp\u00e9cialis\u00e9s en didactique du fran\u00e7ais. Cette association a pour objectif de :&nbsp; Promouvoir la langue fran\u00e7aise sur l&rsquo;ensemble du territoire qatarien Favoriser la coop\u00e9ration entre les associations et les enseignants agissant dans le domaine [&hellip;]","og_url":"https:\/\/if-qatar.com\/en\/special-profs\/apfq\/","og_site_name":"Institut Fran\u00e7ais du Qatar","article_modified_time":"2024-01-29T11:32:55+00:00","og_image":[{"width":1005,"height":493,"url":"https:\/\/if-qatar.com\/wordpress\/wp-content\/uploads\/2024\/01\/thumbnail_image0.jpeg","type":"image\/jpeg"}],"twitter_card":"summary_large_image","twitter_misc":{"Est. reading time":"1 minute"},"schema":{"@context":"https:\/\/schema.org","@graph":[{"@type":"WebPage","@id":"https:\/\/if-qatar.com\/special-profs\/apfq\/","url":"https:\/\/if-qatar.com\/special-profs\/apfq\/","name":"APFQ - Institut Fran\u00e7ais du Qatar","isPartOf":{"@id":"https:\/\/if-qatar.com\/ar\/#website"},"primaryImageOfPage":{"@id":"https:\/\/if-qatar.com\/special-profs\/apfq\/#primaryimage"},"image":{"@id":"https:\/\/if-qatar.com\/special-profs\/apfq\/#primaryimage"},"thumbnailUrl":"https:\/\/if-qatar.com\/wordpress\/wp-content\/uploads\/2024\/01\/thumbnail_image0.jpeg","datePublished":"2022-02-22T09:00:25+00:00","dateModified":"2024-01-29T11:32:55+00:00","breadcrumb":{"@id":"https:\/\/if-qatar.com\/special-profs\/apfq\/#breadcrumb"},"inLanguage":"en-US","potentialAction":[{"@type":"ReadAction","target":["https:\/\/if-qatar.com\/special-profs\/apfq\/"]}]},{"@type":"ImageObject","inLanguage":"en-US","@id":"https:\/\/if-qatar.com\/special-profs\/apfq\/#primaryimage","url":"https:\/\/if-qatar.com\/wordpress\/wp-content\/uploads\/2024\/01\/thumbnail_image0.jpeg","contentUrl":"https:\/\/if-qatar.com\/wordpress\/wp-content\/uploads\/2024\/01\/thumbnail_image0.jpeg","width":1005,"height":493},{"@type":"BreadcrumbList","@id":"https:\/\/if-qatar.com\/special-profs\/apfq\/#breadcrumb","itemListElement":[{"@type":"ListItem","position":1,"name":"Accueil","item":"https:\/\/if-qatar.com\/"},{"@type":"ListItem","position":2,"name":"Sp\u00e9cial Profs","item":"https:\/\/if-qatar.com\/special-profs\/"},{"@type":"ListItem","position":3,"name":"APFQ"}]},{"@type":"WebSite","@id":"https:\/\/if-qatar.com\/ar\/#website","url":"https:\/\/if-qatar.com\/ar\/","name":"Institut Fran\u00e7ais du Qatar","description":"","publisher":{"@id":"https:\/\/if-qatar.com\/ar\/#organization"},"potentialAction":[{"@type":"SearchAction","target":{"@type":"EntryPoint","urlTemplate":"https:\/\/if-qatar.com\/ar\/?s={search_term_string}"},"query-input":{"@type":"PropertyValueSpecification","valueRequired":true,"valueName":"search_term_string"}}],"inLanguage":"en-US"},{"@type":"Organization","@id":"https:\/\/if-qatar.com\/ar\/#organization","name":"Institut Fran\u00e7ais du Qatar","url":"https:\/\/if-qatar.com\/ar\/","logo":{"@type":"ImageObject","inLanguage":"en-US","@id":"https:\/\/if-qatar.com\/ar\/#\/schema\/logo\/image\/","url":"https:\/\/if-qatar.com\/wordpress\/wp-content\/uploads\/2022\/10\/LOGO-IFQ-Fond-blanc-Bleu_Plan-de-travail-1.png","contentUrl":"https:\/\/if-qatar.com\/wordpress\/wp-content\/uploads\/2022\/10\/LOGO-IFQ-Fond-blanc-Bleu_Plan-de-travail-1.png","width":2481,"height":1636,"caption":"Institut Fran\u00e7ais du Qatar"},"image":{"@id":"https:\/\/if-qatar.com\/ar\/#\/schema\/logo\/image\/"}}]}},"_links":{"self":[{"href":"https:\/\/if-qatar.com\/en\/wp-json\/wp\/v2\/pages\/4274"}],"collection":[{"href":"https:\/\/if-qatar.com\/en\/wp-json\/wp\/v2\/pages"}],"about":[{"href":"https:\/\/if-qatar.com\/en\/wp-json\/wp\/v2\/types\/page"}],"author":[{"embeddable":true,"href":"https:\/\/if-qatar.com\/en\/wp-json\/wp\/v2\/users\/1"}],"replies":[{"embeddable":true,"href":"https:\/\/if-qatar.com\/en\/wp-json\/wp\/v2\/comments?post=4274"}],"version-history":[{"count":8,"href":"https:\/\/if-qatar.com\/en\/wp-json\/wp\/v2\/pages\/4274\/revisions"}],"predecessor-version":[{"id":7584,"href":"https:\/\/if-qatar.com\/en\/wp-json\/wp\/v2\/pages\/4274\/revisions\/7584"}],"up":[{"embeddable":true,"href":"https:\/\/if-qatar.com\/en\/wp-json\/wp\/v2\/pages\/4242"}],"wp:featuredmedia":[{"embeddable":true,"href":"https:\/\/if-qatar.com\/en\/wp-json\/wp\/v2\/media\/7579"}],"wp:attachment":[{"href":"https:\/\/if-qatar.com\/en\/wp-json\/wp\/v2\/media?parent=4274"}],"curies":[{"name":"wp","href":"https:\/\/api.w.org\/{rel}","templated":true}]}}