{"id":4142,"date":"2022-02-17T17:49:07","date_gmt":"2022-02-17T14:49:07","guid":{"rendered":"https:\/\/if-qatar.com\/?page_id=4142"},"modified":"2024-02-20T11:20:54","modified_gmt":"2024-02-20T08:20:54","slug":"cours-darabe","status":"publish","type":"page","link":"https:\/\/if-qatar.com\/en\/cours-darabe\/","title":{"rendered":"Arabic courses"},"content":{"rendered":"<div class=\"wp-block-group add-padding\"><div class=\"wp-block-group__inner-container is-layout-flow wp-block-group-is-layout-flow\">\n\t\t\t<!-- Flexy Breadcrumb -->\r\n\t\t\t<div class=\"fbc fbc-page\">\r\n\r\n\t\t\t\t<!-- Breadcrumb wrapper -->\r\n\t\t\t\t<div class=\"fbc-wrap\">\r\n\r\n\t\t\t\t\t<!-- Ordered list-->\r\n\t\t\t\t\t<ol class=\"fbc-items\" itemscope itemtype=\"https:\/\/schema.org\/BreadcrumbList\">\r\n\t\t\t\t\t\t            <li itemprop=\"itemListElement\" itemscope itemtype=\"https:\/\/schema.org\/ListItem\">\r\n                <span itemprop=\"name\">\r\n                    <!-- Home Link -->\r\n                    <a itemprop=\"item\" href=\"https:\/\/if-qatar.com\/en\/\">\r\n                    \r\n                                                    <i class=\"fa fa-home\" aria-hidden=\"true\"><\/i>Home                    <\/a>\r\n                <\/span>\r\n                <meta itemprop=\"position\" content=\"1\" \/><!-- Meta Position-->\r\n             <\/li><li><span class=\"fbc-separator\">\/<\/span><\/li><li class=\"active\" itemprop=\"itemListElement\" itemscope itemtype=\"https:\/\/schema.org\/ListItem\"><span itemprop=\"name\" title=\"Arabic lessons\">Arabic courses<\/span><meta itemprop=\"position\" content=\"2\" \/><\/li>\t\t\t\t\t<\/ol>\r\n\t\t\t\t\t<div class=\"clearfix\"><\/div>\r\n\t\t\t\t<\/div>\r\n\t\t\t<\/div>\r\n\t\t\t\n\n\n\n<div style=\"height:30px\" aria-hidden=\"true\" class=\"wp-block-spacer\"><\/div>\n\n\n<div class=\"event-outer\"><div class=\"event-outer-filter\"><\/div><div class=\"event-filter-loading\"><div class=\"event-filter-loading-gif\"><\/div><\/div><div class=\"event-filter-calendar\"><\/div><\/div>\n\n\n\n<h2 class=\"wp-block-heading no-margin-top\"><strong><span class=\"has-inline-color has-primary-color\"><strong>Why choose us ?<\/strong><\/span><\/strong><\/h2>\n\n\n\n<h3 class=\"wp-block-heading\"><strong>Our experience<\/strong><\/h3>\n\n\n\n<p>L\u2019Institut Fran\u00e7ais du Qatar organise des cours d\u2019arabe standard\u00a0bas\u00e9s sur la m\u00e9thode\u202fAhd\u00e2f\u202fde l\u2019Institut du Monde Arabe.\u200b<\/p>\n\n\n\n<p>We have a team of professional and certified teachers who are regularly training in the latest methodologies and practices used in the field of teaching Arabic.<\/p>\n\n\n\n<p>Nos cours donnent la\u202fpriorit\u00e9 \u00e0 la compr\u00e9hension et la production orale\u202fen mettant l\u2018accent sur l\u2019aspect phon\u00e9tique. Vous serez amen\u00e9s tr\u00e8s rapidement \u00e0\u202fd\u00e9couvrir l\u2019alphabet et apprendre\u00a0\u00e0\u00a0reconna\u00eetre des mots.\u202fPar la suite, la compr\u00e9hension \u00e9crite, la lecture oralis\u00e9e, la production \u00e9crite et la grammaire viendront compl\u00e9ter l\u2019apprentissage de la langue.<\/p>\n\n\n\n<h3 class=\"wp-block-heading\"><strong><strong>For adults and young<\/strong><\/strong><\/h3>\n\n\n\n<p>Adults and young French speakers can participate!<\/p>\n\n\n\n<p>L\u2019arabe enseign\u00e9\u202fest l&rsquo;arabe standard, utilis\u00e9 et compris dans le monde arabe contemporain\u202f:\u00a0 c&rsquo;est\u00a0la langue des m\u00e9dias , des cha\u00eenes t\u00e9l\u00e9vis\u00e9es, d\u2019Internet et des r\u00e9seaux sociaux\u2026\u202f<\/p>\n\n\n\n<h3 class=\"wp-block-heading\"><strong>Our flexibility<\/strong><\/h3>\n\n\n\n<p>Depending on your availability and preferences, we can adjust the location and times of your lessons!<\/p>\n\n\n\n<h3 class=\"wp-block-heading\"><strong>Our competitive rates<\/strong><\/h3>\n\n\n\n<p>Our rates are the most competitive on the market, and when you are an IFQ learner you get discounts on all our offers!<\/p>\n<\/div><\/div>","protected":false},"excerpt":{"rendered":"<p>Pourquoi nous choisir? Notre exp\u00e9rience L\u2019Institut Fran\u00e7ais du Qatar organise des cours d\u2019arabe standard\u00a0bas\u00e9s sur la m\u00e9thode\u202fAhd\u00e2f\u202fde l\u2019Institut du Monde Arabe.\u200b Nous avons une&nbsp;\u00e9quipe d&rsquo;enseignants professionnels et certifi\u00e9s qui suivent des formations r\u00e9guli\u00e8res aux derni\u00e8res m\u00e9thodologies et pratiques utilis\u00e9es dans le domaine de l&rsquo;enseignement de l\u2019arabe. Nos cours donnent la\u202fpriorit\u00e9 \u00e0 la compr\u00e9hension et la [&hellip;]<\/p>","protected":false},"author":1,"featured_media":6630,"parent":0,"menu_order":0,"comment_status":"closed","ping_status":"closed","template":"templates\/template-cover.php","meta":{"om_disable_all_campaigns":false,"_monsterinsights_skip_tracking":false,"_monsterinsights_sitenote_active":false,"_monsterinsights_sitenote_note":"","_monsterinsights_sitenote_category":0,"footnotes":""},"class_list":["post-4142","page","type-page","status-publish","has-post-thumbnail","hentry"],"yoast_head":"<!-- This site is optimized with the Yoast SEO plugin v24.0 - https:\/\/yoast.com\/wordpress\/plugins\/seo\/ -->\n<title>Cours d&#039;arabe - Institut Fran\u00e7ais du Qatar<\/title>\n<meta name=\"robots\" content=\"index, follow, max-snippet:-1, max-image-preview:large, max-video-preview:-1\" \/>\n<link rel=\"canonical\" href=\"https:\/\/if-qatar.com\/en\/cours-darabe\/\" \/>\n<meta property=\"og:locale\" content=\"en_US\" \/>\n<meta property=\"og:type\" content=\"article\" \/>\n<meta property=\"og:title\" content=\"Cours d&#039;arabe - Institut Fran\u00e7ais du Qatar\" \/>\n<meta property=\"og:description\" content=\"Pourquoi nous choisir? Notre exp\u00e9rience L\u2019Institut Fran\u00e7ais du Qatar organise des cours d\u2019arabe standard\u00a0bas\u00e9s sur la m\u00e9thode\u202fAhd\u00e2f\u202fde l\u2019Institut du Monde Arabe.\u200b Nous avons une&nbsp;\u00e9quipe d&rsquo;enseignants professionnels et certifi\u00e9s qui suivent des formations r\u00e9guli\u00e8res aux derni\u00e8res m\u00e9thodologies et pratiques utilis\u00e9es dans le domaine de l&rsquo;enseignement de l\u2019arabe. Nos cours donnent la\u202fpriorit\u00e9 \u00e0 la compr\u00e9hension et la [&hellip;]\" \/>\n<meta property=\"og:url\" content=\"https:\/\/if-qatar.com\/en\/cours-darabe\/\" \/>\n<meta property=\"og:site_name\" content=\"Institut Fran\u00e7ais du Qatar\" \/>\n<meta property=\"article:modified_time\" content=\"2024-02-20T08:20:54+00:00\" \/>\n<meta property=\"og:image\" content=\"https:\/\/if-qatar.com\/wordpress\/wp-content\/uploads\/2023\/02\/VISUEL-SITE-WEB-ARABE.jpg\" \/>\n\t<meta property=\"og:image:width\" content=\"1920\" \/>\n\t<meta property=\"og:image:height\" content=\"950\" \/>\n\t<meta property=\"og:image:type\" content=\"image\/jpeg\" \/>\n<meta name=\"twitter:card\" content=\"summary_large_image\" \/>\n<meta name=\"twitter:label1\" content=\"Est. reading time\" \/>\n\t<meta name=\"twitter:data1\" content=\"1 minute\" \/>\n<script type=\"application\/ld+json\" class=\"yoast-schema-graph\">{\"@context\":\"https:\/\/schema.org\",\"@graph\":[{\"@type\":\"WebPage\",\"@id\":\"https:\/\/if-qatar.com\/cours-darabe\/\",\"url\":\"https:\/\/if-qatar.com\/cours-darabe\/\",\"name\":\"Cours d'arabe - Institut Fran\u00e7ais du Qatar\",\"isPartOf\":{\"@id\":\"https:\/\/if-qatar.com\/ar\/#website\"},\"primaryImageOfPage\":{\"@id\":\"https:\/\/if-qatar.com\/cours-darabe\/#primaryimage\"},\"image\":{\"@id\":\"https:\/\/if-qatar.com\/cours-darabe\/#primaryimage\"},\"thumbnailUrl\":\"https:\/\/if-qatar.com\/wordpress\/wp-content\/uploads\/2023\/02\/VISUEL-SITE-WEB-ARABE.jpg\",\"datePublished\":\"2022-02-17T14:49:07+00:00\",\"dateModified\":\"2024-02-20T08:20:54+00:00\",\"breadcrumb\":{\"@id\":\"https:\/\/if-qatar.com\/cours-darabe\/#breadcrumb\"},\"inLanguage\":\"en-US\",\"potentialAction\":[{\"@type\":\"ReadAction\",\"target\":[\"https:\/\/if-qatar.com\/cours-darabe\/\"]}]},{\"@type\":\"ImageObject\",\"inLanguage\":\"en-US\",\"@id\":\"https:\/\/if-qatar.com\/cours-darabe\/#primaryimage\",\"url\":\"https:\/\/if-qatar.com\/wordpress\/wp-content\/uploads\/2023\/02\/VISUEL-SITE-WEB-ARABE.jpg\",\"contentUrl\":\"https:\/\/if-qatar.com\/wordpress\/wp-content\/uploads\/2023\/02\/VISUEL-SITE-WEB-ARABE.jpg\",\"width\":1920,\"height\":950},{\"@type\":\"BreadcrumbList\",\"@id\":\"https:\/\/if-qatar.com\/cours-darabe\/#breadcrumb\",\"itemListElement\":[{\"@type\":\"ListItem\",\"position\":1,\"name\":\"Accueil\",\"item\":\"https:\/\/if-qatar.com\/\"},{\"@type\":\"ListItem\",\"position\":2,\"name\":\"Cours d&#8217;arabe\"}]},{\"@type\":\"WebSite\",\"@id\":\"https:\/\/if-qatar.com\/ar\/#website\",\"url\":\"https:\/\/if-qatar.com\/ar\/\",\"name\":\"Institut Fran\u00e7ais du Qatar\",\"description\":\"\",\"publisher\":{\"@id\":\"https:\/\/if-qatar.com\/ar\/#organization\"},\"potentialAction\":[{\"@type\":\"SearchAction\",\"target\":{\"@type\":\"EntryPoint\",\"urlTemplate\":\"https:\/\/if-qatar.com\/ar\/?s={search_term_string}\"},\"query-input\":{\"@type\":\"PropertyValueSpecification\",\"valueRequired\":true,\"valueName\":\"search_term_string\"}}],\"inLanguage\":\"en-US\"},{\"@type\":\"Organization\",\"@id\":\"https:\/\/if-qatar.com\/ar\/#organization\",\"name\":\"Institut Fran\u00e7ais du Qatar\",\"url\":\"https:\/\/if-qatar.com\/ar\/\",\"logo\":{\"@type\":\"ImageObject\",\"inLanguage\":\"en-US\",\"@id\":\"https:\/\/if-qatar.com\/ar\/#\/schema\/logo\/image\/\",\"url\":\"https:\/\/if-qatar.com\/wordpress\/wp-content\/uploads\/2022\/10\/LOGO-IFQ-Fond-blanc-Bleu_Plan-de-travail-1.png\",\"contentUrl\":\"https:\/\/if-qatar.com\/wordpress\/wp-content\/uploads\/2022\/10\/LOGO-IFQ-Fond-blanc-Bleu_Plan-de-travail-1.png\",\"width\":2481,\"height\":1636,\"caption\":\"Institut Fran\u00e7ais du Qatar\"},\"image\":{\"@id\":\"https:\/\/if-qatar.com\/ar\/#\/schema\/logo\/image\/\"}}]}<\/script>\n<!-- \/ Yoast SEO plugin. -->","yoast_head_json":{"title":"Cours d'arabe - Institut Fran\u00e7ais du Qatar","robots":{"index":"index","follow":"follow","max-snippet":"max-snippet:-1","max-image-preview":"max-image-preview:large","max-video-preview":"max-video-preview:-1"},"canonical":"https:\/\/if-qatar.com\/en\/cours-darabe\/","og_locale":"en_US","og_type":"article","og_title":"Cours d'arabe - Institut Fran\u00e7ais du Qatar","og_description":"Pourquoi nous choisir? Notre exp\u00e9rience L\u2019Institut Fran\u00e7ais du Qatar organise des cours d\u2019arabe standard\u00a0bas\u00e9s sur la m\u00e9thode\u202fAhd\u00e2f\u202fde l\u2019Institut du Monde Arabe.\u200b Nous avons une&nbsp;\u00e9quipe d&rsquo;enseignants professionnels et certifi\u00e9s qui suivent des formations r\u00e9guli\u00e8res aux derni\u00e8res m\u00e9thodologies et pratiques utilis\u00e9es dans le domaine de l&rsquo;enseignement de l\u2019arabe. Nos cours donnent la\u202fpriorit\u00e9 \u00e0 la compr\u00e9hension et la [&hellip;]","og_url":"https:\/\/if-qatar.com\/en\/cours-darabe\/","og_site_name":"Institut Fran\u00e7ais du Qatar","article_modified_time":"2024-02-20T08:20:54+00:00","og_image":[{"width":1920,"height":950,"url":"https:\/\/if-qatar.com\/wordpress\/wp-content\/uploads\/2023\/02\/VISUEL-SITE-WEB-ARABE.jpg","type":"image\/jpeg"}],"twitter_card":"summary_large_image","twitter_misc":{"Est. reading time":"1 minute"},"schema":{"@context":"https:\/\/schema.org","@graph":[{"@type":"WebPage","@id":"https:\/\/if-qatar.com\/cours-darabe\/","url":"https:\/\/if-qatar.com\/cours-darabe\/","name":"Cours d'arabe - Institut Fran\u00e7ais du Qatar","isPartOf":{"@id":"https:\/\/if-qatar.com\/ar\/#website"},"primaryImageOfPage":{"@id":"https:\/\/if-qatar.com\/cours-darabe\/#primaryimage"},"image":{"@id":"https:\/\/if-qatar.com\/cours-darabe\/#primaryimage"},"thumbnailUrl":"https:\/\/if-qatar.com\/wordpress\/wp-content\/uploads\/2023\/02\/VISUEL-SITE-WEB-ARABE.jpg","datePublished":"2022-02-17T14:49:07+00:00","dateModified":"2024-02-20T08:20:54+00:00","breadcrumb":{"@id":"https:\/\/if-qatar.com\/cours-darabe\/#breadcrumb"},"inLanguage":"en-US","potentialAction":[{"@type":"ReadAction","target":["https:\/\/if-qatar.com\/cours-darabe\/"]}]},{"@type":"ImageObject","inLanguage":"en-US","@id":"https:\/\/if-qatar.com\/cours-darabe\/#primaryimage","url":"https:\/\/if-qatar.com\/wordpress\/wp-content\/uploads\/2023\/02\/VISUEL-SITE-WEB-ARABE.jpg","contentUrl":"https:\/\/if-qatar.com\/wordpress\/wp-content\/uploads\/2023\/02\/VISUEL-SITE-WEB-ARABE.jpg","width":1920,"height":950},{"@type":"BreadcrumbList","@id":"https:\/\/if-qatar.com\/cours-darabe\/#breadcrumb","itemListElement":[{"@type":"ListItem","position":1,"name":"Accueil","item":"https:\/\/if-qatar.com\/"},{"@type":"ListItem","position":2,"name":"Cours d&#8217;arabe"}]},{"@type":"WebSite","@id":"https:\/\/if-qatar.com\/ar\/#website","url":"https:\/\/if-qatar.com\/ar\/","name":"Institut Fran\u00e7ais du Qatar","description":"","publisher":{"@id":"https:\/\/if-qatar.com\/ar\/#organization"},"potentialAction":[{"@type":"SearchAction","target":{"@type":"EntryPoint","urlTemplate":"https:\/\/if-qatar.com\/ar\/?s={search_term_string}"},"query-input":{"@type":"PropertyValueSpecification","valueRequired":true,"valueName":"search_term_string"}}],"inLanguage":"en-US"},{"@type":"Organization","@id":"https:\/\/if-qatar.com\/ar\/#organization","name":"Institut Fran\u00e7ais du Qatar","url":"https:\/\/if-qatar.com\/ar\/","logo":{"@type":"ImageObject","inLanguage":"en-US","@id":"https:\/\/if-qatar.com\/ar\/#\/schema\/logo\/image\/","url":"https:\/\/if-qatar.com\/wordpress\/wp-content\/uploads\/2022\/10\/LOGO-IFQ-Fond-blanc-Bleu_Plan-de-travail-1.png","contentUrl":"https:\/\/if-qatar.com\/wordpress\/wp-content\/uploads\/2022\/10\/LOGO-IFQ-Fond-blanc-Bleu_Plan-de-travail-1.png","width":2481,"height":1636,"caption":"Institut Fran\u00e7ais du Qatar"},"image":{"@id":"https:\/\/if-qatar.com\/ar\/#\/schema\/logo\/image\/"}}]}},"_links":{"self":[{"href":"https:\/\/if-qatar.com\/en\/wp-json\/wp\/v2\/pages\/4142"}],"collection":[{"href":"https:\/\/if-qatar.com\/en\/wp-json\/wp\/v2\/pages"}],"about":[{"href":"https:\/\/if-qatar.com\/en\/wp-json\/wp\/v2\/types\/page"}],"author":[{"embeddable":true,"href":"https:\/\/if-qatar.com\/en\/wp-json\/wp\/v2\/users\/1"}],"replies":[{"embeddable":true,"href":"https:\/\/if-qatar.com\/en\/wp-json\/wp\/v2\/comments?post=4142"}],"version-history":[{"count":10,"href":"https:\/\/if-qatar.com\/en\/wp-json\/wp\/v2\/pages\/4142\/revisions"}],"predecessor-version":[{"id":7746,"href":"https:\/\/if-qatar.com\/en\/wp-json\/wp\/v2\/pages\/4142\/revisions\/7746"}],"wp:featuredmedia":[{"embeddable":true,"href":"https:\/\/if-qatar.com\/en\/wp-json\/wp\/v2\/media\/6630"}],"wp:attachment":[{"href":"https:\/\/if-qatar.com\/en\/wp-json\/wp\/v2\/media?parent=4142"}],"curies":[{"name":"wp","href":"https:\/\/api.w.org\/{rel}","templated":true}]}}