{"id":2068,"date":"2021-04-05T17:37:29","date_gmt":"2021-04-05T14:37:29","guid":{"rendered":"http:\/\/localhost\/?page_id=2068"},"modified":"2026-03-26T16:01:46","modified_gmt":"2026-03-26T13:01:46","slug":"nous-rejoindre","status":"publish","type":"page","link":"https:\/\/if-qatar.com\/en\/institut\/nous-rejoindre\/","title":{"rendered":"Join the team"},"content":{"rendered":"<div data-elementor-type=\"wp-page\" data-elementor-id=\"2068\" class=\"elementor elementor-2068\" data-elementor-post-type=\"page\">\n\t\t\t\t<div class=\"elementor-element elementor-element-a15cdd e-flex e-con-boxed e-con e-parent\" data-id=\"a15cdd\" data-element_type=\"container\">\n\t\t\t\t\t<div class=\"e-con-inner\">\n\t\t\t\t<div class=\"elementor-element elementor-element-30498150 elementor-widget elementor-widget-text-editor\" data-id=\"30498150\" data-element_type=\"widget\" data-widget_type=\"text-editor.default\">\n\t\t\t\t<div class=\"elementor-widget-container\">\n\t\t\t\t\t\t\t<p><!-- wp:group {\"className\":\"bloc-job text-left\"} --><\/p>\n<div>\n<p><!-- wp:paragraph --><\/p>\n<p>flexy_breadcrumb]<\/p>\n<p><!-- \/wp:paragraph --><\/p>\n<p><!-- wp:heading --><\/p>\n<h2><strong>&nbsp;<\/strong><\/h2>\n<h2><strong>Join us<\/strong><\/h2>\n<div><strong>Offre d&#8217;emploi &#8211; Responsable du centre de langues<\/strong><\/div>\n<div><span style=\"font-family: Grotesk; font-size: inherit; text-align: inherit;\">L&rsquo;Institut fran\u00e7ais du Qatar recrute un(e) responsable du centre de langues (<\/span><span style=\"font-family: Grotesk; font-size: inherit; text-align: inherit;\">CDD d\u2019un an renouvelable), \u00e0 pourvoir d\u00e8s que possible.<\/span><\/div>\n<div><span style=\"font-family: Grotesk; font-size: inherit; text-align: inherit;\">Cliquez ici pour consulter <a href=\"https:\/\/if-qatar.com\/wordpress\/wp-content\/uploads\/2026\/03\/Fiche-de-poste-Responsable-centre-de-langues-2026-1.pdf\">la fiche de poste.<\/a><\/span><\/div>\n<div><strong style=\"text-align: inherit; font-size: inherit; font-family: Grotesk;\">ATTENTION&nbsp;! Seules les personnes&nbsp;r\u00e9sidentes au Qatar&nbsp;sont invit\u00e9es \u00e0 candidater.<\/strong><\/div>\n<div><span style=\"font-family: Grotesk; font-size: inherit; text-align: inherit;\">Candidatures \u00e0 envoyer avant le 16 avril 2026 \u00e0 recrutement@if-qatar.com<\/span><\/div>\n<div><br><\/div>\n<\/div>\n<div>\n<p><!-- \/wp:heading --><\/p>\n<\/div>\n<p><!-- \/wp:group --><\/p>\t\t\t\t\t\t<\/div>\n\t\t\t\t<\/div>\n\t\t\t\t\t<\/div>\n\t\t\t\t<\/div>\n\t\t<div class=\"elementor-element elementor-element-99f38e9 e-flex e-con-boxed e-con e-parent\" data-id=\"99f38e9\" data-element_type=\"container\">\n\t\t\t\t\t<div class=\"e-con-inner\">\n\t\t\t\t\t<\/div>\n\t\t\t\t<\/div>\n\t\t\t\t<\/div>","protected":false},"excerpt":{"rendered":"<p>flexy_breadcrumb] &nbsp; Rejoignez l&rsquo;\u00e9quipe Offre d&#8217;emploi &#8211; Responsable du centre de langues L&rsquo;Institut fran\u00e7ais du Qatar recrute un(e) responsable du centre de langues (CDD d\u2019un an renouvelable), \u00e0 pourvoir d\u00e8s que possible. Cliquez ici pour consulter la fiche de poste. ATTENTION&nbsp;! Seules les personnes&nbsp;r\u00e9sidentes au Qatar&nbsp;sont invit\u00e9es \u00e0 candidater. Candidatures \u00e0 envoyer avant le 16 [&hellip;]<\/p>","protected":false},"author":1,"featured_media":5632,"parent":1150,"menu_order":1,"comment_status":"closed","ping_status":"closed","template":"","meta":{"om_disable_all_campaigns":false,"_monsterinsights_skip_tracking":false,"_monsterinsights_sitenote_active":false,"_monsterinsights_sitenote_note":"","_monsterinsights_sitenote_category":0,"footnotes":""},"class_list":["post-2068","page","type-page","status-publish","has-post-thumbnail","hentry"],"yoast_head":"<!-- This site is optimized with the Yoast SEO plugin v24.0 - https:\/\/yoast.com\/wordpress\/plugins\/seo\/ -->\n<title>Nous rejoindre - Institut Fran\u00e7ais du Qatar<\/title>\n<meta name=\"robots\" content=\"index, follow, max-snippet:-1, max-image-preview:large, max-video-preview:-1\" \/>\n<link rel=\"canonical\" href=\"https:\/\/if-qatar.com\/en\/institut\/nous-rejoindre\/\" \/>\n<meta property=\"og:locale\" content=\"en_US\" \/>\n<meta property=\"og:type\" content=\"article\" \/>\n<meta property=\"og:title\" content=\"Nous rejoindre - Institut Fran\u00e7ais du Qatar\" \/>\n<meta property=\"og:description\" content=\"flexy_breadcrumb] &nbsp; Rejoignez l&rsquo;\u00e9quipe Offre d&#8217;emploi &#8211; Responsable du centre de langues L&rsquo;Institut fran\u00e7ais du Qatar recrute un(e) responsable du centre de langues (CDD d\u2019un an renouvelable), \u00e0 pourvoir d\u00e8s que possible. Cliquez ici pour consulter la fiche de poste. ATTENTION&nbsp;! Seules les personnes&nbsp;r\u00e9sidentes au Qatar&nbsp;sont invit\u00e9es \u00e0 candidater. Candidatures \u00e0 envoyer avant le 16 [&hellip;]\" \/>\n<meta property=\"og:url\" content=\"https:\/\/if-qatar.com\/en\/institut\/nous-rejoindre\/\" \/>\n<meta property=\"og:site_name\" content=\"Institut Fran\u00e7ais du Qatar\" \/>\n<meta property=\"article:modified_time\" content=\"2026-03-26T13:01:46+00:00\" \/>\n<meta property=\"og:image\" content=\"https:\/\/if-qatar.com\/wordpress\/wp-content\/uploads\/2022\/05\/NousRejoindre-fichiersource.png\" \/>\n\t<meta property=\"og:image:width\" content=\"1920\" \/>\n\t<meta property=\"og:image:height\" content=\"850\" \/>\n\t<meta property=\"og:image:type\" content=\"image\/png\" \/>\n<meta name=\"twitter:card\" content=\"summary_large_image\" \/>\n<meta name=\"twitter:label1\" content=\"Est. reading time\" \/>\n\t<meta name=\"twitter:data1\" content=\"1 minute\" \/>\n<script type=\"application\/ld+json\" class=\"yoast-schema-graph\">{\"@context\":\"https:\/\/schema.org\",\"@graph\":[{\"@type\":\"WebPage\",\"@id\":\"https:\/\/if-qatar.com\/institut\/nous-rejoindre\/\",\"url\":\"https:\/\/if-qatar.com\/institut\/nous-rejoindre\/\",\"name\":\"Nous rejoindre - Institut Fran\u00e7ais du Qatar\",\"isPartOf\":{\"@id\":\"https:\/\/if-qatar.com\/ar\/#website\"},\"primaryImageOfPage\":{\"@id\":\"https:\/\/if-qatar.com\/institut\/nous-rejoindre\/#primaryimage\"},\"image\":{\"@id\":\"https:\/\/if-qatar.com\/institut\/nous-rejoindre\/#primaryimage\"},\"thumbnailUrl\":\"https:\/\/if-qatar.com\/wordpress\/wp-content\/uploads\/2022\/05\/NousRejoindre-fichiersource.png\",\"datePublished\":\"2021-04-05T14:37:29+00:00\",\"dateModified\":\"2026-03-26T13:01:46+00:00\",\"breadcrumb\":{\"@id\":\"https:\/\/if-qatar.com\/institut\/nous-rejoindre\/#breadcrumb\"},\"inLanguage\":\"en-US\",\"potentialAction\":[{\"@type\":\"ReadAction\",\"target\":[\"https:\/\/if-qatar.com\/institut\/nous-rejoindre\/\"]}]},{\"@type\":\"ImageObject\",\"inLanguage\":\"en-US\",\"@id\":\"https:\/\/if-qatar.com\/institut\/nous-rejoindre\/#primaryimage\",\"url\":\"https:\/\/if-qatar.com\/wordpress\/wp-content\/uploads\/2022\/05\/NousRejoindre-fichiersource.png\",\"contentUrl\":\"https:\/\/if-qatar.com\/wordpress\/wp-content\/uploads\/2022\/05\/NousRejoindre-fichiersource.png\",\"width\":1920,\"height\":850},{\"@type\":\"BreadcrumbList\",\"@id\":\"https:\/\/if-qatar.com\/institut\/nous-rejoindre\/#breadcrumb\",\"itemListElement\":[{\"@type\":\"ListItem\",\"position\":1,\"name\":\"Accueil\",\"item\":\"https:\/\/if-qatar.com\/\"},{\"@type\":\"ListItem\",\"position\":2,\"name\":\"L&#8217;Institut\",\"item\":\"https:\/\/if-qatar.com\/institut\/\"},{\"@type\":\"ListItem\",\"position\":3,\"name\":\"Nous rejoindre\"}]},{\"@type\":\"WebSite\",\"@id\":\"https:\/\/if-qatar.com\/ar\/#website\",\"url\":\"https:\/\/if-qatar.com\/ar\/\",\"name\":\"Institut Fran\u00e7ais du Qatar\",\"description\":\"\",\"publisher\":{\"@id\":\"https:\/\/if-qatar.com\/ar\/#organization\"},\"potentialAction\":[{\"@type\":\"SearchAction\",\"target\":{\"@type\":\"EntryPoint\",\"urlTemplate\":\"https:\/\/if-qatar.com\/ar\/?s={search_term_string}\"},\"query-input\":{\"@type\":\"PropertyValueSpecification\",\"valueRequired\":true,\"valueName\":\"search_term_string\"}}],\"inLanguage\":\"en-US\"},{\"@type\":\"Organization\",\"@id\":\"https:\/\/if-qatar.com\/ar\/#organization\",\"name\":\"Institut Fran\u00e7ais du Qatar\",\"url\":\"https:\/\/if-qatar.com\/ar\/\",\"logo\":{\"@type\":\"ImageObject\",\"inLanguage\":\"en-US\",\"@id\":\"https:\/\/if-qatar.com\/ar\/#\/schema\/logo\/image\/\",\"url\":\"https:\/\/if-qatar.com\/wordpress\/wp-content\/uploads\/2022\/10\/LOGO-IFQ-Fond-blanc-Bleu_Plan-de-travail-1.png\",\"contentUrl\":\"https:\/\/if-qatar.com\/wordpress\/wp-content\/uploads\/2022\/10\/LOGO-IFQ-Fond-blanc-Bleu_Plan-de-travail-1.png\",\"width\":2481,\"height\":1636,\"caption\":\"Institut Fran\u00e7ais du Qatar\"},\"image\":{\"@id\":\"https:\/\/if-qatar.com\/ar\/#\/schema\/logo\/image\/\"}}]}<\/script>\n<!-- \/ Yoast SEO plugin. -->","yoast_head_json":{"title":"Nous rejoindre - Institut Fran\u00e7ais du Qatar","robots":{"index":"index","follow":"follow","max-snippet":"max-snippet:-1","max-image-preview":"max-image-preview:large","max-video-preview":"max-video-preview:-1"},"canonical":"https:\/\/if-qatar.com\/en\/institut\/nous-rejoindre\/","og_locale":"en_US","og_type":"article","og_title":"Nous rejoindre - Institut Fran\u00e7ais du Qatar","og_description":"flexy_breadcrumb] &nbsp; Rejoignez l&rsquo;\u00e9quipe Offre d&#8217;emploi &#8211; Responsable du centre de langues L&rsquo;Institut fran\u00e7ais du Qatar recrute un(e) responsable du centre de langues (CDD d\u2019un an renouvelable), \u00e0 pourvoir d\u00e8s que possible. Cliquez ici pour consulter la fiche de poste. ATTENTION&nbsp;! Seules les personnes&nbsp;r\u00e9sidentes au Qatar&nbsp;sont invit\u00e9es \u00e0 candidater. Candidatures \u00e0 envoyer avant le 16 [&hellip;]","og_url":"https:\/\/if-qatar.com\/en\/institut\/nous-rejoindre\/","og_site_name":"Institut Fran\u00e7ais du Qatar","article_modified_time":"2026-03-26T13:01:46+00:00","og_image":[{"width":1920,"height":850,"url":"https:\/\/if-qatar.com\/wordpress\/wp-content\/uploads\/2022\/05\/NousRejoindre-fichiersource.png","type":"image\/png"}],"twitter_card":"summary_large_image","twitter_misc":{"Est. reading time":"1 minute"},"schema":{"@context":"https:\/\/schema.org","@graph":[{"@type":"WebPage","@id":"https:\/\/if-qatar.com\/institut\/nous-rejoindre\/","url":"https:\/\/if-qatar.com\/institut\/nous-rejoindre\/","name":"Nous rejoindre - Institut Fran\u00e7ais du Qatar","isPartOf":{"@id":"https:\/\/if-qatar.com\/ar\/#website"},"primaryImageOfPage":{"@id":"https:\/\/if-qatar.com\/institut\/nous-rejoindre\/#primaryimage"},"image":{"@id":"https:\/\/if-qatar.com\/institut\/nous-rejoindre\/#primaryimage"},"thumbnailUrl":"https:\/\/if-qatar.com\/wordpress\/wp-content\/uploads\/2022\/05\/NousRejoindre-fichiersource.png","datePublished":"2021-04-05T14:37:29+00:00","dateModified":"2026-03-26T13:01:46+00:00","breadcrumb":{"@id":"https:\/\/if-qatar.com\/institut\/nous-rejoindre\/#breadcrumb"},"inLanguage":"en-US","potentialAction":[{"@type":"ReadAction","target":["https:\/\/if-qatar.com\/institut\/nous-rejoindre\/"]}]},{"@type":"ImageObject","inLanguage":"en-US","@id":"https:\/\/if-qatar.com\/institut\/nous-rejoindre\/#primaryimage","url":"https:\/\/if-qatar.com\/wordpress\/wp-content\/uploads\/2022\/05\/NousRejoindre-fichiersource.png","contentUrl":"https:\/\/if-qatar.com\/wordpress\/wp-content\/uploads\/2022\/05\/NousRejoindre-fichiersource.png","width":1920,"height":850},{"@type":"BreadcrumbList","@id":"https:\/\/if-qatar.com\/institut\/nous-rejoindre\/#breadcrumb","itemListElement":[{"@type":"ListItem","position":1,"name":"Accueil","item":"https:\/\/if-qatar.com\/"},{"@type":"ListItem","position":2,"name":"L&#8217;Institut","item":"https:\/\/if-qatar.com\/institut\/"},{"@type":"ListItem","position":3,"name":"Nous rejoindre"}]},{"@type":"WebSite","@id":"https:\/\/if-qatar.com\/ar\/#website","url":"https:\/\/if-qatar.com\/ar\/","name":"Institut Fran\u00e7ais du Qatar","description":"","publisher":{"@id":"https:\/\/if-qatar.com\/ar\/#organization"},"potentialAction":[{"@type":"SearchAction","target":{"@type":"EntryPoint","urlTemplate":"https:\/\/if-qatar.com\/ar\/?s={search_term_string}"},"query-input":{"@type":"PropertyValueSpecification","valueRequired":true,"valueName":"search_term_string"}}],"inLanguage":"en-US"},{"@type":"Organization","@id":"https:\/\/if-qatar.com\/ar\/#organization","name":"Institut Fran\u00e7ais du Qatar","url":"https:\/\/if-qatar.com\/ar\/","logo":{"@type":"ImageObject","inLanguage":"en-US","@id":"https:\/\/if-qatar.com\/ar\/#\/schema\/logo\/image\/","url":"https:\/\/if-qatar.com\/wordpress\/wp-content\/uploads\/2022\/10\/LOGO-IFQ-Fond-blanc-Bleu_Plan-de-travail-1.png","contentUrl":"https:\/\/if-qatar.com\/wordpress\/wp-content\/uploads\/2022\/10\/LOGO-IFQ-Fond-blanc-Bleu_Plan-de-travail-1.png","width":2481,"height":1636,"caption":"Institut Fran\u00e7ais du Qatar"},"image":{"@id":"https:\/\/if-qatar.com\/ar\/#\/schema\/logo\/image\/"}}]}},"_links":{"self":[{"href":"https:\/\/if-qatar.com\/en\/wp-json\/wp\/v2\/pages\/2068"}],"collection":[{"href":"https:\/\/if-qatar.com\/en\/wp-json\/wp\/v2\/pages"}],"about":[{"href":"https:\/\/if-qatar.com\/en\/wp-json\/wp\/v2\/types\/page"}],"author":[{"embeddable":true,"href":"https:\/\/if-qatar.com\/en\/wp-json\/wp\/v2\/users\/1"}],"replies":[{"embeddable":true,"href":"https:\/\/if-qatar.com\/en\/wp-json\/wp\/v2\/comments?post=2068"}],"version-history":[{"count":105,"href":"https:\/\/if-qatar.com\/en\/wp-json\/wp\/v2\/pages\/2068\/revisions"}],"predecessor-version":[{"id":9445,"href":"https:\/\/if-qatar.com\/en\/wp-json\/wp\/v2\/pages\/2068\/revisions\/9445"}],"up":[{"embeddable":true,"href":"https:\/\/if-qatar.com\/en\/wp-json\/wp\/v2\/pages\/1150"}],"wp:featuredmedia":[{"embeddable":true,"href":"https:\/\/if-qatar.com\/en\/wp-json\/wp\/v2\/media\/5632"}],"wp:attachment":[{"href":"https:\/\/if-qatar.com\/en\/wp-json\/wp\/v2\/media?parent=2068"}],"curies":[{"name":"wp","href":"https:\/\/api.w.org\/{rel}","templated":true}]}}