{"id":1418,"date":"2021-03-19T11:30:34","date_gmt":"2021-03-19T08:30:34","guid":{"rendered":"http:\/\/localhost\/?page_id=1418"},"modified":"2022-12-07T11:53:17","modified_gmt":"2022-12-07T08:53:17","slug":"ateliers-de-preparation","status":"publish","type":"page","link":"https:\/\/if-qatar.com\/en\/examens-et-certifications\/ateliers-de-preparation\/","title":{"rendered":"Preparation workshops"},"content":{"rendered":"<div class=\"wp-block-group add-padding\"><div class=\"wp-block-group__inner-container is-layout-flow wp-block-group-is-layout-flow\">\t\t\t<!-- Flexy Breadcrumb -->\r\n\t\t\t<div class=\"fbc fbc-page\">\r\n\r\n\t\t\t\t<!-- Breadcrumb wrapper -->\r\n\t\t\t\t<div class=\"fbc-wrap\">\r\n\r\n\t\t\t\t\t<!-- Ordered list-->\r\n\t\t\t\t\t<ol class=\"fbc-items\" itemscope itemtype=\"https:\/\/schema.org\/BreadcrumbList\">\r\n\t\t\t\t\t\t            <li itemprop=\"itemListElement\" itemscope itemtype=\"https:\/\/schema.org\/ListItem\">\r\n                <span itemprop=\"name\">\r\n                    <!-- Home Link -->\r\n                    <a itemprop=\"item\" href=\"https:\/\/if-qatar.com\/en\/\">\r\n                    \r\n                                                    <i class=\"fa fa-home\" aria-hidden=\"true\"><\/i>Home                    <\/a>\r\n                <\/span>\r\n                <meta itemprop=\"position\" content=\"1\" \/><!-- Meta Position-->\r\n             <\/li><li><span class=\"fbc-separator\">\/<\/span><\/li><li class=\"active\" itemprop=\"itemListElement\" itemscope itemtype=\"https:\/\/schema.org\/ListItem\"><span itemprop=\"name\" title=\"Preparation workshops\">Preparation workshops<\/span><meta itemprop=\"position\" content=\"2\" \/><\/li>\t\t\t\t\t<\/ol>\r\n\t\t\t\t\t<div class=\"clearfix\"><\/div>\r\n\t\t\t\t<\/div>\r\n\t\t\t<\/div>\r\n\t\t\t\n\n\n\n<p><em><strong>To have the dates of the next workshops, click on our filters: :<\/strong><\/em><\/p>\n\n\n<div class=\"event-outer\"><div class=\"event-outer-filter\"><\/div><div class=\"event-filter-loading\"><div class=\"event-filter-loading-gif\"><\/div><\/div><div class=\"event-filter-calendar\"><\/div><\/div>\n\n\n\n<h2 class=\"no-margin-top wp-block-heading\"><strong><span class=\"has-inline-color has-primary-color\"><strong>Workshops<\/strong><\/span><\/strong><\/h2>\n\n\n\n<h3 class=\"wp-block-heading\"><strong>TEF preparation workshops<\/strong><\/h3>\n\n\n\n<p>\u2013 Discover writing techniques (news item, argumentative text)<\/p>\n\n\n\n<p>\u2013 Practice writing written expressions \n\n\u2013 Benefit from advice and personalized corrections<\/p>\n\n\n\n<p>\u2013 Refresh your skills in grammar and conjugation<\/p>\n\n\n\n<p><strong>Preparation for the written expression (EE) test for the TEF Canada exam:\u00a0<\/strong>Total of 16 hours (2 hours, 2 times a week) Price: 1600 QAR<\/p>\n\n\n\n<p><strong>Pr\u00e9paration\u00a0g\u00e9n\u00e9rale\u00a0\u00e0 l&rsquo;examen TEF Canada :\u00a0<\/strong>Total of 8 hours (2 hours, once a week). Price: 800 QAR<\/p>\n\n\n\n<p>To register, please contact <a href=\"mailto:info@if-qatar.com\">info@if-qatar.com<\/a>.<\/p>\n\n\n\n<h3 class=\"wp-block-heading\"><strong>TCF preparation workshops<\/strong><\/h3>\n\n\n\n\n\n<h3 class=\"wp-block-heading\"><strong>DELF Junior and TP preparation workshops<\/strong><\/h3>\n\n\n\n<p>8 hours: preparation for DELF exams<\/p>\n\n\n\n<h3 class=\"wp-block-heading\"><strong>Private preparation courses for the TEF, TCF or DELF<\/strong><\/h3>\n\n\n\n<p>These  preparation classes are designed to better support you and prepare you for the exam format, which will not only save you time but also get you a better grade to achieve your goal.<\/p>\n\n\n\n<h3 class=\"wp-block-heading\"><strong>Prepare yourself to TEF or DELF B2 with <a href=\"https:\/\/prepmyfuture.com\"><span class=\"has-inline-color has-accent-color\">PrepMyFuture<\/span><\/a><\/strong><\/h3>\n\n\n\n<p>This platform offers you preparations for the TEF with modules made up of questions adapted to your level of language proficiency, as well as DELF B2 for candidates over 16 years, with exam simulations.  The platform offers you a report that identifies  areas of improvement and your strengths.<\/p>\n\n\n\n<p><\/p>\n<\/div><\/div>\n\n\n\n<p><\/p>","protected":false},"excerpt":{"rendered":"<p>Pour avoir les dates des prochains ateliers, cliquez sur nos filtres : Ateliers Les ateliers de pr\u00e9paration au TEF &#8211; D\u00e9couvrez des techniques de r\u00e9daction (fait-divers, texte argumentatif) &#8211; Entrainez-vous \u00e0 r\u00e9diger des expressions \u00e9crites &#8211; B\u00e9n\u00e9ficiez de conseils et de corrections personnalis\u00e9es &#8211; Rafraichissez vos acquis en grammaire et conjugaison Pr\u00e9paration \u00e0 l\u2019\u00e9preuve d\u2019expression [&hellip;]<\/p>","protected":false},"author":1,"featured_media":209,"parent":1420,"menu_order":1,"comment_status":"closed","ping_status":"closed","template":"templates\/template-cover.php","meta":{"om_disable_all_campaigns":false,"_monsterinsights_skip_tracking":false,"_monsterinsights_sitenote_active":false,"_monsterinsights_sitenote_note":"","_monsterinsights_sitenote_category":0,"footnotes":""},"class_list":["post-1418","page","type-page","status-publish","has-post-thumbnail","hentry"],"yoast_head":"<!-- This site is optimized with the Yoast SEO plugin v24.0 - https:\/\/yoast.com\/wordpress\/plugins\/seo\/ -->\n<title>Ateliers de pr\u00e9paration - Institut Fran\u00e7ais du Qatar<\/title>\n<meta name=\"robots\" content=\"index, follow, max-snippet:-1, max-image-preview:large, max-video-preview:-1\" \/>\n<link rel=\"canonical\" href=\"https:\/\/if-qatar.com\/en\/examens-et-certifications\/ateliers-de-preparation\/\" \/>\n<meta property=\"og:locale\" content=\"en_US\" \/>\n<meta property=\"og:type\" content=\"article\" \/>\n<meta property=\"og:title\" content=\"Ateliers de pr\u00e9paration - Institut Fran\u00e7ais du Qatar\" \/>\n<meta property=\"og:description\" content=\"Pour avoir les dates des prochains ateliers, cliquez sur nos filtres : Ateliers Les ateliers de pr\u00e9paration au TEF &#8211; D\u00e9couvrez des techniques de r\u00e9daction (fait-divers, texte argumentatif) &#8211; Entrainez-vous \u00e0 r\u00e9diger des expressions \u00e9crites &#8211; B\u00e9n\u00e9ficiez de conseils et de corrections personnalis\u00e9es &#8211; Rafraichissez vos acquis en grammaire et conjugaison Pr\u00e9paration \u00e0 l\u2019\u00e9preuve d\u2019expression [&hellip;]\" \/>\n<meta property=\"og:url\" content=\"https:\/\/if-qatar.com\/en\/examens-et-certifications\/ateliers-de-preparation\/\" \/>\n<meta property=\"og:site_name\" content=\"Institut Fran\u00e7ais du Qatar\" \/>\n<meta property=\"article:modified_time\" content=\"2022-12-07T08:53:17+00:00\" \/>\n<meta property=\"og:image\" content=\"https:\/\/if-qatar.com\/wordpress\/wp-content\/uploads\/2020\/10\/business-woman-working-laptop-scaled.jpg\" \/>\n\t<meta property=\"og:image:width\" content=\"2560\" \/>\n\t<meta property=\"og:image:height\" content=\"1707\" \/>\n\t<meta property=\"og:image:type\" content=\"image\/jpeg\" \/>\n<meta name=\"twitter:card\" content=\"summary_large_image\" \/>\n<meta name=\"twitter:label1\" content=\"Est. reading time\" \/>\n\t<meta name=\"twitter:data1\" content=\"1 minute\" \/>\n<script type=\"application\/ld+json\" class=\"yoast-schema-graph\">{\"@context\":\"https:\/\/schema.org\",\"@graph\":[{\"@type\":\"WebPage\",\"@id\":\"https:\/\/if-qatar.com\/en\/examens-et-certifications\/ateliers-de-preparation\/\",\"url\":\"https:\/\/if-qatar.com\/en\/examens-et-certifications\/ateliers-de-preparation\/\",\"name\":\"Ateliers de pr\u00e9paration - Institut Fran\u00e7ais du Qatar\",\"isPartOf\":{\"@id\":\"https:\/\/if-qatar.com\/ar\/#website\"},\"primaryImageOfPage\":{\"@id\":\"https:\/\/if-qatar.com\/en\/examens-et-certifications\/ateliers-de-preparation\/#primaryimage\"},\"image\":{\"@id\":\"https:\/\/if-qatar.com\/en\/examens-et-certifications\/ateliers-de-preparation\/#primaryimage\"},\"thumbnailUrl\":\"https:\/\/if-qatar.com\/wordpress\/wp-content\/uploads\/2020\/10\/business-woman-working-laptop-scaled.jpg\",\"datePublished\":\"2021-03-19T08:30:34+00:00\",\"dateModified\":\"2022-12-07T08:53:17+00:00\",\"breadcrumb\":{\"@id\":\"https:\/\/if-qatar.com\/en\/examens-et-certifications\/ateliers-de-preparation\/#breadcrumb\"},\"inLanguage\":\"en-US\",\"potentialAction\":[{\"@type\":\"ReadAction\",\"target\":[\"https:\/\/if-qatar.com\/en\/examens-et-certifications\/ateliers-de-preparation\/\"]}]},{\"@type\":\"ImageObject\",\"inLanguage\":\"en-US\",\"@id\":\"https:\/\/if-qatar.com\/en\/examens-et-certifications\/ateliers-de-preparation\/#primaryimage\",\"url\":\"https:\/\/if-qatar.com\/wordpress\/wp-content\/uploads\/2020\/10\/business-woman-working-laptop-scaled.jpg\",\"contentUrl\":\"https:\/\/if-qatar.com\/wordpress\/wp-content\/uploads\/2020\/10\/business-woman-working-laptop-scaled.jpg\",\"width\":2560,\"height\":1707,\"caption\":\"Business woman typing on keyboard laptop working on business report. The blank screen with copy space for your text or advertising content. Selective focus.\"},{\"@type\":\"BreadcrumbList\",\"@id\":\"https:\/\/if-qatar.com\/en\/examens-et-certifications\/ateliers-de-preparation\/#breadcrumb\",\"itemListElement\":[{\"@type\":\"ListItem\",\"position\":1,\"name\":\"Accueil\",\"item\":\"https:\/\/if-qatar.com\/\"},{\"@type\":\"ListItem\",\"position\":2,\"name\":\"Examens et certifications\",\"item\":\"https:\/\/if-qatar.com\/examens-et-certifications\/\"},{\"@type\":\"ListItem\",\"position\":3,\"name\":\"Ateliers de pr\u00e9paration\"}]},{\"@type\":\"WebSite\",\"@id\":\"https:\/\/if-qatar.com\/ar\/#website\",\"url\":\"https:\/\/if-qatar.com\/ar\/\",\"name\":\"Institut Fran\u00e7ais du Qatar\",\"description\":\"\",\"publisher\":{\"@id\":\"https:\/\/if-qatar.com\/ar\/#organization\"},\"potentialAction\":[{\"@type\":\"SearchAction\",\"target\":{\"@type\":\"EntryPoint\",\"urlTemplate\":\"https:\/\/if-qatar.com\/ar\/?s={search_term_string}\"},\"query-input\":{\"@type\":\"PropertyValueSpecification\",\"valueRequired\":true,\"valueName\":\"search_term_string\"}}],\"inLanguage\":\"en-US\"},{\"@type\":\"Organization\",\"@id\":\"https:\/\/if-qatar.com\/ar\/#organization\",\"name\":\"Institut Fran\u00e7ais du Qatar\",\"url\":\"https:\/\/if-qatar.com\/ar\/\",\"logo\":{\"@type\":\"ImageObject\",\"inLanguage\":\"en-US\",\"@id\":\"https:\/\/if-qatar.com\/ar\/#\/schema\/logo\/image\/\",\"url\":\"https:\/\/if-qatar.com\/wordpress\/wp-content\/uploads\/2022\/10\/LOGO-IFQ-Fond-blanc-Bleu_Plan-de-travail-1.png\",\"contentUrl\":\"https:\/\/if-qatar.com\/wordpress\/wp-content\/uploads\/2022\/10\/LOGO-IFQ-Fond-blanc-Bleu_Plan-de-travail-1.png\",\"width\":2481,\"height\":1636,\"caption\":\"Institut Fran\u00e7ais du Qatar\"},\"image\":{\"@id\":\"https:\/\/if-qatar.com\/ar\/#\/schema\/logo\/image\/\"}}]}<\/script>\n<!-- \/ Yoast SEO plugin. -->","yoast_head_json":{"title":"Ateliers de pr\u00e9paration - Institut Fran\u00e7ais du Qatar","robots":{"index":"index","follow":"follow","max-snippet":"max-snippet:-1","max-image-preview":"max-image-preview:large","max-video-preview":"max-video-preview:-1"},"canonical":"https:\/\/if-qatar.com\/en\/examens-et-certifications\/ateliers-de-preparation\/","og_locale":"en_US","og_type":"article","og_title":"Ateliers de pr\u00e9paration - Institut Fran\u00e7ais du Qatar","og_description":"Pour avoir les dates des prochains ateliers, cliquez sur nos filtres : Ateliers Les ateliers de pr\u00e9paration au TEF &#8211; D\u00e9couvrez des techniques de r\u00e9daction (fait-divers, texte argumentatif) &#8211; Entrainez-vous \u00e0 r\u00e9diger des expressions \u00e9crites &#8211; B\u00e9n\u00e9ficiez de conseils et de corrections personnalis\u00e9es &#8211; Rafraichissez vos acquis en grammaire et conjugaison Pr\u00e9paration \u00e0 l\u2019\u00e9preuve d\u2019expression [&hellip;]","og_url":"https:\/\/if-qatar.com\/en\/examens-et-certifications\/ateliers-de-preparation\/","og_site_name":"Institut Fran\u00e7ais du Qatar","article_modified_time":"2022-12-07T08:53:17+00:00","og_image":[{"width":2560,"height":1707,"url":"https:\/\/if-qatar.com\/wordpress\/wp-content\/uploads\/2020\/10\/business-woman-working-laptop-scaled.jpg","type":"image\/jpeg"}],"twitter_card":"summary_large_image","twitter_misc":{"Est. reading time":"1 minute"},"schema":{"@context":"https:\/\/schema.org","@graph":[{"@type":"WebPage","@id":"https:\/\/if-qatar.com\/en\/examens-et-certifications\/ateliers-de-preparation\/","url":"https:\/\/if-qatar.com\/en\/examens-et-certifications\/ateliers-de-preparation\/","name":"Ateliers de pr\u00e9paration - Institut Fran\u00e7ais du Qatar","isPartOf":{"@id":"https:\/\/if-qatar.com\/ar\/#website"},"primaryImageOfPage":{"@id":"https:\/\/if-qatar.com\/en\/examens-et-certifications\/ateliers-de-preparation\/#primaryimage"},"image":{"@id":"https:\/\/if-qatar.com\/en\/examens-et-certifications\/ateliers-de-preparation\/#primaryimage"},"thumbnailUrl":"https:\/\/if-qatar.com\/wordpress\/wp-content\/uploads\/2020\/10\/business-woman-working-laptop-scaled.jpg","datePublished":"2021-03-19T08:30:34+00:00","dateModified":"2022-12-07T08:53:17+00:00","breadcrumb":{"@id":"https:\/\/if-qatar.com\/en\/examens-et-certifications\/ateliers-de-preparation\/#breadcrumb"},"inLanguage":"en-US","potentialAction":[{"@type":"ReadAction","target":["https:\/\/if-qatar.com\/en\/examens-et-certifications\/ateliers-de-preparation\/"]}]},{"@type":"ImageObject","inLanguage":"en-US","@id":"https:\/\/if-qatar.com\/en\/examens-et-certifications\/ateliers-de-preparation\/#primaryimage","url":"https:\/\/if-qatar.com\/wordpress\/wp-content\/uploads\/2020\/10\/business-woman-working-laptop-scaled.jpg","contentUrl":"https:\/\/if-qatar.com\/wordpress\/wp-content\/uploads\/2020\/10\/business-woman-working-laptop-scaled.jpg","width":2560,"height":1707,"caption":"Business woman typing on keyboard laptop working on business report. The blank screen with copy space for your text or advertising content. Selective focus."},{"@type":"BreadcrumbList","@id":"https:\/\/if-qatar.com\/en\/examens-et-certifications\/ateliers-de-preparation\/#breadcrumb","itemListElement":[{"@type":"ListItem","position":1,"name":"Accueil","item":"https:\/\/if-qatar.com\/"},{"@type":"ListItem","position":2,"name":"Examens et certifications","item":"https:\/\/if-qatar.com\/examens-et-certifications\/"},{"@type":"ListItem","position":3,"name":"Ateliers de pr\u00e9paration"}]},{"@type":"WebSite","@id":"https:\/\/if-qatar.com\/ar\/#website","url":"https:\/\/if-qatar.com\/ar\/","name":"Institut Fran\u00e7ais du Qatar","description":"","publisher":{"@id":"https:\/\/if-qatar.com\/ar\/#organization"},"potentialAction":[{"@type":"SearchAction","target":{"@type":"EntryPoint","urlTemplate":"https:\/\/if-qatar.com\/ar\/?s={search_term_string}"},"query-input":{"@type":"PropertyValueSpecification","valueRequired":true,"valueName":"search_term_string"}}],"inLanguage":"en-US"},{"@type":"Organization","@id":"https:\/\/if-qatar.com\/ar\/#organization","name":"Institut Fran\u00e7ais du Qatar","url":"https:\/\/if-qatar.com\/ar\/","logo":{"@type":"ImageObject","inLanguage":"en-US","@id":"https:\/\/if-qatar.com\/ar\/#\/schema\/logo\/image\/","url":"https:\/\/if-qatar.com\/wordpress\/wp-content\/uploads\/2022\/10\/LOGO-IFQ-Fond-blanc-Bleu_Plan-de-travail-1.png","contentUrl":"https:\/\/if-qatar.com\/wordpress\/wp-content\/uploads\/2022\/10\/LOGO-IFQ-Fond-blanc-Bleu_Plan-de-travail-1.png","width":2481,"height":1636,"caption":"Institut Fran\u00e7ais du Qatar"},"image":{"@id":"https:\/\/if-qatar.com\/ar\/#\/schema\/logo\/image\/"}}]}},"_links":{"self":[{"href":"https:\/\/if-qatar.com\/en\/wp-json\/wp\/v2\/pages\/1418"}],"collection":[{"href":"https:\/\/if-qatar.com\/en\/wp-json\/wp\/v2\/pages"}],"about":[{"href":"https:\/\/if-qatar.com\/en\/wp-json\/wp\/v2\/types\/page"}],"author":[{"embeddable":true,"href":"https:\/\/if-qatar.com\/en\/wp-json\/wp\/v2\/users\/1"}],"replies":[{"embeddable":true,"href":"https:\/\/if-qatar.com\/en\/wp-json\/wp\/v2\/comments?post=1418"}],"version-history":[{"count":29,"href":"https:\/\/if-qatar.com\/en\/wp-json\/wp\/v2\/pages\/1418\/revisions"}],"predecessor-version":[{"id":6436,"href":"https:\/\/if-qatar.com\/en\/wp-json\/wp\/v2\/pages\/1418\/revisions\/6436"}],"up":[{"embeddable":true,"href":"https:\/\/if-qatar.com\/en\/wp-json\/wp\/v2\/pages\/1420"}],"wp:featuredmedia":[{"embeddable":true,"href":"https:\/\/if-qatar.com\/en\/wp-json\/wp\/v2\/media\/209"}],"wp:attachment":[{"href":"https:\/\/if-qatar.com\/en\/wp-json\/wp\/v2\/media?parent=1418"}],"curies":[{"name":"wp","href":"https:\/\/api.w.org\/{rel}","templated":true}]}}