{"id":5900,"date":"2022-06-13T11:38:39","date_gmt":"2022-06-13T08:38:39","guid":{"rendered":"https:\/\/if-qatar.com\/?page_id=5900"},"modified":"2022-11-19T20:47:23","modified_gmt":"2022-11-19T17:47:23","slug":"translatepress","status":"publish","type":"page","link":"https:\/\/if-qatar.com\/ar\/translatepress\/","title":{"rendered":"TranslatePress"},"content":{"rendered":"<div class=\"wp-block-group\"><div class=\"wp-block-group__inner-container is-layout-flow wp-block-group-is-layout-flow\">\n<p>Type examens<\/p>\n\n\n\n<p>Format<\/p>\n\n\n\n<ul class=\"wp-block-list\"><li>\u0634\u062e\u0635\u064a\u0627<\/li><li>\u0639\u0644\u0649 \u0627\u0644\u062e\u0637<\/li><li>\u0647\u062c\u064a\u0646<\/li><li>\u0641\u064a \u0643\u0648\u0645\u0648\u062f\u0627\u0644<\/li><\/ul>\n\n\n\n<p>Type de cours<\/p>\n\n\n\n<ul class=\"wp-block-list\"><li>\u0627\u0644\u062f\u0648\u0631\u0627\u062a \u0627\u0644\u0639\u0627\u0645\u0629<\/li><li>\u062f\u0648\u0631\u0629 \u0627\u0644\u0644\u063a\u0629 \u0627\u0644\u062b\u0627\u0646\u064a\u0629<\/li><li>\u0648\u0627\u0633\u0639\u0629 \u0627\u0644\u0646\u0637\u0627\u0642 (32 \u0633\u0627\u0639\u0629)<\/li><li>\u0648\u0627\u0633\u0639\u0629 \u0627\u0644\u0646\u0637\u0627\u0642 (28 \u0633\u0627\u0639\u0629)<\/li><li>\u0645\u0643\u062b\u0641\u0629 (32 \u0633\u0627\u0639\u0629)<\/li><li>\u0645\u0643\u062b\u0641\u0629 + (48 \u0633\u0627\u0639\u0629)<\/li><\/ul>\n\n\n\n<p>P\u00e9riode<\/p>\n\n\n\n<ul class=\"wp-block-list\"><li>\u0631\u0628\u064a\u0639<\/li><li>\u0634\u062a\u0627\u0621<\/li><li>\u062e\u0631\u064a\u0641<\/li><li>\u0635\u064a\u0641<\/li><\/ul>\n\n\n\n<p>Niveau<\/p>\n\n\n\n<ul class=\"wp-block-list\"><li>Niveau A1.2 Plus<\/li><li>\u0627\u0644\u0645\u0633\u062a\u0648\u0649 A1.2<\/li><li>\u0627\u0644\u0645\u0633\u062a\u0648\u0649 A1.3<\/li><li>Niveau A2.1 Plus<\/li><li>\u0627\u0644\u0645\u0633\u062a\u0648\u0649 A2.1<\/li><li>\u0627\u0644\u0645\u0633\u062a\u0648\u0649 A2.2<\/li><li>\u0627\u0644\u0645\u0633\u062a\u0648\u0649 A2.3<\/li><li>\u0627\u0644\u0645\u0633\u062a\u0648\u0649 B1.1<\/li><li>\u0627\u0644\u0645\u0633\u062a\u0648\u0649 B1.2<\/li><li>\u0627\u0644\u0645\u0633\u062a\u0648\u0649 B1.3<\/li><li>Niveau B1.4<\/li><li>Niveau B1.5<\/li><li>Niveau B1.6<\/li><li>Niveau B1.7<\/li><li>Niveau B2.1<\/li><li>Niveau B2.2<\/li><li>Niveau C1.1<\/li><li>Niveau C1.6<\/li><li>Niveau FLS 12-15 ans\/yo<\/li><li>Niveau FLS 5-7 ans<\/li><li>Niveau FLS 8-11 ans<\/li><li>Niveau Les petits filous 1 (5-7 ans)<\/li><li>Niveau Les petits filous 2 (5-7 ans)<\/li><li>Niveau Les petits filous 4 (5-7 ans)<\/li><li>Niveau Les petits filous 5 (5-7 ans)<\/li><li>Niveau Les loustics 1A1.1 (8 &#8211; 11 ans)<\/li><li>Niveau Les ouistitis 1A1.1 (7-8 ans)<\/li><li>Niveau Les loustics A1.2 (8-11 ans)<\/li><li>Niveau Les loustics A1.3 (8-11 ans)<\/li><li>Niveau Les ouistitis A1.1 (7-8 ans)<\/li><li>Niveau Les loustics A2.1 (8-11 ans)<\/li><li>Niveau Les loustics A2.2 (8-11 ans)<\/li><li>Niveau Pr\u00e9-ados A2.3 (8-11 ans)<\/li><\/ul>\n\n\n\n<ul class=\"wp-block-list\" id=\"block-8aa46916-2427-438f-a05e-bb6f9d14972f\"><li>A1 &#8211; D\u00e9butant<\/li><li>A2 &#8211; D\u00e9butant confirm\u00e9<\/li><li>B1 &#8211; Interm\u00e9diaire<\/li><li>B2 &#8211; Avanc\u00e9<\/li><li>C1 &#8211; Autonome<\/li><li>&nbsp;Jeunes enfants<\/li><li>A&nbsp;1.1 &#8211; D\u00e9couverte<\/li><li><\/li><\/ul>\n\n\n\n<p><\/p>\n<\/div><\/div>\n\n\n\n<div class=\"wp-block-group\"><div class=\"wp-block-group__inner-container is-layout-flow wp-block-group-is-layout-flow\">\n<div class=\"wp-block-group\"><div class=\"wp-block-group__inner-container is-layout-flow wp-block-group-is-layout-flow\">\n<p>Le dipl\u00f4me professionnel en fran\u00e7ais langue \u00e9trang\u00e8re de l\u2019Alliance Fran\u00e7aise Paris Ile-de-France (<strong>DAEFLE)<\/strong>&nbsp;s\u2019adresse \u00e0 toute personne d\u00e9tentrice du baccalaur\u00e9at et au niveau C1 d\u00e9sire enseigner le fran\u00e7ais langue \u00e9trang\u00e8re (FLE) en France et\/ou \u00e0 l\u2019\u00e9tranger.&nbsp;<strong>ttention, inscriptions closes une semaine avant la date de l&rsquo;examen !&nbsp;<\/strong>&nbsp;Pour vous&nbsp;<strong>inscrire<\/strong>, merci de remplir&nbsp;<a href=\"https:\/\/if-qatar.com\/wordpress\/wp-content\/uploads\/2022\/05\/formulaire-Daefle.pdf\">formulaire Daefle<\/a>&nbsp;et de l&rsquo;envoyer \u00e0 info@if-qatar.com.<\/p>\n<\/div><\/div>\n<\/div><\/div>\n\n\n\n<p><\/p>\n\n\n\n<div class=\"wp-block-group\"><div class=\"wp-block-group__inner-container is-layout-flow wp-block-group-is-layout-flow\">\n<div class=\"wp-block-group\"><div class=\"wp-block-group__inner-container is-layout-flow wp-block-group-is-layout-flow\">\n<div class=\"wp-block-group\"><div class=\"wp-block-group__inner-container is-layout-flow wp-block-group-is-layout-flow\">\n<div class=\"wp-block-group\"><div class=\"wp-block-group__inner-container is-layout-flow wp-block-group-is-layout-flow\">\n<p>\u0627\u0644&nbsp;<strong>DELF \u0627\u0644\u0639\u0627\u0645\u0629<\/strong>&nbsp;(Dipl\u00f4mes d&rsquo;Etudes en Langue Fran\u00e7aise) est con\u00e7u pour les personnes d\u00e9sireuses d\u2019\u00e9valuer leur niveau de fran\u00e7ais \u00e0 des fins personnelles, acad\u00e9miques ou professionnelles et sont valables \u00e0 vie. Les \u00e9tudiants \u00e9trangers souhaitant poursuivre leurs \u00e9tudes en France sont tenus par les universit\u00e9s fran\u00e7aises de fournir un dipl\u00f4me DELF TP. Le DELF TP \u00e9value les niveaux (A1, A2, B1, B2) du cadre europ\u00e9en des langues (CECRL). Le DALF (Dipl\u00f4mes Approfondi en Langue Fran\u00e7aise) correspond aux niveaux avanc\u00e9s (C1, C2).&nbsp;<strong>Attention, inscriptions closes une semaine avant la date de l&rsquo;examen !<\/strong>&nbsp;Pour vous inscrire, merci de remplir&nbsp;<a href=\"https:\/\/if-qatar.com\/wordpress\/wp-content\/uploads\/2022\/04\/formulaire-delf-tp-tarifs-mis-a-jour.pdf\">formulaire-delf-tp-tarifs&nbsp;<\/a>et de l&rsquo;envoyer \u00e0 info@if-qatar.com<\/p>\n<\/div><\/div>\n<\/div><\/div>\n<\/div><\/div>\n\n\n\n<p><em>C\u2019est le niveau minimum pour obtenir la nationalit\u00e9 fran\u00e7aise.<\/em><\/p>\n\n\n\n<p><em>C\u2019est le niveau demand\u00e9 pour les \u00e9tudes en France et le minimum requis en cas d\u2019immigration au Canada.<\/em><\/p>\n<\/div><\/div>\n\n\n\n<div class=\"wp-block-group\"><div class=\"wp-block-group__inner-container is-layout-flow wp-block-group-is-layout-flow\">\n<ul class=\"wp-block-list\"><li><strong>Quand ?<\/strong><\/li><li><strong>O\u00f9 ?<\/strong><\/li><li><strong>Prix \/ R\u00e9servation<\/strong><\/li><li>Prix<\/li><li>Places<\/li><li>Commentaire<\/li><li>Envoyer votre demande de r\u00e9servation<\/li><\/ul>\n<\/div><\/div>\n\n\n\n<p><\/p>\n\n\n\n<p><\/p>","protected":false},"excerpt":{"rendered":"<p>Type examens Format En pr\u00e9sentiel En ligne Hybride En comodal Type de cours Cours g\u00e9n\u00e9raux Cours langue seconde Extensif (32h) Extensif (28h) Intensif (32h) Intensif + (48h) P\u00e9riode Printemps Hiver Automne Ete Niveau Niveau A1.2 Plus Niveau A1.2 Niveau A1.3 Niveau A2.1 Plus Niveau A2.1 Niveau A2.2 Niveau A2.3 Niveau B1.1 Niveau B1.2 Niveau B1.3 [&hellip;]<\/p>","protected":false},"author":1,"featured_media":0,"parent":0,"menu_order":0,"comment_status":"closed","ping_status":"closed","template":"templates\/template-cover.php","meta":{"om_disable_all_campaigns":false,"_monsterinsights_skip_tracking":false,"_monsterinsights_sitenote_active":false,"_monsterinsights_sitenote_note":"","_monsterinsights_sitenote_category":0,"footnotes":""},"class_list":["post-5900","page","type-page","status-publish","hentry"],"yoast_head":"<!-- This site is optimized with the Yoast SEO plugin v24.0 - https:\/\/yoast.com\/wordpress\/plugins\/seo\/ -->\n<title>TranslatePress - Institut Fran\u00e7ais du Qatar<\/title>\n<meta name=\"robots\" content=\"index, follow, max-snippet:-1, max-image-preview:large, max-video-preview:-1\" \/>\n<link rel=\"canonical\" href=\"https:\/\/if-qatar.com\/ar\/translatepress\/\" \/>\n<meta property=\"og:locale\" content=\"ar_AR\" \/>\n<meta property=\"og:type\" content=\"article\" \/>\n<meta property=\"og:title\" content=\"TranslatePress - Institut Fran\u00e7ais du Qatar\" \/>\n<meta property=\"og:description\" content=\"Type examens Format En pr\u00e9sentiel En ligne Hybride En comodal Type de cours Cours g\u00e9n\u00e9raux Cours langue seconde Extensif (32h) Extensif (28h) Intensif (32h) Intensif + (48h) P\u00e9riode Printemps Hiver Automne Ete Niveau Niveau A1.2 Plus Niveau A1.2 Niveau A1.3 Niveau A2.1 Plus Niveau A2.1 Niveau A2.2 Niveau A2.3 Niveau B1.1 Niveau B1.2 Niveau B1.3 [&hellip;]\" \/>\n<meta property=\"og:url\" content=\"https:\/\/if-qatar.com\/ar\/translatepress\/\" \/>\n<meta property=\"og:site_name\" content=\"Institut Fran\u00e7ais du Qatar\" \/>\n<meta property=\"article:modified_time\" content=\"2022-11-19T17:47:23+00:00\" \/>\n<meta name=\"twitter:card\" content=\"summary_large_image\" \/>\n<meta name=\"twitter:label1\" content=\"\u0648\u0642\u062a \u0627\u0644\u0642\u0631\u0627\u0621\u0629 \u0627\u0644\u0645\u064f\u0642\u062f\u0651\u0631\" \/>\n\t<meta name=\"twitter:data1\" content=\"\u062f\u0642\u064a\u0642\u062a\u0627\u0646\" \/>\n<script type=\"application\/ld+json\" class=\"yoast-schema-graph\">{\"@context\":\"https:\/\/schema.org\",\"@graph\":[{\"@type\":\"WebPage\",\"@id\":\"https:\/\/if-qatar.com\/translatepress\/\",\"url\":\"https:\/\/if-qatar.com\/translatepress\/\",\"name\":\"TranslatePress - Institut Fran\u00e7ais du Qatar\",\"isPartOf\":{\"@id\":\"https:\/\/if-qatar.com\/ar\/#website\"},\"datePublished\":\"2022-06-13T08:38:39+00:00\",\"dateModified\":\"2022-11-19T17:47:23+00:00\",\"breadcrumb\":{\"@id\":\"https:\/\/if-qatar.com\/translatepress\/#breadcrumb\"},\"inLanguage\":\"ar\",\"potentialAction\":[{\"@type\":\"ReadAction\",\"target\":[\"https:\/\/if-qatar.com\/translatepress\/\"]}]},{\"@type\":\"BreadcrumbList\",\"@id\":\"https:\/\/if-qatar.com\/translatepress\/#breadcrumb\",\"itemListElement\":[{\"@type\":\"ListItem\",\"position\":1,\"name\":\"Accueil\",\"item\":\"https:\/\/if-qatar.com\/\"},{\"@type\":\"ListItem\",\"position\":2,\"name\":\"TranslatePress\"}]},{\"@type\":\"WebSite\",\"@id\":\"https:\/\/if-qatar.com\/ar\/#website\",\"url\":\"https:\/\/if-qatar.com\/ar\/\",\"name\":\"Institut Fran\u00e7ais du Qatar\",\"description\":\"\",\"publisher\":{\"@id\":\"https:\/\/if-qatar.com\/ar\/#organization\"},\"potentialAction\":[{\"@type\":\"SearchAction\",\"target\":{\"@type\":\"EntryPoint\",\"urlTemplate\":\"https:\/\/if-qatar.com\/ar\/?s={search_term_string}\"},\"query-input\":{\"@type\":\"PropertyValueSpecification\",\"valueRequired\":true,\"valueName\":\"search_term_string\"}}],\"inLanguage\":\"ar\"},{\"@type\":\"Organization\",\"@id\":\"https:\/\/if-qatar.com\/ar\/#organization\",\"name\":\"Institut Fran\u00e7ais du Qatar\",\"url\":\"https:\/\/if-qatar.com\/ar\/\",\"logo\":{\"@type\":\"ImageObject\",\"inLanguage\":\"ar\",\"@id\":\"https:\/\/if-qatar.com\/ar\/#\/schema\/logo\/image\/\",\"url\":\"https:\/\/if-qatar.com\/wordpress\/wp-content\/uploads\/2022\/10\/LOGO-IFQ-Fond-blanc-Bleu_Plan-de-travail-1.png\",\"contentUrl\":\"https:\/\/if-qatar.com\/wordpress\/wp-content\/uploads\/2022\/10\/LOGO-IFQ-Fond-blanc-Bleu_Plan-de-travail-1.png\",\"width\":2481,\"height\":1636,\"caption\":\"Institut Fran\u00e7ais du Qatar\"},\"image\":{\"@id\":\"https:\/\/if-qatar.com\/ar\/#\/schema\/logo\/image\/\"}}]}<\/script>\n<!-- \/ Yoast SEO plugin. -->","yoast_head_json":{"title":"TranslatePress - Institut Fran\u00e7ais du Qatar","robots":{"index":"index","follow":"follow","max-snippet":"max-snippet:-1","max-image-preview":"max-image-preview:large","max-video-preview":"max-video-preview:-1"},"canonical":"https:\/\/if-qatar.com\/ar\/translatepress\/","og_locale":"ar_AR","og_type":"article","og_title":"TranslatePress - Institut Fran\u00e7ais du Qatar","og_description":"Type examens Format En pr\u00e9sentiel En ligne Hybride En comodal Type de cours Cours g\u00e9n\u00e9raux Cours langue seconde Extensif (32h) Extensif (28h) Intensif (32h) Intensif + (48h) P\u00e9riode Printemps Hiver Automne Ete Niveau Niveau A1.2 Plus Niveau A1.2 Niveau A1.3 Niveau A2.1 Plus Niveau A2.1 Niveau A2.2 Niveau A2.3 Niveau B1.1 Niveau B1.2 Niveau B1.3 [&hellip;]","og_url":"https:\/\/if-qatar.com\/ar\/translatepress\/","og_site_name":"Institut Fran\u00e7ais du Qatar","article_modified_time":"2022-11-19T17:47:23+00:00","twitter_card":"summary_large_image","twitter_misc":{"\u0648\u0642\u062a \u0627\u0644\u0642\u0631\u0627\u0621\u0629 \u0627\u0644\u0645\u064f\u0642\u062f\u0651\u0631":"\u062f\u0642\u064a\u0642\u062a\u0627\u0646"},"schema":{"@context":"https:\/\/schema.org","@graph":[{"@type":"WebPage","@id":"https:\/\/if-qatar.com\/translatepress\/","url":"https:\/\/if-qatar.com\/translatepress\/","name":"TranslatePress - Institut Fran\u00e7ais du Qatar","isPartOf":{"@id":"https:\/\/if-qatar.com\/ar\/#website"},"datePublished":"2022-06-13T08:38:39+00:00","dateModified":"2022-11-19T17:47:23+00:00","breadcrumb":{"@id":"https:\/\/if-qatar.com\/translatepress\/#breadcrumb"},"inLanguage":"ar","potentialAction":[{"@type":"ReadAction","target":["https:\/\/if-qatar.com\/translatepress\/"]}]},{"@type":"BreadcrumbList","@id":"https:\/\/if-qatar.com\/translatepress\/#breadcrumb","itemListElement":[{"@type":"ListItem","position":1,"name":"Accueil","item":"https:\/\/if-qatar.com\/"},{"@type":"ListItem","position":2,"name":"TranslatePress"}]},{"@type":"WebSite","@id":"https:\/\/if-qatar.com\/ar\/#website","url":"https:\/\/if-qatar.com\/ar\/","name":"Institut Fran\u00e7ais du Qatar","description":"","publisher":{"@id":"https:\/\/if-qatar.com\/ar\/#organization"},"potentialAction":[{"@type":"SearchAction","target":{"@type":"EntryPoint","urlTemplate":"https:\/\/if-qatar.com\/ar\/?s={search_term_string}"},"query-input":{"@type":"PropertyValueSpecification","valueRequired":true,"valueName":"search_term_string"}}],"inLanguage":"ar"},{"@type":"Organization","@id":"https:\/\/if-qatar.com\/ar\/#organization","name":"Institut Fran\u00e7ais du Qatar","url":"https:\/\/if-qatar.com\/ar\/","logo":{"@type":"ImageObject","inLanguage":"ar","@id":"https:\/\/if-qatar.com\/ar\/#\/schema\/logo\/image\/","url":"https:\/\/if-qatar.com\/wordpress\/wp-content\/uploads\/2022\/10\/LOGO-IFQ-Fond-blanc-Bleu_Plan-de-travail-1.png","contentUrl":"https:\/\/if-qatar.com\/wordpress\/wp-content\/uploads\/2022\/10\/LOGO-IFQ-Fond-blanc-Bleu_Plan-de-travail-1.png","width":2481,"height":1636,"caption":"Institut Fran\u00e7ais du Qatar"},"image":{"@id":"https:\/\/if-qatar.com\/ar\/#\/schema\/logo\/image\/"}}]}},"_links":{"self":[{"href":"https:\/\/if-qatar.com\/ar\/wp-json\/wp\/v2\/pages\/5900"}],"collection":[{"href":"https:\/\/if-qatar.com\/ar\/wp-json\/wp\/v2\/pages"}],"about":[{"href":"https:\/\/if-qatar.com\/ar\/wp-json\/wp\/v2\/types\/page"}],"author":[{"embeddable":true,"href":"https:\/\/if-qatar.com\/ar\/wp-json\/wp\/v2\/users\/1"}],"replies":[{"embeddable":true,"href":"https:\/\/if-qatar.com\/ar\/wp-json\/wp\/v2\/comments?post=5900"}],"version-history":[{"count":38,"href":"https:\/\/if-qatar.com\/ar\/wp-json\/wp\/v2\/pages\/5900\/revisions"}],"predecessor-version":[{"id":6335,"href":"https:\/\/if-qatar.com\/ar\/wp-json\/wp\/v2\/pages\/5900\/revisions\/6335"}],"wp:attachment":[{"href":"https:\/\/if-qatar.com\/ar\/wp-json\/wp\/v2\/media?parent=5900"}],"curies":[{"name":"wp","href":"https:\/\/api.w.org\/{rel}","templated":true}]}}