{"id":5209,"date":"2022-03-15T15:53:04","date_gmt":"2022-03-15T12:53:04","guid":{"rendered":"https:\/\/if-qatar.com\/?page_id=5209"},"modified":"2024-01-07T16:28:15","modified_gmt":"2024-01-07T13:28:15","slug":"test-de-positionnement","status":"publish","type":"page","link":"https:\/\/if-qatar.com\/ar\/test-de-positionnement\/","title":{"rendered":"Test de positionnement"},"content":{"rendered":"<div class=\"wp-block-group add-padding\"><div class=\"wp-block-group__inner-container is-layout-flow wp-block-group-is-layout-flow\">\t\t\t<!-- Flexy Breadcrumb -->\r\n\t\t\t<div class=\"fbc fbc-page\">\r\n\r\n\t\t\t\t<!-- Breadcrumb wrapper -->\r\n\t\t\t\t<div class=\"fbc-wrap\">\r\n\r\n\t\t\t\t\t<!-- Ordered list-->\r\n\t\t\t\t\t<ol class=\"fbc-items\" itemscope itemtype=\"https:\/\/schema.org\/BreadcrumbList\">\r\n\t\t\t\t\t\t            <li itemprop=\"itemListElement\" itemscope itemtype=\"https:\/\/schema.org\/ListItem\">\r\n                <span itemprop=\"name\">\r\n                    <!-- Home Link -->\r\n                    <a itemprop=\"item\" href=\"https:\/\/if-qatar.com\/ar\/\">\r\n                    \r\n                                                    <i class=\"fa fa-home\" aria-hidden=\"true\"><\/i>\u0635\u0641\u062d\u0629 \u0631\u0626\u064a\u0633\u064a\u0629                    <\/a>\r\n                <\/span>\r\n                <meta itemprop=\"position\" content=\"1\" \/><!-- Meta Position-->\r\n             <\/li><li><span class=\"fbc-separator\">\/<\/span><\/li><li class=\"active\" itemprop=\"itemListElement\" itemscope itemtype=\"https:\/\/schema.org\/ListItem\"><span itemprop=\"name\" title=\"Test de positionnement\">Test de positionnement<\/span><meta itemprop=\"position\" content=\"2\" \/><\/li>\t\t\t\t\t<\/ol>\r\n\t\t\t\t\t<div class=\"clearfix\"><\/div>\r\n\t\t\t\t<\/div>\r\n\t\t\t<\/div>\r\n\t\t\t\n\n\n\n<h2 class=\"wp-block-heading\"><strong>Test de positionnement<\/strong><\/h2>\n\n\n\n<h3 class=\"wp-block-heading\"><strong>Pourquoi ?<\/strong> <\/h3>\n\n\n\n<ul class=\"wp-block-list\">\n<li>Vous voulez vous inscrire dans un cours mais vous n\u2019\u00eates pas s\u00fbr(e) de votre niveau. <\/li>\n\n\n\n<li>Vous voulez vous inscrire \u00e0 un examen de fran\u00e7ais mais vous ne savez pas si vous avez le bon niveau (recommand\u00e9 pour le DELF\/DALF)<\/li>\n<\/ul>\n\n\n\n<p>Attention: Ev@lang est un test non certifiant, qui ne remplace pas un examen officiel. Il nous sert d\u2019indication pour le niveau.<\/p>\n\n\n\n<h3 class=\"wp-block-heading\"><strong>Pour qui ?<\/strong><\/h3>\n\n\n\n<p>Pour tous les apprenants qui s\u2019inscrivent pour la premi\u00e8re fois \u00e0 l\u2019Institut fran\u00e7ais du Qatar, sauf si vous \u00eates d\u00e9butant absolu.<\/p>\n\n\n\n<p>Nous faisons passer ainsi des tests aux adultes, aux adolescents, aux pr\u00e9-ados et aux enfants, afin de pouvoir les orienter dans le cours le plus adapt\u00e9 \u00e0 leurs besoins.<\/p>\n\n\n\n<p>Les adultes effectuent le test en deux temps: une partie sur l\u2019ordinateur avec le logiciel Ev@lang, puis un entretien avec un professeur pour v\u00e9rifier le niveau \u00e0 l\u2019oral.<\/p>\n\n\n\n<p>Les autres publics ont seulement un entretien oral, qui pourra \u00eatre compl\u00e9t\u00e9 si n\u00e9cessaire par des petites t\u00e2ches \u00e0 l\u2019\u00e9crit, selon le niveau.<\/p>\n\n\n\n<h3 class=\"wp-block-heading\"><strong>Comment ?<\/strong><\/h3>\n\n\n\n<p>En prenant rendez-vous au pr\u00e9alable avec l\u2019accueil de l\u2019Institut Fran\u00e7ais du Qatar : <a href=\"mailto:info@if-qatar.com\">info@if-qatar.com<\/a> pour r\u00e9server un cr\u00e9neau pour la partie sur l\u2019ordinateur (possible aussi depuis le maison) et l\u2019entretien avec le professeur (possible aussi en ligne, sur Zoom)<\/p>\n\n\n\n<p>Comptez 1h pour un test adulte (40minutes pour la partie en ligne et 20 minutes d\u2019entretien) et en moyenne 20-25 minutes pour les autres publics.<\/p>\n\n\n\n<h3 class=\"wp-block-heading\"><strong>Combien<\/strong><strong> ?<\/strong><\/h3>\n\n\n\n<p>100 QAR pour les adultes<\/p>\n\n\n\n<p>50 QAR pour les adolescents\/pr\u00e9-ados\/enfants<\/p>\n\n\n\n<p>Vous pouvez nous faire un virement ou venir nous payer directement \u00e0 l&rsquo;Institut.<\/p>\n\n\n\n<div class=\"wp-block-buttons is-content-justification-center is-layout-flex wp-container-core-buttons-is-layout-1 wp-block-buttons-is-layout-flex\">\n<div class=\"wp-block-button\"><a class=\"wp-block-button__link wp-element-button\" href=\"https:\/\/wa.me\/97431680085\">CHAT ON <strong>WhatsApp<\/strong><\/a><\/div>\n<\/div>\n<\/div><\/div>","protected":false},"excerpt":{"rendered":"<p>Test de positionnement Pourquoi ? Attention: Ev@lang est un test non certifiant, qui ne remplace pas un examen officiel. Il nous sert d\u2019indication pour le niveau. Pour qui ? Pour tous les apprenants qui s\u2019inscrivent pour la premi\u00e8re fois \u00e0 l\u2019Institut fran\u00e7ais du Qatar, sauf si vous \u00eates d\u00e9butant absolu. Nous faisons passer ainsi des [&hellip;]<\/p>","protected":false},"author":1,"featured_media":5323,"parent":0,"menu_order":0,"comment_status":"closed","ping_status":"closed","template":"templates\/template-cover.php","meta":{"om_disable_all_campaigns":false,"_monsterinsights_skip_tracking":false,"_monsterinsights_sitenote_active":false,"_monsterinsights_sitenote_note":"","_monsterinsights_sitenote_category":0,"footnotes":""},"class_list":["post-5209","page","type-page","status-publish","has-post-thumbnail","hentry"],"yoast_head":"<!-- This site is optimized with the Yoast SEO plugin v24.0 - https:\/\/yoast.com\/wordpress\/plugins\/seo\/ -->\n<title>Test de positionnement - Institut Fran\u00e7ais du Qatar<\/title>\n<meta name=\"robots\" content=\"index, follow, max-snippet:-1, max-image-preview:large, max-video-preview:-1\" \/>\n<link rel=\"canonical\" href=\"https:\/\/if-qatar.com\/ar\/test-de-positionnement\/\" \/>\n<meta property=\"og:locale\" content=\"ar_AR\" \/>\n<meta property=\"og:type\" content=\"article\" \/>\n<meta property=\"og:title\" content=\"Test de positionnement - Institut Fran\u00e7ais du Qatar\" \/>\n<meta property=\"og:description\" content=\"Test de positionnement Pourquoi ? Attention: Ev@lang est un test non certifiant, qui ne remplace pas un examen officiel. Il nous sert d\u2019indication pour le niveau. Pour qui ? Pour tous les apprenants qui s\u2019inscrivent pour la premi\u00e8re fois \u00e0 l\u2019Institut fran\u00e7ais du Qatar, sauf si vous \u00eates d\u00e9butant absolu. Nous faisons passer ainsi des [&hellip;]\" \/>\n<meta property=\"og:url\" content=\"https:\/\/if-qatar.com\/ar\/test-de-positionnement\/\" \/>\n<meta property=\"og:site_name\" content=\"Institut Fran\u00e7ais du Qatar\" \/>\n<meta property=\"article:modified_time\" content=\"2024-01-07T13:28:15+00:00\" \/>\n<meta property=\"og:image\" content=\"https:\/\/if-qatar.com\/wordpress\/wp-content\/uploads\/2022\/03\/hand-writing-on-paper-with-pen-1-scaled.jpg\" \/>\n\t<meta property=\"og:image:width\" content=\"2560\" \/>\n\t<meta property=\"og:image:height\" content=\"1607\" \/>\n\t<meta property=\"og:image:type\" content=\"image\/jpeg\" \/>\n<meta name=\"twitter:card\" content=\"summary_large_image\" \/>\n<meta name=\"twitter:label1\" content=\"\u0648\u0642\u062a \u0627\u0644\u0642\u0631\u0627\u0621\u0629 \u0627\u0644\u0645\u064f\u0642\u062f\u0651\u0631\" \/>\n\t<meta name=\"twitter:data1\" content=\"\u062f\u0642\u064a\u0642\u0629 \u0648\u0627\u062d\u062f\u0629\" \/>\n<script type=\"application\/ld+json\" class=\"yoast-schema-graph\">{\"@context\":\"https:\/\/schema.org\",\"@graph\":[{\"@type\":\"WebPage\",\"@id\":\"https:\/\/if-qatar.com\/test-de-positionnement\/\",\"url\":\"https:\/\/if-qatar.com\/test-de-positionnement\/\",\"name\":\"Test de positionnement - Institut Fran\u00e7ais du Qatar\",\"isPartOf\":{\"@id\":\"https:\/\/if-qatar.com\/ar\/#website\"},\"primaryImageOfPage\":{\"@id\":\"https:\/\/if-qatar.com\/test-de-positionnement\/#primaryimage\"},\"image\":{\"@id\":\"https:\/\/if-qatar.com\/test-de-positionnement\/#primaryimage\"},\"thumbnailUrl\":\"https:\/\/if-qatar.com\/wordpress\/wp-content\/uploads\/2022\/03\/hand-writing-on-paper-with-pen-1-scaled.jpg\",\"datePublished\":\"2022-03-15T12:53:04+00:00\",\"dateModified\":\"2024-01-07T13:28:15+00:00\",\"breadcrumb\":{\"@id\":\"https:\/\/if-qatar.com\/test-de-positionnement\/#breadcrumb\"},\"inLanguage\":\"ar\",\"potentialAction\":[{\"@type\":\"ReadAction\",\"target\":[\"https:\/\/if-qatar.com\/test-de-positionnement\/\"]}]},{\"@type\":\"ImageObject\",\"inLanguage\":\"ar\",\"@id\":\"https:\/\/if-qatar.com\/test-de-positionnement\/#primaryimage\",\"url\":\"https:\/\/if-qatar.com\/wordpress\/wp-content\/uploads\/2022\/03\/hand-writing-on-paper-with-pen-1-scaled.jpg\",\"contentUrl\":\"https:\/\/if-qatar.com\/wordpress\/wp-content\/uploads\/2022\/03\/hand-writing-on-paper-with-pen-1-scaled.jpg\",\"width\":2560,\"height\":1607,\"caption\":\"Hand with pen over application form\"},{\"@type\":\"BreadcrumbList\",\"@id\":\"https:\/\/if-qatar.com\/test-de-positionnement\/#breadcrumb\",\"itemListElement\":[{\"@type\":\"ListItem\",\"position\":1,\"name\":\"Accueil\",\"item\":\"https:\/\/if-qatar.com\/\"},{\"@type\":\"ListItem\",\"position\":2,\"name\":\"Test de positionnement\"}]},{\"@type\":\"WebSite\",\"@id\":\"https:\/\/if-qatar.com\/ar\/#website\",\"url\":\"https:\/\/if-qatar.com\/ar\/\",\"name\":\"Institut Fran\u00e7ais du Qatar\",\"description\":\"\",\"publisher\":{\"@id\":\"https:\/\/if-qatar.com\/ar\/#organization\"},\"potentialAction\":[{\"@type\":\"SearchAction\",\"target\":{\"@type\":\"EntryPoint\",\"urlTemplate\":\"https:\/\/if-qatar.com\/ar\/?s={search_term_string}\"},\"query-input\":{\"@type\":\"PropertyValueSpecification\",\"valueRequired\":true,\"valueName\":\"search_term_string\"}}],\"inLanguage\":\"ar\"},{\"@type\":\"Organization\",\"@id\":\"https:\/\/if-qatar.com\/ar\/#organization\",\"name\":\"Institut Fran\u00e7ais du Qatar\",\"url\":\"https:\/\/if-qatar.com\/ar\/\",\"logo\":{\"@type\":\"ImageObject\",\"inLanguage\":\"ar\",\"@id\":\"https:\/\/if-qatar.com\/ar\/#\/schema\/logo\/image\/\",\"url\":\"https:\/\/if-qatar.com\/wordpress\/wp-content\/uploads\/2022\/10\/LOGO-IFQ-Fond-blanc-Bleu_Plan-de-travail-1.png\",\"contentUrl\":\"https:\/\/if-qatar.com\/wordpress\/wp-content\/uploads\/2022\/10\/LOGO-IFQ-Fond-blanc-Bleu_Plan-de-travail-1.png\",\"width\":2481,\"height\":1636,\"caption\":\"Institut Fran\u00e7ais du Qatar\"},\"image\":{\"@id\":\"https:\/\/if-qatar.com\/ar\/#\/schema\/logo\/image\/\"}}]}<\/script>\n<!-- \/ Yoast SEO plugin. -->","yoast_head_json":{"title":"Test de positionnement - Institut Fran\u00e7ais du Qatar","robots":{"index":"index","follow":"follow","max-snippet":"max-snippet:-1","max-image-preview":"max-image-preview:large","max-video-preview":"max-video-preview:-1"},"canonical":"https:\/\/if-qatar.com\/ar\/test-de-positionnement\/","og_locale":"ar_AR","og_type":"article","og_title":"Test de positionnement - Institut Fran\u00e7ais du Qatar","og_description":"Test de positionnement Pourquoi ? Attention: Ev@lang est un test non certifiant, qui ne remplace pas un examen officiel. Il nous sert d\u2019indication pour le niveau. Pour qui ? Pour tous les apprenants qui s\u2019inscrivent pour la premi\u00e8re fois \u00e0 l\u2019Institut fran\u00e7ais du Qatar, sauf si vous \u00eates d\u00e9butant absolu. Nous faisons passer ainsi des [&hellip;]","og_url":"https:\/\/if-qatar.com\/ar\/test-de-positionnement\/","og_site_name":"Institut Fran\u00e7ais du Qatar","article_modified_time":"2024-01-07T13:28:15+00:00","og_image":[{"width":2560,"height":1607,"url":"https:\/\/if-qatar.com\/wordpress\/wp-content\/uploads\/2022\/03\/hand-writing-on-paper-with-pen-1-scaled.jpg","type":"image\/jpeg"}],"twitter_card":"summary_large_image","twitter_misc":{"\u0648\u0642\u062a \u0627\u0644\u0642\u0631\u0627\u0621\u0629 \u0627\u0644\u0645\u064f\u0642\u062f\u0651\u0631":"\u062f\u0642\u064a\u0642\u0629 \u0648\u0627\u062d\u062f\u0629"},"schema":{"@context":"https:\/\/schema.org","@graph":[{"@type":"WebPage","@id":"https:\/\/if-qatar.com\/test-de-positionnement\/","url":"https:\/\/if-qatar.com\/test-de-positionnement\/","name":"Test de positionnement - Institut Fran\u00e7ais du Qatar","isPartOf":{"@id":"https:\/\/if-qatar.com\/ar\/#website"},"primaryImageOfPage":{"@id":"https:\/\/if-qatar.com\/test-de-positionnement\/#primaryimage"},"image":{"@id":"https:\/\/if-qatar.com\/test-de-positionnement\/#primaryimage"},"thumbnailUrl":"https:\/\/if-qatar.com\/wordpress\/wp-content\/uploads\/2022\/03\/hand-writing-on-paper-with-pen-1-scaled.jpg","datePublished":"2022-03-15T12:53:04+00:00","dateModified":"2024-01-07T13:28:15+00:00","breadcrumb":{"@id":"https:\/\/if-qatar.com\/test-de-positionnement\/#breadcrumb"},"inLanguage":"ar","potentialAction":[{"@type":"ReadAction","target":["https:\/\/if-qatar.com\/test-de-positionnement\/"]}]},{"@type":"ImageObject","inLanguage":"ar","@id":"https:\/\/if-qatar.com\/test-de-positionnement\/#primaryimage","url":"https:\/\/if-qatar.com\/wordpress\/wp-content\/uploads\/2022\/03\/hand-writing-on-paper-with-pen-1-scaled.jpg","contentUrl":"https:\/\/if-qatar.com\/wordpress\/wp-content\/uploads\/2022\/03\/hand-writing-on-paper-with-pen-1-scaled.jpg","width":2560,"height":1607,"caption":"Hand with pen over application form"},{"@type":"BreadcrumbList","@id":"https:\/\/if-qatar.com\/test-de-positionnement\/#breadcrumb","itemListElement":[{"@type":"ListItem","position":1,"name":"Accueil","item":"https:\/\/if-qatar.com\/"},{"@type":"ListItem","position":2,"name":"Test de positionnement"}]},{"@type":"WebSite","@id":"https:\/\/if-qatar.com\/ar\/#website","url":"https:\/\/if-qatar.com\/ar\/","name":"Institut Fran\u00e7ais du Qatar","description":"","publisher":{"@id":"https:\/\/if-qatar.com\/ar\/#organization"},"potentialAction":[{"@type":"SearchAction","target":{"@type":"EntryPoint","urlTemplate":"https:\/\/if-qatar.com\/ar\/?s={search_term_string}"},"query-input":{"@type":"PropertyValueSpecification","valueRequired":true,"valueName":"search_term_string"}}],"inLanguage":"ar"},{"@type":"Organization","@id":"https:\/\/if-qatar.com\/ar\/#organization","name":"Institut Fran\u00e7ais du Qatar","url":"https:\/\/if-qatar.com\/ar\/","logo":{"@type":"ImageObject","inLanguage":"ar","@id":"https:\/\/if-qatar.com\/ar\/#\/schema\/logo\/image\/","url":"https:\/\/if-qatar.com\/wordpress\/wp-content\/uploads\/2022\/10\/LOGO-IFQ-Fond-blanc-Bleu_Plan-de-travail-1.png","contentUrl":"https:\/\/if-qatar.com\/wordpress\/wp-content\/uploads\/2022\/10\/LOGO-IFQ-Fond-blanc-Bleu_Plan-de-travail-1.png","width":2481,"height":1636,"caption":"Institut Fran\u00e7ais du Qatar"},"image":{"@id":"https:\/\/if-qatar.com\/ar\/#\/schema\/logo\/image\/"}}]}},"_links":{"self":[{"href":"https:\/\/if-qatar.com\/ar\/wp-json\/wp\/v2\/pages\/5209"}],"collection":[{"href":"https:\/\/if-qatar.com\/ar\/wp-json\/wp\/v2\/pages"}],"about":[{"href":"https:\/\/if-qatar.com\/ar\/wp-json\/wp\/v2\/types\/page"}],"author":[{"embeddable":true,"href":"https:\/\/if-qatar.com\/ar\/wp-json\/wp\/v2\/users\/1"}],"replies":[{"embeddable":true,"href":"https:\/\/if-qatar.com\/ar\/wp-json\/wp\/v2\/comments?post=5209"}],"version-history":[{"count":13,"href":"https:\/\/if-qatar.com\/ar\/wp-json\/wp\/v2\/pages\/5209\/revisions"}],"predecessor-version":[{"id":7473,"href":"https:\/\/if-qatar.com\/ar\/wp-json\/wp\/v2\/pages\/5209\/revisions\/7473"}],"wp:featuredmedia":[{"embeddable":true,"href":"https:\/\/if-qatar.com\/ar\/wp-json\/wp\/v2\/media\/5323"}],"wp:attachment":[{"href":"https:\/\/if-qatar.com\/ar\/wp-json\/wp\/v2\/media?parent=5209"}],"curies":[{"name":"wp","href":"https:\/\/api.w.org\/{rel}","templated":true}]}}