{"id":5197,"date":"2022-03-13T21:57:07","date_gmt":"2022-03-13T18:57:07","guid":{"rendered":"https:\/\/if-qatar.com\/?page_id=5197"},"modified":"2022-12-15T10:42:15","modified_gmt":"2022-12-15T07:42:15","slug":"activites","status":"publish","type":"page","link":"https:\/\/if-qatar.com\/ar\/mediatheque\/activites\/","title":{"rendered":"\u0627\u0644\u0627\u0646\u0634\u0637\u0647"},"content":{"rendered":"<div class=\"wp-block-group add-padding\"><div class=\"wp-block-group__inner-container is-layout-flow wp-block-group-is-layout-flow\"><\/div><\/div>\n\n\n\n<div class=\"wp-block-group\"><div class=\"wp-block-group__inner-container is-layout-flow wp-block-group-is-layout-flow\">\n<h4 class=\"wp-block-heading\"><strong>\u062f\u0631\u0648\u0633 \u0627\u0644\u062a\u0631\u062d\u064a\u0628 \u0641\u064a \u0645\u0643\u062a\u0628\u0629 \u0627\u0644\u0648\u0633\u0627\u0626\u0637<\/strong><\/h4>\n\n\n\n<p>\u062a\u062f\u0639\u0648 \u0627\u0644\u0645\u0643\u062a\u0628\u0629 \u0627\u0644\u0625\u0639\u0644\u0627\u0645\u064a\u0629 \u0644\u0644\u0645\u0639\u0647\u062f \u0627\u0644\u0641\u0631\u0646\u0633\u064a \u0627\u0644\u0645\u0639\u0644\u0645\u064a\u0646 \u0645\u0646 \u0642\u0637\u0631 \u0644\u0644\u062d\u0636\u0648\u0631 \u0645\u0639 \u0637\u0644\u0627\u0628\u0647\u0645 \u0644\u0627\u0643\u062a\u0634\u0627\u0641 \u0645\u0643\u062a\u0628\u0629 \u0627\u0644\u0648\u0633\u0627\u0626\u0637 \u0648\u0627\u0644\u0642\u064a\u0627\u0645 \u0628\u0623\u0646\u0634\u0637\u0629 \u0645\u0639 \u0623\u0645\u064a\u0646 \u0645\u0643\u062a\u0628\u0629 \u0648\u0633\u0627\u0626\u0644 \u0627\u0644\u0625\u0639\u0644\u0627\u0645! <\/p>\n\n\n\n<p><strong>\u0627\u0631\u0633\u0644 \u0631\u0633\u0627\u0644\u0629 \u0625\u0644\u0649 mediatheque@if-qatar.com<\/strong><\/p>\n\n\n\n<h5 class=\"wp-block-heading\"><strong>\u0644\u0645\u0627\u0630\u0627 \u0647\u0630\u0627 \u0645\u0647\u0645\u061f<\/strong><\/h5>\n\n\n\n<p>\u0645\u0646 \u0627\u062c\u0644 \u0627\u0644\u062a\u0644\u0627\u0645\u064a\u0630 :<\/p>\n\n\n\n<ul class=\"wp-block-list\"><li>\u062a\u0637\u0648\u064a\u0631 \u0637\u0639\u0645 \u0627\u0644\u0642\u0631\u0627\u0621\u0629 \u0648\u0627\u0643\u062a\u0634\u0627\u0641 \u0623\u062f\u0628 \u0627\u0644\u0623\u0637\u0641\u0627\u0644<\/li><li>\u0637\u0648\u0631 \u062b\u0642\u0627\u0641\u062a\u0643 \u0648\u062a\u0641\u0643\u064a\u0631\u0643 \u0627\u0644\u0646\u0642\u062f\u064a \u0648\u062e\u064a\u0627\u0644\u0643<\/li><li>\u0627\u0644\u062d\u0635\u0648\u0644 \u0639\u0644\u0649 \u0645\u0644\u0643\u064a\u0629 \u0627\u0644\u0645\u0633\u0627\u062d\u0629 \u0648\u0627\u0644\u0645\u0648\u0627\u0631\u062f \u0627\u0644\u0645\u062a\u0627\u062d\u0629<\/li><li>\u0627\u0644\u0639\u0645\u0644 \u0639\u0644\u0649 \u0627\u0644\u0644\u063a\u0629 \u0627\u0644\u0641\u0631\u0646\u0633\u064a\u0629 \u0641\u064a \u0627\u0644\u0627\u0646\u063a\u0645\u0627\u0633<\/li><\/ul>\n\n\n\n<p>\u0644\u0644\u0645\u062f\u0631\u0633\u0629:<\/p>\n\n\n\n<ul class=\"wp-block-list\"><li>\u062a\u0628\u0627\u062f\u0644  \u0627\u0644\u0645\u0645\u0627\u0631\u0633\u0627\u062a \u0627\u0644\u062c\u064a\u062f\u0629 \u0645\u0639 \u0623\u0645\u064a\u0646 \u0627\u0644\u0645\u0643\u062a\u0628\u0629<\/li><li>\u062a\u0646\u0648\u064a\u0639 \u0627\u0644\u0623\u0646\u0634\u0637\u0629 \u0645\u0639 \u062a\u0644\u0627\u0645\u064a\u0630 \u0627\u0644\u0645\u062f\u0631\u0633\u0629<\/li><li>\u0627\u0633\u062a\u0639\u0627\u0631\u0629 \u0627\u0644\u0645\u0648\u0627\u0631\u062f \u0627\u0644\u0648\u062b\u0627\u0626\u0642\u064a\u0629 \u0628\u0627\u0644\u0644\u063a\u0629 \u0627\u0644\u0641\u0631\u0646\u0633\u064a\u0629 \u0643\u0644\u063a\u0629 \u0623\u062c\u0646\u0628\u064a\u0629<\/li><li>\u0627\u0644\u0645\u0634\u0627\u0631\u0643\u0629 \u0641\u064a \u0628\u0646\u0627\u0621 \u0645\u0634\u0627\u0631\u064a\u0639 \u0645\u0628\u062a\u0643\u0631\u0629 \u0645\u0639 \u0627\u0644\u0645\u0639\u0647\u062f \u0627\u0644\u0641\u0631\u0646\u0633\u064a<\/li><\/ul>\n\n\n\n<h5 class=\"wp-block-heading\"><strong>\u0648\u0631\u0634 \u0627\u0644\u0639\u0645\u0644 \u0647\u0630\u0647 \u062c\u0627\u0647\u0632\u0629 \u0644\u0643:<\/strong><\/h5>\n\n\n\n<p>\u0627\u0644\u0645\u0632\u064a\u062f \u0645\u0646 \u0627\u0644\u0623\u0646\u0634\u0637\u0629 \u0627\u0644\u0634\u062e\u0635\u064a\u0629 \u0645\u0645\u0643\u0646\u0629. \u064a\u0645\u0643\u0646\u0643 \u0623\u064a\u0636\u0627 \u062a\u0646\u0638\u064a\u0645 \u0623\u0646\u0634\u0637\u062a\u0643 \u0627\u0644\u062e\u0627\u0635\u0629 \u0641\u064a \u0647\u0630\u0647 \u0627\u0644\u0645\u0633\u0627\u062d\u0629 \u0627\u0644\u062a\u064a \u0646\u0636\u0639\u0647\u0627 \u062a\u062d\u062a \u062a\u0635\u0631\u0641\u0643.&nbsp;<\/p>\n\n\n\n<p>\"\u0627\u0644\u0628\u062d\u062b \u0639\u0646 \u0627\u0644\u0643\u062a\u0628\": \u0641\u064a \u0645\u062c\u0645\u0648\u0639\u0627\u062a \u0645\u0646 \u0627\u062b\u0646\u064a\u0646 \u0623\u0648 \u062b\u0644\u0627\u062b\u0629 \u060c \u064a\u0628\u062d\u062b \u0627\u0644\u0637\u0644\u0627\u0628 \u0639\u0646 \u0643\u062a\u0627\u0628 \u064a\u062d\u062a\u0648\u064a \u0639\u0644\u0649 \u0645\u0639\u064a\u0646 \u0643\u0634\u062e\u0635\u064a\u0629 \u0623\u0648 \u0639\u0646\u0648\u0627\u0646 \u0623\u0648 \u063a\u0644\u0627\u0641 \u064a\u062b\u064a\u0631 \u0645\u0648\u0636\u0648\u0639\u0627 \u0623\u0648 \u0634\u0639\u0648\u0631\u0627 ... \u064a\u0645\u0643\u0646 \u0623\u0646 \u062a\u0643\u0648\u0646 \u0647\u0630\u0647 \u0627\u0644\u0631\u0633\u0648\u0645 \u0627\u0644\u0645\u062a\u062d\u0631\u0643\u0629 \u0641\u0631\u0635\u0629 \u0644\u062a\u0633\u0644\u064a\u0637 \u0627\u0644\u0636\u0648\u0621 \u0639\u0644\u0649 \u062a\u0642\u0646\u064a\u0627\u062a \u0627\u0644\u062a\u0648\u0636\u064a\u062d \u0627\u0644\u0645\u062e\u062a\u0644\u0641\u0629. \u0642\u062f \u064a\u0624\u062f\u064a \u0625\u0644\u0649 \u0627\u062e\u062a\u064a\u0627\u0631 \u0623\u062d\u062f \u0627\u0644\u0643\u062a\u0628 \u0627\u0644\u062a\u064a \u0648\u062c\u062f\u0647\u0627 \u0627\u0644\u0637\u0644\u0627\u0628 \u0648\u0627\u0644\u0642\u0631\u0627\u0621\u0629 \u0628\u0635\u0648\u062a \u0639\u0627\u0644.&nbsp;<\/p>\n\n\n\n<p>\u0639\u0646 \u0645\u0627\u0630\u0627 \u064a\u062f\u0648\u0631 \u0647\u0630\u0627 \u0627\u0644\u0643\u062a\u0627\u0628\u061f\u00a0\u0645\u0646 \u0643\u062a\u0627\u0628 \u0645\u0635\u0648\u0631 \u060c \u0633\u0646\u062c\u0639\u0644 \u0627\u0644\u0637\u0644\u0627\u0628 \u064a\u062e\u0645\u0646\u0648\u0646 \u0627\u0644\u0642\u0635\u0629 \u0645\u0646 \u062e\u0644\u0627\u0644 \u0627\u0644\u0642\u0631\u0627\u0626\u0646 \u060c \u0645\u062b\u0644 \u0627\u0644\u063a\u0644\u0627\u0641 \u0627\u0644\u0623\u0645\u0627\u0645\u064a \u0648\u0627\u0644\u0631\u0633\u0648\u0645 \u0627\u0644\u062a\u0648\u0636\u064a\u062d\u064a\u0629 \u0648\u0627\u062d\u062f\u0629 \u062a\u0644\u0648 \u0627\u0644\u0623\u062e\u0631\u0649 \u0628\u062f\u0648\u0646 \u0627\u0644\u0646\u0635 \u0648\u0627\u0644\u063a\u0644\u0627\u0641 \u0627\u0644\u0623\u0645\u0627\u0645\u064a \u0648\u0628\u062f\u0627\u064a\u0629 \u0627\u0644\u0642\u0635\u0629.: \u062b\u0645 \u0641\u064a \u0627\u0644\u0646\u0647\u0627\u064a\u0629 \u060c \u0627\u0642\u0631\u0623 \u0627\u0644\u0643\u062a\u0627\u0628 \u062d\u062a\u0649 \u064a\u0639\u0631\u0641 \u0627\u0644\u0637\u0644\u0627\u0628 \u0627\u0644\u0642\u0635\u0629 \"\u0627\u0644\u062d\u0642\u064a\u0642\u064a\u0629\".&nbsp;<\/p>\n\n\n\n<p>\u0648\u0642\u062a \u0627\u0644\u0642\u0635\u0629: \u0628\u0639\u062f \u0648\u0642\u062a \u0645\u0646 \u0627\u0644\u0627\u0643\u062a\u0634\u0627\u0641 \u0627\u0644\u062c\u0645\u0627\u0639\u064a \u0644\u0644\u0643\u062a\u0628 \u060c \u064a\u0645\u0643\u0646\u0643 \u0627\u0642\u062a\u0631\u0627\u062d \u0642\u0631\u0627\u0621\u0629 \u0627\u0644\u0623\u0644\u0628\u0648\u0645\u0627\u062a \u0628\u0635\u0648\u062a \u0639\u0627\u0644. \u0627\u062c\u0639\u0644 \u0627\u0644\u0623\u0637\u0641\u0627\u0644 \u0645\u0631\u062a\u0627\u062d\u064a\u0646 \u062d\u062a\u0649 \u064a\u062a\u0645\u0643\u0646 \u0627\u0644\u062c\u0645\u064a\u0639 \u0645\u0646 \u062a\u062d\u0642\u064a\u0642 \u0623\u0642\u0635\u0649 \u0627\u0633\u062a\u0641\u0627\u062f\u0629 \u0645\u0646 \u0627\u0644\u062a\u0631\u0641\u064a\u0647 \u0627\u0644\u0645\u0639\u0631\u0648\u0636. \u062a\u0623\u0643\u062f \u0645\u0646 \u062a\u0642\u062f\u064a\u0645 \u0627\u0644\u0639\u062f\u064a\u062f \u0645\u0646 \u0627\u0644\u0643\u062a\u0628 \u062d\u062a\u0649 \u064a\u062a\u0645\u0643\u0646 \u0643\u0644 \u0637\u0641\u0644 \u0645\u0646 \u0645\u0644\u0627\u0621\u0645\u0629 \u0627\u0644\u0643\u0648\u0646 \u0627\u0644\u0630\u064a \u064a\u0646\u0627\u0633\u0628\u0647 \u0628\u0634\u0643\u0644 \u0623\u0641\u0636\u0644. \u064a\u062c\u0628 \u0623\u0646 \u062a\u0643\u0648\u0646 \u0627\u0644\u0643\u062a\u0628 \u0645\u0646\u0627\u0633\u0628\u0629 \u0644\u0644\u0639\u0645\u0631 \u060c \u0648\u064a\u062c\u0628 \u0623\u0646 \u062a\u0643\u0648\u0646 \u0627\u0644\u0631\u0633\u0648\u0645 \u0627\u0644\u062a\u0648\u0636\u064a\u062d\u064a\u0629 \u0645\u0631\u0626\u064a\u0629 \u0645\u0646 \u0645\u0633\u0627\u0641\u0629 \u0628\u0639\u064a\u062f\u0629 (\u0643\u062a\u0628 \u0643\u0628\u064a\u0631\u0629 \u0627\u0644\u062d\u062c\u0645).&nbsp;<\/p>\n\n\n\n<h4 class=\"wp-block-heading\"><strong>\u062d\u0642\u064a\u0628\u0629 \u0627\u0644\u0644\u063a\u0629 \u0627\u0644\u0641\u0631\u0646\u0633\u064a\u0629<\/strong><\/h4>\n\n\n\n<p>\u064a\u0645\u0643\u0646 \u0644\u0645\u062f\u0631\u0633\u062a\u0643 \u0627\u0633\u062a\u0639\u0627\u0631\u0629 \u062d\u0642\u064a\u0628\u0629 \u062d\u0642\u064a\u0642\u064a\u0629 \u0645\u0644\u064a\u0626\u0629 \u0628\u0627\u0644\u0643\u062a\u0628 \u0628\u0627\u0644\u0644\u063a\u0629 \u0627\u0644\u0641\u0631\u0646\u0633\u064a\u0629 \u062e\u0644\u0627\u0644 \u0627\u0644\u0639\u0627\u0645 \u0627\u0644\u062f\u0631\u0627\u0633\u064a. \u064a\u0645\u0643\u0646 \u0623\u0646 \u062a\u062d\u062a\u0648\u064a \u0639\u0644\u0649 \u0643\u062a\u0628 \u062a\u0639\u0644\u064a\u0645\u064a\u0629 \u0648\u0643\u062a\u0628 \u0648\u0645\u062c\u0644\u0627\u062a \u0648\u0623\u0642\u0631\u0627\u0635 DVD \u0644\u0644\u0623\u0637\u0641\u0627\u0644 \u0648\u0623\u0644\u0639\u0627\u0628 \u0644\u0648\u062d\u064a\u0629 \u0648\u0645\u0627 \u0625\u0644\u0649 \u0630\u0644\u0643.&nbsp;<\/p>\n\n\n\n<h5 class=\"wp-block-heading\"><strong>\u0644\u0645\u0627\u0630\u0627 \u0647\u0630\u0627 \u0645\u0647\u0645\u061f<\/strong><\/h5>\n\n\n\n<p>\u0645\u0646 \u0627\u062c\u0644 \u0627\u0644\u062a\u0644\u0627\u0645\u064a\u0630 :<\/p>\n\n\n\n<ul class=\"wp-block-list\"><li>\u0637\u0648\u0651\u0631 \u0630\u0648\u0642\u0643 \u0641\u064a \u0627\u0644\u0642\u0631\u0627\u0621\u0629 \u0627\u0644\u0634\u062e\u0635\u064a\u0629 \u0648\u0627\u0643\u062a\u0634\u0641 \u062b\u0631\u0627\u0621 \u0623\u062f\u0628 \u0627\u0644\u0623\u0637\u0641\u0627\u0644 \u0627\u0644\u0646\u0627\u0637\u0642 \u0628\u0627\u0644\u0641\u0631\u0646\u0633\u064a\u0629&nbsp;<\/li><li>\u0627\u0643\u062a\u0634\u0627\u0641 \u0643\u062a\u0628\u064b\u0627 \u062c\u062f\u064a\u062f\u0629 \u062a\u062b\u064a\u0631 \u0641\u0636\u0648\u0644 \u0627\u0644\u0642\u0627\u0631\u0626<\/li><\/ul>\n\n\n\n<p>\u0644\u0644\u0645\u062f\u0631\u0633\u0629:<\/p>\n\n\n\n<ul class=\"wp-block-list\"><li>\u062a\u0637\u0648\u064a\u0631 \u0645\u0634\u0631\u0648\u0639 \u062f\u0631\u0627\u0633\u064a \u0623\u0648 \u0645\u062f\u0631\u0633\u064a \u0645\u062b\u0644 \u0645\u0639\u0631\u0636 \u0623\u0648 \u0639\u0645\u0644 \u0644\u0631\u0648\u0627\u064a\u0629 \u0627\u0644\u0642\u0635\u0635 \u0623\u0648 \u0645\u0633\u0627\u0628\u0642\u0629 \u0642\u0631\u0627\u0621\u0629<\/li><\/ul>\n<\/div><\/div>\n\n\n\n<p><\/p>","protected":false},"excerpt":{"rendered":"<p>L\u2019accueil de classes \u00e0 la m\u00e9diath\u00e8que La m\u00e9diath\u00e8que de l\u2019Institut fran\u00e7ais invite les enseignants du Qatar \u00e0 venir avec leurs \u00e9l\u00e8ves d\u00e9couvrir la m\u00e9diath\u00e8que et r\u00e9aliser des activit\u00e9s avec le m\u00e9diath\u00e9caire ! Envoyez un email \u00e0 mediatheque@if-qatar.com Pourquoi c\u2019est important ? Pour les \u00e9l\u00e8ves : D\u00e9velopper le go\u00fbt de la lecture et d\u00e9couvrir la litt\u00e9rature [&hellip;]<\/p>","protected":false},"author":1,"featured_media":5191,"parent":5163,"menu_order":0,"comment_status":"closed","ping_status":"closed","template":"templates\/template-cover.php","meta":{"om_disable_all_campaigns":false,"_monsterinsights_skip_tracking":false,"_monsterinsights_sitenote_active":false,"_monsterinsights_sitenote_note":"","_monsterinsights_sitenote_category":0,"footnotes":""},"class_list":["post-5197","page","type-page","status-publish","has-post-thumbnail","hentry"],"yoast_head":"<!-- This site is optimized with the Yoast SEO plugin v24.0 - https:\/\/yoast.com\/wordpress\/plugins\/seo\/ -->\n<title>Activit\u00e9s - Institut Fran\u00e7ais du Qatar<\/title>\n<meta name=\"robots\" content=\"index, follow, max-snippet:-1, max-image-preview:large, max-video-preview:-1\" \/>\n<link rel=\"canonical\" href=\"https:\/\/if-qatar.com\/ar\/mediatheque\/activites\/\" \/>\n<meta property=\"og:locale\" content=\"ar_AR\" \/>\n<meta property=\"og:type\" content=\"article\" \/>\n<meta property=\"og:title\" content=\"Activit\u00e9s - Institut Fran\u00e7ais du Qatar\" \/>\n<meta property=\"og:description\" content=\"L\u2019accueil de classes \u00e0 la m\u00e9diath\u00e8que La m\u00e9diath\u00e8que de l\u2019Institut fran\u00e7ais invite les enseignants du Qatar \u00e0 venir avec leurs \u00e9l\u00e8ves d\u00e9couvrir la m\u00e9diath\u00e8que et r\u00e9aliser des activit\u00e9s avec le m\u00e9diath\u00e9caire ! Envoyez un email \u00e0 mediatheque@if-qatar.com Pourquoi c\u2019est important ? Pour les \u00e9l\u00e8ves : D\u00e9velopper le go\u00fbt de la lecture et d\u00e9couvrir la litt\u00e9rature [&hellip;]\" \/>\n<meta property=\"og:url\" content=\"https:\/\/if-qatar.com\/ar\/mediatheque\/activites\/\" \/>\n<meta property=\"og:site_name\" content=\"Institut Fran\u00e7ais du Qatar\" \/>\n<meta property=\"article:modified_time\" content=\"2022-12-15T07:42:15+00:00\" \/>\n<meta property=\"og:image\" content=\"https:\/\/if-qatar.com\/wordpress\/wp-content\/uploads\/2022\/03\/Activites.jpg\" \/>\n\t<meta property=\"og:image:width\" content=\"1250\" \/>\n\t<meta property=\"og:image:height\" content=\"550\" \/>\n\t<meta property=\"og:image:type\" content=\"image\/jpeg\" \/>\n<meta name=\"twitter:card\" content=\"summary_large_image\" \/>\n<meta name=\"twitter:label1\" content=\"\u0648\u0642\u062a \u0627\u0644\u0642\u0631\u0627\u0621\u0629 \u0627\u0644\u0645\u064f\u0642\u062f\u0651\u0631\" \/>\n\t<meta name=\"twitter:data1\" content=\"\u062f\u0642\u064a\u0642\u062a\u0627\u0646\" \/>\n<script type=\"application\/ld+json\" class=\"yoast-schema-graph\">{\"@context\":\"https:\/\/schema.org\",\"@graph\":[{\"@type\":\"WebPage\",\"@id\":\"https:\/\/if-qatar.com\/ar\/mediatheque\/activites\/\",\"url\":\"https:\/\/if-qatar.com\/ar\/mediatheque\/activites\/\",\"name\":\"Activit\u00e9s - Institut Fran\u00e7ais du Qatar\",\"isPartOf\":{\"@id\":\"https:\/\/if-qatar.com\/ar\/#website\"},\"primaryImageOfPage\":{\"@id\":\"https:\/\/if-qatar.com\/ar\/mediatheque\/activites\/#primaryimage\"},\"image\":{\"@id\":\"https:\/\/if-qatar.com\/ar\/mediatheque\/activites\/#primaryimage\"},\"thumbnailUrl\":\"https:\/\/if-qatar.com\/wordpress\/wp-content\/uploads\/2022\/03\/Activites.jpg\",\"datePublished\":\"2022-03-13T18:57:07+00:00\",\"dateModified\":\"2022-12-15T07:42:15+00:00\",\"breadcrumb\":{\"@id\":\"https:\/\/if-qatar.com\/ar\/mediatheque\/activites\/#breadcrumb\"},\"inLanguage\":\"ar\",\"potentialAction\":[{\"@type\":\"ReadAction\",\"target\":[\"https:\/\/if-qatar.com\/ar\/mediatheque\/activites\/\"]}]},{\"@type\":\"ImageObject\",\"inLanguage\":\"ar\",\"@id\":\"https:\/\/if-qatar.com\/ar\/mediatheque\/activites\/#primaryimage\",\"url\":\"https:\/\/if-qatar.com\/wordpress\/wp-content\/uploads\/2022\/03\/Activites.jpg\",\"contentUrl\":\"https:\/\/if-qatar.com\/wordpress\/wp-content\/uploads\/2022\/03\/Activites.jpg\",\"width\":1250,\"height\":550},{\"@type\":\"BreadcrumbList\",\"@id\":\"https:\/\/if-qatar.com\/ar\/mediatheque\/activites\/#breadcrumb\",\"itemListElement\":[{\"@type\":\"ListItem\",\"position\":1,\"name\":\"Accueil\",\"item\":\"https:\/\/if-qatar.com\/\"},{\"@type\":\"ListItem\",\"position\":2,\"name\":\"M\u00e9diath\u00e8que\",\"item\":\"https:\/\/if-qatar.com\/mediatheque\/\"},{\"@type\":\"ListItem\",\"position\":3,\"name\":\"Activit\u00e9s\"}]},{\"@type\":\"WebSite\",\"@id\":\"https:\/\/if-qatar.com\/ar\/#website\",\"url\":\"https:\/\/if-qatar.com\/ar\/\",\"name\":\"Institut Fran\u00e7ais du Qatar\",\"description\":\"\",\"publisher\":{\"@id\":\"https:\/\/if-qatar.com\/ar\/#organization\"},\"potentialAction\":[{\"@type\":\"SearchAction\",\"target\":{\"@type\":\"EntryPoint\",\"urlTemplate\":\"https:\/\/if-qatar.com\/ar\/?s={search_term_string}\"},\"query-input\":{\"@type\":\"PropertyValueSpecification\",\"valueRequired\":true,\"valueName\":\"search_term_string\"}}],\"inLanguage\":\"ar\"},{\"@type\":\"Organization\",\"@id\":\"https:\/\/if-qatar.com\/ar\/#organization\",\"name\":\"Institut Fran\u00e7ais du Qatar\",\"url\":\"https:\/\/if-qatar.com\/ar\/\",\"logo\":{\"@type\":\"ImageObject\",\"inLanguage\":\"ar\",\"@id\":\"https:\/\/if-qatar.com\/ar\/#\/schema\/logo\/image\/\",\"url\":\"https:\/\/if-qatar.com\/wordpress\/wp-content\/uploads\/2022\/10\/LOGO-IFQ-Fond-blanc-Bleu_Plan-de-travail-1.png\",\"contentUrl\":\"https:\/\/if-qatar.com\/wordpress\/wp-content\/uploads\/2022\/10\/LOGO-IFQ-Fond-blanc-Bleu_Plan-de-travail-1.png\",\"width\":2481,\"height\":1636,\"caption\":\"Institut Fran\u00e7ais du Qatar\"},\"image\":{\"@id\":\"https:\/\/if-qatar.com\/ar\/#\/schema\/logo\/image\/\"}}]}<\/script>\n<!-- \/ Yoast SEO plugin. -->","yoast_head_json":{"title":"Activit\u00e9s - Institut Fran\u00e7ais du Qatar","robots":{"index":"index","follow":"follow","max-snippet":"max-snippet:-1","max-image-preview":"max-image-preview:large","max-video-preview":"max-video-preview:-1"},"canonical":"https:\/\/if-qatar.com\/ar\/mediatheque\/activites\/","og_locale":"ar_AR","og_type":"article","og_title":"Activit\u00e9s - Institut Fran\u00e7ais du Qatar","og_description":"L\u2019accueil de classes \u00e0 la m\u00e9diath\u00e8que La m\u00e9diath\u00e8que de l\u2019Institut fran\u00e7ais invite les enseignants du Qatar \u00e0 venir avec leurs \u00e9l\u00e8ves d\u00e9couvrir la m\u00e9diath\u00e8que et r\u00e9aliser des activit\u00e9s avec le m\u00e9diath\u00e9caire ! Envoyez un email \u00e0 mediatheque@if-qatar.com Pourquoi c\u2019est important ? Pour les \u00e9l\u00e8ves : D\u00e9velopper le go\u00fbt de la lecture et d\u00e9couvrir la litt\u00e9rature [&hellip;]","og_url":"https:\/\/if-qatar.com\/ar\/mediatheque\/activites\/","og_site_name":"Institut Fran\u00e7ais du Qatar","article_modified_time":"2022-12-15T07:42:15+00:00","og_image":[{"width":1250,"height":550,"url":"https:\/\/if-qatar.com\/wordpress\/wp-content\/uploads\/2022\/03\/Activites.jpg","type":"image\/jpeg"}],"twitter_card":"summary_large_image","twitter_misc":{"\u0648\u0642\u062a \u0627\u0644\u0642\u0631\u0627\u0621\u0629 \u0627\u0644\u0645\u064f\u0642\u062f\u0651\u0631":"\u062f\u0642\u064a\u0642\u062a\u0627\u0646"},"schema":{"@context":"https:\/\/schema.org","@graph":[{"@type":"WebPage","@id":"https:\/\/if-qatar.com\/ar\/mediatheque\/activites\/","url":"https:\/\/if-qatar.com\/ar\/mediatheque\/activites\/","name":"Activit\u00e9s - Institut Fran\u00e7ais du Qatar","isPartOf":{"@id":"https:\/\/if-qatar.com\/ar\/#website"},"primaryImageOfPage":{"@id":"https:\/\/if-qatar.com\/ar\/mediatheque\/activites\/#primaryimage"},"image":{"@id":"https:\/\/if-qatar.com\/ar\/mediatheque\/activites\/#primaryimage"},"thumbnailUrl":"https:\/\/if-qatar.com\/wordpress\/wp-content\/uploads\/2022\/03\/Activites.jpg","datePublished":"2022-03-13T18:57:07+00:00","dateModified":"2022-12-15T07:42:15+00:00","breadcrumb":{"@id":"https:\/\/if-qatar.com\/ar\/mediatheque\/activites\/#breadcrumb"},"inLanguage":"ar","potentialAction":[{"@type":"ReadAction","target":["https:\/\/if-qatar.com\/ar\/mediatheque\/activites\/"]}]},{"@type":"ImageObject","inLanguage":"ar","@id":"https:\/\/if-qatar.com\/ar\/mediatheque\/activites\/#primaryimage","url":"https:\/\/if-qatar.com\/wordpress\/wp-content\/uploads\/2022\/03\/Activites.jpg","contentUrl":"https:\/\/if-qatar.com\/wordpress\/wp-content\/uploads\/2022\/03\/Activites.jpg","width":1250,"height":550},{"@type":"BreadcrumbList","@id":"https:\/\/if-qatar.com\/ar\/mediatheque\/activites\/#breadcrumb","itemListElement":[{"@type":"ListItem","position":1,"name":"Accueil","item":"https:\/\/if-qatar.com\/"},{"@type":"ListItem","position":2,"name":"M\u00e9diath\u00e8que","item":"https:\/\/if-qatar.com\/mediatheque\/"},{"@type":"ListItem","position":3,"name":"Activit\u00e9s"}]},{"@type":"WebSite","@id":"https:\/\/if-qatar.com\/ar\/#website","url":"https:\/\/if-qatar.com\/ar\/","name":"Institut Fran\u00e7ais du Qatar","description":"","publisher":{"@id":"https:\/\/if-qatar.com\/ar\/#organization"},"potentialAction":[{"@type":"SearchAction","target":{"@type":"EntryPoint","urlTemplate":"https:\/\/if-qatar.com\/ar\/?s={search_term_string}"},"query-input":{"@type":"PropertyValueSpecification","valueRequired":true,"valueName":"search_term_string"}}],"inLanguage":"ar"},{"@type":"Organization","@id":"https:\/\/if-qatar.com\/ar\/#organization","name":"Institut Fran\u00e7ais du Qatar","url":"https:\/\/if-qatar.com\/ar\/","logo":{"@type":"ImageObject","inLanguage":"ar","@id":"https:\/\/if-qatar.com\/ar\/#\/schema\/logo\/image\/","url":"https:\/\/if-qatar.com\/wordpress\/wp-content\/uploads\/2022\/10\/LOGO-IFQ-Fond-blanc-Bleu_Plan-de-travail-1.png","contentUrl":"https:\/\/if-qatar.com\/wordpress\/wp-content\/uploads\/2022\/10\/LOGO-IFQ-Fond-blanc-Bleu_Plan-de-travail-1.png","width":2481,"height":1636,"caption":"Institut Fran\u00e7ais du Qatar"},"image":{"@id":"https:\/\/if-qatar.com\/ar\/#\/schema\/logo\/image\/"}}]}},"_links":{"self":[{"href":"https:\/\/if-qatar.com\/ar\/wp-json\/wp\/v2\/pages\/5197"}],"collection":[{"href":"https:\/\/if-qatar.com\/ar\/wp-json\/wp\/v2\/pages"}],"about":[{"href":"https:\/\/if-qatar.com\/ar\/wp-json\/wp\/v2\/types\/page"}],"author":[{"embeddable":true,"href":"https:\/\/if-qatar.com\/ar\/wp-json\/wp\/v2\/users\/1"}],"replies":[{"embeddable":true,"href":"https:\/\/if-qatar.com\/ar\/wp-json\/wp\/v2\/comments?post=5197"}],"version-history":[{"count":14,"href":"https:\/\/if-qatar.com\/ar\/wp-json\/wp\/v2\/pages\/5197\/revisions"}],"predecessor-version":[{"id":6486,"href":"https:\/\/if-qatar.com\/ar\/wp-json\/wp\/v2\/pages\/5197\/revisions\/6486"}],"up":[{"embeddable":true,"href":"https:\/\/if-qatar.com\/ar\/wp-json\/wp\/v2\/pages\/5163"}],"wp:featuredmedia":[{"embeddable":true,"href":"https:\/\/if-qatar.com\/ar\/wp-json\/wp\/v2\/media\/5191"}],"wp:attachment":[{"href":"https:\/\/if-qatar.com\/ar\/wp-json\/wp\/v2\/media?parent=5197"}],"curies":[{"name":"wp","href":"https:\/\/api.w.org\/{rel}","templated":true}]}}