{"id":5137,"date":"2022-03-13T21:06:54","date_gmt":"2022-03-13T18:06:54","guid":{"rendered":"https:\/\/if-qatar.com\/?page_id=5137"},"modified":"2022-03-22T11:38:39","modified_gmt":"2022-03-22T08:38:39","slug":"entrainez-vous-en-ligne","status":"publish","type":"page","link":"https:\/\/if-qatar.com\/ar\/entrainez-vous-en-ligne\/","title":{"rendered":"Entra\u00eenez-vous\u00a0en ligne"},"content":{"rendered":"<div class=\"wp-block-group add-padding\"><div class=\"wp-block-group__inner-container is-layout-flow wp-block-group-is-layout-flow\">\n<h2 class=\"wp-block-heading\"><strong>\u062a\u062f\u0631\u064a\u0628 \u0639\u0644\u0649 \u0627\u0644\u0627\u0646\u062a\u0631\u0646\u062a<\/strong> !<\/h2>\n\n\n\n<p class=\"has-text-align-left\">\u0627\u0646\u0642\u0631 \u0639\u0644\u0649 \u0647\u0630\u0647 \u0627\u0644\u0631\u0648\u0627\u0628\u0637 \u0644\u062a\u062f\u0631\u064a\u0628 \u0648\u0645\u0645\u0627\u0631\u0633\u0629 \u0627\u0644\u0644\u063a\u0629 \u0627\u0644\u0641\u0631\u0646\u0633\u064a\u0629!<\/p>\n\n\n\n<figure class=\"wp-block-image size-large inline\"><a href=\"https:\/\/savoirs.rfi.fr\/fr\" target=\"_blank\" rel=\"noopener\"><img decoding=\"async\" width=\"288\" height=\"60\" src=\"https:\/\/if-qatar.com\/wordpress\/wp-content\/uploads\/2022\/03\/rfi.png\" alt=\"\" class=\"wp-image-5139\"\/><\/a><\/figure>\n\n\n\n<figure class=\"wp-block-image size-large is-resized inline mx-3\"><a href=\"https:\/\/langue-francaise.tv5monde.com\/?utm_source=tv5monde&amp;utm_medium=metanav&amp;utm_campaign=langue-francaise\" target=\"_blank\" rel=\"noopener\"><img decoding=\"async\" src=\"https:\/\/if-qatar.com\/wordpress\/wp-content\/uploads\/2022\/03\/tv5.png\" alt=\"\" class=\"wp-image-5143\" width=\"173\" height=\"59\"\/><\/a><\/figure>\n\n\n\n<div style=\"height:60px\" aria-hidden=\"true\" class=\"wp-block-spacer\"><\/div>\n\n\n\n<p>\u062a\u062f\u0631\u064a\u0628 \u0644\u0627\u0645\u062a\u062d\u0627\u0646\u0627\u062a \u0645\u062b\u0644 TCF \u0648TEF!<\/p>\n\n\n\n<figure class=\"wp-block-image size-large inline\"><a href=\"https:\/\/apprendre.tv5monde.com\/fr\/article\/strategies-pour-le-tcf\" target=\"_blank\" rel=\"noopener\"><img decoding=\"async\" width=\"173\" height=\"59\" src=\"https:\/\/if-qatar.com\/wordpress\/wp-content\/uploads\/2022\/03\/tv5.png\" alt=\"\" class=\"wp-image-5143\"\/><\/a><\/figure>\n\n\n\n<figure class=\"wp-block-image size-large inline mx-3\"><a href=\"https:\/\/www.lefrancaisdesaffaires.fr\/en\/tests-diplomas\/resources\/tef\/\" target=\"_blank\" rel=\"noopener\"><img loading=\"lazy\" decoding=\"async\" width=\"282\" height=\"73\" src=\"https:\/\/if-qatar.com\/wordpress\/wp-content\/uploads\/2022\/03\/cci.png\" alt=\"\" class=\"wp-image-5154\" title=\"inline mx-3\"\/><\/a><\/figure>\n<\/div><\/div>","protected":false},"excerpt":{"rendered":"<p>Entra\u00eenez-vous&nbsp;en ligne ! Cliquez sur ces liens pour vous entra\u00eener et pratiquer le fran\u00e7ais ! Entra\u00eenez-vous aux examens&nbsp;comme le TCF et le TEF&nbsp; !<\/p>","protected":false},"author":1,"featured_media":5333,"parent":0,"menu_order":0,"comment_status":"closed","ping_status":"closed","template":"templates\/template-cover.php","meta":{"om_disable_all_campaigns":false,"_monsterinsights_skip_tracking":false,"_monsterinsights_sitenote_active":false,"_monsterinsights_sitenote_note":"","_monsterinsights_sitenote_category":0,"footnotes":""},"class_list":["post-5137","page","type-page","status-publish","has-post-thumbnail","hentry"],"yoast_head":"<!-- This site is optimized with the Yoast SEO plugin v24.0 - https:\/\/yoast.com\/wordpress\/plugins\/seo\/ -->\n<title>Entra\u00eenez-vous\u00a0en ligne - Institut Fran\u00e7ais du Qatar<\/title>\n<meta name=\"robots\" content=\"index, follow, max-snippet:-1, max-image-preview:large, max-video-preview:-1\" \/>\n<link rel=\"canonical\" href=\"https:\/\/if-qatar.com\/ar\/entrainez-vous-en-ligne\/\" \/>\n<meta property=\"og:locale\" content=\"ar_AR\" \/>\n<meta property=\"og:type\" content=\"article\" \/>\n<meta property=\"og:title\" content=\"Entra\u00eenez-vous\u00a0en ligne - Institut Fran\u00e7ais du Qatar\" \/>\n<meta property=\"og:description\" content=\"Entra\u00eenez-vous&nbsp;en ligne ! Cliquez sur ces liens pour vous entra\u00eener et pratiquer le fran\u00e7ais ! Entra\u00eenez-vous aux examens&nbsp;comme le TCF et le TEF&nbsp; !\" \/>\n<meta property=\"og:url\" content=\"https:\/\/if-qatar.com\/ar\/entrainez-vous-en-ligne\/\" \/>\n<meta property=\"og:site_name\" content=\"Institut Fran\u00e7ais du Qatar\" \/>\n<meta property=\"article:modified_time\" content=\"2022-03-22T08:38:39+00:00\" \/>\n<meta property=\"og:image\" content=\"https:\/\/if-qatar.com\/wordpress\/wp-content\/uploads\/2022\/03\/5514.jpg\" \/>\n\t<meta property=\"og:image:width\" content=\"1\" \/>\n\t<meta property=\"og:image:height\" content=\"1\" \/>\n\t<meta property=\"og:image:type\" content=\"image\/jpeg\" \/>\n<meta name=\"twitter:card\" content=\"summary_large_image\" \/>\n<script type=\"application\/ld+json\" class=\"yoast-schema-graph\">{\"@context\":\"https:\/\/schema.org\",\"@graph\":[{\"@type\":\"WebPage\",\"@id\":\"https:\/\/if-qatar.com\/entrainez-vous-en-ligne\/\",\"url\":\"https:\/\/if-qatar.com\/entrainez-vous-en-ligne\/\",\"name\":\"Entra\u00eenez-vous\u00a0en ligne - Institut Fran\u00e7ais du Qatar\",\"isPartOf\":{\"@id\":\"https:\/\/if-qatar.com\/ar\/#website\"},\"primaryImageOfPage\":{\"@id\":\"https:\/\/if-qatar.com\/entrainez-vous-en-ligne\/#primaryimage\"},\"image\":{\"@id\":\"https:\/\/if-qatar.com\/entrainez-vous-en-ligne\/#primaryimage\"},\"thumbnailUrl\":\"https:\/\/if-qatar.com\/wordpress\/wp-content\/uploads\/2022\/03\/5514.jpg\",\"datePublished\":\"2022-03-13T18:06:54+00:00\",\"dateModified\":\"2022-03-22T08:38:39+00:00\",\"breadcrumb\":{\"@id\":\"https:\/\/if-qatar.com\/entrainez-vous-en-ligne\/#breadcrumb\"},\"inLanguage\":\"ar\",\"potentialAction\":[{\"@type\":\"ReadAction\",\"target\":[\"https:\/\/if-qatar.com\/entrainez-vous-en-ligne\/\"]}]},{\"@type\":\"ImageObject\",\"inLanguage\":\"ar\",\"@id\":\"https:\/\/if-qatar.com\/entrainez-vous-en-ligne\/#primaryimage\",\"url\":\"https:\/\/if-qatar.com\/wordpress\/wp-content\/uploads\/2022\/03\/5514.jpg\",\"contentUrl\":\"https:\/\/if-qatar.com\/wordpress\/wp-content\/uploads\/2022\/03\/5514.jpg\",\"caption\":\"Group of students watching online webinar. Young men and women sitting on stacks of books, using laptop computers. Vector illustration for internet course, video lecture, education concept\"},{\"@type\":\"BreadcrumbList\",\"@id\":\"https:\/\/if-qatar.com\/entrainez-vous-en-ligne\/#breadcrumb\",\"itemListElement\":[{\"@type\":\"ListItem\",\"position\":1,\"name\":\"Accueil\",\"item\":\"https:\/\/if-qatar.com\/\"},{\"@type\":\"ListItem\",\"position\":2,\"name\":\"Entra\u00eenez-vous\u00a0en ligne\"}]},{\"@type\":\"WebSite\",\"@id\":\"https:\/\/if-qatar.com\/ar\/#website\",\"url\":\"https:\/\/if-qatar.com\/ar\/\",\"name\":\"Institut Fran\u00e7ais du Qatar\",\"description\":\"\",\"publisher\":{\"@id\":\"https:\/\/if-qatar.com\/ar\/#organization\"},\"potentialAction\":[{\"@type\":\"SearchAction\",\"target\":{\"@type\":\"EntryPoint\",\"urlTemplate\":\"https:\/\/if-qatar.com\/ar\/?s={search_term_string}\"},\"query-input\":{\"@type\":\"PropertyValueSpecification\",\"valueRequired\":true,\"valueName\":\"search_term_string\"}}],\"inLanguage\":\"ar\"},{\"@type\":\"Organization\",\"@id\":\"https:\/\/if-qatar.com\/ar\/#organization\",\"name\":\"Institut Fran\u00e7ais du Qatar\",\"url\":\"https:\/\/if-qatar.com\/ar\/\",\"logo\":{\"@type\":\"ImageObject\",\"inLanguage\":\"ar\",\"@id\":\"https:\/\/if-qatar.com\/ar\/#\/schema\/logo\/image\/\",\"url\":\"https:\/\/if-qatar.com\/wordpress\/wp-content\/uploads\/2022\/10\/LOGO-IFQ-Fond-blanc-Bleu_Plan-de-travail-1.png\",\"contentUrl\":\"https:\/\/if-qatar.com\/wordpress\/wp-content\/uploads\/2022\/10\/LOGO-IFQ-Fond-blanc-Bleu_Plan-de-travail-1.png\",\"width\":2481,\"height\":1636,\"caption\":\"Institut Fran\u00e7ais du Qatar\"},\"image\":{\"@id\":\"https:\/\/if-qatar.com\/ar\/#\/schema\/logo\/image\/\"}}]}<\/script>\n<!-- \/ Yoast SEO plugin. -->","yoast_head_json":{"title":"Entra\u00eenez-vous\u00a0en ligne - Institut Fran\u00e7ais du Qatar","robots":{"index":"index","follow":"follow","max-snippet":"max-snippet:-1","max-image-preview":"max-image-preview:large","max-video-preview":"max-video-preview:-1"},"canonical":"https:\/\/if-qatar.com\/ar\/entrainez-vous-en-ligne\/","og_locale":"ar_AR","og_type":"article","og_title":"Entra\u00eenez-vous\u00a0en ligne - Institut Fran\u00e7ais du Qatar","og_description":"Entra\u00eenez-vous&nbsp;en ligne ! Cliquez sur ces liens pour vous entra\u00eener et pratiquer le fran\u00e7ais ! Entra\u00eenez-vous aux examens&nbsp;comme le TCF et le TEF&nbsp; !","og_url":"https:\/\/if-qatar.com\/ar\/entrainez-vous-en-ligne\/","og_site_name":"Institut Fran\u00e7ais du Qatar","article_modified_time":"2022-03-22T08:38:39+00:00","og_image":[{"url":"https:\/\/if-qatar.com\/wordpress\/wp-content\/uploads\/2022\/03\/5514.jpg","width":1,"height":1,"type":"image\/jpeg"}],"twitter_card":"summary_large_image","schema":{"@context":"https:\/\/schema.org","@graph":[{"@type":"WebPage","@id":"https:\/\/if-qatar.com\/entrainez-vous-en-ligne\/","url":"https:\/\/if-qatar.com\/entrainez-vous-en-ligne\/","name":"Entra\u00eenez-vous\u00a0en ligne - Institut Fran\u00e7ais du Qatar","isPartOf":{"@id":"https:\/\/if-qatar.com\/ar\/#website"},"primaryImageOfPage":{"@id":"https:\/\/if-qatar.com\/entrainez-vous-en-ligne\/#primaryimage"},"image":{"@id":"https:\/\/if-qatar.com\/entrainez-vous-en-ligne\/#primaryimage"},"thumbnailUrl":"https:\/\/if-qatar.com\/wordpress\/wp-content\/uploads\/2022\/03\/5514.jpg","datePublished":"2022-03-13T18:06:54+00:00","dateModified":"2022-03-22T08:38:39+00:00","breadcrumb":{"@id":"https:\/\/if-qatar.com\/entrainez-vous-en-ligne\/#breadcrumb"},"inLanguage":"ar","potentialAction":[{"@type":"ReadAction","target":["https:\/\/if-qatar.com\/entrainez-vous-en-ligne\/"]}]},{"@type":"ImageObject","inLanguage":"ar","@id":"https:\/\/if-qatar.com\/entrainez-vous-en-ligne\/#primaryimage","url":"https:\/\/if-qatar.com\/wordpress\/wp-content\/uploads\/2022\/03\/5514.jpg","contentUrl":"https:\/\/if-qatar.com\/wordpress\/wp-content\/uploads\/2022\/03\/5514.jpg","caption":"Group of students watching online webinar. Young men and women sitting on stacks of books, using laptop computers. Vector illustration for internet course, video lecture, education concept"},{"@type":"BreadcrumbList","@id":"https:\/\/if-qatar.com\/entrainez-vous-en-ligne\/#breadcrumb","itemListElement":[{"@type":"ListItem","position":1,"name":"Accueil","item":"https:\/\/if-qatar.com\/"},{"@type":"ListItem","position":2,"name":"Entra\u00eenez-vous\u00a0en ligne"}]},{"@type":"WebSite","@id":"https:\/\/if-qatar.com\/ar\/#website","url":"https:\/\/if-qatar.com\/ar\/","name":"Institut Fran\u00e7ais du Qatar","description":"","publisher":{"@id":"https:\/\/if-qatar.com\/ar\/#organization"},"potentialAction":[{"@type":"SearchAction","target":{"@type":"EntryPoint","urlTemplate":"https:\/\/if-qatar.com\/ar\/?s={search_term_string}"},"query-input":{"@type":"PropertyValueSpecification","valueRequired":true,"valueName":"search_term_string"}}],"inLanguage":"ar"},{"@type":"Organization","@id":"https:\/\/if-qatar.com\/ar\/#organization","name":"Institut Fran\u00e7ais du Qatar","url":"https:\/\/if-qatar.com\/ar\/","logo":{"@type":"ImageObject","inLanguage":"ar","@id":"https:\/\/if-qatar.com\/ar\/#\/schema\/logo\/image\/","url":"https:\/\/if-qatar.com\/wordpress\/wp-content\/uploads\/2022\/10\/LOGO-IFQ-Fond-blanc-Bleu_Plan-de-travail-1.png","contentUrl":"https:\/\/if-qatar.com\/wordpress\/wp-content\/uploads\/2022\/10\/LOGO-IFQ-Fond-blanc-Bleu_Plan-de-travail-1.png","width":2481,"height":1636,"caption":"Institut Fran\u00e7ais du Qatar"},"image":{"@id":"https:\/\/if-qatar.com\/ar\/#\/schema\/logo\/image\/"}}]}},"_links":{"self":[{"href":"https:\/\/if-qatar.com\/ar\/wp-json\/wp\/v2\/pages\/5137"}],"collection":[{"href":"https:\/\/if-qatar.com\/ar\/wp-json\/wp\/v2\/pages"}],"about":[{"href":"https:\/\/if-qatar.com\/ar\/wp-json\/wp\/v2\/types\/page"}],"author":[{"embeddable":true,"href":"https:\/\/if-qatar.com\/ar\/wp-json\/wp\/v2\/users\/1"}],"replies":[{"embeddable":true,"href":"https:\/\/if-qatar.com\/ar\/wp-json\/wp\/v2\/comments?post=5137"}],"version-history":[{"count":15,"href":"https:\/\/if-qatar.com\/ar\/wp-json\/wp\/v2\/pages\/5137\/revisions"}],"predecessor-version":[{"id":5334,"href":"https:\/\/if-qatar.com\/ar\/wp-json\/wp\/v2\/pages\/5137\/revisions\/5334"}],"wp:featuredmedia":[{"embeddable":true,"href":"https:\/\/if-qatar.com\/ar\/wp-json\/wp\/v2\/media\/5333"}],"wp:attachment":[{"href":"https:\/\/if-qatar.com\/ar\/wp-json\/wp\/v2\/media?parent=5137"}],"curies":[{"name":"wp","href":"https:\/\/api.w.org\/{rel}","templated":true}]}}