{"id":4975,"date":"2022-03-09T11:34:27","date_gmt":"2022-03-09T08:34:27","guid":{"rendered":"https:\/\/if-qatar.com\/?page_id=4975"},"modified":"2024-02-22T08:42:28","modified_gmt":"2024-02-22T05:42:28","slug":"cours-prives","status":"publish","type":"page","link":"https:\/\/if-qatar.com\/ar\/cours-prives\/","title":{"rendered":"\u062f\u0631\u0648\u0633 \u062e\u0635\u0648\u0635\u064a\u0629"},"content":{"rendered":"<div class=\"wp-block-group add-padding\"><div class=\"wp-block-group__inner-container is-layout-flow wp-block-group-is-layout-flow\">\t\t\t<!-- Flexy Breadcrumb -->\r\n\t\t\t<div class=\"fbc fbc-page\">\r\n\r\n\t\t\t\t<!-- Breadcrumb wrapper -->\r\n\t\t\t\t<div class=\"fbc-wrap\">\r\n\r\n\t\t\t\t\t<!-- Ordered list-->\r\n\t\t\t\t\t<ol class=\"fbc-items\" itemscope itemtype=\"https:\/\/schema.org\/BreadcrumbList\">\r\n\t\t\t\t\t\t            <li itemprop=\"itemListElement\" itemscope itemtype=\"https:\/\/schema.org\/ListItem\">\r\n                <span itemprop=\"name\">\r\n                    <!-- Home Link -->\r\n                    <a itemprop=\"item\" href=\"https:\/\/if-qatar.com\/ar\/\">\r\n                    \r\n                                                    <i class=\"fa fa-home\" aria-hidden=\"true\"><\/i>\u0635\u0641\u062d\u0629 \u0631\u0626\u064a\u0633\u064a\u0629                    <\/a>\r\n                <\/span>\r\n                <meta itemprop=\"position\" content=\"1\" \/><!-- Meta Position-->\r\n             <\/li><li><span class=\"fbc-separator\">\/<\/span><\/li><li class=\"active\" itemprop=\"itemListElement\" itemscope itemtype=\"https:\/\/schema.org\/ListItem\"><span itemprop=\"name\" title=\"\u062f\u0631\u0648\u0633 \u062e\u0635\u0648\u0635\u064a\u0629\">\u062f\u0631\u0648\u0633 \u062e\u0635\u0648\u0635\u064a\u0629<\/span><meta itemprop=\"position\" content=\"2\" \/><\/li>\t\t\t\t\t<\/ol>\r\n\t\t\t\t\t<div class=\"clearfix\"><\/div>\r\n\t\t\t\t<\/div>\r\n\t\t\t<\/div>\r\n\t\t\t\n\n\n\n<h2 class=\"wp-block-heading\"><strong>\u062f\u0631\u0648\u0633 \u062e\u0635\u0648\u0635\u064a\u0629<\/strong> &#8211; <em>A la carte<\/em><\/h2>\n\n\n\n<p>Nos enseignants hautement qualifi\u00e9s \u00e9laborent des programmes d\u2019apprentissage sur mesure en fonction de vos&nbsp;objectifs et besoins, a la carte. \u00c0 vous de choisir le moment pour commencer, l\u2019endroit et les horaires.<\/p>\n\n\n\n<p>Contactez notre\u00a0nous pour un devis : <em><a href=\"mailto:info@if-qatar.com\">info@if-qatar.com<\/a><\/em><\/p>\n<\/div><\/div>\n\n\n\n<p><\/p>","protected":false},"excerpt":{"rendered":"<p>Cours priv\u00e9s &#8211; A la carte Nos enseignants hautement qualifi\u00e9s \u00e9laborent des programmes d\u2019apprentissage sur mesure en fonction de vos&nbsp;objectifs et besoins, a la carte. \u00c0 vous de choisir le moment pour commencer, l\u2019endroit et les horaires. Contactez notre\u00a0nous pour un devis : info@if-qatar.com<\/p>","protected":false},"author":1,"featured_media":4954,"parent":0,"menu_order":0,"comment_status":"closed","ping_status":"closed","template":"templates\/template-cover.php","meta":{"om_disable_all_campaigns":false,"_monsterinsights_skip_tracking":false,"_monsterinsights_sitenote_active":false,"_monsterinsights_sitenote_note":"","_monsterinsights_sitenote_category":0,"footnotes":""},"class_list":["post-4975","page","type-page","status-publish","has-post-thumbnail","hentry"],"yoast_head":"<!-- This site is optimized with the Yoast SEO plugin v24.0 - https:\/\/yoast.com\/wordpress\/plugins\/seo\/ -->\n<title>Cours priv\u00e9s - Institut Fran\u00e7ais du Qatar<\/title>\n<meta name=\"robots\" content=\"index, follow, max-snippet:-1, max-image-preview:large, max-video-preview:-1\" \/>\n<link rel=\"canonical\" href=\"https:\/\/if-qatar.com\/ar\/cours-prives\/\" \/>\n<meta property=\"og:locale\" content=\"ar_AR\" \/>\n<meta property=\"og:type\" content=\"article\" \/>\n<meta property=\"og:title\" content=\"Cours priv\u00e9s - Institut Fran\u00e7ais du Qatar\" \/>\n<meta property=\"og:description\" content=\"Cours priv\u00e9s &#8211; A la carte Nos enseignants hautement qualifi\u00e9s \u00e9laborent des programmes d\u2019apprentissage sur mesure en fonction de vos&nbsp;objectifs et besoins, a la carte. \u00c0 vous de choisir le moment pour commencer, l\u2019endroit et les horaires. Contactez notre\u00a0nous pour un devis : info@if-qatar.com\" \/>\n<meta property=\"og:url\" content=\"https:\/\/if-qatar.com\/ar\/cours-prives\/\" \/>\n<meta property=\"og:site_name\" content=\"Institut Fran\u00e7ais du Qatar\" \/>\n<meta property=\"article:modified_time\" content=\"2024-02-22T05:42:28+00:00\" \/>\n<meta property=\"og:image\" content=\"https:\/\/if-qatar.com\/wordpress\/wp-content\/uploads\/2022\/03\/Cours-prives.jpg\" \/>\n\t<meta property=\"og:image:width\" content=\"2000\" \/>\n\t<meta property=\"og:image:height\" content=\"1282\" \/>\n\t<meta property=\"og:image:type\" content=\"image\/jpeg\" \/>\n<meta name=\"twitter:card\" content=\"summary_large_image\" \/>\n<script type=\"application\/ld+json\" class=\"yoast-schema-graph\">{\"@context\":\"https:\/\/schema.org\",\"@graph\":[{\"@type\":\"WebPage\",\"@id\":\"https:\/\/if-qatar.com\/cours-prives\/\",\"url\":\"https:\/\/if-qatar.com\/cours-prives\/\",\"name\":\"Cours priv\u00e9s - Institut Fran\u00e7ais du Qatar\",\"isPartOf\":{\"@id\":\"https:\/\/if-qatar.com\/ar\/#website\"},\"primaryImageOfPage\":{\"@id\":\"https:\/\/if-qatar.com\/cours-prives\/#primaryimage\"},\"image\":{\"@id\":\"https:\/\/if-qatar.com\/cours-prives\/#primaryimage\"},\"thumbnailUrl\":\"https:\/\/if-qatar.com\/wordpress\/wp-content\/uploads\/2022\/03\/Cours-prives.jpg\",\"datePublished\":\"2022-03-09T08:34:27+00:00\",\"dateModified\":\"2024-02-22T05:42:28+00:00\",\"breadcrumb\":{\"@id\":\"https:\/\/if-qatar.com\/cours-prives\/#breadcrumb\"},\"inLanguage\":\"ar\",\"potentialAction\":[{\"@type\":\"ReadAction\",\"target\":[\"https:\/\/if-qatar.com\/cours-prives\/\"]}]},{\"@type\":\"ImageObject\",\"inLanguage\":\"ar\",\"@id\":\"https:\/\/if-qatar.com\/cours-prives\/#primaryimage\",\"url\":\"https:\/\/if-qatar.com\/wordpress\/wp-content\/uploads\/2022\/03\/Cours-prives.jpg\",\"contentUrl\":\"https:\/\/if-qatar.com\/wordpress\/wp-content\/uploads\/2022\/03\/Cours-prives.jpg\",\"width\":2000,\"height\":1282,\"caption\":\"Speech therapy abstract concept vector illustration. Speech pathology therapy, improve language, development delay, speaking disability treatment, tongue exercise at home abstract metaphor.\"},{\"@type\":\"BreadcrumbList\",\"@id\":\"https:\/\/if-qatar.com\/cours-prives\/#breadcrumb\",\"itemListElement\":[{\"@type\":\"ListItem\",\"position\":1,\"name\":\"Accueil\",\"item\":\"https:\/\/if-qatar.com\/\"},{\"@type\":\"ListItem\",\"position\":2,\"name\":\"Cours priv\u00e9s\"}]},{\"@type\":\"WebSite\",\"@id\":\"https:\/\/if-qatar.com\/ar\/#website\",\"url\":\"https:\/\/if-qatar.com\/ar\/\",\"name\":\"Institut Fran\u00e7ais du Qatar\",\"description\":\"\",\"publisher\":{\"@id\":\"https:\/\/if-qatar.com\/ar\/#organization\"},\"potentialAction\":[{\"@type\":\"SearchAction\",\"target\":{\"@type\":\"EntryPoint\",\"urlTemplate\":\"https:\/\/if-qatar.com\/ar\/?s={search_term_string}\"},\"query-input\":{\"@type\":\"PropertyValueSpecification\",\"valueRequired\":true,\"valueName\":\"search_term_string\"}}],\"inLanguage\":\"ar\"},{\"@type\":\"Organization\",\"@id\":\"https:\/\/if-qatar.com\/ar\/#organization\",\"name\":\"Institut Fran\u00e7ais du Qatar\",\"url\":\"https:\/\/if-qatar.com\/ar\/\",\"logo\":{\"@type\":\"ImageObject\",\"inLanguage\":\"ar\",\"@id\":\"https:\/\/if-qatar.com\/ar\/#\/schema\/logo\/image\/\",\"url\":\"https:\/\/if-qatar.com\/wordpress\/wp-content\/uploads\/2022\/10\/LOGO-IFQ-Fond-blanc-Bleu_Plan-de-travail-1.png\",\"contentUrl\":\"https:\/\/if-qatar.com\/wordpress\/wp-content\/uploads\/2022\/10\/LOGO-IFQ-Fond-blanc-Bleu_Plan-de-travail-1.png\",\"width\":2481,\"height\":1636,\"caption\":\"Institut Fran\u00e7ais du Qatar\"},\"image\":{\"@id\":\"https:\/\/if-qatar.com\/ar\/#\/schema\/logo\/image\/\"}}]}<\/script>\n<!-- \/ Yoast SEO plugin. -->","yoast_head_json":{"title":"Cours priv\u00e9s - Institut Fran\u00e7ais du Qatar","robots":{"index":"index","follow":"follow","max-snippet":"max-snippet:-1","max-image-preview":"max-image-preview:large","max-video-preview":"max-video-preview:-1"},"canonical":"https:\/\/if-qatar.com\/ar\/cours-prives\/","og_locale":"ar_AR","og_type":"article","og_title":"Cours priv\u00e9s - Institut Fran\u00e7ais du Qatar","og_description":"Cours priv\u00e9s &#8211; A la carte Nos enseignants hautement qualifi\u00e9s \u00e9laborent des programmes d\u2019apprentissage sur mesure en fonction de vos&nbsp;objectifs et besoins, a la carte. \u00c0 vous de choisir le moment pour commencer, l\u2019endroit et les horaires. Contactez notre\u00a0nous pour un devis : info@if-qatar.com","og_url":"https:\/\/if-qatar.com\/ar\/cours-prives\/","og_site_name":"Institut Fran\u00e7ais du Qatar","article_modified_time":"2024-02-22T05:42:28+00:00","og_image":[{"width":2000,"height":1282,"url":"https:\/\/if-qatar.com\/wordpress\/wp-content\/uploads\/2022\/03\/Cours-prives.jpg","type":"image\/jpeg"}],"twitter_card":"summary_large_image","schema":{"@context":"https:\/\/schema.org","@graph":[{"@type":"WebPage","@id":"https:\/\/if-qatar.com\/cours-prives\/","url":"https:\/\/if-qatar.com\/cours-prives\/","name":"Cours priv\u00e9s - Institut Fran\u00e7ais du Qatar","isPartOf":{"@id":"https:\/\/if-qatar.com\/ar\/#website"},"primaryImageOfPage":{"@id":"https:\/\/if-qatar.com\/cours-prives\/#primaryimage"},"image":{"@id":"https:\/\/if-qatar.com\/cours-prives\/#primaryimage"},"thumbnailUrl":"https:\/\/if-qatar.com\/wordpress\/wp-content\/uploads\/2022\/03\/Cours-prives.jpg","datePublished":"2022-03-09T08:34:27+00:00","dateModified":"2024-02-22T05:42:28+00:00","breadcrumb":{"@id":"https:\/\/if-qatar.com\/cours-prives\/#breadcrumb"},"inLanguage":"ar","potentialAction":[{"@type":"ReadAction","target":["https:\/\/if-qatar.com\/cours-prives\/"]}]},{"@type":"ImageObject","inLanguage":"ar","@id":"https:\/\/if-qatar.com\/cours-prives\/#primaryimage","url":"https:\/\/if-qatar.com\/wordpress\/wp-content\/uploads\/2022\/03\/Cours-prives.jpg","contentUrl":"https:\/\/if-qatar.com\/wordpress\/wp-content\/uploads\/2022\/03\/Cours-prives.jpg","width":2000,"height":1282,"caption":"Speech therapy abstract concept vector illustration. Speech pathology therapy, improve language, development delay, speaking disability treatment, tongue exercise at home abstract metaphor."},{"@type":"BreadcrumbList","@id":"https:\/\/if-qatar.com\/cours-prives\/#breadcrumb","itemListElement":[{"@type":"ListItem","position":1,"name":"Accueil","item":"https:\/\/if-qatar.com\/"},{"@type":"ListItem","position":2,"name":"Cours priv\u00e9s"}]},{"@type":"WebSite","@id":"https:\/\/if-qatar.com\/ar\/#website","url":"https:\/\/if-qatar.com\/ar\/","name":"Institut Fran\u00e7ais du Qatar","description":"","publisher":{"@id":"https:\/\/if-qatar.com\/ar\/#organization"},"potentialAction":[{"@type":"SearchAction","target":{"@type":"EntryPoint","urlTemplate":"https:\/\/if-qatar.com\/ar\/?s={search_term_string}"},"query-input":{"@type":"PropertyValueSpecification","valueRequired":true,"valueName":"search_term_string"}}],"inLanguage":"ar"},{"@type":"Organization","@id":"https:\/\/if-qatar.com\/ar\/#organization","name":"Institut Fran\u00e7ais du Qatar","url":"https:\/\/if-qatar.com\/ar\/","logo":{"@type":"ImageObject","inLanguage":"ar","@id":"https:\/\/if-qatar.com\/ar\/#\/schema\/logo\/image\/","url":"https:\/\/if-qatar.com\/wordpress\/wp-content\/uploads\/2022\/10\/LOGO-IFQ-Fond-blanc-Bleu_Plan-de-travail-1.png","contentUrl":"https:\/\/if-qatar.com\/wordpress\/wp-content\/uploads\/2022\/10\/LOGO-IFQ-Fond-blanc-Bleu_Plan-de-travail-1.png","width":2481,"height":1636,"caption":"Institut Fran\u00e7ais du Qatar"},"image":{"@id":"https:\/\/if-qatar.com\/ar\/#\/schema\/logo\/image\/"}}]}},"_links":{"self":[{"href":"https:\/\/if-qatar.com\/ar\/wp-json\/wp\/v2\/pages\/4975"}],"collection":[{"href":"https:\/\/if-qatar.com\/ar\/wp-json\/wp\/v2\/pages"}],"about":[{"href":"https:\/\/if-qatar.com\/ar\/wp-json\/wp\/v2\/types\/page"}],"author":[{"embeddable":true,"href":"https:\/\/if-qatar.com\/ar\/wp-json\/wp\/v2\/users\/1"}],"replies":[{"embeddable":true,"href":"https:\/\/if-qatar.com\/ar\/wp-json\/wp\/v2\/comments?post=4975"}],"version-history":[{"count":4,"href":"https:\/\/if-qatar.com\/ar\/wp-json\/wp\/v2\/pages\/4975\/revisions"}],"predecessor-version":[{"id":7749,"href":"https:\/\/if-qatar.com\/ar\/wp-json\/wp\/v2\/pages\/4975\/revisions\/7749"}],"wp:featuredmedia":[{"embeddable":true,"href":"https:\/\/if-qatar.com\/ar\/wp-json\/wp\/v2\/media\/4954"}],"wp:attachment":[{"href":"https:\/\/if-qatar.com\/ar\/wp-json\/wp\/v2\/media?parent=4975"}],"curies":[{"name":"wp","href":"https:\/\/api.w.org\/{rel}","templated":true}]}}