{"id":4738,"date":"2022-03-03T21:50:59","date_gmt":"2022-03-03T18:50:59","guid":{"rendered":"https:\/\/if-qatar.com\/?page_id=4738"},"modified":"2023-01-11T13:00:42","modified_gmt":"2023-01-11T10:00:42","slug":"cooperation-universitaire-et-scientifique","status":"publish","type":"page","link":"https:\/\/if-qatar.com\/ar\/cooperation\/cooperation-universitaire-et-scientifique\/","title":{"rendered":"\u0627\u0644\u062a\u0639\u0627\u0648\u0646 \u0627\u0644\u062c\u0627\u0645\u0639\u064a \u0648\u0627\u0644\u0639\u0644\u0645\u064a"},"content":{"rendered":"<div class=\"wp-block-group add-padding\"><div class=\"wp-block-group__inner-container is-layout-flow wp-block-group-is-layout-flow\">\t\t\t<!-- Flexy Breadcrumb -->\r\n\t\t\t<div class=\"fbc fbc-page\">\r\n\r\n\t\t\t\t<!-- Breadcrumb wrapper -->\r\n\t\t\t\t<div class=\"fbc-wrap\">\r\n\r\n\t\t\t\t\t<!-- Ordered list-->\r\n\t\t\t\t\t<ol class=\"fbc-items\" itemscope itemtype=\"https:\/\/schema.org\/BreadcrumbList\">\r\n\t\t\t\t\t\t            <li itemprop=\"itemListElement\" itemscope itemtype=\"https:\/\/schema.org\/ListItem\">\r\n                <span itemprop=\"name\">\r\n                    <!-- Home Link -->\r\n                    <a itemprop=\"item\" href=\"https:\/\/if-qatar.com\/ar\/\">\r\n                    \r\n                                                    <i class=\"fa fa-home\" aria-hidden=\"true\"><\/i>\u0635\u0641\u062d\u0629 \u0631\u0626\u064a\u0633\u064a\u0629                    <\/a>\r\n                <\/span>\r\n                <meta itemprop=\"position\" content=\"1\" \/><!-- Meta Position-->\r\n             <\/li><li><span class=\"fbc-separator\">\/<\/span><\/li><li class=\"active\" itemprop=\"itemListElement\" itemscope itemtype=\"https:\/\/schema.org\/ListItem\"><span itemprop=\"name\" title=\"\u0627\u0644\u062a\u0639\u0627\u0648\u0646 \u0627\u0644\u062c\u0627\u0645\u0639\u064a \u0648\u0627\u0644\u0639\u0644\u0645\u064a\">\u0627\u0644\u062a\u0639\u0627\u0648\u0646 \u0627\u0644\u062c\u0627\u0645\u0639\u064a \u0648\u0627\u0644\u0639\u0644\u0645\u064a<\/span><meta itemprop=\"position\" content=\"2\" \/><\/li>\t\t\t\t\t<\/ol>\r\n\t\t\t\t\t<div class=\"clearfix\"><\/div>\r\n\t\t\t\t<\/div>\r\n\t\t\t<\/div>\r\n\t\t\t\n\n\n\n<h2 class=\"wp-block-heading\"><strong>\u0627\u0644\u062a\u0639\u0627\u0648\u0646 \u0627\u0644\u062c\u0627\u0645\u0639\u064a \u0648\u0627\u0644\u0639\u0644\u0645\u064a<\/strong><\/h2>\n\n\n\n<p><strong>\u0627\u0644\u0645\u0639\u0647\u062f \u0627\u0644\u0641\u0631\u0646\u0633\u064a \u0648\u0627\u0644\u0633\u0641\u0627\u0631\u0629 \u0627\u0644\u0641\u0631\u0646\u0633\u064a\u0629 \u0641\u064a \u0642\u0637\u0631<\/strong> \u064a\u062f\u0639\u0645 \u0623\u0639\u0645\u0627\u0644 \u0627\u0644\u062a\u0639\u0627\u0648\u0646 \u0627\u0644\u062c\u0627\u0645\u0639\u064a \u0648\u0627\u0644\u0639\u0644\u0645\u064a \u0628\u064a\u0646 \u0627\u0644\u0645\u0624\u0633\u0633\u0627\u062a \u0627\u0644\u0641\u0631\u0646\u0633\u064a\u0629 \u0648\u0627\u0644\u0642\u0637\u0631\u064a\u0629. \u0623\u0631\u0628\u0639\u0629 \u0645\u062c\u0627\u0644\u0627\u062a \u0644\u0647\u0627 \u0627\u0644\u0623\u0648\u0644\u0648\u064a\u0629: \u0627\u0644\u0635\u062d\u0629 \u0648\u0627\u0644\u062a\u0646\u0645\u064a\u0629 \u0627\u0644\u0645\u0633\u062a\u062f\u0627\u0645\u0629 \u0648\u0627\u0644\u0645\u062c\u0627\u0644 \u0627\u0644\u0631\u0642\u0645\u064a \u0648\u0627\u0644\u0639\u0644\u0648\u0645 \u0627\u0644\u0625\u0646\u0633\u0627\u0646\u064a\u0629 \u0648\u0627\u0644\u0627\u062c\u062a\u0645\u0627\u0639\u064a\u0629.<\/p>\n\n\n\n<h3 class=\"wp-block-heading\"><strong>\u0645\u0624\u062a\u0645\u0631  \u0642\u0637\u0631 \u0644\u0644\u0635\u062d\u0629 2022<\/strong><\/h3>\n\n\n\n<p>\u0641\u064a 13 \u0634\u0628\u0627\u0637 \/ \u0641\u0628\u0631\u0627\u064a\u0631 2022 \u060c \u0648\u0628\u062f\u0639\u0645 \u0645\u0646 \u0627\u0644\u0645\u0639\u0647\u062f \u0627\u0644\u0641\u0631\u0646\u0633\u064a \u0648\u0627\u0644\u0633\u0641\u0627\u0631\u0629 \u0627\u0644\u0641\u0631\u0646\u0633\u064a\u0629 \u0641\u064a \u0642\u0637\u0631 \u060c \u0642\u062f\u0645 \u0627\u0644\u0628\u0631\u0648\u0641\u064a\u0633\u0648\u0631 \u0628\u064a\u064a\u0631 \u0643\u0627\u0631\u0644\u064a \u060c \u0631\u0626\u064a\u0633 \u0627\u0644\u0645\u0633\u0627\u0639\u062f\u0629 \u0627\u0644\u0637\u0628\u064a\u0629 \u0627\u0644\u0637\u0627\u0631\u0626\u0629 \u0641\u064a \u0628\u0627\u0631\u064a\u0633 \u060c \u0645\u062f\u0627\u062e\u0644\u0629  \u0641\u064a \u0645\u0624\u062a\u0645\u0631 \u0627\u0644\u0625\u062f\u0627\u0631\u0629 \u0627\u0644\u0637\u0628\u064a\u0629 \u0644\u0644\u062a\u062c\u0645\u0639\u0627\u062a \u0627\u0644\u062c\u0645\u0627\u0647\u064a\u0631\u064a\u0629 \u060c \u0627\u0644\u0630\u064a \u0646\u0638\u0645\u062a\u0647 \u0648\u0632\u0627\u0631\u0629 \u0627\u0644\u0635\u062d\u0629 \u0627\u0644\u0642\u0637\u0631\u064a\u0629 \u0641\u064a \u0645\u0646\u0638\u0648\u0631 \u0643\u0623\u0633 \u0627\u0644\u0639\u0627\u0644\u0645 \u0644\u0643\u0631\u0629 \u0627\u0644\u0642\u062f\u0645 2022:<\/p>\n\n\n\n<figure class=\"wp-block-image size-large is-resized\"><a href=\"https:\/\/www.hamad.qa\/EN\/All-Events\/Qatar-Health-2022\/Programs\/Pages\/Day-3.aspx\"><img decoding=\"async\" src=\"https:\/\/if-qatar.com\/wordpress\/wp-content\/uploads\/2022\/03\/Qatar-Health-2022-edited.jpg\" alt=\"\" class=\"wp-image-4746\" width=\"242\" height=\"139\"\/><\/a><\/figure>\n\n\n\n<h3 class=\"wp-block-heading\"><strong>\u0627\u0644\u0642\u0645\u0629 \u0627\u0644\u0639\u0627\u0644\u0645\u064a\u0629 \u0644\u0644\u0627\u0628\u062a\u0643\u0627\u0631 \u0641\u064a \u0645\u062c\u0627\u0644 \u0627\u0644\u0635\u062d\u0629<\/strong><\/h3>\n\n\n\n<p><\/p>\n\n\n\n<p>L&rsquo;\u00e9v\u00e9nement bi-annuel WISH (World Innovation Summit for Health) est une initiative de la Qatar Foundation. L\u2019\u00e9dition 2020 s\u2019est tenue, sous format virtuel, du 15 au 19 novembre 2020 et a \u00e9t\u00e9 la plus suivie depuis la cr\u00e9ation de WISH, avec 7\u202f500 participants originaires de 180 pays.<\/p>\n\n\n\n<p>\u062f\u0639\u0645 \u0627\u0644\u0645\u0639\u0647\u062f \u0627\u0644\u0641\u0631\u0646\u0633\u064a \u0648\u0627\u0644\u0633\u0641\u0627\u0631\u0629 \u0627\u0644\u0641\u0631\u0646\u0633\u064a\u0629 \u0641\u064a \u0642\u0637\u0631 \u0645\u0634\u0627\u0631\u0643\u0629 \u0641\u0631\u0646\u0633\u0627 \u0641\u064a \u0647\u0630\u0627 \u0627\u0644\u062d\u062f\u062b \u0627\u0644\u0648\u0632\u0627\u0631\u064a \u0627\u0644\u0645\u0633\u062a\u0648\u0649:\u00a0<\/p>\n\n\n\n<ul class=\"wp-block-list\">\n<li>\u062e\u0637\u0627\u0628 \u0623\u0648\u0644\u064a\u0641\u064a\u064a\u0647 \u0641\u064a\u0631\u0627\u0646\u060c \u0648\u0632\u064a\u0631 \u0627\u0644\u062a\u0636\u0627\u0645\u0646 \u0648\u0627\u0644\u0635\u062d\u0629\u060c \u062e\u0644\u0627\u0644 \u062d\u0644\u0642\u0629 \u0646\u0642\u0627\u0634  \u00ab\u0627\u0644\u0635\u062d\u0629 \u0627\u0644\u0639\u0642\u0644\u064a\u0629 \u0648\u0627\u0644\u062a\u0643\u0646\u0648\u0644\u0648\u062c\u064a\u0627 \u0627\u0644\u0631\u0642\u0645\u064a\u0629\u00bb\u202f;<\/li>\n\n\n\n<li>\u0643\u0644\u0645\u0629 \u0633\u062a\u064a\u0641\u0627\u0646\u064a \u0633\u064a\u062f\u0648\u060c \u0633\u0641\u064a\u0631\u0629 \u0627\u0644\u0635\u062d\u0629 \u0627\u0644\u0639\u0627\u0644\u0645\u064a\u0629\u060c \u062e\u0644\u0627\u0644 \u062d\u0644\u0642\u0629 \u0646\u0642\u0627\u0634 \u00ab \u062a\u063a\u064a\u0631 \u0627\u0644\u0645\u0646\u0627\u062e \u0648\u0627\u0644\u0623\u0645\u0631\u0627\u0636 \u0627\u0644\u0645\u0639\u062f\u064a\u0629 \u00bb\u202f;<\/li>\n<\/ul>\n\n\n\n<p>\u0625\u0642\u0627\u0645\u0629 \u0645\u0646\u0635\u0627\u062a \u0627\u0641\u062a\u0631\u0627\u0636\u064a\u0629 \u0641\u064a \u0633\u0627\u062d\u0629 \u0627\u0644\u0639\u0631\u0636 \u0644\u0644\u0645\u0633\u0627\u0639\u062f\u0627\u062a \u0627\u0644\u0639\u0627\u0645\u0629 \u0648\u0645\u0634\u0627\u0641\u064a \u0628\u0627\u0631\u064a\u0633 \u0648\u0645\u0639\u0647\u062f Imagine \u0644\u0644\u0623\u0645\u0631\u0627\u0636 \u0627\u0644\u0648\u0631\u0627\u062b\u064a\u0629 \u0648\u0627\u0644\u0634\u0631\u0643\u0629 \u0627\u0644\u0641\u0631\u0646\u0633\u064a\u0629 \u0627\u0644\u0646\u0627\u0634\u0626\u0629 Kaya sant\u00e9 (\u0627\u0644\u0630\u0643\u0627\u0621 \u0627\u0644\u0627\u0635\u0637\u0646\u0627\u0639\u064a \u0644\u0644\u0639\u0644\u0627\u062c\u0627\u062a \u063a\u064a\u0631 \u0627\u0644\u062f\u0648\u0627\u0626\u064a\u0629) \u061b<\/p>\n\n\n\n<p>\u062a\u0642\u062f\u064a\u0645 \u0645\u0639\u0631\u0636 \u0627\u0644\u0635\u0648\u0631 \"\u0645\u062d\u062a\u0631\u0641\u0648 \u0627\u0644\u0645\u0633\u0627\u0639\u062f\u0629 \u0627\u0644\u0639\u0627\u0645\u0629 - \u0645\u0633\u062a\u0634\u0641\u064a\u0627\u062a \u0628\u0627\u0631\u064a\u0633 \u0641\u064a \u0645\u0648\u0627\u062c\u0647\u0629 \u0643\u0648\u0641\u064a\u062f\" \u0641\u064a \u0627\u0644\u0641\u0636\u0627\u0621 \u0627\u0644\u0627\u0641\u062a\u0631\u0627\u0636\u064a \"\u063a\u0627\u0644\u064a\u0631\u064a\"\u060c \u0645\u0646 \u0625\u0646\u062c\u0627\u0632 \u0627\u0644\u0645\u0635\u0648\u0631 \u0628\u0631\u0648\u0646\u0648 \u0641\u064a\u0631\u062a \u0648\u0627\u0644\u0630\u064a \u0633\u0628\u0642 \u0623\u0646 \u0639\u064f\u0631\u0650\u0636  \u0641\u064a \u0628\u0644\u062f\u064a\u0629 \u0628\u0627\u0631\u064a\u0633 \u0645\u0646 28  \u062a\u0645\u0648\u0632\/\u064a\u0648\u0644\u064a\u0648 \u0625\u0644\u0649 20 \u0627\u0628\/ \u0623\u063a\u0633\u0637\u0633 \u060c 2020.<\/p>\n\n\n\n<p><strong>\u0633\u062a\u0639\u0642\u062f \u0627\u0644\u0646\u0633\u062e\u0629 \u0627\u0644\u0642\u0627\u062f\u0645\u0629 \u0645\u0646 \u0648\u064a\u0634 \u0641\u064a \u0627\u0644\u0641\u062a\u0631\u0629 \u0645\u0646 4 \u0625\u0644\u0649 6 \u0623\u0643\u062a\u0648\u0628\u0631 2022<\/strong>\u202f:<\/p>\n\n\n\n<figure class=\"wp-block-image size-large is-resized\"><a href=\"https:\/\/www.wish.org.qa\/\"><img decoding=\"async\" src=\"https:\/\/if-qatar.com\/wordpress\/wp-content\/uploads\/2022\/03\/wish-1024x485.png\" alt=\"\" class=\"wp-image-4751\" width=\"233\" height=\"113\"\/><\/a><\/figure>\n\n\n\n<h3 class=\"wp-block-heading\"><strong>\u0645\u0624\u062a\u0645\u0631 \u00ab\u0627\u0644\u0645\u062f\u0646 \u0627\u0644\u0633\u0627\u062d\u0644\u064a\u0629 \u0648\u062a\u063a\u064a\u0631 \u0627\u0644\u0645\u0646\u0627\u062e\u00bb<\/strong><\/h3>\n\n\n\n<p><\/p>\n\n\n\n<p>\u0628\u0645\u0646\u0627\u0633\u0628\u0629 \"\u0623\u0633\u0628\u0648\u0639 \u0642\u0637\u0631 \u0644\u0644\u0627\u0633\u062a\u062f\u0627\u0645\u0629 2021\" \u060c \u0646\u0638\u0645 \u0627\u0644\u0645\u0639\u0647\u062f \u0627\u0644\u0641\u0631\u0646\u0633\u064a \u0648\u0627\u0644\u0633\u0641\u0627\u0631\u0629 \u0627\u0644\u0641\u0631\u0646\u0633\u064a\u0629 \u0641\u064a \u0642\u0637\u0631\u060c \u0641\u064a 25 \u062a\u0634\u0631\u064a\u0646 \u0627\u0644\u0623\u0648\u0644\/ \u0623\u0643\u062a\u0648\u0628\u0631\u060c \u0645\u0624\u062a\u0645\u0631\u064b\u0627 \u0627\u0641\u062a\u0631\u0627\u0636\u064a\u064b\u0627 \u062d\u0648\u0644 \u0645\u0648\u0636\u0648\u0639  \"\u0627\u0644\u0645\u062f\u0646 \u0627\u0644\u0633\u0627\u062d\u0644\u064a\u0629 \u0648\u0627\u0644\u062a\u063a\u064a\u0631 \u0627\u0644\u0645\u0646\u0627\u062e\u064a\" \u0628\u0627\u0644\u0634\u0631\u0627\u0643\u0629 \u0645\u0639 \u0645\u062c\u0644\u0633 \u0642\u0637\u0631 \u0644\u0644\u0645\u0628\u0627\u0646\u064a \u0627\u0644\u062e\u0636\u0631\u0627\u0621 \u0648 \u0645\u0639\u0647\u062f \u0627\u0644\u062f\u0648\u062d\u0629. \u062c\u0645\u0639\u062a \u062d\u0644\u0642\u0629 \u0627\u0644\u0646\u0642\u0627\u0634 \u0627\u062b\u0646\u064a\u0646 \u0645\u0646 \u0645\u0624\u0644\u0641\u064a \u062a\u0642\u0627\u0631\u064a\u0631 \u0627\u0644\u0641\u0631\u064a\u0642 \u0627\u0644\u062d\u0643\u0648\u0645\u064a \u0627\u0644\u0645\u062e\u062a\u0635\u064a\u0646  \u0628\u0627\u0644\u062a\u063a\u064a\u0631 \u0627\u0644\u0645\u0646\u0627\u062e\u064a GIEC \u0628\u0627\u0644\u0625\u0636\u0627\u0641\u0629 \u0625\u0644\u0649 \u0645\u0647\u0646\u062f\u0633\u064a\u0646 \u0645\u0639\u0645\u0627\u0631\u064a\u064a\u0646 \u0648\u0645\u062e\u0637\u0637\u064a \u0645\u062f\u0646. \u0648\u0642\u0627\u0645\u0648\u0627 \u0645\u0639\u064b\u0627 \u0628\u062a\u062d\u0644\u064a\u0644 \u0627\u0644\u0631\u0647\u0627\u0646\u0627\u062a \u0648\u0627\u0644\u062a\u062d\u062f\u064a\u0627\u062a \u0627\u0644\u062a\u064a \u064a\u062c\u0628 \u0645\u0648\u0627\u062c\u0647\u062a\u0647\u0627 \u0645\u0646 \u0623\u062c\u0644 \u062a\u0643\u064a\u0641 \u0627\u0644\u0645\u062f\u0646 \u0627\u0644\u0633\u0627\u062d\u0644\u064a\u0629 \u0645\u0639 \u0627\u0644\u062a\u063a\u064a\u0631 \u0627\u0644\u0645\u0646\u0627\u062e\u064a.\u00a0<\/p>\n\n\n\n<p>\u0634\u0627\u0647\u062f \u0625\u0639\u0627\u062f\u0629 \u0627\u0644\u0639\u0631\u0636:<\/p>\n\n\n\n<figure class=\"wp-block-image size-full is-resized\"><a href=\" https:\/\/www.youtube.com\/watch?v=8tLPX4Przjg&amp;list=PLS4thPKuEC3IWFK4WhKtC-08x_eYxUwKr\"><img decoding=\"async\" src=\"https:\/\/if-qatar.com\/wordpress\/wp-content\/uploads\/2022\/03\/focusday.png\" alt=\"\" class=\"wp-image-4755\" width=\"289\" height=\"145\" srcset=\"https:\/\/if-qatar.com\/wordpress\/wp-content\/uploads\/2022\/03\/focusday.png 1000w, https:\/\/if-qatar.com\/wordpress\/wp-content\/uploads\/2022\/03\/focusday-300x150.png 300w, https:\/\/if-qatar.com\/wordpress\/wp-content\/uploads\/2022\/03\/focusday-768x384.png 768w\" sizes=\"(max-width: 289px) 100vw, 289px\" \/><\/a><\/figure>\n<\/div><\/div>","protected":false},"excerpt":{"rendered":"<p>Coop\u00e9ration&nbsp;universitaire et scientifique L\u2019institut Fran\u00e7ais et l\u2019Ambassade de France au Qatar soutiennent les actions de coop\u00e9ration universitaires et scientifiques entre les institutions fran\u00e7aises et qatariennes. Quatre domaines prioritaires sont cibl\u00e9s\u202f: la sant\u00e9, le d\u00e9veloppement durable, le num\u00e9rique et les sciences humaines et sociales. Conf\u00e9rence Qatar Health 2022 Le 13 f\u00e9vrier 2022, avec le soutien de [&hellip;]<\/p>","protected":false},"author":1,"featured_media":4704,"parent":4700,"menu_order":2,"comment_status":"closed","ping_status":"closed","template":"templates\/template-cover.php","meta":{"om_disable_all_campaigns":false,"_monsterinsights_skip_tracking":false,"_monsterinsights_sitenote_active":false,"_monsterinsights_sitenote_note":"","_monsterinsights_sitenote_category":0,"footnotes":""},"class_list":["post-4738","page","type-page","status-publish","has-post-thumbnail","hentry"],"yoast_head":"<!-- This site is optimized with the Yoast SEO plugin v24.0 - https:\/\/yoast.com\/wordpress\/plugins\/seo\/ -->\n<title>Coop\u00e9ration universitaire et scientifique - Institut Fran\u00e7ais du Qatar<\/title>\n<meta name=\"robots\" content=\"index, follow, max-snippet:-1, max-image-preview:large, max-video-preview:-1\" \/>\n<link rel=\"canonical\" href=\"https:\/\/if-qatar.com\/ar\/cooperation\/cooperation-universitaire-et-scientifique\/\" \/>\n<meta property=\"og:locale\" content=\"ar_AR\" \/>\n<meta property=\"og:type\" content=\"article\" \/>\n<meta property=\"og:title\" content=\"Coop\u00e9ration universitaire et scientifique - Institut Fran\u00e7ais du Qatar\" \/>\n<meta property=\"og:description\" content=\"Coop\u00e9ration&nbsp;universitaire et scientifique L\u2019institut Fran\u00e7ais et l\u2019Ambassade de France au Qatar soutiennent les actions de coop\u00e9ration universitaires et scientifiques entre les institutions fran\u00e7aises et qatariennes. Quatre domaines prioritaires sont cibl\u00e9s\u202f: la sant\u00e9, le d\u00e9veloppement durable, le num\u00e9rique et les sciences humaines et sociales. Conf\u00e9rence Qatar Health 2022 Le 13 f\u00e9vrier 2022, avec le soutien de [&hellip;]\" \/>\n<meta property=\"og:url\" content=\"https:\/\/if-qatar.com\/ar\/cooperation\/cooperation-universitaire-et-scientifique\/\" \/>\n<meta property=\"og:site_name\" content=\"Institut Fran\u00e7ais du Qatar\" \/>\n<meta property=\"article:modified_time\" content=\"2023-01-11T10:00:42+00:00\" \/>\n<meta property=\"og:image\" content=\"https:\/\/if-qatar.com\/wordpress\/wp-content\/uploads\/2022\/03\/Cooperation-scientifique.jpg\" \/>\n\t<meta property=\"og:image:width\" content=\"1347\" \/>\n\t<meta property=\"og:image:height\" content=\"1080\" \/>\n\t<meta property=\"og:image:type\" content=\"image\/jpeg\" \/>\n<meta name=\"twitter:card\" content=\"summary_large_image\" \/>\n<meta name=\"twitter:label1\" content=\"\u0648\u0642\u062a \u0627\u0644\u0642\u0631\u0627\u0621\u0629 \u0627\u0644\u0645\u064f\u0642\u062f\u0651\u0631\" \/>\n\t<meta name=\"twitter:data1\" content=\"3 \u062f\u0642\u0627\u0626\u0642\" \/>\n<script type=\"application\/ld+json\" class=\"yoast-schema-graph\">{\"@context\":\"https:\/\/schema.org\",\"@graph\":[{\"@type\":\"WebPage\",\"@id\":\"https:\/\/if-qatar.com\/cooperation\/cooperation-universitaire-et-scientifique\/\",\"url\":\"https:\/\/if-qatar.com\/cooperation\/cooperation-universitaire-et-scientifique\/\",\"name\":\"Coop\u00e9ration universitaire et scientifique - Institut Fran\u00e7ais du Qatar\",\"isPartOf\":{\"@id\":\"https:\/\/if-qatar.com\/ar\/#website\"},\"primaryImageOfPage\":{\"@id\":\"https:\/\/if-qatar.com\/cooperation\/cooperation-universitaire-et-scientifique\/#primaryimage\"},\"image\":{\"@id\":\"https:\/\/if-qatar.com\/cooperation\/cooperation-universitaire-et-scientifique\/#primaryimage\"},\"thumbnailUrl\":\"https:\/\/if-qatar.com\/wordpress\/wp-content\/uploads\/2022\/03\/Cooperation-scientifique.jpg\",\"datePublished\":\"2022-03-03T18:50:59+00:00\",\"dateModified\":\"2023-01-11T10:00:42+00:00\",\"breadcrumb\":{\"@id\":\"https:\/\/if-qatar.com\/cooperation\/cooperation-universitaire-et-scientifique\/#breadcrumb\"},\"inLanguage\":\"ar\",\"potentialAction\":[{\"@type\":\"ReadAction\",\"target\":[\"https:\/\/if-qatar.com\/cooperation\/cooperation-universitaire-et-scientifique\/\"]}]},{\"@type\":\"ImageObject\",\"inLanguage\":\"ar\",\"@id\":\"https:\/\/if-qatar.com\/cooperation\/cooperation-universitaire-et-scientifique\/#primaryimage\",\"url\":\"https:\/\/if-qatar.com\/wordpress\/wp-content\/uploads\/2022\/03\/Cooperation-scientifique.jpg\",\"contentUrl\":\"https:\/\/if-qatar.com\/wordpress\/wp-content\/uploads\/2022\/03\/Cooperation-scientifique.jpg\",\"width\":1347,\"height\":1080},{\"@type\":\"BreadcrumbList\",\"@id\":\"https:\/\/if-qatar.com\/cooperation\/cooperation-universitaire-et-scientifique\/#breadcrumb\",\"itemListElement\":[{\"@type\":\"ListItem\",\"position\":1,\"name\":\"Accueil\",\"item\":\"https:\/\/if-qatar.com\/\"},{\"@type\":\"ListItem\",\"position\":2,\"name\":\"Coop\u00e9ration\",\"item\":\"https:\/\/if-qatar.com\/cooperation\/\"},{\"@type\":\"ListItem\",\"position\":3,\"name\":\"Coop\u00e9ration universitaire et scientifique\"}]},{\"@type\":\"WebSite\",\"@id\":\"https:\/\/if-qatar.com\/ar\/#website\",\"url\":\"https:\/\/if-qatar.com\/ar\/\",\"name\":\"Institut Fran\u00e7ais du Qatar\",\"description\":\"\",\"publisher\":{\"@id\":\"https:\/\/if-qatar.com\/ar\/#organization\"},\"potentialAction\":[{\"@type\":\"SearchAction\",\"target\":{\"@type\":\"EntryPoint\",\"urlTemplate\":\"https:\/\/if-qatar.com\/ar\/?s={search_term_string}\"},\"query-input\":{\"@type\":\"PropertyValueSpecification\",\"valueRequired\":true,\"valueName\":\"search_term_string\"}}],\"inLanguage\":\"ar\"},{\"@type\":\"Organization\",\"@id\":\"https:\/\/if-qatar.com\/ar\/#organization\",\"name\":\"Institut Fran\u00e7ais du Qatar\",\"url\":\"https:\/\/if-qatar.com\/ar\/\",\"logo\":{\"@type\":\"ImageObject\",\"inLanguage\":\"ar\",\"@id\":\"https:\/\/if-qatar.com\/ar\/#\/schema\/logo\/image\/\",\"url\":\"https:\/\/if-qatar.com\/wordpress\/wp-content\/uploads\/2022\/10\/LOGO-IFQ-Fond-blanc-Bleu_Plan-de-travail-1.png\",\"contentUrl\":\"https:\/\/if-qatar.com\/wordpress\/wp-content\/uploads\/2022\/10\/LOGO-IFQ-Fond-blanc-Bleu_Plan-de-travail-1.png\",\"width\":2481,\"height\":1636,\"caption\":\"Institut Fran\u00e7ais du Qatar\"},\"image\":{\"@id\":\"https:\/\/if-qatar.com\/ar\/#\/schema\/logo\/image\/\"}}]}<\/script>\n<!-- \/ Yoast SEO plugin. -->","yoast_head_json":{"title":"Coop\u00e9ration universitaire et scientifique - Institut Fran\u00e7ais du Qatar","robots":{"index":"index","follow":"follow","max-snippet":"max-snippet:-1","max-image-preview":"max-image-preview:large","max-video-preview":"max-video-preview:-1"},"canonical":"https:\/\/if-qatar.com\/ar\/cooperation\/cooperation-universitaire-et-scientifique\/","og_locale":"ar_AR","og_type":"article","og_title":"Coop\u00e9ration universitaire et scientifique - Institut Fran\u00e7ais du Qatar","og_description":"Coop\u00e9ration&nbsp;universitaire et scientifique L\u2019institut Fran\u00e7ais et l\u2019Ambassade de France au Qatar soutiennent les actions de coop\u00e9ration universitaires et scientifiques entre les institutions fran\u00e7aises et qatariennes. Quatre domaines prioritaires sont cibl\u00e9s\u202f: la sant\u00e9, le d\u00e9veloppement durable, le num\u00e9rique et les sciences humaines et sociales. Conf\u00e9rence Qatar Health 2022 Le 13 f\u00e9vrier 2022, avec le soutien de [&hellip;]","og_url":"https:\/\/if-qatar.com\/ar\/cooperation\/cooperation-universitaire-et-scientifique\/","og_site_name":"Institut Fran\u00e7ais du Qatar","article_modified_time":"2023-01-11T10:00:42+00:00","og_image":[{"width":1347,"height":1080,"url":"https:\/\/if-qatar.com\/wordpress\/wp-content\/uploads\/2022\/03\/Cooperation-scientifique.jpg","type":"image\/jpeg"}],"twitter_card":"summary_large_image","twitter_misc":{"\u0648\u0642\u062a \u0627\u0644\u0642\u0631\u0627\u0621\u0629 \u0627\u0644\u0645\u064f\u0642\u062f\u0651\u0631":"3 \u062f\u0642\u0627\u0626\u0642"},"schema":{"@context":"https:\/\/schema.org","@graph":[{"@type":"WebPage","@id":"https:\/\/if-qatar.com\/cooperation\/cooperation-universitaire-et-scientifique\/","url":"https:\/\/if-qatar.com\/cooperation\/cooperation-universitaire-et-scientifique\/","name":"Coop\u00e9ration universitaire et scientifique - Institut Fran\u00e7ais du Qatar","isPartOf":{"@id":"https:\/\/if-qatar.com\/ar\/#website"},"primaryImageOfPage":{"@id":"https:\/\/if-qatar.com\/cooperation\/cooperation-universitaire-et-scientifique\/#primaryimage"},"image":{"@id":"https:\/\/if-qatar.com\/cooperation\/cooperation-universitaire-et-scientifique\/#primaryimage"},"thumbnailUrl":"https:\/\/if-qatar.com\/wordpress\/wp-content\/uploads\/2022\/03\/Cooperation-scientifique.jpg","datePublished":"2022-03-03T18:50:59+00:00","dateModified":"2023-01-11T10:00:42+00:00","breadcrumb":{"@id":"https:\/\/if-qatar.com\/cooperation\/cooperation-universitaire-et-scientifique\/#breadcrumb"},"inLanguage":"ar","potentialAction":[{"@type":"ReadAction","target":["https:\/\/if-qatar.com\/cooperation\/cooperation-universitaire-et-scientifique\/"]}]},{"@type":"ImageObject","inLanguage":"ar","@id":"https:\/\/if-qatar.com\/cooperation\/cooperation-universitaire-et-scientifique\/#primaryimage","url":"https:\/\/if-qatar.com\/wordpress\/wp-content\/uploads\/2022\/03\/Cooperation-scientifique.jpg","contentUrl":"https:\/\/if-qatar.com\/wordpress\/wp-content\/uploads\/2022\/03\/Cooperation-scientifique.jpg","width":1347,"height":1080},{"@type":"BreadcrumbList","@id":"https:\/\/if-qatar.com\/cooperation\/cooperation-universitaire-et-scientifique\/#breadcrumb","itemListElement":[{"@type":"ListItem","position":1,"name":"Accueil","item":"https:\/\/if-qatar.com\/"},{"@type":"ListItem","position":2,"name":"Coop\u00e9ration","item":"https:\/\/if-qatar.com\/cooperation\/"},{"@type":"ListItem","position":3,"name":"Coop\u00e9ration universitaire et scientifique"}]},{"@type":"WebSite","@id":"https:\/\/if-qatar.com\/ar\/#website","url":"https:\/\/if-qatar.com\/ar\/","name":"Institut Fran\u00e7ais du Qatar","description":"","publisher":{"@id":"https:\/\/if-qatar.com\/ar\/#organization"},"potentialAction":[{"@type":"SearchAction","target":{"@type":"EntryPoint","urlTemplate":"https:\/\/if-qatar.com\/ar\/?s={search_term_string}"},"query-input":{"@type":"PropertyValueSpecification","valueRequired":true,"valueName":"search_term_string"}}],"inLanguage":"ar"},{"@type":"Organization","@id":"https:\/\/if-qatar.com\/ar\/#organization","name":"Institut Fran\u00e7ais du Qatar","url":"https:\/\/if-qatar.com\/ar\/","logo":{"@type":"ImageObject","inLanguage":"ar","@id":"https:\/\/if-qatar.com\/ar\/#\/schema\/logo\/image\/","url":"https:\/\/if-qatar.com\/wordpress\/wp-content\/uploads\/2022\/10\/LOGO-IFQ-Fond-blanc-Bleu_Plan-de-travail-1.png","contentUrl":"https:\/\/if-qatar.com\/wordpress\/wp-content\/uploads\/2022\/10\/LOGO-IFQ-Fond-blanc-Bleu_Plan-de-travail-1.png","width":2481,"height":1636,"caption":"Institut Fran\u00e7ais du Qatar"},"image":{"@id":"https:\/\/if-qatar.com\/ar\/#\/schema\/logo\/image\/"}}]}},"_links":{"self":[{"href":"https:\/\/if-qatar.com\/ar\/wp-json\/wp\/v2\/pages\/4738"}],"collection":[{"href":"https:\/\/if-qatar.com\/ar\/wp-json\/wp\/v2\/pages"}],"about":[{"href":"https:\/\/if-qatar.com\/ar\/wp-json\/wp\/v2\/types\/page"}],"author":[{"embeddable":true,"href":"https:\/\/if-qatar.com\/ar\/wp-json\/wp\/v2\/users\/1"}],"replies":[{"embeddable":true,"href":"https:\/\/if-qatar.com\/ar\/wp-json\/wp\/v2\/comments?post=4738"}],"version-history":[{"count":18,"href":"https:\/\/if-qatar.com\/ar\/wp-json\/wp\/v2\/pages\/4738\/revisions"}],"predecessor-version":[{"id":6527,"href":"https:\/\/if-qatar.com\/ar\/wp-json\/wp\/v2\/pages\/4738\/revisions\/6527"}],"up":[{"embeddable":true,"href":"https:\/\/if-qatar.com\/ar\/wp-json\/wp\/v2\/pages\/4700"}],"wp:featuredmedia":[{"embeddable":true,"href":"https:\/\/if-qatar.com\/ar\/wp-json\/wp\/v2\/media\/4704"}],"wp:attachment":[{"href":"https:\/\/if-qatar.com\/ar\/wp-json\/wp\/v2\/media?parent=4738"}],"curies":[{"name":"wp","href":"https:\/\/api.w.org\/{rel}","templated":true}]}}