{"id":4715,"date":"2022-03-03T21:34:30","date_gmt":"2022-03-03T18:34:30","guid":{"rendered":"https:\/\/if-qatar.com\/?page_id=4715"},"modified":"2022-05-29T16:35:29","modified_gmt":"2022-05-29T13:35:29","slug":"cooperation-culturelle-2","status":"publish","type":"page","link":"https:\/\/if-qatar.com\/ar\/cooperation\/cooperation-culturelle-2\/","title":{"rendered":"\u0627\u0644\u062a\u0639\u0627\u0648\u0646 \u0627\u0644\u062b\u0642\u0627\u0641\u064a"},"content":{"rendered":"<div class=\"wp-block-group add-padding\"><div class=\"wp-block-group__inner-container is-layout-flow wp-block-group-is-layout-flow\">\t\t\t<!-- Flexy Breadcrumb -->\r\n\t\t\t<div class=\"fbc fbc-page\">\r\n\r\n\t\t\t\t<!-- Breadcrumb wrapper -->\r\n\t\t\t\t<div class=\"fbc-wrap\">\r\n\r\n\t\t\t\t\t<!-- Ordered list-->\r\n\t\t\t\t\t<ol class=\"fbc-items\" itemscope itemtype=\"https:\/\/schema.org\/BreadcrumbList\">\r\n\t\t\t\t\t\t            <li itemprop=\"itemListElement\" itemscope itemtype=\"https:\/\/schema.org\/ListItem\">\r\n                <span itemprop=\"name\">\r\n                    <!-- Home Link -->\r\n                    <a itemprop=\"item\" href=\"https:\/\/if-qatar.com\/ar\/\">\r\n                    \r\n                                                    <i class=\"fa fa-home\" aria-hidden=\"true\"><\/i>\u0635\u0641\u062d\u0629 \u0631\u0626\u064a\u0633\u064a\u0629                    <\/a>\r\n                <\/span>\r\n                <meta itemprop=\"position\" content=\"1\" \/><!-- Meta Position-->\r\n             <\/li><li><span class=\"fbc-separator\">\/<\/span><\/li><li class=\"active\" itemprop=\"itemListElement\" itemscope itemtype=\"https:\/\/schema.org\/ListItem\"><span itemprop=\"name\" title=\"\u0627\u0644\u062a\u0639\u0627\u0648\u0646 \u0627\u0644\u062b\u0642\u0627\u0641\u064a\">\u0627\u0644\u062a\u0639\u0627\u0648\u0646 \u0627\u0644\u062b\u0642\u0627\u0641\u064a<\/span><meta itemprop=\"position\" content=\"2\" \/><\/li>\t\t\t\t\t<\/ol>\r\n\t\t\t\t\t<div class=\"clearfix\"><\/div>\r\n\t\t\t\t<\/div>\r\n\t\t\t<\/div>\r\n\t\t\t\n\n\n\n<h2 class=\"wp-block-heading\"><strong>\u0627\u0644\u062a\u0639\u0627\u0648\u0646 \u0627\u0644\u062b\u0642\u0627\u0641\u064a<\/strong><\/h2>\n\n\n\n<p>\u064a\u062f\u0639\u0645  \u0627\u0644\u0645\u0639\u0647\u062f \u0627\u0644\u0641\u0631\u0646\u0633\u064a \u0645\u0639 \u0627\u0644\u0633\u0641\u0627\u0631\u0629 \u0627\u0644\u0641\u0631\u0646\u0633\u064a\u0629 \u0641\u064a \u0642\u0637\u0631 \u0623\u0639\u0645\u0627\u0644 \u0627\u0644\u062a\u0639\u0627\u0648\u0646 \u0627\u0644\u062b\u0642\u0627\u0641\u064a \u0644\u062a\u0646\u0641\u064a\u0630 \u0627\u0644\u0645\u0634\u0627\u0631\u064a\u0639 \u0627\u0644\u0645\u062a\u0641\u0642 \u0639\u0644\u064a\u0647\u0627 \u0628\u064a\u0646 \u0627\u0644\u0645\u0624\u0633\u0633\u0627\u062a \u0627\u0644\u062b\u0642\u0627\u0641\u064a\u0629 \u0627\u0644\u0641\u0631\u0646\u0633\u064a\u0629 \u0648\u0627\u0644\u0642\u0637\u0631\u064a\u0629. \u0648\u0627\u0644\u062a\u0639\u0627\u0648\u0646 \u0646\u0634\u064a\u0637 \u0644\u0644\u063a\u0627\u064a\u0629 \u0628\u064a\u0646 \u0627\u0644\u0628\u0644\u062f\u064a\u0646 \u0648\u064a\u062a\u0645\u0641\u0635\u0644 \u062d\u0648\u0644 \u062b\u0644\u0627\u062b\u0629 \u0645\u062c\u0627\u0644\u0627\u062a \u0639\u0645\u0644: \u0627\u0644\u0645\u0643\u0648\u0646 \u0627\u0644\u062b\u0642\u0627\u0641\u064a\u060c \u0648\u062c\u062f\u0644 \u0627\u0644\u0623\u0641\u0643\u0627\u0631\u060c \u0648\u0627\u0644\u0645\u062c\u0627\u0644 \u0627\u0644\u0633\u0645\u0639\u064a \u0627\u0644\u0628\u0635\u0631\u064a. \u0648\u0627\u0644\u062a\u0639\u0627\u0648\u0646 \u0641\u064a \u0627\u0644\u0642\u0637\u0627\u0639 \u0627\u0644\u062b\u0642\u0627\u0641\u064a \u0627\u0644\u0630\u064a \u064a\u0642\u0648\u0645 \u0639\u0644\u0649 \u062a\u0646\u0638\u064a\u0645 \u0645\u0634\u062a\u0631\u0643 \u0645\u0639 \u0634\u0631\u0643\u0627\u0626\u0646\u0627 \u0627\u0644\u0645\u0624\u0633\u0633\u064a\u064a\u0646 \u0627\u0644\u0642\u0637\u0631\u064a\u064a\u0646 \u0627\u0644\u0631\u0626\u064a\u0633\u064a\u064a\u0646 \u0623\u064a \u0645\u062a\u0627\u062d\u0641 \u0642\u0637\u0631 \u0648\u0643\u062a\u0627\u0631\u0627 \u0648\u0645\u0624\u0633\u0633\u0629 \u0642\u0637\u0631 \u064a\u063a\u0637\u064a \u0643\u0627\u0641\u0629 \u0627\u0644\u0645\u062c\u0627\u0644\u0627\u062a \u0627\u0644\u0641\u0646\u064a\u0629 \u062e\u0627\u0635\u0629:<\/p>\n\n\n\n<ul class=\"wp-block-list\"><li>\u0627\u0644\u0645\u0648\u0633\u064a\u0642\u0649 \u0645\u0639 \u0645\u0647\u0631\u062c\u0627\u0646 \u0627\u0644\u062c\u0627\u0632 \u0627\u0644\u0623\u0648\u0631\u0648\u0628\u064a \u0648\u0639\u064a\u062f \u0627\u0644\u0645\u0648\u0633\u064a\u0642\u0649 \u0648\u0627\u0644\u062d\u0641\u0644\u0627\u062a \u0627\u0644\u0645\u0648\u0633\u064a\u0642\u064a\u0629 \u0627\u0644\u062a\u064a \u0646\u0642\u062a\u0631\u062d\u0647\u0627 \u0639\u0644\u0649 \u0643\u062a\u0627\u0631\u0627<\/li><li>\u0627\u0644\u0641\u0646\u0648\u0646 \u0627\u0644\u0628\u0635\u0631\u064a\u0629 \u0645\u0639 \u0645\u0639\u0627\u0631\u0636  \u0645\u0647\u0645\u0629 \u0645\u062b\u0644 \u0645\u0639\u0631\u0636 \u0643\u0631\u064a\u0633\u062a\u064a\u0627\u0646 \u062f\u064a\u0648\u0631 \u0641\u064a  \u0645\u0631\u0643\u0632 M7 \u060c \u0648\u0645\u0639\u0631\u0636 \u0628\u0627\u0631\u064a\u0633 \u0645\u0648\u062f\u0631\u0646 \u0627\u0644\u0645\u0642\u0631\u0631 \u062a\u0646\u0638\u064a\u0645\u0647 \u0641\u064a \u0639\u0627\u0645 2023 \u0641\u064a \u0627\u0644\u0645\u062a\u062d\u0641 \u0627\u0644\u0648\u0637\u0646\u064a \u060c \u0648\u0645\u0647\u0631\u062c\u0627\u0646 \u0627\u0644\u0641\u064a\u0644\u0645 \n\u0627\u0644\u0641\u0631\u0646\u0643\u0648\u0641\u0648\u0646\u064a \u0628\u0645\u0646\u0627\u0633\u0628\u0629 \u0623\u064a\u0627\u0645 \u0627\u0644\u0641\u0631\u0646\u0643\u0648\u0641\u0648\u0646\u064a\u0629<\/li><\/ul>\n\n\n\n<p><br>\u064a\u062a\u0645\u0641\u0635\u0644 \u0627\u0644\u062a\u0639\u0627\u0648\u0646 \u0627\u0644\u0633\u0645\u0639\u064a \u0627\u0644\u0628\u0635\u0631\u064a \u062d\u0648\u0644 \u0627\u0644\u062f\u0639\u0645 \u0627\u0644\u0645\u0642\u062f\u0645 \u0644\u0645\u0624\u0633\u0633\u0629 \u0627\u0644\u062f\u0648\u062d\u0629 \u0644\u0644\u0623\u0641\u0644\u0627\u0645 \u0644\u0644\u0645\u0647\u0631\u062c\u0627\u0646\u064a\u0646 \u0627\u0644\u0631\u0626\u064a\u0633\u064a\u064a\u0646 \u0627\u0644\u0644\u0630\u064a\u0646 \u062a\u0645 \u062a\u0646\u0638\u064a\u0645\u0647\u0645\u0627 \u062e\u0644\u0627\u0644 \u0627\u0644\u0639\u0627\u0645: \"\u0642\u0645\u0631\u0629\" \u060c \u0648\u0647\u0648 \u0644\u0642\u0627\u0621  \u0627\u0644\u0645\u062d\u062a\u0631\u0641\u064a\u0646 \u0645\u0639 \u0634\u062e\u0635\u064a\u0627\u062a \u0633\u064a\u0646\u0645\u0627\u0626\u064a\u0629 \u060c \u0648 \"\u0623\u062c\u064a\u0627\u0644\" \u0627\u0644\u0645\u062e\u0635\u0635 \u0644\u0645\u0647\u0631\u062c\u0627\u0646 \u0627\u0644\u0634\u0628\u0627\u0628. \u0648\u0641\u064a \u0645\u0627 \u064a\u062a\u0639\u0644\u0642 \u0628\u0645\u0646\u0627\u0642\u0634\u0629 \u0627\u0644\u0623\u0641\u0643\u0627\u0631 \u064a\u0642\u062f\u0645 \u0627\u0644\u0645\u0639\u0647\u062f \u0627\u0644\u0641\u0631\u0646\u0633\u064a \u0628\u0627\u0646\u062a\u0638\u0627\u0645 \u0645\u0624\u062a\u0645\u0631\u0627\u062a \u0648\u0637\u0627\u0648\u0644\u0627\u062a \u0645\u0633\u062a\u062f\u064a\u0631\u0629 \u0648\u064a\u0633\u062a\u0642\u0628\u0644 \u0627\u0644\u0645\u0624\u0644\u0641\u064a\u0646 \u0644\u0645\u0646\u0627\u0642\u0634\u0629 \u0627\u0644\u0642\u0636\u0627\u064a\u0627 \u0627\u0644\u0627\u062c\u062a\u0645\u0627\u0639\u064a\u0629 \u0627\u0644\u062a\u064a \u062a\u0647\u0645 \u0627\u0644\u0634\u0631\u0642 \u0627\u0644\u0623\u0648\u0633\u0637 \u0648 \u0645\u062c\u0627\u0644 \u062a\u0628\u0627\u062f\u0644 \u0627\u0644\u062b\u0642\u0627\u0641\u0627\u062a. \u0648\u0645\u0646 \u0623\u0628\u0631\u0632 \u0645\u0627 \u064a\u0645\u064a\u0632 \u0647\u0630\u0627 \u0627\u0644\u062a\u0639\u0627\u0648\u0646 \"\u0644\u064a\u0644\u0629 \u0627\u0644\u0623\u0641\u0643\u0627\u0631\" \u060c \u0627\u0644\u062a\u064a \u064a\u0646\u0638\u0645\u0647\u0627 \u0627\u0644\u0645\u0639\u0647\u062f \u0627\u0644\u0641\u0631\u0646\u0633\u064a \u0641\u064a \u0628\u0627\u0631\u064a\u0633 \u0643\u0644 \u0639\u0627\u0645 \u0648\u064a\u062d\u062a\u0641\u0644 \u0628\u0647\u0627 \u0641\u064a \u062c\u0645\u064a\u0639 \u0623\u0646\u062d\u0627\u0621 \u0627\u0644\u0639\u0627\u0644\u0645.<\/p>\n\n\n\n<p><br><\/p>\n<\/div><\/div>","protected":false},"excerpt":{"rendered":"<p>Coop\u00e9ration culturelle Les actions de coop\u00e9ration culturelle sont port\u00e9es par l\u2019Institut fran\u00e7ais et l\u2019Ambassade de France au Qatar afin d\u2019accompagner les projets engag\u00e9s entre les institutions culturelles fran\u00e7aises et qatariennes. La coop\u00e9ration est tr\u00e8s active entre les deux pays et s\u2019articule autour de trois domaines d\u2019action : le volet culturel, le d\u00e9bat d\u2019id\u00e9e, et l\u2019audiovisuel.La [&hellip;]<\/p>","protected":false},"author":1,"featured_media":4701,"parent":4700,"menu_order":0,"comment_status":"closed","ping_status":"closed","template":"templates\/template-cover.php","meta":{"om_disable_all_campaigns":false,"_monsterinsights_skip_tracking":false,"_monsterinsights_sitenote_active":false,"_monsterinsights_sitenote_note":"","_monsterinsights_sitenote_category":0,"footnotes":""},"class_list":["post-4715","page","type-page","status-publish","has-post-thumbnail","hentry"],"yoast_head":"<!-- This site is optimized with the Yoast SEO plugin v24.0 - https:\/\/yoast.com\/wordpress\/plugins\/seo\/ -->\n<title>Coop\u00e9ration culturelle - Institut Fran\u00e7ais du Qatar<\/title>\n<meta name=\"robots\" content=\"index, follow, max-snippet:-1, max-image-preview:large, max-video-preview:-1\" \/>\n<link rel=\"canonical\" href=\"https:\/\/if-qatar.com\/ar\/cooperation\/cooperation-culturelle-2\/\" \/>\n<meta property=\"og:locale\" content=\"ar_AR\" \/>\n<meta property=\"og:type\" content=\"article\" \/>\n<meta property=\"og:title\" content=\"Coop\u00e9ration culturelle - Institut Fran\u00e7ais du Qatar\" \/>\n<meta property=\"og:description\" content=\"Coop\u00e9ration culturelle Les actions de coop\u00e9ration culturelle sont port\u00e9es par l\u2019Institut fran\u00e7ais et l\u2019Ambassade de France au Qatar afin d\u2019accompagner les projets engag\u00e9s entre les institutions culturelles fran\u00e7aises et qatariennes. La coop\u00e9ration est tr\u00e8s active entre les deux pays et s\u2019articule autour de trois domaines d\u2019action : le volet culturel, le d\u00e9bat d\u2019id\u00e9e, et l\u2019audiovisuel.La [&hellip;]\" \/>\n<meta property=\"og:url\" content=\"https:\/\/if-qatar.com\/ar\/cooperation\/cooperation-culturelle-2\/\" \/>\n<meta property=\"og:site_name\" content=\"Institut Fran\u00e7ais du Qatar\" \/>\n<meta property=\"article:modified_time\" content=\"2022-05-29T13:35:29+00:00\" \/>\n<meta property=\"og:image\" content=\"https:\/\/if-qatar.com\/wordpress\/wp-content\/uploads\/2022\/03\/cooperation-culturelle.jpg\" \/>\n\t<meta property=\"og:image:width\" content=\"1512\" \/>\n\t<meta property=\"og:image:height\" content=\"1080\" \/>\n\t<meta property=\"og:image:type\" content=\"image\/jpeg\" \/>\n<meta name=\"twitter:card\" content=\"summary_large_image\" \/>\n<meta name=\"twitter:label1\" content=\"\u0648\u0642\u062a \u0627\u0644\u0642\u0631\u0627\u0621\u0629 \u0627\u0644\u0645\u064f\u0642\u062f\u0651\u0631\" \/>\n\t<meta name=\"twitter:data1\" content=\"\u062f\u0642\u064a\u0642\u0629 \u0648\u0627\u062d\u062f\u0629\" \/>\n<script type=\"application\/ld+json\" class=\"yoast-schema-graph\">{\"@context\":\"https:\/\/schema.org\",\"@graph\":[{\"@type\":\"WebPage\",\"@id\":\"https:\/\/if-qatar.com\/ar\/cooperation\/cooperation-culturelle-2\/\",\"url\":\"https:\/\/if-qatar.com\/ar\/cooperation\/cooperation-culturelle-2\/\",\"name\":\"Coop\u00e9ration culturelle - Institut Fran\u00e7ais du Qatar\",\"isPartOf\":{\"@id\":\"https:\/\/if-qatar.com\/ar\/#website\"},\"primaryImageOfPage\":{\"@id\":\"https:\/\/if-qatar.com\/ar\/cooperation\/cooperation-culturelle-2\/#primaryimage\"},\"image\":{\"@id\":\"https:\/\/if-qatar.com\/ar\/cooperation\/cooperation-culturelle-2\/#primaryimage\"},\"thumbnailUrl\":\"https:\/\/if-qatar.com\/wordpress\/wp-content\/uploads\/2022\/03\/cooperation-culturelle.jpg\",\"datePublished\":\"2022-03-03T18:34:30+00:00\",\"dateModified\":\"2022-05-29T13:35:29+00:00\",\"breadcrumb\":{\"@id\":\"https:\/\/if-qatar.com\/ar\/cooperation\/cooperation-culturelle-2\/#breadcrumb\"},\"inLanguage\":\"ar\",\"potentialAction\":[{\"@type\":\"ReadAction\",\"target\":[\"https:\/\/if-qatar.com\/ar\/cooperation\/cooperation-culturelle-2\/\"]}]},{\"@type\":\"ImageObject\",\"inLanguage\":\"ar\",\"@id\":\"https:\/\/if-qatar.com\/ar\/cooperation\/cooperation-culturelle-2\/#primaryimage\",\"url\":\"https:\/\/if-qatar.com\/wordpress\/wp-content\/uploads\/2022\/03\/cooperation-culturelle.jpg\",\"contentUrl\":\"https:\/\/if-qatar.com\/wordpress\/wp-content\/uploads\/2022\/03\/cooperation-culturelle.jpg\",\"width\":1512,\"height\":1080},{\"@type\":\"BreadcrumbList\",\"@id\":\"https:\/\/if-qatar.com\/ar\/cooperation\/cooperation-culturelle-2\/#breadcrumb\",\"itemListElement\":[{\"@type\":\"ListItem\",\"position\":1,\"name\":\"Accueil\",\"item\":\"https:\/\/if-qatar.com\/\"},{\"@type\":\"ListItem\",\"position\":2,\"name\":\"Coop\u00e9ration\",\"item\":\"https:\/\/if-qatar.com\/cooperation\/\"},{\"@type\":\"ListItem\",\"position\":3,\"name\":\"Coop\u00e9ration culturelle\"}]},{\"@type\":\"WebSite\",\"@id\":\"https:\/\/if-qatar.com\/ar\/#website\",\"url\":\"https:\/\/if-qatar.com\/ar\/\",\"name\":\"Institut Fran\u00e7ais du Qatar\",\"description\":\"\",\"publisher\":{\"@id\":\"https:\/\/if-qatar.com\/ar\/#organization\"},\"potentialAction\":[{\"@type\":\"SearchAction\",\"target\":{\"@type\":\"EntryPoint\",\"urlTemplate\":\"https:\/\/if-qatar.com\/ar\/?s={search_term_string}\"},\"query-input\":{\"@type\":\"PropertyValueSpecification\",\"valueRequired\":true,\"valueName\":\"search_term_string\"}}],\"inLanguage\":\"ar\"},{\"@type\":\"Organization\",\"@id\":\"https:\/\/if-qatar.com\/ar\/#organization\",\"name\":\"Institut Fran\u00e7ais du Qatar\",\"url\":\"https:\/\/if-qatar.com\/ar\/\",\"logo\":{\"@type\":\"ImageObject\",\"inLanguage\":\"ar\",\"@id\":\"https:\/\/if-qatar.com\/ar\/#\/schema\/logo\/image\/\",\"url\":\"https:\/\/if-qatar.com\/wordpress\/wp-content\/uploads\/2022\/10\/LOGO-IFQ-Fond-blanc-Bleu_Plan-de-travail-1.png\",\"contentUrl\":\"https:\/\/if-qatar.com\/wordpress\/wp-content\/uploads\/2022\/10\/LOGO-IFQ-Fond-blanc-Bleu_Plan-de-travail-1.png\",\"width\":2481,\"height\":1636,\"caption\":\"Institut Fran\u00e7ais du Qatar\"},\"image\":{\"@id\":\"https:\/\/if-qatar.com\/ar\/#\/schema\/logo\/image\/\"}}]}<\/script>\n<!-- \/ Yoast SEO plugin. -->","yoast_head_json":{"title":"Coop\u00e9ration culturelle - Institut Fran\u00e7ais du Qatar","robots":{"index":"index","follow":"follow","max-snippet":"max-snippet:-1","max-image-preview":"max-image-preview:large","max-video-preview":"max-video-preview:-1"},"canonical":"https:\/\/if-qatar.com\/ar\/cooperation\/cooperation-culturelle-2\/","og_locale":"ar_AR","og_type":"article","og_title":"Coop\u00e9ration culturelle - Institut Fran\u00e7ais du Qatar","og_description":"Coop\u00e9ration culturelle Les actions de coop\u00e9ration culturelle sont port\u00e9es par l\u2019Institut fran\u00e7ais et l\u2019Ambassade de France au Qatar afin d\u2019accompagner les projets engag\u00e9s entre les institutions culturelles fran\u00e7aises et qatariennes. La coop\u00e9ration est tr\u00e8s active entre les deux pays et s\u2019articule autour de trois domaines d\u2019action : le volet culturel, le d\u00e9bat d\u2019id\u00e9e, et l\u2019audiovisuel.La [&hellip;]","og_url":"https:\/\/if-qatar.com\/ar\/cooperation\/cooperation-culturelle-2\/","og_site_name":"Institut Fran\u00e7ais du Qatar","article_modified_time":"2022-05-29T13:35:29+00:00","og_image":[{"width":1512,"height":1080,"url":"https:\/\/if-qatar.com\/wordpress\/wp-content\/uploads\/2022\/03\/cooperation-culturelle.jpg","type":"image\/jpeg"}],"twitter_card":"summary_large_image","twitter_misc":{"\u0648\u0642\u062a \u0627\u0644\u0642\u0631\u0627\u0621\u0629 \u0627\u0644\u0645\u064f\u0642\u062f\u0651\u0631":"\u062f\u0642\u064a\u0642\u0629 \u0648\u0627\u062d\u062f\u0629"},"schema":{"@context":"https:\/\/schema.org","@graph":[{"@type":"WebPage","@id":"https:\/\/if-qatar.com\/ar\/cooperation\/cooperation-culturelle-2\/","url":"https:\/\/if-qatar.com\/ar\/cooperation\/cooperation-culturelle-2\/","name":"Coop\u00e9ration culturelle - Institut Fran\u00e7ais du Qatar","isPartOf":{"@id":"https:\/\/if-qatar.com\/ar\/#website"},"primaryImageOfPage":{"@id":"https:\/\/if-qatar.com\/ar\/cooperation\/cooperation-culturelle-2\/#primaryimage"},"image":{"@id":"https:\/\/if-qatar.com\/ar\/cooperation\/cooperation-culturelle-2\/#primaryimage"},"thumbnailUrl":"https:\/\/if-qatar.com\/wordpress\/wp-content\/uploads\/2022\/03\/cooperation-culturelle.jpg","datePublished":"2022-03-03T18:34:30+00:00","dateModified":"2022-05-29T13:35:29+00:00","breadcrumb":{"@id":"https:\/\/if-qatar.com\/ar\/cooperation\/cooperation-culturelle-2\/#breadcrumb"},"inLanguage":"ar","potentialAction":[{"@type":"ReadAction","target":["https:\/\/if-qatar.com\/ar\/cooperation\/cooperation-culturelle-2\/"]}]},{"@type":"ImageObject","inLanguage":"ar","@id":"https:\/\/if-qatar.com\/ar\/cooperation\/cooperation-culturelle-2\/#primaryimage","url":"https:\/\/if-qatar.com\/wordpress\/wp-content\/uploads\/2022\/03\/cooperation-culturelle.jpg","contentUrl":"https:\/\/if-qatar.com\/wordpress\/wp-content\/uploads\/2022\/03\/cooperation-culturelle.jpg","width":1512,"height":1080},{"@type":"BreadcrumbList","@id":"https:\/\/if-qatar.com\/ar\/cooperation\/cooperation-culturelle-2\/#breadcrumb","itemListElement":[{"@type":"ListItem","position":1,"name":"Accueil","item":"https:\/\/if-qatar.com\/"},{"@type":"ListItem","position":2,"name":"Coop\u00e9ration","item":"https:\/\/if-qatar.com\/cooperation\/"},{"@type":"ListItem","position":3,"name":"Coop\u00e9ration culturelle"}]},{"@type":"WebSite","@id":"https:\/\/if-qatar.com\/ar\/#website","url":"https:\/\/if-qatar.com\/ar\/","name":"Institut Fran\u00e7ais du Qatar","description":"","publisher":{"@id":"https:\/\/if-qatar.com\/ar\/#organization"},"potentialAction":[{"@type":"SearchAction","target":{"@type":"EntryPoint","urlTemplate":"https:\/\/if-qatar.com\/ar\/?s={search_term_string}"},"query-input":{"@type":"PropertyValueSpecification","valueRequired":true,"valueName":"search_term_string"}}],"inLanguage":"ar"},{"@type":"Organization","@id":"https:\/\/if-qatar.com\/ar\/#organization","name":"Institut Fran\u00e7ais du Qatar","url":"https:\/\/if-qatar.com\/ar\/","logo":{"@type":"ImageObject","inLanguage":"ar","@id":"https:\/\/if-qatar.com\/ar\/#\/schema\/logo\/image\/","url":"https:\/\/if-qatar.com\/wordpress\/wp-content\/uploads\/2022\/10\/LOGO-IFQ-Fond-blanc-Bleu_Plan-de-travail-1.png","contentUrl":"https:\/\/if-qatar.com\/wordpress\/wp-content\/uploads\/2022\/10\/LOGO-IFQ-Fond-blanc-Bleu_Plan-de-travail-1.png","width":2481,"height":1636,"caption":"Institut Fran\u00e7ais du Qatar"},"image":{"@id":"https:\/\/if-qatar.com\/ar\/#\/schema\/logo\/image\/"}}]}},"_links":{"self":[{"href":"https:\/\/if-qatar.com\/ar\/wp-json\/wp\/v2\/pages\/4715"}],"collection":[{"href":"https:\/\/if-qatar.com\/ar\/wp-json\/wp\/v2\/pages"}],"about":[{"href":"https:\/\/if-qatar.com\/ar\/wp-json\/wp\/v2\/types\/page"}],"author":[{"embeddable":true,"href":"https:\/\/if-qatar.com\/ar\/wp-json\/wp\/v2\/users\/1"}],"replies":[{"embeddable":true,"href":"https:\/\/if-qatar.com\/ar\/wp-json\/wp\/v2\/comments?post=4715"}],"version-history":[{"count":7,"href":"https:\/\/if-qatar.com\/ar\/wp-json\/wp\/v2\/pages\/4715\/revisions"}],"predecessor-version":[{"id":5738,"href":"https:\/\/if-qatar.com\/ar\/wp-json\/wp\/v2\/pages\/4715\/revisions\/5738"}],"up":[{"embeddable":true,"href":"https:\/\/if-qatar.com\/ar\/wp-json\/wp\/v2\/pages\/4700"}],"wp:featuredmedia":[{"embeddable":true,"href":"https:\/\/if-qatar.com\/ar\/wp-json\/wp\/v2\/media\/4701"}],"wp:attachment":[{"href":"https:\/\/if-qatar.com\/ar\/wp-json\/wp\/v2\/media?parent=4715"}],"curies":[{"name":"wp","href":"https:\/\/api.w.org\/{rel}","templated":true}]}}