{"id":4311,"date":"2022-02-22T12:30:00","date_gmt":"2022-02-22T09:30:00","guid":{"rendered":"https:\/\/if-qatar.com\/?page_id=4311"},"modified":"2022-03-09T11:26:01","modified_gmt":"2022-03-09T08:26:01","slug":"activites-2","status":"publish","type":"page","link":"https:\/\/if-qatar.com\/ar\/special-profs\/outils\/activites-2\/","title":{"rendered":"\u0627\u0644\u0627\u0646\u0634\u0637\u0647"},"content":{"rendered":"<div class=\"wp-block-group bloc-inside\"><div class=\"wp-block-group__inner-container is-layout-flow wp-block-group-is-layout-flow\">\n\t\t\t<!-- Flexy Breadcrumb -->\r\n\t\t\t<div class=\"fbc fbc-page\">\r\n\r\n\t\t\t\t<!-- Breadcrumb wrapper -->\r\n\t\t\t\t<div class=\"fbc-wrap\">\r\n\r\n\t\t\t\t\t<!-- Ordered list-->\r\n\t\t\t\t\t<ol class=\"fbc-items\" itemscope itemtype=\"https:\/\/schema.org\/BreadcrumbList\">\r\n\t\t\t\t\t\t            <li itemprop=\"itemListElement\" itemscope itemtype=\"https:\/\/schema.org\/ListItem\">\r\n                <span itemprop=\"name\">\r\n                    <!-- Home Link -->\r\n                    <a itemprop=\"item\" href=\"https:\/\/if-qatar.com\/ar\/\">\r\n                    \r\n                                                    <i class=\"fa fa-home\" aria-hidden=\"true\"><\/i>\u0635\u0641\u062d\u0629 \u0631\u0626\u064a\u0633\u064a\u0629                    <\/a>\r\n                <\/span>\r\n                <meta itemprop=\"position\" content=\"1\" \/><!-- Meta Position-->\r\n             <\/li><li><span class=\"fbc-separator\">\/<\/span><\/li><li class=\"active\" itemprop=\"itemListElement\" itemscope itemtype=\"https:\/\/schema.org\/ListItem\"><span itemprop=\"name\" title=\"\u0627\u0644\u0627\u0646\u0634\u0637\u0647\">\u0627\u0644\u0627\u0646\u0634\u0637\u0647<\/span><meta itemprop=\"position\" content=\"2\" \/><\/li>\t\t\t\t\t<\/ol>\r\n\t\t\t\t\t<div class=\"clearfix\"><\/div>\r\n\t\t\t\t<\/div>\r\n\t\t\t<\/div>\r\n\t\t\t\n\n\n\n<h2 class=\"wp-block-heading\"><strong>\u0627\u0644\u0627\u0646\u0634\u0637\u0647<\/strong><\/h2>\n\n\n\n<h4 class=\"wp-block-heading\"><strong>\u0627\u0633\u062a\u0642\u0628\u0627\u0644 \u0627\u0644\u062a\u0644\u0627\u0645\u064a\u0630  \u0641\u064a \u0627\u0644\u0645\u0643\u062a\u0628\u0629<\/strong><\/h4>\n\n\n\n<p>\u062a\u062f\u0639\u0648 \u0645\u0643\u062a\u0628\u0629 \u0627\u0644\u0645\u0639\u0647\u062f \u0627\u0644\u0641\u0631\u0646\u0633\u064a \u0645\u062f\u0631\u0633\u064a \u0642\u0637\u0631 \u0644\u0632\u064a\u0627\u0631\u062a\u0647\u0627 \u0645\u0639 \u062a\u0644\u0627\u0645\u064a\u0630\u0647\u0645 \u0628\u063a\u064a\u0629 \u0627\u0643\u062a\u0634\u0627\u0641\u0647\u0627 \u0648\u0627\u0644\u0642\u064a\u0627\u0645 \u0628\u0628\u0639\u0636 \u0627\u0644\u0623\u0646\u0634\u0637\u0629 \u0645\u0639 \u0623\u0645\u064a\u0646 \u0627\u0644\u0645\u0643\u062a\u0628\u0629<\/p>\n\n\n\n<h5 class=\"wp-block-heading\"><strong>\u0644\u0645\u0627\u0630\u0627 \u0647\u0630\u0627 \u0645\u0647\u0645\u061f<\/strong><\/h5>\n\n\n\n<p>\u0645\u0646 \u0627\u062c\u0644 \u0627\u0644\u062a\u0644\u0627\u0645\u064a\u0630 :<\/p>\n\n\n\n<ul class=\"wp-block-list\"><li>\u062a\u0637\u0648\u064a\u0631 \u0637\u0639\u0645 \u0627\u0644\u0642\u0631\u0627\u0621\u0629 \u0648\u0627\u0643\u062a\u0634\u0627\u0641 \u0623\u062f\u0628 \u0627\u0644\u0623\u0637\u0641\u0627\u0644<\/li><li>\u0637\u0648\u0631 \u062b\u0642\u0627\u0641\u062a\u0643 \u0648\u062a\u0641\u0643\u064a\u0631\u0643 \u0627\u0644\u0646\u0642\u062f\u064a \u0648\u062e\u064a\u0627\u0644\u0643<\/li><li>S&rsquo;approprier l&rsquo;espace et les ressources mis \u00e0 disposition<\/li><li>\u0627\u0644\u0639\u0645\u0644 \u0639\u0644\u0649 \u0627\u0644\u0644\u063a\u0629 \u0627\u0644\u0641\u0631\u0646\u0633\u064a\u0629 \u0641\u064a \u0627\u0644\u0627\u0646\u063a\u0645\u0627\u0633<\/li><\/ul>\n\n\n\n<p>\u0645\u0646 \u0627\u062c\u0644 \u0627\u0644\u0645\u062f\u0631\u0633\u0629<\/p>\n\n\n\n<ul class=\"wp-block-list\"><li>\u062a\u0628\u0627\u062f\u0644  \u0627\u0644\u0645\u0645\u0627\u0631\u0633\u0627\u062a \u0627\u0644\u062c\u064a\u062f\u0629 \u0645\u0639 \u0623\u0645\u064a\u0646 \u0627\u0644\u0645\u0643\u062a\u0628\u0629<\/li><li>\u062a\u0646\u0648\u064a\u0639 \u0627\u0644\u0623\u0646\u0634\u0637\u0629 \u0645\u0639 \u062a\u0644\u0627\u0645\u064a\u0630 \u0627\u0644\u0645\u062f\u0631\u0633\u0629<\/li><li>\u0627\u0633\u062a\u0639\u0627\u0631\u0629 \u0627\u0644\u0645\u0648\u0627\u0631\u062f \u0627\u0644\u0648\u062b\u0627\u0626\u0642\u064a\u0629 \u0628\u0627\u0644\u0644\u063a\u0629 \u0627\u0644\u0641\u0631\u0646\u0633\u064a\u0629 \u0643\u0644\u063a\u0629 \u0623\u062c\u0646\u0628\u064a\u0629<\/li><li>\u0627\u0644\u0645\u0634\u0627\u0631\u0643\u0629 \u0641\u064a \u0628\u0646\u0627\u0621 \u0645\u0634\u0627\u0631\u064a\u0639 \u0645\u0628\u062a\u0643\u0631\u0629 \u0645\u0639 \u0627\u0644\u0645\u0639\u0647\u062f \u0627\u0644\u0641\u0631\u0646\u0633\u064a<\/li><\/ul>\n\n\n\n<h5 class=\"wp-block-heading\"><strong>\u0648\u0631\u0634 \u0627\u0644\u0639\u0645\u0644 \u0647\u0630\u0647 \u062c\u0627\u0647\u0632\u0629 \u0644\u0643:<\/strong><\/h5>\n\n\n\n<p>\u0627\u0644\u0645\u0632\u064a\u062f \u0645\u0646 \u0627\u0644\u0623\u0646\u0634\u0637\u0629 \u0627\u0644\u0634\u062e\u0635\u064a\u0629 \u0645\u0645\u0643\u0646\u0629. \u064a\u0645\u0643\u0646\u0643 \u0623\u064a\u0636\u064b\u0627 \u062a\u0646\u0638\u064a\u0645 \u0623\u0646\u0634\u0637\u062a\u0643 \u0627\u0644\u062e\u0627\u0635\u0629 \u0641\u064a \u0647\u0630\u0647 \u0627\u0644\u0645\u0633\u0627\u062d\u0629 \u0627\u0644\u062a\u064a \u0646\u0642\u062f\u0645\u0647\u0627 \u0644\u0643. \u0644\u0627 \u062a\u062a\u0631\u062f\u062f \u0641\u064a \u0627\u0644\u0627\u062a\u0635\u0627\u0644 \u0628\u0623\u0645\u064a\u0646 \u0645\u0643\u062a\u0628\u062a\u0646\u0627&nbsp;<a href=\"mailto:mediatheque@if-qatar.com\">mediatheque@if-qatar.com<\/a>&nbsp;\u0644\u0644\u062d\u0635\u0648\u0644 \u0639\u0644\u0649 \u0623\u064a \u0645\u0639\u0644\u0648\u0645\u0627\u062a.<\/p>\n\n\n\n<p><strong>\u00bb\u0645\u0637\u0627\u0631\u062f\u0629 \u0627\u0644\u0643\u062a\u0628\u00ab<\/strong> : \u064a\u0628\u062d\u062b \u0627\u0644\u0637\u0644\u0627\u0628 \u0641\u064a \u0645\u062c\u0645\u0648\u0639\u0627\u062a \u0645\u0643\u0648\u0646\u0629 \u0645\u0646 \u0634\u062e\u0635\u064a\u0646 \u0623\u0648 \u062b\u0644\u0627\u062b\u0629 \u0639\u0646 \u0643\u062a\u0627\u0628 \u064a\u062d\u062a\u0648\u064a \u0639\u0644\u0649 \u062d\u064a\u0648\u0627\u0646 \u0645\u0639\u064a\u0646 \u0643\u0634\u062e\u0635\u064a\u0629\u060c \u0623\u0648 \u0639\u0646\u0648\u0627\u0646 \u0623\u0648 \u063a\u0644\u0627\u0641 \u064a\u0633\u062a\u062d\u0636\u0631 \u0645\u0648\u0636\u0648\u0639\u064b\u0627 \u0623\u0648 \u0634\u0639\u0648\u0631\u064b\u0627... \u064a\u0645\u0643\u0646 \u0623\u0646 \u062a\u0643\u0648\u0646 \u0647\u0630\u0647 \u0627\u0644\u0631\u0633\u0648\u0645 \u0627\u0644\u0645\u062a\u062d\u0631\u0643\u0629 \u0641\u0631\u0635\u0629 \u0644\u062a\u0633\u0644\u064a\u0637 \u0627\u0644\u0636\u0648\u0621 \u0639\u0644\u0649 \u062a\u0642\u0646\u064a\u0627\u062a \u0627\u0644\u062a\u0648\u0636\u064a\u062d \u0627\u0644\u0645\u062e\u062a\u0644\u0641\u0629 . \u0648\u064a\u0645\u0643\u0646 \u0623\u0646 \u064a\u0624\u062f\u064a \u0625\u0644\u0649 \u0627\u062e\u062a\u064a\u0627\u0631 \u0623\u062d\u062f \u0627\u0644\u0643\u062a\u0628 \u0627\u0644\u062a\u064a \u0648\u062c\u062f\u0647\u0627 \u0627\u0644\u0637\u0644\u0627\u0628 \u0648\u0642\u0631\u0627\u0621\u062a\u0647\u0627 \u0628\u0635\u0648\u062a \u0639\u0627\u0644\u064d.&nbsp;<\/p>\n\n\n\n<p><strong>\u0645\u0627\u0630\u0627 \u064a\u0642\u0648\u0644 \u0647\u0630\u0627 \u0627\u0644\u0643\u062a\u0627\u0628\u061f<\/strong> \u0645\u0627 \u0647\u0648 \u0645\u0648\u0636\u0648\u0639 \u0647\u0630\u0627 \u0627\u0644\u0643\u062a\u0627\u0628\u061f :  \u0627\u0646\u0637\u0644\u0627\u0642\u064b\u0627 \u0645\u0646 \u0623\u0644\u0628\u0648\u0645 \u0645\u0627 \u060c \u0633\u0646\u062c\u0639\u0644 \u0627\u0644\u062a\u0644\u0627\u0645\u064a\u0630 \u064a\u062e\u0645\u0646\u0648\u0646 \u0627\u0644\u0642\u0635\u0629 \u0628\u0627\u0633\u062a\u062e\u062f\u0627\u0645 \u0623\u062f\u0644\u0629 \u060c \u0645\u062b\u0644  \u0635\u0641\u062d\u0629 \u0627\u0644\u063a\u0644\u0627\u0641 \u0627\u0648 \u0627\u0644\u0631\u0633\u0648\u0645 \u0627\u0644\u062a\u0648\u0636\u064a\u062d\u064a\u0629 \u0648\u0627\u062d\u062f\u0629 \u062a\u0644\u0648 \u0627\u0644\u0623\u062e\u0631\u0649  \u0645\u0646 \u062f\u0648\u0646 \u0627\u0633\u062a\u062e\u062f\u0627\u0645 \u0627\u0644\u0646\u0635 \u0648 \u0635\u0641\u062d\u0629 \u0627\u0644\u063a\u0644\u0627\u0641 \u0648\u0628\u062f\u0627\u064a\u0629 \u0627\u0644\u0642\u0635\u0629. \u062b\u0645 \u0641\u064a \u0627\u0644\u0646\u0647\u0627\u064a\u0629 \u060c \u0627\u0642\u0631\u0623 \u0627\u0644\u0643\u062a\u0627\u0628 \u062d\u062a\u0649 \u064a\u0639\u0631\u0641 \u0627\u0644\u0637\u0644\u0627\u0628 \u0627\u0644\u0642\u0635\u0629 \"\u0627\u0644\u062d\u0642\u064a\u0642\u064a\u0629\".&nbsp;<\/p>\n\n\n\n<p><strong>L&rsquo;heure du conte<\/strong>&nbsp; :\u0628\u0639\u062f \u0641\u062a\u0631\u0629 \u0645\u0646 \u0627\u0644\u0627\u0643\u062a\u0634\u0627\u0641 \u0627\u0644\u062c\u0645\u0627\u0639\u064a \u0644\u0644\u0643\u062a\u0628\u060c \u064a\u0645\u0643\u0646\u0643 \u0627\u0642\u062a\u0631\u0627\u062d \u0642\u0631\u0627\u0621\u0629 \u0627\u0644\u0623\u0644\u0628\u0648\u0645\u0627\u062a \u0628\u0635\u0648\u062a \u0639\u0627\u0644\u064d. \u0623\u062c\u0644\u0633 \u0627\u0644\u0623\u0637\u0641\u0627\u0644 \u0628\u0634\u0643\u0644 \u0645\u0631\u064a\u062d \u062d\u062a\u0649 \u064a\u062a\u0645\u0643\u0646 \u0627\u0644\u062c\u0645\u064a\u0639 \u0645\u0646 \u062a\u062d\u0642\u064a\u0642 \u0623\u0642\u0635\u0649 \u0627\u0633\u062a\u0641\u0627\u062f\u0629 \u0645\u0646 \u0648\u0633\u0627\u0626\u0644 \u0627\u0644\u062a\u0631\u0641\u064a\u0647 \u0627\u0644\u0645\u062a\u0648\u0641\u0631\u0629. \u062a\u0623\u0643\u062f \u0645\u0646 \u062a\u0642\u062f\u064a\u0645 \u0627\u0644\u0639\u062f\u064a\u062f \u0645\u0646 \u0627\u0644\u0643\u062a\u0628 \u062d\u062a\u0649 \u064a\u062a\u0645\u0643\u0646 \u0643\u0644 \u0637\u0641\u0644 \u0645\u0646 \u0627\u0633\u062a\u0643\u0634\u0627\u0641 \u0627\u0644\u0639\u0627\u0644\u0645 \u0627\u0644\u0630\u064a \u064a\u0646\u0627\u0633\u0628\u0647. \u064a\u062c\u0628 \u0623\u0646 \u062a\u0643\u0648\u0646 \u0627\u0644\u0643\u062a\u0628 \u0645\u0646\u0627\u0633\u0628\u0629 \u0644\u0644\u0639\u0645\u0631\u060c \u0648\u064a\u062c\u0628 \u0623\u0646 \u062a\u0643\u0648\u0646 \u0627\u0644\u0631\u0633\u0648\u0645 \u0627\u0644\u062a\u0648\u0636\u064a\u062d\u064a\u0629 \u0645\u0631\u0626\u064a\u0629 \u0645\u0646 \u0645\u0633\u0627\u0641\u0629 \u0628\u0639\u064a\u062f\u0629 (\u0627\u0644\u0643\u062a\u0628 \u0643\u0628\u064a\u0631\u0629 \u0627\u0644\u062d\u062c\u0645).&nbsp;<\/p>\n\n\n\n<h4 class=\"wp-block-heading\"><strong>\u062d\u0642\u064a\u0628\u0629 \u0627\u0644\u0644\u063a\u0629 \u0627\u0644\u0641\u0631\u0646\u0633\u064a\u0629<\/strong><\/h4>\n\n\n\n<p>\u064a\u0645\u0643\u0646 \u0644\u0645\u062f\u0631\u0633\u062a\u0643 \u0627\u0633\u062a\u0639\u0627\u0631\u0629 \u062d\u0642\u064a\u0628\u0629 \u0645\u0644\u064a\u0626\u0629 \u0628\u0627\u0644\u0643\u062a\u0628 \u0627\u0644\u0641\u0631\u0646\u0633\u064a\u0629 \u062e\u0644\u0627\u0644 \u0627\u0644\u0639\u0627\u0645 \u0627\u0644\u062f\u0631\u0627\u0633\u064a. \u0648 \u064a\u0645\u0643\u0646 \u0623\u0646 \u062a\u062d\u062a\u0648\u064a \u0647\u0630\u0647 \u0627\u0644\u062d\u0642\u064a\u0628\u0629 \u0639\u0644\u0649 \u0645\u0624\u0644\u0641\u0627\u062a \u062a\u0639\u0644\u064a\u0645\u064a\u0629 \u0648\u0643\u062a\u0628 \u0648\u0645\u062c\u0644\u0627\u062a \u0648\u0623\u0642\u0631\u0627\u0635 DVD \u0644\u0644\u0634\u0628\u0627\u0628 \u0648\u0623\u0644\u0639\u0627\u0628 \u062c\u0645\u0627\u0639\u064a\u0629.&nbsp;<\/p>\n\n\n\n<p>Pour plus d&rsquo;informations sur les conditions d&#8217;emprunt, nous vous prions de nous contacter \u00e0 l&rsquo;adresse :&nbsp;<a href=\"mailto:mediatheque@if-qatar.com\">mediatheque@if-qatar.com<\/a>&nbsp;<\/p>\n\n\n\n<h5 class=\"wp-block-heading\"><strong>\u0644\u0645\u0627\u0630\u0627 \u0647\u0630\u0627 \u0645\u0647\u0645\u061f<\/strong><\/h5>\n\n\n\n<p>\u0645\u0646 \u0627\u062c\u0644 \u0627\u0644\u062a\u0644\u0627\u0645\u064a\u0630 :<\/p>\n\n\n\n<ul class=\"wp-block-list\"><li>\u0637\u0648\u0651\u0631 \u0630\u0648\u0642\u0643 \u0641\u064a \u0627\u0644\u0642\u0631\u0627\u0621\u0629 \u0627\u0644\u0634\u062e\u0635\u064a\u0629 \u0648\u0627\u0643\u062a\u0634\u0641 \u062b\u0631\u0627\u0621 \u0623\u062f\u0628 \u0627\u0644\u0623\u0637\u0641\u0627\u0644 \u0627\u0644\u0646\u0627\u0637\u0642 \u0628\u0627\u0644\u0641\u0631\u0646\u0633\u064a\u0629&nbsp;<\/li><li>\u0627\u0643\u062a\u0634\u0627\u0641 \u0643\u062a\u0628\u064b\u0627 \u062c\u062f\u064a\u062f\u0629 \u062a\u062b\u064a\u0631 \u0641\u0636\u0648\u0644 \u0627\u0644\u0642\u0627\u0631\u0626<\/li><\/ul>\n\n\n\n<p>\u0645\u0646 \u0627\u062c\u0644 \u0627\u0644\u0645\u062f\u0631\u0633\u0629<\/p>\n\n\n\n<ul class=\"wp-block-list\"><li>\u062a\u0637\u0648\u064a\u0631 \u0645\u0634\u0631\u0648\u0639 \u062f\u0631\u0627\u0633\u064a \u0623\u0648 \u0645\u062f\u0631\u0633\u064a \u0645\u062b\u0644  \u062a\u0646\u0638\u064a\u0645 \u0645\u0639\u0631\u0636 \u0623\u0648  \u0627\u0646\u062c\u0627\u0632 \u0639\u0645\u0644 \u062d\u0648\u0644 \u0627\u0644\u062d\u0643\u0627\u064a\u0627\u062a \u0623\u0648 \u0645\u0633\u0627\u0628\u0642\u0629 \u0642\u0631\u0627\u0621\u0629 \"<\/li><\/ul>\n<\/div><\/div>","protected":false},"excerpt":{"rendered":"<p>Activit\u00e9s L&rsquo;accueil de classes \u00e0 la m\u00e9diath\u00e8que La m\u00e9diath\u00e8que de l&rsquo;Institut fran\u00e7ais invite les enseignants du Qatar \u00e0 venir avec leurs \u00e9l\u00e8ves d\u00e9couvrir la m\u00e9diath\u00e8que et r\u00e9aliser des activit\u00e9s avec le m\u00e9diath\u00e9caire ! Pourquoi c&rsquo;est important ? Pour les \u00e9l\u00e8ves : D\u00e9velopper le go\u00fbt de la lecture et d\u00e9couvrir la litt\u00e9rature de jeunesse D\u00e9velopper sa [&hellip;]<\/p>","protected":false},"author":1,"featured_media":4874,"parent":4282,"menu_order":2,"comment_status":"closed","ping_status":"closed","template":"templates\/template-cover.php","meta":{"om_disable_all_campaigns":false,"_monsterinsights_skip_tracking":false,"_monsterinsights_sitenote_active":false,"_monsterinsights_sitenote_note":"","_monsterinsights_sitenote_category":0,"footnotes":""},"class_list":["post-4311","page","type-page","status-publish","has-post-thumbnail","hentry"],"yoast_head":"<!-- This site is optimized with the Yoast SEO plugin v24.0 - https:\/\/yoast.com\/wordpress\/plugins\/seo\/ -->\n<title>Activit\u00e9s - Institut Fran\u00e7ais du Qatar<\/title>\n<meta name=\"robots\" content=\"index, follow, max-snippet:-1, max-image-preview:large, max-video-preview:-1\" \/>\n<link rel=\"canonical\" href=\"https:\/\/if-qatar.com\/ar\/special-profs\/outils\/activites-2\/\" \/>\n<meta property=\"og:locale\" content=\"ar_AR\" \/>\n<meta property=\"og:type\" content=\"article\" \/>\n<meta property=\"og:title\" content=\"Activit\u00e9s - Institut Fran\u00e7ais du Qatar\" \/>\n<meta property=\"og:description\" content=\"Activit\u00e9s L&rsquo;accueil de classes \u00e0 la m\u00e9diath\u00e8que La m\u00e9diath\u00e8que de l&rsquo;Institut fran\u00e7ais invite les enseignants du Qatar \u00e0 venir avec leurs \u00e9l\u00e8ves d\u00e9couvrir la m\u00e9diath\u00e8que et r\u00e9aliser des activit\u00e9s avec le m\u00e9diath\u00e9caire ! Pourquoi c&rsquo;est important ? Pour les \u00e9l\u00e8ves : D\u00e9velopper le go\u00fbt de la lecture et d\u00e9couvrir la litt\u00e9rature de jeunesse D\u00e9velopper sa [&hellip;]\" \/>\n<meta property=\"og:url\" content=\"https:\/\/if-qatar.com\/ar\/special-profs\/outils\/activites-2\/\" \/>\n<meta property=\"og:site_name\" content=\"Institut Fran\u00e7ais du Qatar\" \/>\n<meta property=\"article:modified_time\" content=\"2022-03-09T08:26:01+00:00\" \/>\n<meta property=\"og:image\" content=\"https:\/\/if-qatar.com\/wordpress\/wp-content\/uploads\/2022\/03\/14-1.jpg\" \/>\n\t<meta property=\"og:image:width\" content=\"1250\" \/>\n\t<meta property=\"og:image:height\" content=\"550\" \/>\n\t<meta property=\"og:image:type\" content=\"image\/jpeg\" \/>\n<meta name=\"twitter:card\" content=\"summary_large_image\" \/>\n<meta name=\"twitter:label1\" content=\"\u0648\u0642\u062a \u0627\u0644\u0642\u0631\u0627\u0621\u0629 \u0627\u0644\u0645\u064f\u0642\u062f\u0651\u0631\" \/>\n\t<meta name=\"twitter:data1\" content=\"3 \u062f\u0642\u0627\u0626\u0642\" \/>\n<script type=\"application\/ld+json\" class=\"yoast-schema-graph\">{\"@context\":\"https:\/\/schema.org\",\"@graph\":[{\"@type\":\"WebPage\",\"@id\":\"https:\/\/if-qatar.com\/special-profs\/outils\/activites-2\/\",\"url\":\"https:\/\/if-qatar.com\/special-profs\/outils\/activites-2\/\",\"name\":\"Activit\u00e9s - Institut Fran\u00e7ais du Qatar\",\"isPartOf\":{\"@id\":\"https:\/\/if-qatar.com\/ar\/#website\"},\"primaryImageOfPage\":{\"@id\":\"https:\/\/if-qatar.com\/special-profs\/outils\/activites-2\/#primaryimage\"},\"image\":{\"@id\":\"https:\/\/if-qatar.com\/special-profs\/outils\/activites-2\/#primaryimage\"},\"thumbnailUrl\":\"https:\/\/if-qatar.com\/wordpress\/wp-content\/uploads\/2022\/03\/14-1.jpg\",\"datePublished\":\"2022-02-22T09:30:00+00:00\",\"dateModified\":\"2022-03-09T08:26:01+00:00\",\"breadcrumb\":{\"@id\":\"https:\/\/if-qatar.com\/special-profs\/outils\/activites-2\/#breadcrumb\"},\"inLanguage\":\"ar\",\"potentialAction\":[{\"@type\":\"ReadAction\",\"target\":[\"https:\/\/if-qatar.com\/special-profs\/outils\/activites-2\/\"]}]},{\"@type\":\"ImageObject\",\"inLanguage\":\"ar\",\"@id\":\"https:\/\/if-qatar.com\/special-profs\/outils\/activites-2\/#primaryimage\",\"url\":\"https:\/\/if-qatar.com\/wordpress\/wp-content\/uploads\/2022\/03\/14-1.jpg\",\"contentUrl\":\"https:\/\/if-qatar.com\/wordpress\/wp-content\/uploads\/2022\/03\/14-1.jpg\",\"width\":1250,\"height\":550},{\"@type\":\"BreadcrumbList\",\"@id\":\"https:\/\/if-qatar.com\/special-profs\/outils\/activites-2\/#breadcrumb\",\"itemListElement\":[{\"@type\":\"ListItem\",\"position\":1,\"name\":\"Accueil\",\"item\":\"https:\/\/if-qatar.com\/\"},{\"@type\":\"ListItem\",\"position\":2,\"name\":\"Sp\u00e9cial Profs\",\"item\":\"https:\/\/if-qatar.com\/special-profs\/\"},{\"@type\":\"ListItem\",\"position\":3,\"name\":\"Outils\",\"item\":\"https:\/\/if-qatar.com\/special-profs\/outils\/\"},{\"@type\":\"ListItem\",\"position\":4,\"name\":\"Activit\u00e9s\"}]},{\"@type\":\"WebSite\",\"@id\":\"https:\/\/if-qatar.com\/ar\/#website\",\"url\":\"https:\/\/if-qatar.com\/ar\/\",\"name\":\"Institut Fran\u00e7ais du Qatar\",\"description\":\"\",\"publisher\":{\"@id\":\"https:\/\/if-qatar.com\/ar\/#organization\"},\"potentialAction\":[{\"@type\":\"SearchAction\",\"target\":{\"@type\":\"EntryPoint\",\"urlTemplate\":\"https:\/\/if-qatar.com\/ar\/?s={search_term_string}\"},\"query-input\":{\"@type\":\"PropertyValueSpecification\",\"valueRequired\":true,\"valueName\":\"search_term_string\"}}],\"inLanguage\":\"ar\"},{\"@type\":\"Organization\",\"@id\":\"https:\/\/if-qatar.com\/ar\/#organization\",\"name\":\"Institut Fran\u00e7ais du Qatar\",\"url\":\"https:\/\/if-qatar.com\/ar\/\",\"logo\":{\"@type\":\"ImageObject\",\"inLanguage\":\"ar\",\"@id\":\"https:\/\/if-qatar.com\/ar\/#\/schema\/logo\/image\/\",\"url\":\"https:\/\/if-qatar.com\/wordpress\/wp-content\/uploads\/2022\/10\/LOGO-IFQ-Fond-blanc-Bleu_Plan-de-travail-1.png\",\"contentUrl\":\"https:\/\/if-qatar.com\/wordpress\/wp-content\/uploads\/2022\/10\/LOGO-IFQ-Fond-blanc-Bleu_Plan-de-travail-1.png\",\"width\":2481,\"height\":1636,\"caption\":\"Institut Fran\u00e7ais du Qatar\"},\"image\":{\"@id\":\"https:\/\/if-qatar.com\/ar\/#\/schema\/logo\/image\/\"}}]}<\/script>\n<!-- \/ Yoast SEO plugin. -->","yoast_head_json":{"title":"Activit\u00e9s - Institut Fran\u00e7ais du Qatar","robots":{"index":"index","follow":"follow","max-snippet":"max-snippet:-1","max-image-preview":"max-image-preview:large","max-video-preview":"max-video-preview:-1"},"canonical":"https:\/\/if-qatar.com\/ar\/special-profs\/outils\/activites-2\/","og_locale":"ar_AR","og_type":"article","og_title":"Activit\u00e9s - Institut Fran\u00e7ais du Qatar","og_description":"Activit\u00e9s L&rsquo;accueil de classes \u00e0 la m\u00e9diath\u00e8que La m\u00e9diath\u00e8que de l&rsquo;Institut fran\u00e7ais invite les enseignants du Qatar \u00e0 venir avec leurs \u00e9l\u00e8ves d\u00e9couvrir la m\u00e9diath\u00e8que et r\u00e9aliser des activit\u00e9s avec le m\u00e9diath\u00e9caire ! Pourquoi c&rsquo;est important ? Pour les \u00e9l\u00e8ves : D\u00e9velopper le go\u00fbt de la lecture et d\u00e9couvrir la litt\u00e9rature de jeunesse D\u00e9velopper sa [&hellip;]","og_url":"https:\/\/if-qatar.com\/ar\/special-profs\/outils\/activites-2\/","og_site_name":"Institut Fran\u00e7ais du Qatar","article_modified_time":"2022-03-09T08:26:01+00:00","og_image":[{"width":1250,"height":550,"url":"https:\/\/if-qatar.com\/wordpress\/wp-content\/uploads\/2022\/03\/14-1.jpg","type":"image\/jpeg"}],"twitter_card":"summary_large_image","twitter_misc":{"\u0648\u0642\u062a \u0627\u0644\u0642\u0631\u0627\u0621\u0629 \u0627\u0644\u0645\u064f\u0642\u062f\u0651\u0631":"3 \u062f\u0642\u0627\u0626\u0642"},"schema":{"@context":"https:\/\/schema.org","@graph":[{"@type":"WebPage","@id":"https:\/\/if-qatar.com\/special-profs\/outils\/activites-2\/","url":"https:\/\/if-qatar.com\/special-profs\/outils\/activites-2\/","name":"Activit\u00e9s - Institut Fran\u00e7ais du Qatar","isPartOf":{"@id":"https:\/\/if-qatar.com\/ar\/#website"},"primaryImageOfPage":{"@id":"https:\/\/if-qatar.com\/special-profs\/outils\/activites-2\/#primaryimage"},"image":{"@id":"https:\/\/if-qatar.com\/special-profs\/outils\/activites-2\/#primaryimage"},"thumbnailUrl":"https:\/\/if-qatar.com\/wordpress\/wp-content\/uploads\/2022\/03\/14-1.jpg","datePublished":"2022-02-22T09:30:00+00:00","dateModified":"2022-03-09T08:26:01+00:00","breadcrumb":{"@id":"https:\/\/if-qatar.com\/special-profs\/outils\/activites-2\/#breadcrumb"},"inLanguage":"ar","potentialAction":[{"@type":"ReadAction","target":["https:\/\/if-qatar.com\/special-profs\/outils\/activites-2\/"]}]},{"@type":"ImageObject","inLanguage":"ar","@id":"https:\/\/if-qatar.com\/special-profs\/outils\/activites-2\/#primaryimage","url":"https:\/\/if-qatar.com\/wordpress\/wp-content\/uploads\/2022\/03\/14-1.jpg","contentUrl":"https:\/\/if-qatar.com\/wordpress\/wp-content\/uploads\/2022\/03\/14-1.jpg","width":1250,"height":550},{"@type":"BreadcrumbList","@id":"https:\/\/if-qatar.com\/special-profs\/outils\/activites-2\/#breadcrumb","itemListElement":[{"@type":"ListItem","position":1,"name":"Accueil","item":"https:\/\/if-qatar.com\/"},{"@type":"ListItem","position":2,"name":"Sp\u00e9cial Profs","item":"https:\/\/if-qatar.com\/special-profs\/"},{"@type":"ListItem","position":3,"name":"Outils","item":"https:\/\/if-qatar.com\/special-profs\/outils\/"},{"@type":"ListItem","position":4,"name":"Activit\u00e9s"}]},{"@type":"WebSite","@id":"https:\/\/if-qatar.com\/ar\/#website","url":"https:\/\/if-qatar.com\/ar\/","name":"Institut Fran\u00e7ais du Qatar","description":"","publisher":{"@id":"https:\/\/if-qatar.com\/ar\/#organization"},"potentialAction":[{"@type":"SearchAction","target":{"@type":"EntryPoint","urlTemplate":"https:\/\/if-qatar.com\/ar\/?s={search_term_string}"},"query-input":{"@type":"PropertyValueSpecification","valueRequired":true,"valueName":"search_term_string"}}],"inLanguage":"ar"},{"@type":"Organization","@id":"https:\/\/if-qatar.com\/ar\/#organization","name":"Institut Fran\u00e7ais du Qatar","url":"https:\/\/if-qatar.com\/ar\/","logo":{"@type":"ImageObject","inLanguage":"ar","@id":"https:\/\/if-qatar.com\/ar\/#\/schema\/logo\/image\/","url":"https:\/\/if-qatar.com\/wordpress\/wp-content\/uploads\/2022\/10\/LOGO-IFQ-Fond-blanc-Bleu_Plan-de-travail-1.png","contentUrl":"https:\/\/if-qatar.com\/wordpress\/wp-content\/uploads\/2022\/10\/LOGO-IFQ-Fond-blanc-Bleu_Plan-de-travail-1.png","width":2481,"height":1636,"caption":"Institut Fran\u00e7ais du Qatar"},"image":{"@id":"https:\/\/if-qatar.com\/ar\/#\/schema\/logo\/image\/"}}]}},"_links":{"self":[{"href":"https:\/\/if-qatar.com\/ar\/wp-json\/wp\/v2\/pages\/4311"}],"collection":[{"href":"https:\/\/if-qatar.com\/ar\/wp-json\/wp\/v2\/pages"}],"about":[{"href":"https:\/\/if-qatar.com\/ar\/wp-json\/wp\/v2\/types\/page"}],"author":[{"embeddable":true,"href":"https:\/\/if-qatar.com\/ar\/wp-json\/wp\/v2\/users\/1"}],"replies":[{"embeddable":true,"href":"https:\/\/if-qatar.com\/ar\/wp-json\/wp\/v2\/comments?post=4311"}],"version-history":[{"count":5,"href":"https:\/\/if-qatar.com\/ar\/wp-json\/wp\/v2\/pages\/4311\/revisions"}],"predecessor-version":[{"id":4329,"href":"https:\/\/if-qatar.com\/ar\/wp-json\/wp\/v2\/pages\/4311\/revisions\/4329"}],"up":[{"embeddable":true,"href":"https:\/\/if-qatar.com\/ar\/wp-json\/wp\/v2\/pages\/4282"}],"wp:featuredmedia":[{"embeddable":true,"href":"https:\/\/if-qatar.com\/ar\/wp-json\/wp\/v2\/media\/4874"}],"wp:attachment":[{"href":"https:\/\/if-qatar.com\/ar\/wp-json\/wp\/v2\/media?parent=4311"}],"curies":[{"name":"wp","href":"https:\/\/api.w.org\/{rel}","templated":true}]}}