{"id":4298,"date":"2022-02-22T12:24:36","date_gmt":"2022-02-22T09:24:36","guid":{"rendered":"https:\/\/if-qatar.com\/?page_id=4298"},"modified":"2022-12-15T10:16:47","modified_gmt":"2022-12-15T07:16:47","slug":"plateformes","status":"publish","type":"page","link":"https:\/\/if-qatar.com\/ar\/special-profs\/outils\/plateformes\/","title":{"rendered":"\u0645\u0646\u0635\u0627\u062a"},"content":{"rendered":"<div class=\"wp-block-group bloc-inside\"><div class=\"wp-block-group__inner-container is-layout-flow wp-block-group-is-layout-flow\">\n\t\t\t<!-- Flexy Breadcrumb -->\r\n\t\t\t<div class=\"fbc fbc-page\">\r\n\r\n\t\t\t\t<!-- Breadcrumb wrapper -->\r\n\t\t\t\t<div class=\"fbc-wrap\">\r\n\r\n\t\t\t\t\t<!-- Ordered list-->\r\n\t\t\t\t\t<ol class=\"fbc-items\" itemscope itemtype=\"https:\/\/schema.org\/BreadcrumbList\">\r\n\t\t\t\t\t\t            <li itemprop=\"itemListElement\" itemscope itemtype=\"https:\/\/schema.org\/ListItem\">\r\n                <span itemprop=\"name\">\r\n                    <!-- Home Link -->\r\n                    <a itemprop=\"item\" href=\"https:\/\/if-qatar.com\/ar\/\">\r\n                    \r\n                                                    <i class=\"fa fa-home\" aria-hidden=\"true\"><\/i>\u0635\u0641\u062d\u0629 \u0631\u0626\u064a\u0633\u064a\u0629                    <\/a>\r\n                <\/span>\r\n                <meta itemprop=\"position\" content=\"1\" \/><!-- Meta Position-->\r\n             <\/li><li><span class=\"fbc-separator\">\/<\/span><\/li><li class=\"active\" itemprop=\"itemListElement\" itemscope itemtype=\"https:\/\/schema.org\/ListItem\"><span itemprop=\"name\" title=\"\u0645\u0646\u0635\u0627\u062a\">\u0645\u0646\u0635\u0627\u062a<\/span><meta itemprop=\"position\" content=\"2\" \/><\/li>\t\t\t\t\t<\/ol>\r\n\t\t\t\t\t<div class=\"clearfix\"><\/div>\r\n\t\t\t\t<\/div>\r\n\t\t\t<\/div>\r\n\t\t\t\n\n\n\n<h2 class=\"wp-block-heading\"><strong>\u0645\u0646\u0635\u0627\u062a<\/strong><\/h2>\n\n\n\n<p>IF Profs-Qatar \u0647\u064a \u0645\u0646\u0635\u0629 \u0644\u0644\u062a\u0628\u0627\u062f\u0644 \u0648\u0627\u0644\u0645\u0634\u0627\u0631\u0643\u0629 \u0644\u0645\u0639\u0644\u0645\u064a \u0627\u0644\u0644\u063a\u0629 \u0627\u0644\u0641\u0631\u0646\u0633\u064a\u0629 \u0648\u0639\u0644\u0649 \u0646\u0637\u0627\u0642 \u0623\u0648\u0633\u0639 \u0644\u062c\u0645\u064a\u0639 \u0627\u0644\u0645\u062a\u062e\u0635\u0635\u064a\u0646 \u0641\u064a \u0627\u0644\u062a\u062f\u0631\u064a\u0633 \u0627\u0644\u0646\u0627\u0637\u0642\u064a\u0646 \u0628\u0627\u0644\u0641\u0631\u0646\u0633\u064a\u0629 \u0641\u064a \u0642\u0637\u0631.<\/p>\n\n\n\n<p>\u0627\u0646\u0636\u0645 \u0625\u0644\u0649 IF profs-Qatar \u0648\u0633\u064a\u0643\u0648\u0646 \u0628\u0627\u0633\u062a\u0637\u0627\u0639\u062a\u0643:&nbsp;<\/p>\n\n\n\n<ul class=\"wp-block-list\"><li>\u0627\u0644\u0648\u0635\u0648\u0644 \u0625\u0644\u0649 \u0643\u062a\u0627\u0644\u0648\u062c \u0627\u0646\u0634\u0623\u0647  \u0623\u0639\u0636\u0627\u0621 \u0627\u0644\u0634\u0628\u0643\u0629 \u0627\u0644\u0639\u0627\u0644\u0645\u064a\u0629 \u0644\u0623\u062c\u0644 \u0623\u0639\u0636\u0627\u0621 \u0627\u0644\u0634\u0628\u0643\u0629 \u064a\u062a\u0632\u0627\u064a\u062f \u0645\u062d\u062a\u0648\u0627\u0647 \u0627\u0644\u062a\u0639\u0644\u064a\u0645\u064a  \u0628\u0627\u0633\u062a\u0645\u0631\u0627\u0631 \u060c<\/li><li>\u0627\u0646\u0634\u0631 \u0645\u0633\u062a\u0646\u062f\u0627\u062a\u0643 \u0627\u0644\u062e\u0627\u0635\u0629 \u0644\u0644\u0641\u0635\u0644 \u060c \u0645\u0646 \u0623\u062c\u0644 \u0627\u0644\u0645\u0634\u0627\u0631\u0643\u0629 \u0641\u064a \u062f\u064a\u0646\u0627\u0645\u064a\u0643\u064a\u0629 \u0627\u0644\u062a\u0628\u0627\u062f\u0644 \u0648\u0627\u0644\u0645\u0634\u0627\u0631\u0643\u0629 \u0647\u0630\u0647 \u060c<\/li><li>\u0627\u0644\u062d\u0648\u0627\u0631 \u0645\u0639 \u0627\u0644\u0623\u0639\u0636\u0627\u0621  \u0641\u064a \u062f\u0648\u0644\u0629 \u0642\u0637\u0631 \u0648\u062f\u0648\u0644 \u0623\u062e\u0631\u0649 \u060c \u0628\u0634\u0643\u0644 \u0645\u0628\u0627\u0634\u0631 \u0623\u0648 \u0639\u0628\u0631  \u0627\u0644\u062a\u0633\u062c\u064a\u0644 \u0641\u064a \u0645\u062c\u0645\u0648\u0639\u0627\u062a \u0646\u0642\u0627\u0634 \u0648\u0645\u0634\u0627\u0631\u0643\u0629 \u062d\u0648\u0644 \u0627\u0644\u0645\u0648\u0636\u0648\u0639 \u0630\u0627\u062a\u0647 \u060c \u0648 \u062d\u0648\u0644 \u0648\u0636\u0639 \u062a\u0639\u0644\u064a\u0645\u064a \u0645\u0634\u062a\u0631\u0643 \u060c \u0648\u0645\u0634\u0631\u0648\u0639 \u062c\u0645\u0627\u0639\u064a \u060c \u0625\u0644\u062e.<\/li><li>\u0625\u0637\u0644\u0627\u0642 \u062f\u0639\u0648\u0627\u062a \u0644\u0645\u0634\u0627\u0631\u064a\u0639 \u0623\u0648 \u0637\u0644\u0628\u0627\u062a \u062a\u0648\u0623\u0645\u0629 \u0623\u0648 \u0627\u0644\u0631\u062f \u0639\u0644\u064a\u0647\u0627 \u060c<\/li><li>\u0627\u0644\u062a\u0639\u0631\u0641 \u0639\u0644\u0649 \u0639\u0645\u0644\u064a\u0627\u062a \u0645\u062e\u062a\u0644\u0641\u0629 \u0623\u0648 \u0627\u0644\u0625\u0639\u0644\u0627\u0646 \u0639\u0646\u0647\u0627: \u0645\u0633\u0627\u0628\u0642\u0627\u062a \u060c \u0645\u0624\u062a\u0645\u0631\u0627\u062a \u060c \u062f\u0648\u0631\u0627\u062a \u062a\u062f\u0631\u064a\u0628\u064a\u0629<\/li><li>\u0648\u0628\u0627\u0644\u062a\u0627\u0644\u064a \u0625\u062b\u0631\u0627\u0621 \u0645\u0639\u0631\u0641\u062a\u0643 \u0628\u0627\u0644\u0639\u0627\u0644\u0645 \u0627\u0644\u0646\u0627\u0637\u0642 \u0628\u0627\u0644\u0641\u0631\u0646\u0633\u064a\u0629 \u0648\u062a\u0639\u0632\u064a\u0632 \u0645\u0645\u0627\u0631\u0633\u0627\u062a\u0643 \u0627\u0644\u0645\u0647\u0646\u064a\u0629!<\/li><\/ul>\n\n\n\n<p><strong>\u0627\u0646\u062a\u0642\u0644 \u0625\u0644\u0649 \u0627\u0644\u0645\u0648\u0642\u0639 \u0648\u0642\u0645 \u0628\u0627\u0644\u062a\u0633\u062c\u064a\u0644:&nbsp;<\/strong><strong><a href=\"https:\/\/qa.ifprofs.org\/\">https:\/\/qa.ifprofs.org\/<\/a><\/strong><\/p>\n\n\n\n<figure class=\"wp-block-embed is-type-video is-provider-youtube wp-block-embed-youtube wp-embed-aspect-16-9 wp-has-aspect-ratio\"><div class=\"wp-block-embed__wrapper\">\n<iframe title=\"Enseigner le fran\u00e7ais au Qatar\" width=\"580\" height=\"326\" src=\"https:\/\/www.youtube.com\/embed\/d12D5SgL1vU?feature=oembed\" frameborder=\"0\" allow=\"accelerometer; autoplay; clipboard-write; encrypted-media; gyroscope; picture-in-picture; web-share\" referrerpolicy=\"strict-origin-when-cross-origin\" allowfullscreen><\/iframe>\n<\/div><\/figure>\n<\/div><\/div>","protected":false},"excerpt":{"rendered":"<p>Plateformes IF Profs-Qatar est une plateforme d\u2019\u00e9changes et de partage\u00a0destin\u00e9e aux professeurs de fran\u00e7ais et plus largement \u00e0 tous les\u00a0professionnels de l\u2019enseignement francophone\u00a0au Qatar. Rejoignez IF profs-Qatar et vous pourrez :&nbsp; acc\u00e9der\u00a0\u00e0 un catalogue en constante progression de\u00a0contenus p\u00e9dagogiquescr\u00e9\u00e9s par et pour les membres du r\u00e9seau mondial, publier\u00a0vos propres documents pour la classe, afin de [&hellip;]<\/p>","protected":false},"author":1,"featured_media":5014,"parent":4282,"menu_order":0,"comment_status":"closed","ping_status":"closed","template":"templates\/template-cover.php","meta":{"om_disable_all_campaigns":false,"_monsterinsights_skip_tracking":false,"_monsterinsights_sitenote_active":false,"_monsterinsights_sitenote_note":"","_monsterinsights_sitenote_category":0,"footnotes":""},"class_list":["post-4298","page","type-page","status-publish","has-post-thumbnail","hentry"],"yoast_head":"<!-- This site is optimized with the Yoast SEO plugin v24.0 - https:\/\/yoast.com\/wordpress\/plugins\/seo\/ -->\n<title>Plateformes - Institut Fran\u00e7ais du Qatar<\/title>\n<meta name=\"robots\" content=\"index, follow, max-snippet:-1, max-image-preview:large, max-video-preview:-1\" \/>\n<link rel=\"canonical\" href=\"https:\/\/if-qatar.com\/ar\/special-profs\/outils\/plateformes\/\" \/>\n<meta property=\"og:locale\" content=\"ar_AR\" \/>\n<meta property=\"og:type\" content=\"article\" \/>\n<meta property=\"og:title\" content=\"Plateformes - Institut Fran\u00e7ais du Qatar\" \/>\n<meta property=\"og:description\" content=\"Plateformes IF Profs-Qatar est une plateforme d\u2019\u00e9changes et de partage\u00a0destin\u00e9e aux professeurs de fran\u00e7ais et plus largement \u00e0 tous les\u00a0professionnels de l\u2019enseignement francophone\u00a0au Qatar. Rejoignez IF profs-Qatar et vous pourrez :&nbsp; acc\u00e9der\u00a0\u00e0 un catalogue en constante progression de\u00a0contenus p\u00e9dagogiquescr\u00e9\u00e9s par et pour les membres du r\u00e9seau mondial, publier\u00a0vos propres documents pour la classe, afin de [&hellip;]\" \/>\n<meta property=\"og:url\" content=\"https:\/\/if-qatar.com\/ar\/special-profs\/outils\/plateformes\/\" \/>\n<meta property=\"og:site_name\" content=\"Institut Fran\u00e7ais du Qatar\" \/>\n<meta property=\"article:modified_time\" content=\"2022-12-15T07:16:47+00:00\" \/>\n<meta property=\"og:image\" content=\"https:\/\/if-qatar.com\/wordpress\/wp-content\/uploads\/2022\/03\/IFPROFS.jpg\" \/>\n\t<meta property=\"og:image:width\" content=\"2160\" \/>\n\t<meta property=\"og:image:height\" content=\"1080\" \/>\n\t<meta property=\"og:image:type\" content=\"image\/jpeg\" \/>\n<meta name=\"twitter:card\" content=\"summary_large_image\" \/>\n<meta name=\"twitter:label1\" content=\"\u0648\u0642\u062a \u0627\u0644\u0642\u0631\u0627\u0621\u0629 \u0627\u0644\u0645\u064f\u0642\u062f\u0651\u0631\" \/>\n\t<meta name=\"twitter:data1\" content=\"\u062f\u0642\u064a\u0642\u0629 \u0648\u0627\u062d\u062f\u0629\" \/>\n<script type=\"application\/ld+json\" class=\"yoast-schema-graph\">{\"@context\":\"https:\/\/schema.org\",\"@graph\":[{\"@type\":\"WebPage\",\"@id\":\"https:\/\/if-qatar.com\/special-profs\/outils\/plateformes\/\",\"url\":\"https:\/\/if-qatar.com\/special-profs\/outils\/plateformes\/\",\"name\":\"Plateformes - Institut Fran\u00e7ais du Qatar\",\"isPartOf\":{\"@id\":\"https:\/\/if-qatar.com\/ar\/#website\"},\"primaryImageOfPage\":{\"@id\":\"https:\/\/if-qatar.com\/special-profs\/outils\/plateformes\/#primaryimage\"},\"image\":{\"@id\":\"https:\/\/if-qatar.com\/special-profs\/outils\/plateformes\/#primaryimage\"},\"thumbnailUrl\":\"https:\/\/if-qatar.com\/wordpress\/wp-content\/uploads\/2022\/03\/IFPROFS.jpg\",\"datePublished\":\"2022-02-22T09:24:36+00:00\",\"dateModified\":\"2022-12-15T07:16:47+00:00\",\"breadcrumb\":{\"@id\":\"https:\/\/if-qatar.com\/special-profs\/outils\/plateformes\/#breadcrumb\"},\"inLanguage\":\"ar\",\"potentialAction\":[{\"@type\":\"ReadAction\",\"target\":[\"https:\/\/if-qatar.com\/special-profs\/outils\/plateformes\/\"]}]},{\"@type\":\"ImageObject\",\"inLanguage\":\"ar\",\"@id\":\"https:\/\/if-qatar.com\/special-profs\/outils\/plateformes\/#primaryimage\",\"url\":\"https:\/\/if-qatar.com\/wordpress\/wp-content\/uploads\/2022\/03\/IFPROFS.jpg\",\"contentUrl\":\"https:\/\/if-qatar.com\/wordpress\/wp-content\/uploads\/2022\/03\/IFPROFS.jpg\",\"width\":2160,\"height\":1080},{\"@type\":\"BreadcrumbList\",\"@id\":\"https:\/\/if-qatar.com\/special-profs\/outils\/plateformes\/#breadcrumb\",\"itemListElement\":[{\"@type\":\"ListItem\",\"position\":1,\"name\":\"Accueil\",\"item\":\"https:\/\/if-qatar.com\/\"},{\"@type\":\"ListItem\",\"position\":2,\"name\":\"Sp\u00e9cial Profs\",\"item\":\"https:\/\/if-qatar.com\/special-profs\/\"},{\"@type\":\"ListItem\",\"position\":3,\"name\":\"Outils\",\"item\":\"https:\/\/if-qatar.com\/special-profs\/outils\/\"},{\"@type\":\"ListItem\",\"position\":4,\"name\":\"Plateformes\"}]},{\"@type\":\"WebSite\",\"@id\":\"https:\/\/if-qatar.com\/ar\/#website\",\"url\":\"https:\/\/if-qatar.com\/ar\/\",\"name\":\"Institut Fran\u00e7ais du Qatar\",\"description\":\"\",\"publisher\":{\"@id\":\"https:\/\/if-qatar.com\/ar\/#organization\"},\"potentialAction\":[{\"@type\":\"SearchAction\",\"target\":{\"@type\":\"EntryPoint\",\"urlTemplate\":\"https:\/\/if-qatar.com\/ar\/?s={search_term_string}\"},\"query-input\":{\"@type\":\"PropertyValueSpecification\",\"valueRequired\":true,\"valueName\":\"search_term_string\"}}],\"inLanguage\":\"ar\"},{\"@type\":\"Organization\",\"@id\":\"https:\/\/if-qatar.com\/ar\/#organization\",\"name\":\"Institut Fran\u00e7ais du Qatar\",\"url\":\"https:\/\/if-qatar.com\/ar\/\",\"logo\":{\"@type\":\"ImageObject\",\"inLanguage\":\"ar\",\"@id\":\"https:\/\/if-qatar.com\/ar\/#\/schema\/logo\/image\/\",\"url\":\"https:\/\/if-qatar.com\/wordpress\/wp-content\/uploads\/2022\/10\/LOGO-IFQ-Fond-blanc-Bleu_Plan-de-travail-1.png\",\"contentUrl\":\"https:\/\/if-qatar.com\/wordpress\/wp-content\/uploads\/2022\/10\/LOGO-IFQ-Fond-blanc-Bleu_Plan-de-travail-1.png\",\"width\":2481,\"height\":1636,\"caption\":\"Institut Fran\u00e7ais du Qatar\"},\"image\":{\"@id\":\"https:\/\/if-qatar.com\/ar\/#\/schema\/logo\/image\/\"}}]}<\/script>\n<!-- \/ Yoast SEO plugin. -->","yoast_head_json":{"title":"Plateformes - Institut Fran\u00e7ais du Qatar","robots":{"index":"index","follow":"follow","max-snippet":"max-snippet:-1","max-image-preview":"max-image-preview:large","max-video-preview":"max-video-preview:-1"},"canonical":"https:\/\/if-qatar.com\/ar\/special-profs\/outils\/plateformes\/","og_locale":"ar_AR","og_type":"article","og_title":"Plateformes - Institut Fran\u00e7ais du Qatar","og_description":"Plateformes IF Profs-Qatar est une plateforme d\u2019\u00e9changes et de partage\u00a0destin\u00e9e aux professeurs de fran\u00e7ais et plus largement \u00e0 tous les\u00a0professionnels de l\u2019enseignement francophone\u00a0au Qatar. Rejoignez IF profs-Qatar et vous pourrez :&nbsp; acc\u00e9der\u00a0\u00e0 un catalogue en constante progression de\u00a0contenus p\u00e9dagogiquescr\u00e9\u00e9s par et pour les membres du r\u00e9seau mondial, publier\u00a0vos propres documents pour la classe, afin de [&hellip;]","og_url":"https:\/\/if-qatar.com\/ar\/special-profs\/outils\/plateformes\/","og_site_name":"Institut Fran\u00e7ais du Qatar","article_modified_time":"2022-12-15T07:16:47+00:00","og_image":[{"width":2160,"height":1080,"url":"https:\/\/if-qatar.com\/wordpress\/wp-content\/uploads\/2022\/03\/IFPROFS.jpg","type":"image\/jpeg"}],"twitter_card":"summary_large_image","twitter_misc":{"\u0648\u0642\u062a \u0627\u0644\u0642\u0631\u0627\u0621\u0629 \u0627\u0644\u0645\u064f\u0642\u062f\u0651\u0631":"\u062f\u0642\u064a\u0642\u0629 \u0648\u0627\u062d\u062f\u0629"},"schema":{"@context":"https:\/\/schema.org","@graph":[{"@type":"WebPage","@id":"https:\/\/if-qatar.com\/special-profs\/outils\/plateformes\/","url":"https:\/\/if-qatar.com\/special-profs\/outils\/plateformes\/","name":"Plateformes - Institut Fran\u00e7ais du Qatar","isPartOf":{"@id":"https:\/\/if-qatar.com\/ar\/#website"},"primaryImageOfPage":{"@id":"https:\/\/if-qatar.com\/special-profs\/outils\/plateformes\/#primaryimage"},"image":{"@id":"https:\/\/if-qatar.com\/special-profs\/outils\/plateformes\/#primaryimage"},"thumbnailUrl":"https:\/\/if-qatar.com\/wordpress\/wp-content\/uploads\/2022\/03\/IFPROFS.jpg","datePublished":"2022-02-22T09:24:36+00:00","dateModified":"2022-12-15T07:16:47+00:00","breadcrumb":{"@id":"https:\/\/if-qatar.com\/special-profs\/outils\/plateformes\/#breadcrumb"},"inLanguage":"ar","potentialAction":[{"@type":"ReadAction","target":["https:\/\/if-qatar.com\/special-profs\/outils\/plateformes\/"]}]},{"@type":"ImageObject","inLanguage":"ar","@id":"https:\/\/if-qatar.com\/special-profs\/outils\/plateformes\/#primaryimage","url":"https:\/\/if-qatar.com\/wordpress\/wp-content\/uploads\/2022\/03\/IFPROFS.jpg","contentUrl":"https:\/\/if-qatar.com\/wordpress\/wp-content\/uploads\/2022\/03\/IFPROFS.jpg","width":2160,"height":1080},{"@type":"BreadcrumbList","@id":"https:\/\/if-qatar.com\/special-profs\/outils\/plateformes\/#breadcrumb","itemListElement":[{"@type":"ListItem","position":1,"name":"Accueil","item":"https:\/\/if-qatar.com\/"},{"@type":"ListItem","position":2,"name":"Sp\u00e9cial Profs","item":"https:\/\/if-qatar.com\/special-profs\/"},{"@type":"ListItem","position":3,"name":"Outils","item":"https:\/\/if-qatar.com\/special-profs\/outils\/"},{"@type":"ListItem","position":4,"name":"Plateformes"}]},{"@type":"WebSite","@id":"https:\/\/if-qatar.com\/ar\/#website","url":"https:\/\/if-qatar.com\/ar\/","name":"Institut Fran\u00e7ais du Qatar","description":"","publisher":{"@id":"https:\/\/if-qatar.com\/ar\/#organization"},"potentialAction":[{"@type":"SearchAction","target":{"@type":"EntryPoint","urlTemplate":"https:\/\/if-qatar.com\/ar\/?s={search_term_string}"},"query-input":{"@type":"PropertyValueSpecification","valueRequired":true,"valueName":"search_term_string"}}],"inLanguage":"ar"},{"@type":"Organization","@id":"https:\/\/if-qatar.com\/ar\/#organization","name":"Institut Fran\u00e7ais du Qatar","url":"https:\/\/if-qatar.com\/ar\/","logo":{"@type":"ImageObject","inLanguage":"ar","@id":"https:\/\/if-qatar.com\/ar\/#\/schema\/logo\/image\/","url":"https:\/\/if-qatar.com\/wordpress\/wp-content\/uploads\/2022\/10\/LOGO-IFQ-Fond-blanc-Bleu_Plan-de-travail-1.png","contentUrl":"https:\/\/if-qatar.com\/wordpress\/wp-content\/uploads\/2022\/10\/LOGO-IFQ-Fond-blanc-Bleu_Plan-de-travail-1.png","width":2481,"height":1636,"caption":"Institut Fran\u00e7ais du Qatar"},"image":{"@id":"https:\/\/if-qatar.com\/ar\/#\/schema\/logo\/image\/"}}]}},"_links":{"self":[{"href":"https:\/\/if-qatar.com\/ar\/wp-json\/wp\/v2\/pages\/4298"}],"collection":[{"href":"https:\/\/if-qatar.com\/ar\/wp-json\/wp\/v2\/pages"}],"about":[{"href":"https:\/\/if-qatar.com\/ar\/wp-json\/wp\/v2\/types\/page"}],"author":[{"embeddable":true,"href":"https:\/\/if-qatar.com\/ar\/wp-json\/wp\/v2\/users\/1"}],"replies":[{"embeddable":true,"href":"https:\/\/if-qatar.com\/ar\/wp-json\/wp\/v2\/comments?post=4298"}],"version-history":[{"count":10,"href":"https:\/\/if-qatar.com\/ar\/wp-json\/wp\/v2\/pages\/4298\/revisions"}],"predecessor-version":[{"id":6484,"href":"https:\/\/if-qatar.com\/ar\/wp-json\/wp\/v2\/pages\/4298\/revisions\/6484"}],"up":[{"embeddable":true,"href":"https:\/\/if-qatar.com\/ar\/wp-json\/wp\/v2\/pages\/4282"}],"wp:featuredmedia":[{"embeddable":true,"href":"https:\/\/if-qatar.com\/ar\/wp-json\/wp\/v2\/media\/5014"}],"wp:attachment":[{"href":"https:\/\/if-qatar.com\/ar\/wp-json\/wp\/v2\/media?parent=4298"}],"curies":[{"name":"wp","href":"https:\/\/api.w.org\/{rel}","templated":true}]}}