{"id":4274,"date":"2022-02-22T12:00:25","date_gmt":"2022-02-22T09:00:25","guid":{"rendered":"https:\/\/if-qatar.com\/?page_id=4274"},"modified":"2024-01-29T14:32:55","modified_gmt":"2024-01-29T11:32:55","slug":"apfq","status":"publish","type":"page","link":"https:\/\/if-qatar.com\/ar\/special-profs\/apfq\/","title":{"rendered":"\u0631\u0627\u0628\u0637\u0629 \u0645\u062f\u0631\u0633\u064a \u0627\u0644\u0644\u063a\u0629 \u0627\u0644\u0641\u0631\u0646\u0633\u064a\u0629"},"content":{"rendered":"<div class=\"wp-block-group add-padding\"><div class=\"wp-block-group__inner-container is-layout-flow wp-block-group-is-layout-flow\">\n\t\t\t<!-- Flexy Breadcrumb -->\r\n\t\t\t<div class=\"fbc fbc-page\">\r\n\r\n\t\t\t\t<!-- Breadcrumb wrapper -->\r\n\t\t\t\t<div class=\"fbc-wrap\">\r\n\r\n\t\t\t\t\t<!-- Ordered list-->\r\n\t\t\t\t\t<ol class=\"fbc-items\" itemscope itemtype=\"https:\/\/schema.org\/BreadcrumbList\">\r\n\t\t\t\t\t\t            <li itemprop=\"itemListElement\" itemscope itemtype=\"https:\/\/schema.org\/ListItem\">\r\n                <span itemprop=\"name\">\r\n                    <!-- Home Link -->\r\n                    <a itemprop=\"item\" href=\"https:\/\/if-qatar.com\/ar\/\">\r\n                    \r\n                                                    <i class=\"fa fa-home\" aria-hidden=\"true\"><\/i>\u0635\u0641\u062d\u0629 \u0631\u0626\u064a\u0633\u064a\u0629                    <\/a>\r\n                <\/span>\r\n                <meta itemprop=\"position\" content=\"1\" \/><!-- Meta Position-->\r\n             <\/li><li><span class=\"fbc-separator\">\/<\/span><\/li><li class=\"active\" itemprop=\"itemListElement\" itemscope itemtype=\"https:\/\/schema.org\/ListItem\"><span itemprop=\"name\" title=\"\u0631\u0627\u0628\u0637\u0629 \u0645\u062f\u0631\u0633\u064a \u0627\u0644\u0644\u063a\u0629 \u0627\u0644\u0641\u0631\u0646\u0633\u064a\u0629\">\u0631\u0627\u0628\u0637\u0629 \u0645\u062f\u0631\u0633\u064a \u0627\u0644\u0644\u063a\u0629 \u0627\u0644\u0641\u0631\u0646\u0633\u064a\u0629<\/span><meta itemprop=\"position\" content=\"2\" \/><\/li>\t\t\t\t\t<\/ol>\r\n\t\t\t\t\t<div class=\"clearfix\"><\/div>\r\n\t\t\t\t<\/div>\r\n\t\t\t<\/div>\r\n\t\t\t\n\n\n\n<h2 class=\"no-margin-top wp-block-heading\"><strong><span class=\"has-inline-color has-primary-color\"><strong>\u0631\u0627\u0628\u0637\u0629 \u0645\u062f\u0631\u0633\u064a \u0627\u0644\u0644\u063a\u0629 \u0627\u0644\u0641\u0631\u0646\u0633\u064a\u0629<\/strong><\/span><\/strong><\/h2>\n\n\n\n<p>\"\n\"\"\u062a\u0623\u0633\u0633\u062a \u0631\u0627\u0628\u0637\u0629 \u0645\u062f\u0631\u0633\u064a \u0627\u0644\u0644\u063a\u0629 \u0627\u0644\u0641\u0631\u0646\u0633\u064a\u0629 \u0641\u064a \u0642\u0637\u0631 \u0641\u064a \u0639\u0627\u0645 2019 \u0648\u062a\u0636\u0645 \u0645\u062f\u0631\u0633\u064a\u0646 \u0648\u0645\u062f\u0631\u0628\u064a\u0646 \u0648\u0645\u0633\u062a\u0634\u0627\u0631\u064a\u0646 \u062a\u0631\u0628\u0648\u064a\u064a\u0646 \u0648\u0645\u062f\u0631\u0633\u064a\u0646 \u0628\u0627\u062d\u062b\u064a\u0646 \u0645\u062a\u062e\u0635\u0635\u064a\u0646 \u0641\u064a \u062a\u062f\u0631\u064a\u0633 \u0627\u0644\u0644\u063a\u0629 \u0627\u0644\u0641\u0631\u0646\u0633\u064a\u0629.\n\u062a\u0647\u062f\u0641 \u0647\u0630\u0647 \u0627\u0644\u0631\u0627\u0628\u0637\u0629 \u0625\u0644\u0649:\n\n\u0627\u0644\u062a\u0631\u0648\u064a\u062c \u0644\u0644\u063a\u0629 \u0627\u0644\u0641\u0631\u0646\u0633\u064a\u0629 \u0641\u064a \u062c\u0645\u064a\u0639 \u0623\u0646\u062d\u0627\u0621 \u0642\u0637\u0631\n\u062a\u0639\u0632\u064a\u0632 \u0627\u0644\u062a\u0639\u0627\u0648\u0646 \u0628\u064a\u0646 \u0627\u0644\u062c\u0645\u0639\u064a\u0627\u062a \u0648\u0627\u0644\u0645\u0639\u0644\u0645\u064a\u0646 \u0627\u0644\u0639\u0627\u0645\u0644\u064a\u0646 \u0641\u064a \u0645\u062c\u0627\u0644 \u062a\u0639\u0644\u064a\u0645  \u0627\u0644\u0644\u063a\u0629 \u0627\u0644\u0641\u0631\u0646\u0633\u064a\u0629 \u0648\u0627\u0644\u062a\u0631\u0648\u064a\u062c \u0644\u0647\u0627 \u0648\u0644\u062b\u0642\u0627\u0641\u0627\u062a \u0627\u0644\u0628\u0644\u062f\u0627\u0646 \u0627\u0644\u0646\u0627\u0637\u0642\u0629 \u0628\u0627\u0644\u0641\u0631\u0646\u0633\u064a\u0629\n\u0627\u0644\u0639\u0645\u0644 \u0639\u0644\u0649 \u062a\u062d\u0633\u064a\u0646 \u0646\u0648\u0639\u064a\u0629 \u0627\u0644\u062a\u0639\u0644\u064a\u0645\n\u0636\u0645\u0627\u0646 \u062a\u0628\u0627\u062f\u0644 \u0627\u0644\u062e\u0628\u0631\u0627\u062a \u0648\u0627\u0644\u0645\u0645\u0627\u0631\u0633\u0627\u062a \u0627\u0644\u062c\u064a\u062f\u0629 \u0628\u064a\u0646 \u0645\u062f\u0631\u0633\u064a \u0627\u0644\u0644\u063a\u0629 \u0627\u0644\u0641\u0631\u0646\u0633\u064a\u0629 \u0648\u0645\u0633\u062a\u062e\u062f\u0645\u064a \u0627\u0644\u0644\u063a\u0629 \u0627\u0644\u0641\u0631\u0646\u0633\u064a\u0629 \u0641\u064a \u0642\u0637\u0631 \u0648\u062e\u0627\u0631\u062c\u0647\u0627\n\"<\/p>\n\n\n\n<p>\u0627\u0644\u0647\u062f\u0641 \u0645\u0646 \u0647\u0630\u0647 \u0627\u0644\u062c\u0645\u0639\u064a\u0629 \u0647\u0648:&nbsp; <\/p>\n\n\n\n<ul class=\"wp-block-list\"><li>Promouvoir la langue fran\u00e7aise sur l&rsquo;ensemble du territoire qatarien<\/li><li>Favoriser la coop\u00e9ration entre les associations et les enseignants agissant dans le domaine de l&rsquo;enseignement et de la promotion de la langue fran\u00e7aise et des cultures des pays francophones<\/li><li>\u0152uvrer pour l&rsquo;am\u00e9lioration de la qualit\u00e9 de l&rsquo;enseignement<\/li><li>Assurer des \u00e9changes d&rsquo;exp\u00e9riences et de bonnes pratiques entre les enseignants de fran\u00e7ais et les usagers de la langue fran\u00e7aise au Qatar et \u00e0 l&rsquo;\u00e9tranger<\/li><\/ul>\n\n\n\n<h5 class=\"wp-block-heading\"><strong>\u0631\u0648\u0627\u0628\u0637 \u0645\u0641\u064a\u062f\u0629<\/strong><\/h5>\n\n\n\n<figure class=\"wp-block-image size-thumbnail\"><a href=\"https:\/\/www.facebook.com\/associationdesprofesseursdefrancaisduqatar\/\"><img decoding=\"async\" width=\"150\" height=\"150\" src=\"https:\/\/if-qatar.com\/wordpress\/wp-content\/uploads\/2022\/02\/APFQ-carre-e1645519722530-150x150.jpg\" alt=\"\" class=\"wp-image-4261\" srcset=\"\" sizes=\"(max-width: 150px) 100vw, 150px\" data-srcset=\"\" \/><\/a><figcaption>\u0623\u0648 \u0627\u062a\u0635\u0644 info.apfq@gmail.com<\/figcaption><\/figure>\n<\/div><\/div>","protected":false},"excerpt":{"rendered":"<p>APFQ L&rsquo;association des professeurs de fran\u00e7ais du Qatar a \u00e9t\u00e9 cr\u00e9\u00e9e en 2019 et regroupe les enseignants, formateurs, conseillers p\u00e9dagogiques, enseignants-chercheurs sp\u00e9cialis\u00e9s en didactique du fran\u00e7ais. Cette association a pour objectif de :&nbsp; Promouvoir la langue fran\u00e7aise sur l&rsquo;ensemble du territoire qatarien Favoriser la coop\u00e9ration entre les associations et les enseignants agissant dans le domaine [&hellip;]<\/p>","protected":false},"author":1,"featured_media":7579,"parent":4242,"menu_order":0,"comment_status":"closed","ping_status":"closed","template":"templates\/template-cover.php","meta":{"om_disable_all_campaigns":false,"_monsterinsights_skip_tracking":false,"_monsterinsights_sitenote_active":false,"_monsterinsights_sitenote_note":"","_monsterinsights_sitenote_category":0,"footnotes":""},"class_list":["post-4274","page","type-page","status-publish","has-post-thumbnail","hentry"],"yoast_head":"<!-- This site is optimized with the Yoast SEO plugin v24.0 - https:\/\/yoast.com\/wordpress\/plugins\/seo\/ -->\n<title>APFQ - Institut Fran\u00e7ais du Qatar<\/title>\n<meta name=\"robots\" content=\"index, follow, max-snippet:-1, max-image-preview:large, max-video-preview:-1\" \/>\n<link rel=\"canonical\" href=\"https:\/\/if-qatar.com\/ar\/special-profs\/apfq\/\" \/>\n<meta property=\"og:locale\" content=\"ar_AR\" \/>\n<meta property=\"og:type\" content=\"article\" \/>\n<meta property=\"og:title\" content=\"APFQ - Institut Fran\u00e7ais du Qatar\" \/>\n<meta property=\"og:description\" content=\"APFQ L&rsquo;association des professeurs de fran\u00e7ais du Qatar a \u00e9t\u00e9 cr\u00e9\u00e9e en 2019 et regroupe les enseignants, formateurs, conseillers p\u00e9dagogiques, enseignants-chercheurs sp\u00e9cialis\u00e9s en didactique du fran\u00e7ais. Cette association a pour objectif de :&nbsp; Promouvoir la langue fran\u00e7aise sur l&rsquo;ensemble du territoire qatarien Favoriser la coop\u00e9ration entre les associations et les enseignants agissant dans le domaine [&hellip;]\" \/>\n<meta property=\"og:url\" content=\"https:\/\/if-qatar.com\/ar\/special-profs\/apfq\/\" \/>\n<meta property=\"og:site_name\" content=\"Institut Fran\u00e7ais du Qatar\" \/>\n<meta property=\"article:modified_time\" content=\"2024-01-29T11:32:55+00:00\" \/>\n<meta property=\"og:image\" content=\"https:\/\/if-qatar.com\/wordpress\/wp-content\/uploads\/2024\/01\/thumbnail_image0.jpeg\" \/>\n\t<meta property=\"og:image:width\" content=\"1005\" \/>\n\t<meta property=\"og:image:height\" content=\"493\" \/>\n\t<meta property=\"og:image:type\" content=\"image\/jpeg\" \/>\n<meta name=\"twitter:card\" content=\"summary_large_image\" \/>\n<meta name=\"twitter:label1\" content=\"\u0648\u0642\u062a \u0627\u0644\u0642\u0631\u0627\u0621\u0629 \u0627\u0644\u0645\u064f\u0642\u062f\u0651\u0631\" \/>\n\t<meta name=\"twitter:data1\" content=\"\u062f\u0642\u064a\u0642\u0629 \u0648\u0627\u062d\u062f\u0629\" \/>\n<script type=\"application\/ld+json\" class=\"yoast-schema-graph\">{\"@context\":\"https:\/\/schema.org\",\"@graph\":[{\"@type\":\"WebPage\",\"@id\":\"https:\/\/if-qatar.com\/special-profs\/apfq\/\",\"url\":\"https:\/\/if-qatar.com\/special-profs\/apfq\/\",\"name\":\"APFQ - Institut Fran\u00e7ais du Qatar\",\"isPartOf\":{\"@id\":\"https:\/\/if-qatar.com\/ar\/#website\"},\"primaryImageOfPage\":{\"@id\":\"https:\/\/if-qatar.com\/special-profs\/apfq\/#primaryimage\"},\"image\":{\"@id\":\"https:\/\/if-qatar.com\/special-profs\/apfq\/#primaryimage\"},\"thumbnailUrl\":\"https:\/\/if-qatar.com\/wordpress\/wp-content\/uploads\/2024\/01\/thumbnail_image0.jpeg\",\"datePublished\":\"2022-02-22T09:00:25+00:00\",\"dateModified\":\"2024-01-29T11:32:55+00:00\",\"breadcrumb\":{\"@id\":\"https:\/\/if-qatar.com\/special-profs\/apfq\/#breadcrumb\"},\"inLanguage\":\"ar\",\"potentialAction\":[{\"@type\":\"ReadAction\",\"target\":[\"https:\/\/if-qatar.com\/special-profs\/apfq\/\"]}]},{\"@type\":\"ImageObject\",\"inLanguage\":\"ar\",\"@id\":\"https:\/\/if-qatar.com\/special-profs\/apfq\/#primaryimage\",\"url\":\"https:\/\/if-qatar.com\/wordpress\/wp-content\/uploads\/2024\/01\/thumbnail_image0.jpeg\",\"contentUrl\":\"https:\/\/if-qatar.com\/wordpress\/wp-content\/uploads\/2024\/01\/thumbnail_image0.jpeg\",\"width\":1005,\"height\":493},{\"@type\":\"BreadcrumbList\",\"@id\":\"https:\/\/if-qatar.com\/special-profs\/apfq\/#breadcrumb\",\"itemListElement\":[{\"@type\":\"ListItem\",\"position\":1,\"name\":\"Accueil\",\"item\":\"https:\/\/if-qatar.com\/\"},{\"@type\":\"ListItem\",\"position\":2,\"name\":\"Sp\u00e9cial Profs\",\"item\":\"https:\/\/if-qatar.com\/special-profs\/\"},{\"@type\":\"ListItem\",\"position\":3,\"name\":\"APFQ\"}]},{\"@type\":\"WebSite\",\"@id\":\"https:\/\/if-qatar.com\/ar\/#website\",\"url\":\"https:\/\/if-qatar.com\/ar\/\",\"name\":\"Institut Fran\u00e7ais du Qatar\",\"description\":\"\",\"publisher\":{\"@id\":\"https:\/\/if-qatar.com\/ar\/#organization\"},\"potentialAction\":[{\"@type\":\"SearchAction\",\"target\":{\"@type\":\"EntryPoint\",\"urlTemplate\":\"https:\/\/if-qatar.com\/ar\/?s={search_term_string}\"},\"query-input\":{\"@type\":\"PropertyValueSpecification\",\"valueRequired\":true,\"valueName\":\"search_term_string\"}}],\"inLanguage\":\"ar\"},{\"@type\":\"Organization\",\"@id\":\"https:\/\/if-qatar.com\/ar\/#organization\",\"name\":\"Institut Fran\u00e7ais du Qatar\",\"url\":\"https:\/\/if-qatar.com\/ar\/\",\"logo\":{\"@type\":\"ImageObject\",\"inLanguage\":\"ar\",\"@id\":\"https:\/\/if-qatar.com\/ar\/#\/schema\/logo\/image\/\",\"url\":\"https:\/\/if-qatar.com\/wordpress\/wp-content\/uploads\/2022\/10\/LOGO-IFQ-Fond-blanc-Bleu_Plan-de-travail-1.png\",\"contentUrl\":\"https:\/\/if-qatar.com\/wordpress\/wp-content\/uploads\/2022\/10\/LOGO-IFQ-Fond-blanc-Bleu_Plan-de-travail-1.png\",\"width\":2481,\"height\":1636,\"caption\":\"Institut Fran\u00e7ais du Qatar\"},\"image\":{\"@id\":\"https:\/\/if-qatar.com\/ar\/#\/schema\/logo\/image\/\"}}]}<\/script>\n<!-- \/ Yoast SEO plugin. -->","yoast_head_json":{"title":"APFQ - Institut Fran\u00e7ais du Qatar","robots":{"index":"index","follow":"follow","max-snippet":"max-snippet:-1","max-image-preview":"max-image-preview:large","max-video-preview":"max-video-preview:-1"},"canonical":"https:\/\/if-qatar.com\/ar\/special-profs\/apfq\/","og_locale":"ar_AR","og_type":"article","og_title":"APFQ - Institut Fran\u00e7ais du Qatar","og_description":"APFQ L&rsquo;association des professeurs de fran\u00e7ais du Qatar a \u00e9t\u00e9 cr\u00e9\u00e9e en 2019 et regroupe les enseignants, formateurs, conseillers p\u00e9dagogiques, enseignants-chercheurs sp\u00e9cialis\u00e9s en didactique du fran\u00e7ais. Cette association a pour objectif de :&nbsp; Promouvoir la langue fran\u00e7aise sur l&rsquo;ensemble du territoire qatarien Favoriser la coop\u00e9ration entre les associations et les enseignants agissant dans le domaine [&hellip;]","og_url":"https:\/\/if-qatar.com\/ar\/special-profs\/apfq\/","og_site_name":"Institut Fran\u00e7ais du Qatar","article_modified_time":"2024-01-29T11:32:55+00:00","og_image":[{"width":1005,"height":493,"url":"https:\/\/if-qatar.com\/wordpress\/wp-content\/uploads\/2024\/01\/thumbnail_image0.jpeg","type":"image\/jpeg"}],"twitter_card":"summary_large_image","twitter_misc":{"\u0648\u0642\u062a \u0627\u0644\u0642\u0631\u0627\u0621\u0629 \u0627\u0644\u0645\u064f\u0642\u062f\u0651\u0631":"\u062f\u0642\u064a\u0642\u0629 \u0648\u0627\u062d\u062f\u0629"},"schema":{"@context":"https:\/\/schema.org","@graph":[{"@type":"WebPage","@id":"https:\/\/if-qatar.com\/special-profs\/apfq\/","url":"https:\/\/if-qatar.com\/special-profs\/apfq\/","name":"APFQ - Institut Fran\u00e7ais du Qatar","isPartOf":{"@id":"https:\/\/if-qatar.com\/ar\/#website"},"primaryImageOfPage":{"@id":"https:\/\/if-qatar.com\/special-profs\/apfq\/#primaryimage"},"image":{"@id":"https:\/\/if-qatar.com\/special-profs\/apfq\/#primaryimage"},"thumbnailUrl":"https:\/\/if-qatar.com\/wordpress\/wp-content\/uploads\/2024\/01\/thumbnail_image0.jpeg","datePublished":"2022-02-22T09:00:25+00:00","dateModified":"2024-01-29T11:32:55+00:00","breadcrumb":{"@id":"https:\/\/if-qatar.com\/special-profs\/apfq\/#breadcrumb"},"inLanguage":"ar","potentialAction":[{"@type":"ReadAction","target":["https:\/\/if-qatar.com\/special-profs\/apfq\/"]}]},{"@type":"ImageObject","inLanguage":"ar","@id":"https:\/\/if-qatar.com\/special-profs\/apfq\/#primaryimage","url":"https:\/\/if-qatar.com\/wordpress\/wp-content\/uploads\/2024\/01\/thumbnail_image0.jpeg","contentUrl":"https:\/\/if-qatar.com\/wordpress\/wp-content\/uploads\/2024\/01\/thumbnail_image0.jpeg","width":1005,"height":493},{"@type":"BreadcrumbList","@id":"https:\/\/if-qatar.com\/special-profs\/apfq\/#breadcrumb","itemListElement":[{"@type":"ListItem","position":1,"name":"Accueil","item":"https:\/\/if-qatar.com\/"},{"@type":"ListItem","position":2,"name":"Sp\u00e9cial Profs","item":"https:\/\/if-qatar.com\/special-profs\/"},{"@type":"ListItem","position":3,"name":"APFQ"}]},{"@type":"WebSite","@id":"https:\/\/if-qatar.com\/ar\/#website","url":"https:\/\/if-qatar.com\/ar\/","name":"Institut Fran\u00e7ais du Qatar","description":"","publisher":{"@id":"https:\/\/if-qatar.com\/ar\/#organization"},"potentialAction":[{"@type":"SearchAction","target":{"@type":"EntryPoint","urlTemplate":"https:\/\/if-qatar.com\/ar\/?s={search_term_string}"},"query-input":{"@type":"PropertyValueSpecification","valueRequired":true,"valueName":"search_term_string"}}],"inLanguage":"ar"},{"@type":"Organization","@id":"https:\/\/if-qatar.com\/ar\/#organization","name":"Institut Fran\u00e7ais du Qatar","url":"https:\/\/if-qatar.com\/ar\/","logo":{"@type":"ImageObject","inLanguage":"ar","@id":"https:\/\/if-qatar.com\/ar\/#\/schema\/logo\/image\/","url":"https:\/\/if-qatar.com\/wordpress\/wp-content\/uploads\/2022\/10\/LOGO-IFQ-Fond-blanc-Bleu_Plan-de-travail-1.png","contentUrl":"https:\/\/if-qatar.com\/wordpress\/wp-content\/uploads\/2022\/10\/LOGO-IFQ-Fond-blanc-Bleu_Plan-de-travail-1.png","width":2481,"height":1636,"caption":"Institut Fran\u00e7ais du Qatar"},"image":{"@id":"https:\/\/if-qatar.com\/ar\/#\/schema\/logo\/image\/"}}]}},"_links":{"self":[{"href":"https:\/\/if-qatar.com\/ar\/wp-json\/wp\/v2\/pages\/4274"}],"collection":[{"href":"https:\/\/if-qatar.com\/ar\/wp-json\/wp\/v2\/pages"}],"about":[{"href":"https:\/\/if-qatar.com\/ar\/wp-json\/wp\/v2\/types\/page"}],"author":[{"embeddable":true,"href":"https:\/\/if-qatar.com\/ar\/wp-json\/wp\/v2\/users\/1"}],"replies":[{"embeddable":true,"href":"https:\/\/if-qatar.com\/ar\/wp-json\/wp\/v2\/comments?post=4274"}],"version-history":[{"count":8,"href":"https:\/\/if-qatar.com\/ar\/wp-json\/wp\/v2\/pages\/4274\/revisions"}],"predecessor-version":[{"id":7584,"href":"https:\/\/if-qatar.com\/ar\/wp-json\/wp\/v2\/pages\/4274\/revisions\/7584"}],"up":[{"embeddable":true,"href":"https:\/\/if-qatar.com\/ar\/wp-json\/wp\/v2\/pages\/4242"}],"wp:featuredmedia":[{"embeddable":true,"href":"https:\/\/if-qatar.com\/ar\/wp-json\/wp\/v2\/media\/7579"}],"wp:attachment":[{"href":"https:\/\/if-qatar.com\/ar\/wp-json\/wp\/v2\/media?parent=4274"}],"curies":[{"name":"wp","href":"https:\/\/api.w.org\/{rel}","templated":true}]}}