{"id":4268,"date":"2022-02-22T11:56:47","date_gmt":"2022-02-22T08:56:47","guid":{"rendered":"https:\/\/if-qatar.com\/?page_id=4268"},"modified":"2024-01-29T14:28:50","modified_gmt":"2024-01-29T11:28:50","slug":"formations","status":"publish","type":"page","link":"https:\/\/if-qatar.com\/ar\/special-profs\/formations\/","title":{"rendered":"\u062f\u0648\u0631\u0627\u062a \u062a\u062f\u0631\u064a\u0628\u064a\u0629"},"content":{"rendered":"<div class=\"wp-block-group add-padding\"><div class=\"wp-block-group__inner-container is-layout-flow wp-block-group-is-layout-flow\">\n\t\t\t<!-- Flexy Breadcrumb -->\r\n\t\t\t<div class=\"fbc fbc-page\">\r\n\r\n\t\t\t\t<!-- Breadcrumb wrapper -->\r\n\t\t\t\t<div class=\"fbc-wrap\">\r\n\r\n\t\t\t\t\t<!-- Ordered list-->\r\n\t\t\t\t\t<ol class=\"fbc-items\" itemscope itemtype=\"https:\/\/schema.org\/BreadcrumbList\">\r\n\t\t\t\t\t\t            <li itemprop=\"itemListElement\" itemscope itemtype=\"https:\/\/schema.org\/ListItem\">\r\n                <span itemprop=\"name\">\r\n                    <!-- Home Link -->\r\n                    <a itemprop=\"item\" href=\"https:\/\/if-qatar.com\/ar\/\">\r\n                    \r\n                                                    <i class=\"fa fa-home\" aria-hidden=\"true\"><\/i>\u0635\u0641\u062d\u0629 \u0631\u0626\u064a\u0633\u064a\u0629                    <\/a>\r\n                <\/span>\r\n                <meta itemprop=\"position\" content=\"1\" \/><!-- Meta Position-->\r\n             <\/li><li><span class=\"fbc-separator\">\/<\/span><\/li><li class=\"active\" itemprop=\"itemListElement\" itemscope itemtype=\"https:\/\/schema.org\/ListItem\"><span itemprop=\"name\" title=\"\u062f\u0648\u0631\u0627\u062a \u062a\u062f\u0631\u064a\u0628\u064a\u0629\">\u062f\u0648\u0631\u0627\u062a \u062a\u062f\u0631\u064a\u0628\u064a\u0629<\/span><meta itemprop=\"position\" content=\"2\" \/><\/li>\t\t\t\t\t<\/ol>\r\n\t\t\t\t\t<div class=\"clearfix\"><\/div>\r\n\t\t\t\t<\/div>\r\n\t\t\t<\/div>\r\n\t\t\t\n\n\n\n<div style=\"height:30px\" aria-hidden=\"true\" class=\"wp-block-spacer\"><\/div>\n\n\n\n<h2 class=\"wp-block-heading no-margin-top\"><strong><span class=\"has-inline-color has-primary-color\"><strong>\u062f\u0648\u0631\u0627\u062a \u062a\u062f\u0631\u064a\u0628\u064a\u0629<\/strong><\/span><\/strong><\/h2>\n\n\n\n<p>\u064a\u0642\u062f\u0645  \u0627\u0644\u0645\u0639\u0647\u062f \u0627\u0644\u0641\u0631\u0646\u0633\u064a \u062f\u0648\u0631\u0627\u062a \u062a\u062f\u0631\u064a\u0628\u064a\u0629 \u0644\u0644\u0645\u062f\u0631\u0633\u064a\u0646 \u0639\u0644\u0649 \u0645\u062f\u0627\u0631 \u0627\u0644\u0639\u0627\u0645 \u060c \u0641\u064a \u0627\u0644\u0645\u0639\u0647\u062f \u0623\u0648 \u0641\u064a \u0627\u0644\u0645\u062f\u0627\u0631\u0633 \u0648\u0627\u0644\u062c\u0627\u0645\u0639\u0627\u062a. \u0648\u0647\u064a \u0645\u0635\u0645\u0645\u0629 \u0644\u062a\u0644\u0628\u064a\u0629 \u0627\u0644\u0627\u062d\u062a\u064a\u0627\u062c\u0627\u062a \u0627\u0644\u0645\u062d\u062f\u062f\u0629  \u0641\u064a \u062a\u062f\u0631\u064a\u0633 \u0627\u0644\u0644\u063a\u0629 \u0627\u0644\u0641\u0631\u0646\u0633\u064a\u0629 \u0641\u064a \u0642\u0637\u0631 \u0648\u0644\u0644\u0633\u0645\u0627\u062d \u0644\u0644\u0645\u062f\u0631\u0633\u064a\u0646 \u0628\u0627\u0644\u062a\u062f\u0631\u0628 \u0639\u0644\u0649 \u0623\u062d\u062f\u062b \u0645\u0646\u0647\u062c\u064a\u0627\u062a \u0648\u0645\u0645\u0627\u0631\u0633\u0627\u062a \u0627\u0644\u062a\u062f\u0631\u064a\u0633. \u0628\u0627\u0644\u0625\u0636\u0627\u0641\u0629 \u0625\u0644\u0649 \u0630\u0644\u0643 \u060c \u0641\u0647\u064a \u062a\u0633\u0647\u0644 \u0627\u0644\u062a\u0628\u0627\u062f\u0644\u0627\u062a \u0628\u064a\u0646 \u0627\u0644\u0632\u0645\u0644\u0627\u0621 \u0648\u062a\u062d\u0641\u0632 \u0627\u0644\u0646\u0642\u0627\u0634 \u062f\u0627\u062e\u0644 \u0645\u062c\u062a\u0645\u0639 \u0645\u062f\u0631\u0633\u064a \u0627\u0644\u0644\u063a\u0629 \u0627\u0644\u0641\u0631\u0646\u0633\u064a\u0629 \u0643\u0644\u063a\u0629 \u0623\u062c\u0646\u0628\u064a\u0629 \u0627\u0644\u0630\u064a \u0646\u0646\u062a\u0645\u064a \u0625\u0644\u064a\u0647&nbsp;<\/p>\n\n\n\n<p>\u0627\u0646\u0638\u0631 \u0625\u0644\u0649 \u062f\u0648\u0631\u0627\u062a\u0646\u0627 \u0627\u0644\u062a\u062f\u0631\u064a\u0628\u064a\u0629 \u0644\u0644\u062d\u0635\u0648\u0644 \u0639\u0644\u0649 \u0645\u0648\u0627\u0639\u064a\u062f \u0627\u0644\u062f\u0648\u0631\u0627\u062a \u0627\u0644\u062a\u062f\u0631\u064a\u0628\u064a\u0629 \u0627\u0644\u0642\u0627\u062f\u0645\u0629. \u0628\u0627\u0644\u0625\u0636\u0627\u0641\u0629 \u0625\u0644\u0649 \u0625\u062b\u0631\u0627\u0621 \u0645\u0645\u0627\u0631\u0633\u0627\u062a\u0646\u0627 \u0627\u0644\u062a\u062f\u0631\u064a\u0633\u064a\u0629 \u060c \u0641\u0625\u0646 \u0627\u0644\u0647\u062f\u0641 \u0645\u0646 \u0647\u0630\u0647 \u0627\u0644\u062f\u0648\u0631\u0627\u062a \u0647\u0648 \u062a\u0633\u0647\u064a\u0644 \u0627\u0644\u062a\u0628\u0627\u062f\u0644 \u0628\u064a\u0646 \u0627\u0644\u0632\u0645\u0644\u0627\u0621 \u0648\u062a\u062d\u0641\u064a\u0632 \u0627\u0644\u0646\u0642\u0627\u0634 \u062f\u0627\u062e\u0644 \u0645\u062c\u062a\u0645\u0639\u0646\u0627 \u0627\u0644\u062e\u0627\u0635 \u0643\u0645\u062f\u0631\u0633\u064a \u0627\u0644\u0644\u063a\u0629 \u0627\u0644\u0641\u0631\u0646\u0633\u064a\u0629 \u0643\u0644\u063a\u0629 \u0623\u062c\u0646\u0628\u064a\u0629 .<\/p>\n\n\n\n<div style=\"height:40px\" aria-hidden=\"true\" class=\"wp-block-spacer\"><\/div>\n\n\n\n<h2 class=\"wp-block-heading\"><strong>\u0627\u0644\u062f\u0648\u0631\u0627\u062a \u0627\u0644\u062a\u062f\u0631\u064a\u0628\u064a\u0629 \u0627\u0644\u0642\u0627\u062f\u0645\u0629 <\/strong><\/h2>\n\n\n\n<p><br><strong>Enseigner le FLE au jeune public (5-10 ans)<\/strong><\/p>\n\n\n\n<p>29\/02\/2024 &#8211; 16h-19h<\/p>\n\n\n\n<p>07\/03\/2024 &#8211; 16h-19h<\/p>\n\n\n\n<p><strong>Escape game en classe de FLE, un outil de p\u00e9dagogie active pour motiver les apprenants<\/strong><\/p>\n\n\n\n<p>16\/05\/2024&nbsp;&#8211; 16h-19h<\/p>\n\n\n\n<p>23\/05\/2024&nbsp;&#8211; 16h-19h<\/p>\n\n\n\n<p><strong>La perspective actionnelle, quelle mise en \u0153uvre en classe de FLE ?<\/strong><\/p>\n\n\n\n<p>18\/01\/2024 &#8211; 15h-19h30&nbsp;<\/p>\n\n\n\n<p>25\/01\/2024 &#8211; 15h-19h30<\/p>\n\n\n\n<p><strong>Le th\u00e9\u00e2tre en classe FLE<\/strong><\/p>\n\n\n\n<p>01\/02\/2024&nbsp;&#8211; 16h-19h<\/p>\n\n\n\n<p>08\/02\/2024\u00a0&#8211; 16h-19h<\/p>\n\n\n\n<p>Si vous \u00eates int\u00e9ress\u00e9s par une formation, merci d&rsquo;envoyer un mail \u00e0 cours@if-qatar.com<\/p>\n\n\n\n<h2 class=\"wp-block-heading\"><\/h2>\n\n\n\n<h2 class=\"wp-block-heading\"><strong><a href=\"https:\/\/if-qatar.com\/on-en-a-deja-profite\/\">\u0646\u062d\u0646 \u0646\u0633\u062a\u0641\u064a\u062f \u0645\u0646\u0647 \u0628\u0627\u0644\u0641\u0639\u0644<strong>\u00e9<\/strong>j\u00e0 profit<strong>\u00e9<\/strong> !  <\/a><\/strong><\/h2>\n\n\n\n<h2 class=\"wp-block-heading\"><\/h2>\n\n\n\n<p><\/p>\n\n\n\n<h2 class=\"wp-block-heading\"><\/h2>\n\n\n\n<p><\/p>\n<\/div><\/div>\n\n\n\n<p><\/p>\n\n\n\n<p><\/p>","protected":false},"excerpt":{"rendered":"<p>Formations L\u2019IFQ propose des formations p\u00e9dagogiques tout-au-long de l\u2019ann\u00e9e, \u00e0 l\u2019Institut ou en&nbsp;\u00e9tablissement&nbsp;scolaire et universitaire. Elles&nbsp;sont con\u00e7ues pour r\u00e9pondre \u00e0 des besoins&nbsp;sp\u00e9cifiques \u00e0 l&rsquo;enseignement du fran\u00e7ais au Qatar et pour permettre aux enseignants de se former aux m\u00e9thodologies et pratiques d&rsquo;enseignement les plus r\u00e9centes. De plus, elles&nbsp;facilitent les \u00e9changes entre pairs et dynamisent le d\u00e9bat [&hellip;]<\/p>","protected":false},"author":1,"featured_media":7578,"parent":4242,"menu_order":0,"comment_status":"closed","ping_status":"closed","template":"templates\/template-cover.php","meta":{"om_disable_all_campaigns":false,"_monsterinsights_skip_tracking":false,"_monsterinsights_sitenote_active":false,"_monsterinsights_sitenote_note":"","_monsterinsights_sitenote_category":0,"footnotes":""},"class_list":["post-4268","page","type-page","status-publish","has-post-thumbnail","hentry"],"yoast_head":"<!-- This site is optimized with the Yoast SEO plugin v24.0 - https:\/\/yoast.com\/wordpress\/plugins\/seo\/ -->\n<title>Formations - Institut Fran\u00e7ais du Qatar<\/title>\n<meta name=\"robots\" content=\"index, follow, max-snippet:-1, max-image-preview:large, max-video-preview:-1\" \/>\n<link rel=\"canonical\" href=\"https:\/\/if-qatar.com\/ar\/special-profs\/formations\/\" \/>\n<meta property=\"og:locale\" content=\"ar_AR\" \/>\n<meta property=\"og:type\" content=\"article\" \/>\n<meta property=\"og:title\" content=\"Formations - Institut Fran\u00e7ais du Qatar\" \/>\n<meta property=\"og:description\" content=\"Formations L\u2019IFQ propose des formations p\u00e9dagogiques tout-au-long de l\u2019ann\u00e9e, \u00e0 l\u2019Institut ou en&nbsp;\u00e9tablissement&nbsp;scolaire et universitaire. Elles&nbsp;sont con\u00e7ues pour r\u00e9pondre \u00e0 des besoins&nbsp;sp\u00e9cifiques \u00e0 l&rsquo;enseignement du fran\u00e7ais au Qatar et pour permettre aux enseignants de se former aux m\u00e9thodologies et pratiques d&rsquo;enseignement les plus r\u00e9centes. De plus, elles&nbsp;facilitent les \u00e9changes entre pairs et dynamisent le d\u00e9bat [&hellip;]\" \/>\n<meta property=\"og:url\" content=\"https:\/\/if-qatar.com\/ar\/special-profs\/formations\/\" \/>\n<meta property=\"og:site_name\" content=\"Institut Fran\u00e7ais du Qatar\" \/>\n<meta property=\"article:modified_time\" content=\"2024-01-29T11:28:50+00:00\" \/>\n<meta property=\"og:image\" content=\"https:\/\/if-qatar.com\/wordpress\/wp-content\/uploads\/2024\/01\/cheerful-mood-group-people-business-conference-modern-classroom-daytime-scaled.jpg\" \/>\n\t<meta property=\"og:image:width\" content=\"2560\" \/>\n\t<meta property=\"og:image:height\" content=\"1707\" \/>\n\t<meta property=\"og:image:type\" content=\"image\/jpeg\" \/>\n<meta name=\"twitter:card\" content=\"summary_large_image\" \/>\n<meta name=\"twitter:label1\" content=\"\u0648\u0642\u062a \u0627\u0644\u0642\u0631\u0627\u0621\u0629 \u0627\u0644\u0645\u064f\u0642\u062f\u0651\u0631\" \/>\n\t<meta name=\"twitter:data1\" content=\"\u062f\u0642\u064a\u0642\u0629 \u0648\u0627\u062d\u062f\u0629\" \/>\n<script type=\"application\/ld+json\" class=\"yoast-schema-graph\">{\"@context\":\"https:\/\/schema.org\",\"@graph\":[{\"@type\":\"WebPage\",\"@id\":\"https:\/\/if-qatar.com\/special-profs\/formations\/\",\"url\":\"https:\/\/if-qatar.com\/special-profs\/formations\/\",\"name\":\"Formations - Institut Fran\u00e7ais du Qatar\",\"isPartOf\":{\"@id\":\"https:\/\/if-qatar.com\/ar\/#website\"},\"primaryImageOfPage\":{\"@id\":\"https:\/\/if-qatar.com\/special-profs\/formations\/#primaryimage\"},\"image\":{\"@id\":\"https:\/\/if-qatar.com\/special-profs\/formations\/#primaryimage\"},\"thumbnailUrl\":\"https:\/\/if-qatar.com\/wordpress\/wp-content\/uploads\/2024\/01\/cheerful-mood-group-people-business-conference-modern-classroom-daytime-scaled.jpg\",\"datePublished\":\"2022-02-22T08:56:47+00:00\",\"dateModified\":\"2024-01-29T11:28:50+00:00\",\"breadcrumb\":{\"@id\":\"https:\/\/if-qatar.com\/special-profs\/formations\/#breadcrumb\"},\"inLanguage\":\"ar\",\"potentialAction\":[{\"@type\":\"ReadAction\",\"target\":[\"https:\/\/if-qatar.com\/special-profs\/formations\/\"]}]},{\"@type\":\"ImageObject\",\"inLanguage\":\"ar\",\"@id\":\"https:\/\/if-qatar.com\/special-profs\/formations\/#primaryimage\",\"url\":\"https:\/\/if-qatar.com\/wordpress\/wp-content\/uploads\/2024\/01\/cheerful-mood-group-people-business-conference-modern-classroom-daytime-scaled.jpg\",\"contentUrl\":\"https:\/\/if-qatar.com\/wordpress\/wp-content\/uploads\/2024\/01\/cheerful-mood-group-people-business-conference-modern-classroom-daytime-scaled.jpg\",\"width\":2560,\"height\":1707,\"caption\":\"Cheerful mood. Group of people at business conference in modern classroom at daytime.\"},{\"@type\":\"BreadcrumbList\",\"@id\":\"https:\/\/if-qatar.com\/special-profs\/formations\/#breadcrumb\",\"itemListElement\":[{\"@type\":\"ListItem\",\"position\":1,\"name\":\"Accueil\",\"item\":\"https:\/\/if-qatar.com\/\"},{\"@type\":\"ListItem\",\"position\":2,\"name\":\"Sp\u00e9cial Profs\",\"item\":\"https:\/\/if-qatar.com\/special-profs\/\"},{\"@type\":\"ListItem\",\"position\":3,\"name\":\"Formations\"}]},{\"@type\":\"WebSite\",\"@id\":\"https:\/\/if-qatar.com\/ar\/#website\",\"url\":\"https:\/\/if-qatar.com\/ar\/\",\"name\":\"Institut Fran\u00e7ais du Qatar\",\"description\":\"\",\"publisher\":{\"@id\":\"https:\/\/if-qatar.com\/ar\/#organization\"},\"potentialAction\":[{\"@type\":\"SearchAction\",\"target\":{\"@type\":\"EntryPoint\",\"urlTemplate\":\"https:\/\/if-qatar.com\/ar\/?s={search_term_string}\"},\"query-input\":{\"@type\":\"PropertyValueSpecification\",\"valueRequired\":true,\"valueName\":\"search_term_string\"}}],\"inLanguage\":\"ar\"},{\"@type\":\"Organization\",\"@id\":\"https:\/\/if-qatar.com\/ar\/#organization\",\"name\":\"Institut Fran\u00e7ais du Qatar\",\"url\":\"https:\/\/if-qatar.com\/ar\/\",\"logo\":{\"@type\":\"ImageObject\",\"inLanguage\":\"ar\",\"@id\":\"https:\/\/if-qatar.com\/ar\/#\/schema\/logo\/image\/\",\"url\":\"https:\/\/if-qatar.com\/wordpress\/wp-content\/uploads\/2022\/10\/LOGO-IFQ-Fond-blanc-Bleu_Plan-de-travail-1.png\",\"contentUrl\":\"https:\/\/if-qatar.com\/wordpress\/wp-content\/uploads\/2022\/10\/LOGO-IFQ-Fond-blanc-Bleu_Plan-de-travail-1.png\",\"width\":2481,\"height\":1636,\"caption\":\"Institut Fran\u00e7ais du Qatar\"},\"image\":{\"@id\":\"https:\/\/if-qatar.com\/ar\/#\/schema\/logo\/image\/\"}}]}<\/script>\n<!-- \/ Yoast SEO plugin. -->","yoast_head_json":{"title":"Formations - Institut Fran\u00e7ais du Qatar","robots":{"index":"index","follow":"follow","max-snippet":"max-snippet:-1","max-image-preview":"max-image-preview:large","max-video-preview":"max-video-preview:-1"},"canonical":"https:\/\/if-qatar.com\/ar\/special-profs\/formations\/","og_locale":"ar_AR","og_type":"article","og_title":"Formations - Institut Fran\u00e7ais du Qatar","og_description":"Formations L\u2019IFQ propose des formations p\u00e9dagogiques tout-au-long de l\u2019ann\u00e9e, \u00e0 l\u2019Institut ou en&nbsp;\u00e9tablissement&nbsp;scolaire et universitaire. Elles&nbsp;sont con\u00e7ues pour r\u00e9pondre \u00e0 des besoins&nbsp;sp\u00e9cifiques \u00e0 l&rsquo;enseignement du fran\u00e7ais au Qatar et pour permettre aux enseignants de se former aux m\u00e9thodologies et pratiques d&rsquo;enseignement les plus r\u00e9centes. De plus, elles&nbsp;facilitent les \u00e9changes entre pairs et dynamisent le d\u00e9bat [&hellip;]","og_url":"https:\/\/if-qatar.com\/ar\/special-profs\/formations\/","og_site_name":"Institut Fran\u00e7ais du Qatar","article_modified_time":"2024-01-29T11:28:50+00:00","og_image":[{"width":2560,"height":1707,"url":"https:\/\/if-qatar.com\/wordpress\/wp-content\/uploads\/2024\/01\/cheerful-mood-group-people-business-conference-modern-classroom-daytime-scaled.jpg","type":"image\/jpeg"}],"twitter_card":"summary_large_image","twitter_misc":{"\u0648\u0642\u062a \u0627\u0644\u0642\u0631\u0627\u0621\u0629 \u0627\u0644\u0645\u064f\u0642\u062f\u0651\u0631":"\u062f\u0642\u064a\u0642\u0629 \u0648\u0627\u062d\u062f\u0629"},"schema":{"@context":"https:\/\/schema.org","@graph":[{"@type":"WebPage","@id":"https:\/\/if-qatar.com\/special-profs\/formations\/","url":"https:\/\/if-qatar.com\/special-profs\/formations\/","name":"Formations - Institut Fran\u00e7ais du Qatar","isPartOf":{"@id":"https:\/\/if-qatar.com\/ar\/#website"},"primaryImageOfPage":{"@id":"https:\/\/if-qatar.com\/special-profs\/formations\/#primaryimage"},"image":{"@id":"https:\/\/if-qatar.com\/special-profs\/formations\/#primaryimage"},"thumbnailUrl":"https:\/\/if-qatar.com\/wordpress\/wp-content\/uploads\/2024\/01\/cheerful-mood-group-people-business-conference-modern-classroom-daytime-scaled.jpg","datePublished":"2022-02-22T08:56:47+00:00","dateModified":"2024-01-29T11:28:50+00:00","breadcrumb":{"@id":"https:\/\/if-qatar.com\/special-profs\/formations\/#breadcrumb"},"inLanguage":"ar","potentialAction":[{"@type":"ReadAction","target":["https:\/\/if-qatar.com\/special-profs\/formations\/"]}]},{"@type":"ImageObject","inLanguage":"ar","@id":"https:\/\/if-qatar.com\/special-profs\/formations\/#primaryimage","url":"https:\/\/if-qatar.com\/wordpress\/wp-content\/uploads\/2024\/01\/cheerful-mood-group-people-business-conference-modern-classroom-daytime-scaled.jpg","contentUrl":"https:\/\/if-qatar.com\/wordpress\/wp-content\/uploads\/2024\/01\/cheerful-mood-group-people-business-conference-modern-classroom-daytime-scaled.jpg","width":2560,"height":1707,"caption":"Cheerful mood. Group of people at business conference in modern classroom at daytime."},{"@type":"BreadcrumbList","@id":"https:\/\/if-qatar.com\/special-profs\/formations\/#breadcrumb","itemListElement":[{"@type":"ListItem","position":1,"name":"Accueil","item":"https:\/\/if-qatar.com\/"},{"@type":"ListItem","position":2,"name":"Sp\u00e9cial Profs","item":"https:\/\/if-qatar.com\/special-profs\/"},{"@type":"ListItem","position":3,"name":"Formations"}]},{"@type":"WebSite","@id":"https:\/\/if-qatar.com\/ar\/#website","url":"https:\/\/if-qatar.com\/ar\/","name":"Institut Fran\u00e7ais du Qatar","description":"","publisher":{"@id":"https:\/\/if-qatar.com\/ar\/#organization"},"potentialAction":[{"@type":"SearchAction","target":{"@type":"EntryPoint","urlTemplate":"https:\/\/if-qatar.com\/ar\/?s={search_term_string}"},"query-input":{"@type":"PropertyValueSpecification","valueRequired":true,"valueName":"search_term_string"}}],"inLanguage":"ar"},{"@type":"Organization","@id":"https:\/\/if-qatar.com\/ar\/#organization","name":"Institut Fran\u00e7ais du Qatar","url":"https:\/\/if-qatar.com\/ar\/","logo":{"@type":"ImageObject","inLanguage":"ar","@id":"https:\/\/if-qatar.com\/ar\/#\/schema\/logo\/image\/","url":"https:\/\/if-qatar.com\/wordpress\/wp-content\/uploads\/2022\/10\/LOGO-IFQ-Fond-blanc-Bleu_Plan-de-travail-1.png","contentUrl":"https:\/\/if-qatar.com\/wordpress\/wp-content\/uploads\/2022\/10\/LOGO-IFQ-Fond-blanc-Bleu_Plan-de-travail-1.png","width":2481,"height":1636,"caption":"Institut Fran\u00e7ais du Qatar"},"image":{"@id":"https:\/\/if-qatar.com\/ar\/#\/schema\/logo\/image\/"}}]}},"_links":{"self":[{"href":"https:\/\/if-qatar.com\/ar\/wp-json\/wp\/v2\/pages\/4268"}],"collection":[{"href":"https:\/\/if-qatar.com\/ar\/wp-json\/wp\/v2\/pages"}],"about":[{"href":"https:\/\/if-qatar.com\/ar\/wp-json\/wp\/v2\/types\/page"}],"author":[{"embeddable":true,"href":"https:\/\/if-qatar.com\/ar\/wp-json\/wp\/v2\/users\/1"}],"replies":[{"embeddable":true,"href":"https:\/\/if-qatar.com\/ar\/wp-json\/wp\/v2\/comments?post=4268"}],"version-history":[{"count":34,"href":"https:\/\/if-qatar.com\/ar\/wp-json\/wp\/v2\/pages\/4268\/revisions"}],"predecessor-version":[{"id":7545,"href":"https:\/\/if-qatar.com\/ar\/wp-json\/wp\/v2\/pages\/4268\/revisions\/7545"}],"up":[{"embeddable":true,"href":"https:\/\/if-qatar.com\/ar\/wp-json\/wp\/v2\/pages\/4242"}],"wp:featuredmedia":[{"embeddable":true,"href":"https:\/\/if-qatar.com\/ar\/wp-json\/wp\/v2\/media\/7578"}],"wp:attachment":[{"href":"https:\/\/if-qatar.com\/ar\/wp-json\/wp\/v2\/media?parent=4268"}],"curies":[{"name":"wp","href":"https:\/\/api.w.org\/{rel}","templated":true}]}}