{"id":315,"date":"2020-10-28T23:12:14","date_gmt":"2020-10-28T20:12:14","guid":{"rendered":"http:\/\/localhost\/?page_id=315"},"modified":"2025-12-08T19:16:24","modified_gmt":"2025-12-08T16:16:24","slug":"ateliers","status":"publish","type":"page","link":"https:\/\/if-qatar.com\/ar\/ateliers\/","title":{"rendered":"\u0648\u0631\u0634 \u0639\u0645\u0644"},"content":{"rendered":"<div class=\"wp-block-group add-padding\"><div class=\"wp-block-group__inner-container is-layout-flow wp-block-group-is-layout-flow\">\n\t\t\t<!-- Flexy Breadcrumb -->\r\n\t\t\t<div class=\"fbc fbc-page\">\r\n\r\n\t\t\t\t<!-- Breadcrumb wrapper -->\r\n\t\t\t\t<div class=\"fbc-wrap\">\r\n\r\n\t\t\t\t\t<!-- Ordered list-->\r\n\t\t\t\t\t<ol class=\"fbc-items\" itemscope itemtype=\"https:\/\/schema.org\/BreadcrumbList\">\r\n\t\t\t\t\t\t            <li itemprop=\"itemListElement\" itemscope itemtype=\"https:\/\/schema.org\/ListItem\">\r\n                <span itemprop=\"name\">\r\n                    <!-- Home Link -->\r\n                    <a itemprop=\"item\" href=\"https:\/\/if-qatar.com\/ar\/\">\r\n                    \r\n                                                    <i class=\"fa fa-home\" aria-hidden=\"true\"><\/i>\u0635\u0641\u062d\u0629 \u0631\u0626\u064a\u0633\u064a\u0629                    <\/a>\r\n                <\/span>\r\n                <meta itemprop=\"position\" content=\"1\" \/><!-- Meta Position-->\r\n             <\/li><li><span class=\"fbc-separator\">\/<\/span><\/li><li class=\"active\" itemprop=\"itemListElement\" itemscope itemtype=\"https:\/\/schema.org\/ListItem\"><span itemprop=\"name\" title=\"\u0648\u0631\u0634 \u0639\u0645\u0644\">\u0648\u0631\u0634 \u0639\u0645\u0644<\/span><meta itemprop=\"position\" content=\"2\" \/><\/li>\t\t\t\t\t<\/ol>\r\n\t\t\t\t\t<div class=\"clearfix\"><\/div>\r\n\t\t\t\t<\/div>\r\n\t\t\t<\/div>\r\n\t\t\t\n\n\n\n<h2 class=\"no-margin-top wp-block-heading\"><strong><span class=\"has-inline-color has-primary-color\"><strong>\u0648\u0631\u0634 \u0627\u0644\u0639\u0645\u0644 \u0644\u062f\u064a\u0646\u0627<\/strong><\/span><\/strong><\/h2>\n\n\n\n<p>\u0627\u0643\u062a\u0634\u0641 \u0648\u0631\u0634 \u0627\u0644\u0639\u0645\u0644 \u0627\u0644\u062a\u064a \u0646\u0646\u0638\u0645\u0647\u0627 \u0644\u0644\u0628\u0627\u0644\u063a\u064a\u0646 \u0648\u0644\u0644\u0634\u0628\u0627\u0628! <\/p>\n\n\n\n<p>\u0647\u0644 \u062a\u0631\u064a\u062f \u062a\u062d\u0633\u064a\u0646 \u0645\u0641\u0631\u062f\u0627\u062a\u0643 \u0648\u062a\u0639\u0632\u064a\u0632 \u0641\u0647\u0645\u0643 \u0644\u0644\u063a\u0629\u061f \u062a\u062f\u0631\u0628 \u0639\u0644\u0649 \u0645\u0646\u0627\u0642\u0634\u0629 \u0627\u0644\u0645\u0648\u0636\u0648\u0639\u0627\u062a \u0627\u0644\u0645\u062a\u0646\u0648\u0639\u0629 \u0648\u0645\u0648\u0636\u0648\u0639\u0627\u062a \u0627\u0644\u0633\u0627\u0639\u0629 \u0645\u0646 \u062e\u0644\u0627\u0644 \u0648\u0631\u0634 \u0627\u0644\u0639\u0645\u0644 \u0627\u0644\u062a\u064a \u0635\u0645\u0645\u0646\u0627\u0647\u0627 \u0648\u0641\u0642 \u0645\u0648\u0627\u0636\u064a\u0639 \u0645\u062e\u062a\u0644\u0641\u0629.<\/p>\n\n\n\n<p>\u062a\u0645 \u062a\u0635\u0645\u064a\u0645 \u0648\u0631\u0634 \u0627\u0644\u0639\u0645\u0644 \u0627\u0644\u0644\u063a\u0648\u064a\u0629 \u0644\u062a\u0639\u0632\u064a\u0632 \u0645\u0647\u0627\u0631\u0627\u062a\u0643 \u0648\u0627\u0644\u0633\u0645\u0627\u062d \u0644\u0643 \u0628\u0641\u0647\u0645 \u0627\u0644\u0633\u0628\u0628 \u0648\u0631\u0627\u0621 \u0627\u0644\u0642\u0648\u0627\u0639\u062f \u0648\u0627\u0644\u0645\u0641\u0631\u062f\u0627\u062a \u0648\u0628\u0646\u0627\u0621 \u0627\u0644\u062c\u0645\u0644\u0629 \u0648\u0627\u0644\u0646\u0637\u0642 \u0628\u0634\u0643\u0644 \u0623\u0641\u0636\u0644.<\/p>\n\n\n\n<div style=\"height:30px\" aria-hidden=\"true\" class=\"wp-block-spacer\"><\/div>\n\n\n<div class=\"event-outer\"><div class=\"event-outer-filter\"><\/div><div class=\"event-filter-loading\"><div class=\"event-filter-loading-gif\"><\/div><\/div><div class=\"event-filter-calendar\"><\/div><\/div>\n\n\n\n<div style=\"height:200px\" aria-hidden=\"true\" class=\"wp-block-spacer\"><\/div>\n<\/div><\/div>\n\n\n\n<p><\/p>","protected":false},"excerpt":{"rendered":"<p>Nos ateliers D\u00e9couvrez nos ateliers pour les adultes et pour les jeunes ! Vous souhaitez&nbsp;am\u00e9liorer&nbsp;votre vocabulaire et renforcer votre comp\u00e9hension?&nbsp;Entra\u00eenez-vous \u00e0 discuter de sujets divers et actuels avec nos ateliers th\u00e9matiques. Les ateliers linguistiques sont con\u00e7us pour consolider vos comp\u00e9tences et vous permettre de mieux comprendre le pourquoi derri\u00e8re la grammaire, le vocabulaire, la syntaxe [&hellip;]<\/p>","protected":false},"author":1,"featured_media":9276,"parent":0,"menu_order":7,"comment_status":"closed","ping_status":"closed","template":"templates\/template-cover.php","meta":{"om_disable_all_campaigns":false,"_monsterinsights_skip_tracking":false,"_monsterinsights_sitenote_active":false,"_monsterinsights_sitenote_note":"","_monsterinsights_sitenote_category":0,"footnotes":""},"class_list":["post-315","page","type-page","status-publish","has-post-thumbnail","hentry"],"yoast_head":"<!-- This site is optimized with the Yoast SEO plugin v24.0 - https:\/\/yoast.com\/wordpress\/plugins\/seo\/ -->\n<title>Ateliers - Institut Fran\u00e7ais du Qatar<\/title>\n<meta name=\"robots\" content=\"index, follow, max-snippet:-1, max-image-preview:large, max-video-preview:-1\" \/>\n<link rel=\"canonical\" href=\"https:\/\/if-qatar.com\/ar\/ateliers\/\" \/>\n<meta property=\"og:locale\" content=\"ar_AR\" \/>\n<meta property=\"og:type\" content=\"article\" \/>\n<meta property=\"og:title\" content=\"Ateliers - Institut Fran\u00e7ais du Qatar\" \/>\n<meta property=\"og:description\" content=\"Nos ateliers D\u00e9couvrez nos ateliers pour les adultes et pour les jeunes ! Vous souhaitez&nbsp;am\u00e9liorer&nbsp;votre vocabulaire et renforcer votre comp\u00e9hension?&nbsp;Entra\u00eenez-vous \u00e0 discuter de sujets divers et actuels avec nos ateliers th\u00e9matiques. Les ateliers linguistiques sont con\u00e7us pour consolider vos comp\u00e9tences et vous permettre de mieux comprendre le pourquoi derri\u00e8re la grammaire, le vocabulaire, la syntaxe [&hellip;]\" \/>\n<meta property=\"og:url\" content=\"https:\/\/if-qatar.com\/ar\/ateliers\/\" \/>\n<meta property=\"og:site_name\" content=\"Institut Fran\u00e7ais du Qatar\" \/>\n<meta property=\"article:modified_time\" content=\"2025-12-08T16:16:24+00:00\" \/>\n<meta property=\"og:image\" content=\"https:\/\/if-qatar.com\/wordpress\/wp-content\/uploads\/2025\/12\/2.jpg\" \/>\n\t<meta property=\"og:image:width\" content=\"1080\" \/>\n\t<meta property=\"og:image:height\" content=\"642\" \/>\n\t<meta property=\"og:image:type\" content=\"image\/jpeg\" \/>\n<meta name=\"twitter:card\" content=\"summary_large_image\" \/>\n<meta name=\"twitter:label1\" content=\"\u0648\u0642\u062a \u0627\u0644\u0642\u0631\u0627\u0621\u0629 \u0627\u0644\u0645\u064f\u0642\u062f\u0651\u0631\" \/>\n\t<meta name=\"twitter:data1\" content=\"\u062f\u0642\u064a\u0642\u0629 \u0648\u0627\u062d\u062f\u0629\" \/>\n<script type=\"application\/ld+json\" class=\"yoast-schema-graph\">{\"@context\":\"https:\/\/schema.org\",\"@graph\":[{\"@type\":\"WebPage\",\"@id\":\"https:\/\/if-qatar.com\/ateliers\/\",\"url\":\"https:\/\/if-qatar.com\/ateliers\/\",\"name\":\"Ateliers - Institut Fran\u00e7ais du Qatar\",\"isPartOf\":{\"@id\":\"https:\/\/if-qatar.com\/ar\/#website\"},\"primaryImageOfPage\":{\"@id\":\"https:\/\/if-qatar.com\/ateliers\/#primaryimage\"},\"image\":{\"@id\":\"https:\/\/if-qatar.com\/ateliers\/#primaryimage\"},\"thumbnailUrl\":\"https:\/\/if-qatar.com\/wordpress\/wp-content\/uploads\/2025\/12\/2.jpg\",\"datePublished\":\"2020-10-28T20:12:14+00:00\",\"dateModified\":\"2025-12-08T16:16:24+00:00\",\"breadcrumb\":{\"@id\":\"https:\/\/if-qatar.com\/ateliers\/#breadcrumb\"},\"inLanguage\":\"ar\",\"potentialAction\":[{\"@type\":\"ReadAction\",\"target\":[\"https:\/\/if-qatar.com\/ateliers\/\"]}]},{\"@type\":\"ImageObject\",\"inLanguage\":\"ar\",\"@id\":\"https:\/\/if-qatar.com\/ateliers\/#primaryimage\",\"url\":\"https:\/\/if-qatar.com\/wordpress\/wp-content\/uploads\/2025\/12\/2.jpg\",\"contentUrl\":\"https:\/\/if-qatar.com\/wordpress\/wp-content\/uploads\/2025\/12\/2.jpg\",\"width\":1080,\"height\":642},{\"@type\":\"BreadcrumbList\",\"@id\":\"https:\/\/if-qatar.com\/ateliers\/#breadcrumb\",\"itemListElement\":[{\"@type\":\"ListItem\",\"position\":1,\"name\":\"Accueil\",\"item\":\"https:\/\/if-qatar.com\/\"},{\"@type\":\"ListItem\",\"position\":2,\"name\":\"Ateliers\"}]},{\"@type\":\"WebSite\",\"@id\":\"https:\/\/if-qatar.com\/ar\/#website\",\"url\":\"https:\/\/if-qatar.com\/ar\/\",\"name\":\"Institut Fran\u00e7ais du Qatar\",\"description\":\"\",\"publisher\":{\"@id\":\"https:\/\/if-qatar.com\/ar\/#organization\"},\"potentialAction\":[{\"@type\":\"SearchAction\",\"target\":{\"@type\":\"EntryPoint\",\"urlTemplate\":\"https:\/\/if-qatar.com\/ar\/?s={search_term_string}\"},\"query-input\":{\"@type\":\"PropertyValueSpecification\",\"valueRequired\":true,\"valueName\":\"search_term_string\"}}],\"inLanguage\":\"ar\"},{\"@type\":\"Organization\",\"@id\":\"https:\/\/if-qatar.com\/ar\/#organization\",\"name\":\"Institut Fran\u00e7ais du Qatar\",\"url\":\"https:\/\/if-qatar.com\/ar\/\",\"logo\":{\"@type\":\"ImageObject\",\"inLanguage\":\"ar\",\"@id\":\"https:\/\/if-qatar.com\/ar\/#\/schema\/logo\/image\/\",\"url\":\"https:\/\/if-qatar.com\/wordpress\/wp-content\/uploads\/2022\/10\/LOGO-IFQ-Fond-blanc-Bleu_Plan-de-travail-1.png\",\"contentUrl\":\"https:\/\/if-qatar.com\/wordpress\/wp-content\/uploads\/2022\/10\/LOGO-IFQ-Fond-blanc-Bleu_Plan-de-travail-1.png\",\"width\":2481,\"height\":1636,\"caption\":\"Institut Fran\u00e7ais du Qatar\"},\"image\":{\"@id\":\"https:\/\/if-qatar.com\/ar\/#\/schema\/logo\/image\/\"}}]}<\/script>\n<!-- \/ Yoast SEO plugin. -->","yoast_head_json":{"title":"Ateliers - Institut Fran\u00e7ais du Qatar","robots":{"index":"index","follow":"follow","max-snippet":"max-snippet:-1","max-image-preview":"max-image-preview:large","max-video-preview":"max-video-preview:-1"},"canonical":"https:\/\/if-qatar.com\/ar\/ateliers\/","og_locale":"ar_AR","og_type":"article","og_title":"Ateliers - Institut Fran\u00e7ais du Qatar","og_description":"Nos ateliers D\u00e9couvrez nos ateliers pour les adultes et pour les jeunes ! Vous souhaitez&nbsp;am\u00e9liorer&nbsp;votre vocabulaire et renforcer votre comp\u00e9hension?&nbsp;Entra\u00eenez-vous \u00e0 discuter de sujets divers et actuels avec nos ateliers th\u00e9matiques. Les ateliers linguistiques sont con\u00e7us pour consolider vos comp\u00e9tences et vous permettre de mieux comprendre le pourquoi derri\u00e8re la grammaire, le vocabulaire, la syntaxe [&hellip;]","og_url":"https:\/\/if-qatar.com\/ar\/ateliers\/","og_site_name":"Institut Fran\u00e7ais du Qatar","article_modified_time":"2025-12-08T16:16:24+00:00","og_image":[{"width":1080,"height":642,"url":"https:\/\/if-qatar.com\/wordpress\/wp-content\/uploads\/2025\/12\/2.jpg","type":"image\/jpeg"}],"twitter_card":"summary_large_image","twitter_misc":{"\u0648\u0642\u062a \u0627\u0644\u0642\u0631\u0627\u0621\u0629 \u0627\u0644\u0645\u064f\u0642\u062f\u0651\u0631":"\u062f\u0642\u064a\u0642\u0629 \u0648\u0627\u062d\u062f\u0629"},"schema":{"@context":"https:\/\/schema.org","@graph":[{"@type":"WebPage","@id":"https:\/\/if-qatar.com\/ateliers\/","url":"https:\/\/if-qatar.com\/ateliers\/","name":"Ateliers - Institut Fran\u00e7ais du Qatar","isPartOf":{"@id":"https:\/\/if-qatar.com\/ar\/#website"},"primaryImageOfPage":{"@id":"https:\/\/if-qatar.com\/ateliers\/#primaryimage"},"image":{"@id":"https:\/\/if-qatar.com\/ateliers\/#primaryimage"},"thumbnailUrl":"https:\/\/if-qatar.com\/wordpress\/wp-content\/uploads\/2025\/12\/2.jpg","datePublished":"2020-10-28T20:12:14+00:00","dateModified":"2025-12-08T16:16:24+00:00","breadcrumb":{"@id":"https:\/\/if-qatar.com\/ateliers\/#breadcrumb"},"inLanguage":"ar","potentialAction":[{"@type":"ReadAction","target":["https:\/\/if-qatar.com\/ateliers\/"]}]},{"@type":"ImageObject","inLanguage":"ar","@id":"https:\/\/if-qatar.com\/ateliers\/#primaryimage","url":"https:\/\/if-qatar.com\/wordpress\/wp-content\/uploads\/2025\/12\/2.jpg","contentUrl":"https:\/\/if-qatar.com\/wordpress\/wp-content\/uploads\/2025\/12\/2.jpg","width":1080,"height":642},{"@type":"BreadcrumbList","@id":"https:\/\/if-qatar.com\/ateliers\/#breadcrumb","itemListElement":[{"@type":"ListItem","position":1,"name":"Accueil","item":"https:\/\/if-qatar.com\/"},{"@type":"ListItem","position":2,"name":"Ateliers"}]},{"@type":"WebSite","@id":"https:\/\/if-qatar.com\/ar\/#website","url":"https:\/\/if-qatar.com\/ar\/","name":"Institut Fran\u00e7ais du Qatar","description":"","publisher":{"@id":"https:\/\/if-qatar.com\/ar\/#organization"},"potentialAction":[{"@type":"SearchAction","target":{"@type":"EntryPoint","urlTemplate":"https:\/\/if-qatar.com\/ar\/?s={search_term_string}"},"query-input":{"@type":"PropertyValueSpecification","valueRequired":true,"valueName":"search_term_string"}}],"inLanguage":"ar"},{"@type":"Organization","@id":"https:\/\/if-qatar.com\/ar\/#organization","name":"Institut Fran\u00e7ais du Qatar","url":"https:\/\/if-qatar.com\/ar\/","logo":{"@type":"ImageObject","inLanguage":"ar","@id":"https:\/\/if-qatar.com\/ar\/#\/schema\/logo\/image\/","url":"https:\/\/if-qatar.com\/wordpress\/wp-content\/uploads\/2022\/10\/LOGO-IFQ-Fond-blanc-Bleu_Plan-de-travail-1.png","contentUrl":"https:\/\/if-qatar.com\/wordpress\/wp-content\/uploads\/2022\/10\/LOGO-IFQ-Fond-blanc-Bleu_Plan-de-travail-1.png","width":2481,"height":1636,"caption":"Institut Fran\u00e7ais du Qatar"},"image":{"@id":"https:\/\/if-qatar.com\/ar\/#\/schema\/logo\/image\/"}}]}},"_links":{"self":[{"href":"https:\/\/if-qatar.com\/ar\/wp-json\/wp\/v2\/pages\/315"}],"collection":[{"href":"https:\/\/if-qatar.com\/ar\/wp-json\/wp\/v2\/pages"}],"about":[{"href":"https:\/\/if-qatar.com\/ar\/wp-json\/wp\/v2\/types\/page"}],"author":[{"embeddable":true,"href":"https:\/\/if-qatar.com\/ar\/wp-json\/wp\/v2\/users\/1"}],"replies":[{"embeddable":true,"href":"https:\/\/if-qatar.com\/ar\/wp-json\/wp\/v2\/comments?post=315"}],"version-history":[{"count":35,"href":"https:\/\/if-qatar.com\/ar\/wp-json\/wp\/v2\/pages\/315\/revisions"}],"predecessor-version":[{"id":6434,"href":"https:\/\/if-qatar.com\/ar\/wp-json\/wp\/v2\/pages\/315\/revisions\/6434"}],"wp:featuredmedia":[{"embeddable":true,"href":"https:\/\/if-qatar.com\/ar\/wp-json\/wp\/v2\/media\/9276"}],"wp:attachment":[{"href":"https:\/\/if-qatar.com\/ar\/wp-json\/wp\/v2\/media?parent=315"}],"curies":[{"name":"wp","href":"https:\/\/api.w.org\/{rel}","templated":true}]}}