{"id":2985,"date":"2021-12-22T17:46:52","date_gmt":"2021-12-22T14:46:52","guid":{"rendered":"https:\/\/if-qatar.com\/?page_id=2985"},"modified":"2021-12-22T17:50:51","modified_gmt":"2021-12-22T14:50:51","slug":"en-construction","status":"publish","type":"page","link":"https:\/\/if-qatar.com\/ar\/en-construction\/","title":{"rendered":"En construction"},"content":{"rendered":"<div class=\"wp-block-group add-padding\"><div class=\"wp-block-group__inner-container is-layout-flow wp-block-group-is-layout-flow\">\n<div style=\"height:100px\" aria-hidden=\"true\" class=\"wp-block-spacer\"><\/div>\n\n\n\n<p>Ne vous inqui\u00e9tez pas, votre nouveau site est en train de faire peau neuve !<\/p>\n\n\n\n<p>Vous pouvez n\u00e9anmoins toujours consulter nos r\u00e9seaux sociaux pour vous tenir inform\u00e9 des nouveaut\u00e9s.<\/p>\n<\/div><\/div>\n\n\n\n<div style=\"height:100px\" aria-hidden=\"true\" class=\"wp-block-spacer\"><\/div>","protected":false},"excerpt":{"rendered":"<p>Ne vous inqui\u00e9tez pas, votre nouveau site est en train de faire peau neuve ! Vous pouvez n\u00e9anmoins toujours consulter nos r\u00e9seaux sociaux pour vous tenir inform\u00e9 des nouveaut\u00e9s.<\/p>","protected":false},"author":1,"featured_media":2989,"parent":0,"menu_order":0,"comment_status":"closed","ping_status":"closed","template":"templates\/template-cover.php","meta":{"om_disable_all_campaigns":false,"_monsterinsights_skip_tracking":false,"_monsterinsights_sitenote_active":false,"_monsterinsights_sitenote_note":"","_monsterinsights_sitenote_category":0,"footnotes":""},"class_list":["post-2985","page","type-page","status-publish","has-post-thumbnail","hentry"],"yoast_head":"<!-- This site is optimized with the Yoast SEO plugin v24.0 - https:\/\/yoast.com\/wordpress\/plugins\/seo\/ -->\n<title>En construction - Institut Fran\u00e7ais du Qatar<\/title>\n<meta name=\"robots\" content=\"index, follow, max-snippet:-1, max-image-preview:large, max-video-preview:-1\" \/>\n<link rel=\"canonical\" href=\"https:\/\/if-qatar.com\/ar\/en-construction\/\" \/>\n<meta property=\"og:locale\" content=\"ar_AR\" \/>\n<meta property=\"og:type\" content=\"article\" \/>\n<meta property=\"og:title\" content=\"En construction - Institut Fran\u00e7ais du Qatar\" \/>\n<meta property=\"og:description\" content=\"Ne vous inqui\u00e9tez pas, votre nouveau site est en train de faire peau neuve ! Vous pouvez n\u00e9anmoins toujours consulter nos r\u00e9seaux sociaux pour vous tenir inform\u00e9 des nouveaut\u00e9s.\" \/>\n<meta property=\"og:url\" content=\"https:\/\/if-qatar.com\/ar\/en-construction\/\" \/>\n<meta property=\"og:site_name\" content=\"Institut Fran\u00e7ais du Qatar\" \/>\n<meta property=\"article:modified_time\" content=\"2021-12-22T14:50:51+00:00\" \/>\n<meta property=\"og:image\" content=\"https:\/\/if-qatar.com\/wordpress\/wp-content\/uploads\/2021\/12\/under_work-scaled.jpg\" \/>\n\t<meta property=\"og:image:width\" content=\"2560\" \/>\n\t<meta property=\"og:image:height\" content=\"1707\" \/>\n\t<meta property=\"og:image:type\" content=\"image\/jpeg\" \/>\n<meta name=\"twitter:card\" content=\"summary_large_image\" \/>\n<script type=\"application\/ld+json\" class=\"yoast-schema-graph\">{\"@context\":\"https:\/\/schema.org\",\"@graph\":[{\"@type\":\"WebPage\",\"@id\":\"https:\/\/if-qatar.com\/en-construction\/\",\"url\":\"https:\/\/if-qatar.com\/en-construction\/\",\"name\":\"En construction - Institut Fran\u00e7ais du Qatar\",\"isPartOf\":{\"@id\":\"https:\/\/if-qatar.com\/ar\/#website\"},\"primaryImageOfPage\":{\"@id\":\"https:\/\/if-qatar.com\/en-construction\/#primaryimage\"},\"image\":{\"@id\":\"https:\/\/if-qatar.com\/en-construction\/#primaryimage\"},\"thumbnailUrl\":\"https:\/\/if-qatar.com\/wordpress\/wp-content\/uploads\/2021\/12\/under_work-scaled.jpg\",\"datePublished\":\"2021-12-22T14:46:52+00:00\",\"dateModified\":\"2021-12-22T14:50:51+00:00\",\"breadcrumb\":{\"@id\":\"https:\/\/if-qatar.com\/en-construction\/#breadcrumb\"},\"inLanguage\":\"ar\",\"potentialAction\":[{\"@type\":\"ReadAction\",\"target\":[\"https:\/\/if-qatar.com\/en-construction\/\"]}]},{\"@type\":\"ImageObject\",\"inLanguage\":\"ar\",\"@id\":\"https:\/\/if-qatar.com\/en-construction\/#primaryimage\",\"url\":\"https:\/\/if-qatar.com\/wordpress\/wp-content\/uploads\/2021\/12\/under_work-scaled.jpg\",\"contentUrl\":\"https:\/\/if-qatar.com\/wordpress\/wp-content\/uploads\/2021\/12\/under_work-scaled.jpg\",\"width\":2560,\"height\":1707,\"caption\":\"Engineers team discussing issues at construction site flat vector illustration. Foreman looking at construction project plan. Building and engineering concept. Machinery and crane on background\"},{\"@type\":\"BreadcrumbList\",\"@id\":\"https:\/\/if-qatar.com\/en-construction\/#breadcrumb\",\"itemListElement\":[{\"@type\":\"ListItem\",\"position\":1,\"name\":\"Accueil\",\"item\":\"https:\/\/if-qatar.com\/\"},{\"@type\":\"ListItem\",\"position\":2,\"name\":\"En construction\"}]},{\"@type\":\"WebSite\",\"@id\":\"https:\/\/if-qatar.com\/ar\/#website\",\"url\":\"https:\/\/if-qatar.com\/ar\/\",\"name\":\"Institut Fran\u00e7ais du Qatar\",\"description\":\"\",\"publisher\":{\"@id\":\"https:\/\/if-qatar.com\/ar\/#organization\"},\"potentialAction\":[{\"@type\":\"SearchAction\",\"target\":{\"@type\":\"EntryPoint\",\"urlTemplate\":\"https:\/\/if-qatar.com\/ar\/?s={search_term_string}\"},\"query-input\":{\"@type\":\"PropertyValueSpecification\",\"valueRequired\":true,\"valueName\":\"search_term_string\"}}],\"inLanguage\":\"ar\"},{\"@type\":\"Organization\",\"@id\":\"https:\/\/if-qatar.com\/ar\/#organization\",\"name\":\"Institut Fran\u00e7ais du Qatar\",\"url\":\"https:\/\/if-qatar.com\/ar\/\",\"logo\":{\"@type\":\"ImageObject\",\"inLanguage\":\"ar\",\"@id\":\"https:\/\/if-qatar.com\/ar\/#\/schema\/logo\/image\/\",\"url\":\"https:\/\/if-qatar.com\/wordpress\/wp-content\/uploads\/2022\/10\/LOGO-IFQ-Fond-blanc-Bleu_Plan-de-travail-1.png\",\"contentUrl\":\"https:\/\/if-qatar.com\/wordpress\/wp-content\/uploads\/2022\/10\/LOGO-IFQ-Fond-blanc-Bleu_Plan-de-travail-1.png\",\"width\":2481,\"height\":1636,\"caption\":\"Institut Fran\u00e7ais du Qatar\"},\"image\":{\"@id\":\"https:\/\/if-qatar.com\/ar\/#\/schema\/logo\/image\/\"}}]}<\/script>\n<!-- \/ Yoast SEO plugin. -->","yoast_head_json":{"title":"En construction - Institut Fran\u00e7ais du Qatar","robots":{"index":"index","follow":"follow","max-snippet":"max-snippet:-1","max-image-preview":"max-image-preview:large","max-video-preview":"max-video-preview:-1"},"canonical":"https:\/\/if-qatar.com\/ar\/en-construction\/","og_locale":"ar_AR","og_type":"article","og_title":"En construction - Institut Fran\u00e7ais du Qatar","og_description":"Ne vous inqui\u00e9tez pas, votre nouveau site est en train de faire peau neuve ! Vous pouvez n\u00e9anmoins toujours consulter nos r\u00e9seaux sociaux pour vous tenir inform\u00e9 des nouveaut\u00e9s.","og_url":"https:\/\/if-qatar.com\/ar\/en-construction\/","og_site_name":"Institut Fran\u00e7ais du Qatar","article_modified_time":"2021-12-22T14:50:51+00:00","og_image":[{"width":2560,"height":1707,"url":"https:\/\/if-qatar.com\/wordpress\/wp-content\/uploads\/2021\/12\/under_work-scaled.jpg","type":"image\/jpeg"}],"twitter_card":"summary_large_image","schema":{"@context":"https:\/\/schema.org","@graph":[{"@type":"WebPage","@id":"https:\/\/if-qatar.com\/en-construction\/","url":"https:\/\/if-qatar.com\/en-construction\/","name":"En construction - Institut Fran\u00e7ais du Qatar","isPartOf":{"@id":"https:\/\/if-qatar.com\/ar\/#website"},"primaryImageOfPage":{"@id":"https:\/\/if-qatar.com\/en-construction\/#primaryimage"},"image":{"@id":"https:\/\/if-qatar.com\/en-construction\/#primaryimage"},"thumbnailUrl":"https:\/\/if-qatar.com\/wordpress\/wp-content\/uploads\/2021\/12\/under_work-scaled.jpg","datePublished":"2021-12-22T14:46:52+00:00","dateModified":"2021-12-22T14:50:51+00:00","breadcrumb":{"@id":"https:\/\/if-qatar.com\/en-construction\/#breadcrumb"},"inLanguage":"ar","potentialAction":[{"@type":"ReadAction","target":["https:\/\/if-qatar.com\/en-construction\/"]}]},{"@type":"ImageObject","inLanguage":"ar","@id":"https:\/\/if-qatar.com\/en-construction\/#primaryimage","url":"https:\/\/if-qatar.com\/wordpress\/wp-content\/uploads\/2021\/12\/under_work-scaled.jpg","contentUrl":"https:\/\/if-qatar.com\/wordpress\/wp-content\/uploads\/2021\/12\/under_work-scaled.jpg","width":2560,"height":1707,"caption":"Engineers team discussing issues at construction site flat vector illustration. Foreman looking at construction project plan. Building and engineering concept. Machinery and crane on background"},{"@type":"BreadcrumbList","@id":"https:\/\/if-qatar.com\/en-construction\/#breadcrumb","itemListElement":[{"@type":"ListItem","position":1,"name":"Accueil","item":"https:\/\/if-qatar.com\/"},{"@type":"ListItem","position":2,"name":"En construction"}]},{"@type":"WebSite","@id":"https:\/\/if-qatar.com\/ar\/#website","url":"https:\/\/if-qatar.com\/ar\/","name":"Institut Fran\u00e7ais du Qatar","description":"","publisher":{"@id":"https:\/\/if-qatar.com\/ar\/#organization"},"potentialAction":[{"@type":"SearchAction","target":{"@type":"EntryPoint","urlTemplate":"https:\/\/if-qatar.com\/ar\/?s={search_term_string}"},"query-input":{"@type":"PropertyValueSpecification","valueRequired":true,"valueName":"search_term_string"}}],"inLanguage":"ar"},{"@type":"Organization","@id":"https:\/\/if-qatar.com\/ar\/#organization","name":"Institut Fran\u00e7ais du Qatar","url":"https:\/\/if-qatar.com\/ar\/","logo":{"@type":"ImageObject","inLanguage":"ar","@id":"https:\/\/if-qatar.com\/ar\/#\/schema\/logo\/image\/","url":"https:\/\/if-qatar.com\/wordpress\/wp-content\/uploads\/2022\/10\/LOGO-IFQ-Fond-blanc-Bleu_Plan-de-travail-1.png","contentUrl":"https:\/\/if-qatar.com\/wordpress\/wp-content\/uploads\/2022\/10\/LOGO-IFQ-Fond-blanc-Bleu_Plan-de-travail-1.png","width":2481,"height":1636,"caption":"Institut Fran\u00e7ais du Qatar"},"image":{"@id":"https:\/\/if-qatar.com\/ar\/#\/schema\/logo\/image\/"}}]}},"_links":{"self":[{"href":"https:\/\/if-qatar.com\/ar\/wp-json\/wp\/v2\/pages\/2985"}],"collection":[{"href":"https:\/\/if-qatar.com\/ar\/wp-json\/wp\/v2\/pages"}],"about":[{"href":"https:\/\/if-qatar.com\/ar\/wp-json\/wp\/v2\/types\/page"}],"author":[{"embeddable":true,"href":"https:\/\/if-qatar.com\/ar\/wp-json\/wp\/v2\/users\/1"}],"replies":[{"embeddable":true,"href":"https:\/\/if-qatar.com\/ar\/wp-json\/wp\/v2\/comments?post=2985"}],"version-history":[{"count":4,"href":"https:\/\/if-qatar.com\/ar\/wp-json\/wp\/v2\/pages\/2985\/revisions"}],"predecessor-version":[{"id":2993,"href":"https:\/\/if-qatar.com\/ar\/wp-json\/wp\/v2\/pages\/2985\/revisions\/2993"}],"wp:featuredmedia":[{"embeddable":true,"href":"https:\/\/if-qatar.com\/ar\/wp-json\/wp\/v2\/media\/2989"}],"wp:attachment":[{"href":"https:\/\/if-qatar.com\/ar\/wp-json\/wp\/v2\/media?parent=2985"}],"curies":[{"name":"wp","href":"https:\/\/api.w.org\/{rel}","templated":true}]}}