{"id":1927,"date":"2021-03-21T17:51:29","date_gmt":"2021-03-21T14:51:29","guid":{"rendered":"http:\/\/localhost\/?page_id=1927"},"modified":"2024-09-22T09:23:09","modified_gmt":"2024-09-22T06:23:09","slug":"venir-nous-voir","status":"publish","type":"page","link":"https:\/\/if-qatar.com\/ar\/campus-france\/venir-nous-voir\/","title":{"rendered":"\u062a\u0639\u0627\u0644 \u0644\u0644\u0642\u0627\u0626\u0646\u0627"},"content":{"rendered":"<div class=\"wp-block-group bloc-inside\"><div class=\"wp-block-group__inner-container is-layout-flow wp-block-group-is-layout-flow\">\t\t\t<!-- Flexy Breadcrumb -->\r\n\t\t\t<div class=\"fbc fbc-page\">\r\n\r\n\t\t\t\t<!-- Breadcrumb wrapper -->\r\n\t\t\t\t<div class=\"fbc-wrap\">\r\n\r\n\t\t\t\t\t<!-- Ordered list-->\r\n\t\t\t\t\t<ol class=\"fbc-items\" itemscope itemtype=\"https:\/\/schema.org\/BreadcrumbList\">\r\n\t\t\t\t\t\t            <li itemprop=\"itemListElement\" itemscope itemtype=\"https:\/\/schema.org\/ListItem\">\r\n                <span itemprop=\"name\">\r\n                    <!-- Home Link -->\r\n                    <a itemprop=\"item\" href=\"https:\/\/if-qatar.com\/ar\/\">\r\n                    \r\n                                                    <i class=\"fa fa-home\" aria-hidden=\"true\"><\/i>\u0635\u0641\u062d\u0629 \u0631\u0626\u064a\u0633\u064a\u0629                    <\/a>\r\n                <\/span>\r\n                <meta itemprop=\"position\" content=\"1\" \/><!-- Meta Position-->\r\n             <\/li><li><span class=\"fbc-separator\">\/<\/span><\/li><li class=\"active\" itemprop=\"itemListElement\" itemscope itemtype=\"https:\/\/schema.org\/ListItem\"><span itemprop=\"name\" title=\"\u062a\u0639\u0627\u0644 \u0644\u0644\u0642\u0627\u0626\u0646\u0627\">\u062a\u0639\u0627\u0644 \u0644\u0644\u0642\u0627\u0626\u0646\u0627<\/span><meta itemprop=\"position\" content=\"2\" \/><\/li>\t\t\t\t\t<\/ol>\r\n\t\t\t\t\t<div class=\"clearfix\"><\/div>\r\n\t\t\t\t<\/div>\r\n\t\t\t<\/div>\r\n\t\t\t\n\n\n\n<h2 class=\"wp-block-heading\"><strong>\u062a\u0639\u0627\u0644 \u0644\u0644\u0642\u0627\u0626\u0646\u0627<\/strong><\/h2>\n\n\n\n<p>\u062a\u0631\u0627\u0641\u0642\u0643 \u0645\u0633\u0627\u062d\u0629 \u0643\u0627\u0645\u0628\u0648\u0633 \u0641\u0631\u0627\u0646\u0633 \u0642\u0637\u0631 \u0641\u064a \u0645\u0634\u0631\u0648\u0639\u0643 \u0627\u0644\u062f\u0631\u0627\u0633\u064a \u0641\u064a \u0641\u0631\u0646\u0633\u0627!\u202f<\/p>\n\n\n\n<h5 class=\"wp-block-heading\"><strong>\u0646\u0639\u0637\u064a\u0643 \u0645\u0639\u0644\u0648\u0645\u0627\u062a \u062d\u0648\u0644 \u0627\u0644\u062f\u0631\u0627\u0633\u0627\u062a \u0627\u0644\u0639\u0644\u064a\u0627 \u0641\u064a \u0641\u0631\u0646\u0633\u0627<\/strong><\/h5>\n\n\n\n<p>\u062c\u0627\u0645\u0639\u0627\u062a \u060c \u0643\u0644\u064a\u0627\u062a \u0647\u0646\u062f\u0633\u0629 \u060c \u0643\u0644\u064a\u0627\u062a \u0641\u0646\u0648\u0646 \u0623\u0648 \u0647\u0646\u062f\u0633\u0629 \u0645\u0639\u0645\u0627\u0631\u064a\u0629 \u060c \u062f\u0631\u0627\u0633\u0627\u062a \u0637\u0628\u064a\u0629 ...\u061f \u0623\u064a \u0645\u062c\u0627\u0644 \u062a\u062e\u062a\u0627\u0631\u061f \u0641\u064a \u0623\u064a \u0645\u062f\u064a\u0646\u0629 \u061f \u0646\u0642\u062f\u0645 \u0644\u0643 \u062c\u0645\u064a\u0639 \u0641\u0631\u0635 \u0627\u0644\u062f\u0631\u0627\u0633\u0629 \u0641\u064a \u0641\u0631\u0646\u0633\u0627.<\/p>\n\n\n\n<h5 class=\"wp-block-heading\"><strong>\u0646\u0633\u0627\u0639\u062f\u0643 \u0641\u064a \u0627\u0644\u0639\u062b\u0648\u0631 \u0639\u0644\u0649 \u0627\u0644\u0628\u0631\u0646\u0627\u0645\u062c \u0627\u0644\u0645\u0646\u0627\u0633\u0628<\/strong><\/h5>\n\n\n\n<p>\u0644\u064a\u0633\u0627\u0646\u0633 \u060c \u0645\u0627\u062c\u0633\u062a\u064a\u0631\u060c  \u062f\u0643\u062a\u0648\u0631\u0627\u0647 \u0623\u0648\u0634\u0647\u0627\u062f\u0627\u062a \u0623\u062e\u0631\u0649\u061f \u0645\u062f\u0631\u0633\u0629  \u062d\u0643\u0648\u0645\u064a\u0629 \u0623\u0648\u062e\u0627\u0635\u0629\u061f \u0646\u0648\u062c\u0647\u0643 \u0625\u0644\u0649 \u0627\u0644\u0628\u0631\u0646\u0627\u0645\u062c \u0627\u0644\u0630\u064a \u064a\u0646\u0627\u0633\u0628  \u0645\u0648\u0627\u0635\u0641\u0627\u062a\u0643  \u0627\u0644\u0634\u062e\u0635\u064a\u0629 \u0648\u0631\u063a\u0628\u0627\u062a\u0643 \u0628\u0623\u0641\u0636\u0644 \u0635\u0648\u0631\u0629.<\/p>\n\n\n\n<h5 class=\"wp-block-heading\"><strong>\u0646\u0631\u0627\u0641\u0642\u0643 \u0641\u064a \u0627\u0644\u0625\u062c\u0631\u0627\u0621\u0627\u062a \u0627\u0644\u062a\u064a \u062a\u0642\u0648\u0645 \u0628\u0647\u0627.<\/strong><\/h5>\n\n\n\n<h2 class=\"wp-block-heading\"><strong>\u0644\u0644\u0627\u062a\u0635\u0627\u0644<\/strong><\/h2>\n\n\n\n<p class=\"has-text-align-center\">Charg\u00e9 de Campus France au Qatar\u00a0<br>E-mail\u00a0:\u202f<a href=\"mailto:doha@campusfrance.org\">doha@campusfrance.org<br><\/a>\u0627\u0644\u0647\u0627\u062a\u0641: +974 31 68 01 31<\/p>\n\n\n\n<p class=\"has-text-align-center\"><strong>\u0623\u0648\u0642\u0627\u062a \u0627\u0644\u0639\u0645\u0644<\/strong><\/p>\n\n\n\n<p class=\"has-text-align-center\">\u0627\u0644\u0623\u062d\u062f - \u0627\u0644\u0627\u062b\u0646\u064a\u0646 - \u0627\u0644\u0623\u0631\u0628\u0639\u0627\u0621 - \u0627\u0644\u062e\u0645\u064a\u0633: 8:30 \u0635\u0628\u0627\u062d\u0627 - 4:30 \u0645\u0633\u0627\u0621 <br>\u0627\u0644\u062b\u0644\u0627\u062b\u0627\u0621: 8:00 \u0635\u0628\u0627\u062d\u0627 - 12:00 \u0638\u0647\u0631\u0627&nbsp;<br>\u0627\u0644\u062c\u0645\u0639\u0629-\u0627\u0644\u0633\u0628\u062a: \u0645\u063a\u0644\u0642<\/p>\n\n\n\n<p class=\"has-text-align-center\"><strong>\u062a\u0627\u0628\u0639\u0646\u0627 \u0639\u0644\u0649<\/strong><\/p>\n\n\n<div class=\"wp-bootstrap-blocks-row row\">\n\t\n\n<div class=\"col-12 col-md-12 d-flex\">\n\t\t\t\n\n<ul class=\"wp-block-social-links is-style-default m-auto is-layout-flex wp-block-social-links-is-layout-flex\"><li class=\"wp-social-link wp-social-link-facebook  wp-block-social-link\"><a href=\"https:\/\/www.facebook.com\/campusfranceqatar\/\" class=\"wp-block-social-link-anchor\"><svg width=\"24\" height=\"24\" viewbox=\"0 0 24 24\" version=\"1.1\" xmlns=\"http:\/\/www.w3.org\/2000\/svg\" aria-hidden=\"true\" focusable=\"false\"><path d=\"M12 2C6.5 2 2 6.5 2 12c0 5 3.7 9.1 8.4 9.9v-7H7.9V12h2.5V9.8c0-2.5 1.5-3.9 3.8-3.9 1.1 0 2.2.2 2.2.2v2.5h-1.3c-1.2 0-1.6.8-1.6 1.6V12h2.8l-.4 2.9h-2.3v7C18.3 21.1 22 17 22 12c0-5.5-4.5-10-10-10z\"><\/path><\/svg><span class=\"wp-block-social-link-label screen-reader-text\">Facebook<\/span><\/a><\/li>\n\n<li class=\"wp-social-link wp-social-link-instagram  wp-block-social-link\"><a href=\"https:\/\/www.instagram.com\/campusfranceqatar\/?hl=fr\" class=\"wp-block-social-link-anchor\"><svg width=\"24\" height=\"24\" viewbox=\"0 0 24 24\" version=\"1.1\" xmlns=\"http:\/\/www.w3.org\/2000\/svg\" aria-hidden=\"true\" focusable=\"false\"><path d=\"M12,4.622c2.403,0,2.688,0.009,3.637,0.052c0.877,0.04,1.354,0.187,1.671,0.31c0.42,0.163,0.72,0.358,1.035,0.673 c0.315,0.315,0.51,0.615,0.673,1.035c0.123,0.317,0.27,0.794,0.31,1.671c0.043,0.949,0.052,1.234,0.052,3.637 s-0.009,2.688-0.052,3.637c-0.04,0.877-0.187,1.354-0.31,1.671c-0.163,0.42-0.358,0.72-0.673,1.035 c-0.315,0.315-0.615,0.51-1.035,0.673c-0.317,0.123-0.794,0.27-1.671,0.31c-0.949,0.043-1.233,0.052-3.637,0.052 s-2.688-0.009-3.637-0.052c-0.877-0.04-1.354-0.187-1.671-0.31c-0.42-0.163-0.72-0.358-1.035-0.673 c-0.315-0.315-0.51-0.615-0.673-1.035c-0.123-0.317-0.27-0.794-0.31-1.671C4.631,14.688,4.622,14.403,4.622,12 s0.009-2.688,0.052-3.637c0.04-0.877,0.187-1.354,0.31-1.671c0.163-0.42,0.358-0.72,0.673-1.035 c0.315-0.315,0.615-0.51,1.035-0.673c0.317-0.123,0.794-0.27,1.671-0.31C9.312,4.631,9.597,4.622,12,4.622 M12,3 C9.556,3,9.249,3.01,8.289,3.054C7.331,3.098,6.677,3.25,6.105,3.472C5.513,3.702,5.011,4.01,4.511,4.511 c-0.5,0.5-0.808,1.002-1.038,1.594C3.25,6.677,3.098,7.331,3.054,8.289C3.01,9.249,3,9.556,3,12c0,2.444,0.01,2.751,0.054,3.711 c0.044,0.958,0.196,1.612,0.418,2.185c0.23,0.592,0.538,1.094,1.038,1.594c0.5,0.5,1.002,0.808,1.594,1.038 c0.572,0.222,1.227,0.375,2.185,0.418C9.249,20.99,9.556,21,12,21s2.751-0.01,3.711-0.054c0.958-0.044,1.612-0.196,2.185-0.418 c0.592-0.23,1.094-0.538,1.594-1.038c0.5-0.5,0.808-1.002,1.038-1.594c0.222-0.572,0.375-1.227,0.418-2.185 C20.99,14.751,21,14.444,21,12s-0.01-2.751-0.054-3.711c-0.044-0.958-0.196-1.612-0.418-2.185c-0.23-0.592-0.538-1.094-1.038-1.594 c-0.5-0.5-1.002-0.808-1.594-1.038c-0.572-0.222-1.227-0.375-2.185-0.418C14.751,3.01,14.444,3,12,3L12,3z M12,7.378 c-2.552,0-4.622,2.069-4.622,4.622S9.448,16.622,12,16.622s4.622-2.069,4.622-4.622S14.552,7.378,12,7.378z M12,15 c-1.657,0-3-1.343-3-3s1.343-3,3-3s3,1.343,3,3S13.657,15,12,15z M16.804,6.116c-0.596,0-1.08,0.484-1.08,1.08 s0.484,1.08,1.08,1.08c0.596,0,1.08-0.484,1.08-1.08S17.401,6.116,16.804,6.116z\"><\/path><\/svg><span class=\"wp-block-social-link-label screen-reader-text\">\u0627\u0646\u0633\u062a\u063a\u0631\u0627\u0645<\/span><\/a><\/li>\n\n<li class=\"wp-social-link wp-social-link-twitter  wp-block-social-link\"><a href=\"https:\/\/twitter.com\/campusfranceqat\" class=\"wp-block-social-link-anchor\"><svg width=\"24\" height=\"24\" viewbox=\"0 0 24 24\" version=\"1.1\" xmlns=\"http:\/\/www.w3.org\/2000\/svg\" aria-hidden=\"true\" focusable=\"false\"><path d=\"M22.23,5.924c-0.736,0.326-1.527,0.547-2.357,0.646c0.847-0.508,1.498-1.312,1.804-2.27 c-0.793,0.47-1.671,0.812-2.606,0.996C18.324,4.498,17.257,4,16.077,4c-2.266,0-4.103,1.837-4.103,4.103 c0,0.322,0.036,0.635,0.106,0.935C8.67,8.867,5.647,7.234,3.623,4.751C3.27,5.357,3.067,6.062,3.067,6.814 c0,1.424,0.724,2.679,1.825,3.415c-0.673-0.021-1.305-0.206-1.859-0.513c0,0.017,0,0.034,0,0.052c0,1.988,1.414,3.647,3.292,4.023 c-0.344,0.094-0.707,0.144-1.081,0.144c-0.264,0-0.521-0.026-0.772-0.074c0.522,1.63,2.038,2.816,3.833,2.85 c-1.404,1.1-3.174,1.756-5.096,1.756c-0.331,0-0.658-0.019-0.979-0.057c1.816,1.164,3.973,1.843,6.29,1.843 c7.547,0,11.675-6.252,11.675-11.675c0-0.178-0.004-0.355-0.012-0.531C20.985,7.47,21.68,6.747,22.23,5.924z\"><\/path><\/svg><span class=\"wp-block-social-link-label screen-reader-text\">Twitter<\/span><\/a><\/li><\/ul>\n\n\t<\/div>\n\n<\/div>\n<\/div><\/div>\n\n\n\n<p><\/p>","protected":false},"excerpt":{"rendered":"<p>Venez nous voir ! L\u2019espace Campus France Qatar vous accompagne dans votre projet d\u2019\u00e9tudes en France\u202f!\u202f Nous vous informons sur&nbsp;les \u00e9tudes sup\u00e9rieures&nbsp;en France Universit\u00e9s, \u00e9coles d\u2019ing\u00e9nieur, \u00e9coles d\u2019art ou d\u2019architecture, \u00e9tudes m\u00e9dicales\u2026 ? Quelle fili\u00e8re choisir ? Dans quelle ville ? Nous vous\u202fpr\u00e9sentons&nbsp;toutes les possibilit\u00e9s d\u2019\u00e9tudes en France. Nous vous aidons \u00e0 trouver le programme [&hellip;]<\/p>","protected":false},"author":1,"featured_media":4852,"parent":190,"menu_order":2,"comment_status":"closed","ping_status":"closed","template":"templates\/template-cover.php","meta":{"om_disable_all_campaigns":false,"_monsterinsights_skip_tracking":false,"_monsterinsights_sitenote_active":false,"_monsterinsights_sitenote_note":"","_monsterinsights_sitenote_category":0,"footnotes":""},"class_list":["post-1927","page","type-page","status-publish","has-post-thumbnail","hentry"],"yoast_head":"<!-- This site is optimized with the Yoast SEO plugin v24.0 - https:\/\/yoast.com\/wordpress\/plugins\/seo\/ -->\n<title>Venez nous voir ! - Institut Fran\u00e7ais du Qatar<\/title>\n<meta name=\"robots\" content=\"index, follow, max-snippet:-1, max-image-preview:large, max-video-preview:-1\" \/>\n<link rel=\"canonical\" href=\"https:\/\/if-qatar.com\/ar\/campus-france\/venir-nous-voir\/\" \/>\n<meta property=\"og:locale\" content=\"ar_AR\" \/>\n<meta property=\"og:type\" content=\"article\" \/>\n<meta property=\"og:title\" content=\"Venez nous voir ! - Institut Fran\u00e7ais du Qatar\" \/>\n<meta property=\"og:description\" content=\"Venez nous voir ! L\u2019espace Campus France Qatar vous accompagne dans votre projet d\u2019\u00e9tudes en France\u202f!\u202f Nous vous informons sur&nbsp;les \u00e9tudes sup\u00e9rieures&nbsp;en France Universit\u00e9s, \u00e9coles d\u2019ing\u00e9nieur, \u00e9coles d\u2019art ou d\u2019architecture, \u00e9tudes m\u00e9dicales\u2026 ? Quelle fili\u00e8re choisir ? Dans quelle ville ? Nous vous\u202fpr\u00e9sentons&nbsp;toutes les possibilit\u00e9s d\u2019\u00e9tudes en France. Nous vous aidons \u00e0 trouver le programme [&hellip;]\" \/>\n<meta property=\"og:url\" content=\"https:\/\/if-qatar.com\/ar\/campus-france\/venir-nous-voir\/\" \/>\n<meta property=\"og:site_name\" content=\"Institut Fran\u00e7ais du Qatar\" \/>\n<meta property=\"article:modified_time\" content=\"2024-09-22T06:23:09+00:00\" \/>\n<meta property=\"og:image\" content=\"https:\/\/if-qatar.com\/wordpress\/wp-content\/uploads\/2022\/03\/13.jpg\" \/>\n\t<meta property=\"og:image:width\" content=\"1250\" \/>\n\t<meta property=\"og:image:height\" content=\"550\" \/>\n\t<meta property=\"og:image:type\" content=\"image\/jpeg\" \/>\n<meta name=\"twitter:card\" content=\"summary_large_image\" \/>\n<meta name=\"twitter:label1\" content=\"\u0648\u0642\u062a \u0627\u0644\u0642\u0631\u0627\u0621\u0629 \u0627\u0644\u0645\u064f\u0642\u062f\u0651\u0631\" \/>\n\t<meta name=\"twitter:data1\" content=\"\u062f\u0642\u064a\u0642\u0629 \u0648\u0627\u062d\u062f\u0629\" \/>\n<script type=\"application\/ld+json\" class=\"yoast-schema-graph\">{\"@context\":\"https:\/\/schema.org\",\"@graph\":[{\"@type\":\"WebPage\",\"@id\":\"https:\/\/if-qatar.com\/campus-france\/venir-nous-voir\/\",\"url\":\"https:\/\/if-qatar.com\/campus-france\/venir-nous-voir\/\",\"name\":\"Venez nous voir ! - Institut Fran\u00e7ais du Qatar\",\"isPartOf\":{\"@id\":\"https:\/\/if-qatar.com\/ar\/#website\"},\"primaryImageOfPage\":{\"@id\":\"https:\/\/if-qatar.com\/campus-france\/venir-nous-voir\/#primaryimage\"},\"image\":{\"@id\":\"https:\/\/if-qatar.com\/campus-france\/venir-nous-voir\/#primaryimage\"},\"thumbnailUrl\":\"https:\/\/if-qatar.com\/wordpress\/wp-content\/uploads\/2022\/03\/13.jpg\",\"datePublished\":\"2021-03-21T14:51:29+00:00\",\"dateModified\":\"2024-09-22T06:23:09+00:00\",\"breadcrumb\":{\"@id\":\"https:\/\/if-qatar.com\/campus-france\/venir-nous-voir\/#breadcrumb\"},\"inLanguage\":\"ar\",\"potentialAction\":[{\"@type\":\"ReadAction\",\"target\":[\"https:\/\/if-qatar.com\/campus-france\/venir-nous-voir\/\"]}]},{\"@type\":\"ImageObject\",\"inLanguage\":\"ar\",\"@id\":\"https:\/\/if-qatar.com\/campus-france\/venir-nous-voir\/#primaryimage\",\"url\":\"https:\/\/if-qatar.com\/wordpress\/wp-content\/uploads\/2022\/03\/13.jpg\",\"contentUrl\":\"https:\/\/if-qatar.com\/wordpress\/wp-content\/uploads\/2022\/03\/13.jpg\",\"width\":1250,\"height\":550},{\"@type\":\"BreadcrumbList\",\"@id\":\"https:\/\/if-qatar.com\/campus-france\/venir-nous-voir\/#breadcrumb\",\"itemListElement\":[{\"@type\":\"ListItem\",\"position\":1,\"name\":\"Accueil\",\"item\":\"https:\/\/if-qatar.com\/\"},{\"@type\":\"ListItem\",\"position\":2,\"name\":\"Campus France\",\"item\":\"https:\/\/if-qatar.com\/campus-france\/\"},{\"@type\":\"ListItem\",\"position\":3,\"name\":\"Venez nous voir !\"}]},{\"@type\":\"WebSite\",\"@id\":\"https:\/\/if-qatar.com\/ar\/#website\",\"url\":\"https:\/\/if-qatar.com\/ar\/\",\"name\":\"Institut Fran\u00e7ais du Qatar\",\"description\":\"\",\"publisher\":{\"@id\":\"https:\/\/if-qatar.com\/ar\/#organization\"},\"potentialAction\":[{\"@type\":\"SearchAction\",\"target\":{\"@type\":\"EntryPoint\",\"urlTemplate\":\"https:\/\/if-qatar.com\/ar\/?s={search_term_string}\"},\"query-input\":{\"@type\":\"PropertyValueSpecification\",\"valueRequired\":true,\"valueName\":\"search_term_string\"}}],\"inLanguage\":\"ar\"},{\"@type\":\"Organization\",\"@id\":\"https:\/\/if-qatar.com\/ar\/#organization\",\"name\":\"Institut Fran\u00e7ais du Qatar\",\"url\":\"https:\/\/if-qatar.com\/ar\/\",\"logo\":{\"@type\":\"ImageObject\",\"inLanguage\":\"ar\",\"@id\":\"https:\/\/if-qatar.com\/ar\/#\/schema\/logo\/image\/\",\"url\":\"https:\/\/if-qatar.com\/wordpress\/wp-content\/uploads\/2022\/10\/LOGO-IFQ-Fond-blanc-Bleu_Plan-de-travail-1.png\",\"contentUrl\":\"https:\/\/if-qatar.com\/wordpress\/wp-content\/uploads\/2022\/10\/LOGO-IFQ-Fond-blanc-Bleu_Plan-de-travail-1.png\",\"width\":2481,\"height\":1636,\"caption\":\"Institut Fran\u00e7ais du Qatar\"},\"image\":{\"@id\":\"https:\/\/if-qatar.com\/ar\/#\/schema\/logo\/image\/\"}}]}<\/script>\n<!-- \/ Yoast SEO plugin. -->","yoast_head_json":{"title":"Venez nous voir ! - Institut Fran\u00e7ais du Qatar","robots":{"index":"index","follow":"follow","max-snippet":"max-snippet:-1","max-image-preview":"max-image-preview:large","max-video-preview":"max-video-preview:-1"},"canonical":"https:\/\/if-qatar.com\/ar\/campus-france\/venir-nous-voir\/","og_locale":"ar_AR","og_type":"article","og_title":"Venez nous voir ! - Institut Fran\u00e7ais du Qatar","og_description":"Venez nous voir ! L\u2019espace Campus France Qatar vous accompagne dans votre projet d\u2019\u00e9tudes en France\u202f!\u202f Nous vous informons sur&nbsp;les \u00e9tudes sup\u00e9rieures&nbsp;en France Universit\u00e9s, \u00e9coles d\u2019ing\u00e9nieur, \u00e9coles d\u2019art ou d\u2019architecture, \u00e9tudes m\u00e9dicales\u2026 ? Quelle fili\u00e8re choisir ? Dans quelle ville ? Nous vous\u202fpr\u00e9sentons&nbsp;toutes les possibilit\u00e9s d\u2019\u00e9tudes en France. Nous vous aidons \u00e0 trouver le programme [&hellip;]","og_url":"https:\/\/if-qatar.com\/ar\/campus-france\/venir-nous-voir\/","og_site_name":"Institut Fran\u00e7ais du Qatar","article_modified_time":"2024-09-22T06:23:09+00:00","og_image":[{"width":1250,"height":550,"url":"https:\/\/if-qatar.com\/wordpress\/wp-content\/uploads\/2022\/03\/13.jpg","type":"image\/jpeg"}],"twitter_card":"summary_large_image","twitter_misc":{"\u0648\u0642\u062a \u0627\u0644\u0642\u0631\u0627\u0621\u0629 \u0627\u0644\u0645\u064f\u0642\u062f\u0651\u0631":"\u062f\u0642\u064a\u0642\u0629 \u0648\u0627\u062d\u062f\u0629"},"schema":{"@context":"https:\/\/schema.org","@graph":[{"@type":"WebPage","@id":"https:\/\/if-qatar.com\/campus-france\/venir-nous-voir\/","url":"https:\/\/if-qatar.com\/campus-france\/venir-nous-voir\/","name":"Venez nous voir ! - Institut Fran\u00e7ais du Qatar","isPartOf":{"@id":"https:\/\/if-qatar.com\/ar\/#website"},"primaryImageOfPage":{"@id":"https:\/\/if-qatar.com\/campus-france\/venir-nous-voir\/#primaryimage"},"image":{"@id":"https:\/\/if-qatar.com\/campus-france\/venir-nous-voir\/#primaryimage"},"thumbnailUrl":"https:\/\/if-qatar.com\/wordpress\/wp-content\/uploads\/2022\/03\/13.jpg","datePublished":"2021-03-21T14:51:29+00:00","dateModified":"2024-09-22T06:23:09+00:00","breadcrumb":{"@id":"https:\/\/if-qatar.com\/campus-france\/venir-nous-voir\/#breadcrumb"},"inLanguage":"ar","potentialAction":[{"@type":"ReadAction","target":["https:\/\/if-qatar.com\/campus-france\/venir-nous-voir\/"]}]},{"@type":"ImageObject","inLanguage":"ar","@id":"https:\/\/if-qatar.com\/campus-france\/venir-nous-voir\/#primaryimage","url":"https:\/\/if-qatar.com\/wordpress\/wp-content\/uploads\/2022\/03\/13.jpg","contentUrl":"https:\/\/if-qatar.com\/wordpress\/wp-content\/uploads\/2022\/03\/13.jpg","width":1250,"height":550},{"@type":"BreadcrumbList","@id":"https:\/\/if-qatar.com\/campus-france\/venir-nous-voir\/#breadcrumb","itemListElement":[{"@type":"ListItem","position":1,"name":"Accueil","item":"https:\/\/if-qatar.com\/"},{"@type":"ListItem","position":2,"name":"Campus France","item":"https:\/\/if-qatar.com\/campus-france\/"},{"@type":"ListItem","position":3,"name":"Venez nous voir !"}]},{"@type":"WebSite","@id":"https:\/\/if-qatar.com\/ar\/#website","url":"https:\/\/if-qatar.com\/ar\/","name":"Institut Fran\u00e7ais du Qatar","description":"","publisher":{"@id":"https:\/\/if-qatar.com\/ar\/#organization"},"potentialAction":[{"@type":"SearchAction","target":{"@type":"EntryPoint","urlTemplate":"https:\/\/if-qatar.com\/ar\/?s={search_term_string}"},"query-input":{"@type":"PropertyValueSpecification","valueRequired":true,"valueName":"search_term_string"}}],"inLanguage":"ar"},{"@type":"Organization","@id":"https:\/\/if-qatar.com\/ar\/#organization","name":"Institut Fran\u00e7ais du Qatar","url":"https:\/\/if-qatar.com\/ar\/","logo":{"@type":"ImageObject","inLanguage":"ar","@id":"https:\/\/if-qatar.com\/ar\/#\/schema\/logo\/image\/","url":"https:\/\/if-qatar.com\/wordpress\/wp-content\/uploads\/2022\/10\/LOGO-IFQ-Fond-blanc-Bleu_Plan-de-travail-1.png","contentUrl":"https:\/\/if-qatar.com\/wordpress\/wp-content\/uploads\/2022\/10\/LOGO-IFQ-Fond-blanc-Bleu_Plan-de-travail-1.png","width":2481,"height":1636,"caption":"Institut Fran\u00e7ais du Qatar"},"image":{"@id":"https:\/\/if-qatar.com\/ar\/#\/schema\/logo\/image\/"}}]}},"_links":{"self":[{"href":"https:\/\/if-qatar.com\/ar\/wp-json\/wp\/v2\/pages\/1927"}],"collection":[{"href":"https:\/\/if-qatar.com\/ar\/wp-json\/wp\/v2\/pages"}],"about":[{"href":"https:\/\/if-qatar.com\/ar\/wp-json\/wp\/v2\/types\/page"}],"author":[{"embeddable":true,"href":"https:\/\/if-qatar.com\/ar\/wp-json\/wp\/v2\/users\/1"}],"replies":[{"embeddable":true,"href":"https:\/\/if-qatar.com\/ar\/wp-json\/wp\/v2\/comments?post=1927"}],"version-history":[{"count":46,"href":"https:\/\/if-qatar.com\/ar\/wp-json\/wp\/v2\/pages\/1927\/revisions"}],"predecessor-version":[{"id":8277,"href":"https:\/\/if-qatar.com\/ar\/wp-json\/wp\/v2\/pages\/1927\/revisions\/8277"}],"up":[{"embeddable":true,"href":"https:\/\/if-qatar.com\/ar\/wp-json\/wp\/v2\/pages\/190"}],"wp:featuredmedia":[{"embeddable":true,"href":"https:\/\/if-qatar.com\/ar\/wp-json\/wp\/v2\/media\/4852"}],"wp:attachment":[{"href":"https:\/\/if-qatar.com\/ar\/wp-json\/wp\/v2\/media?parent=1927"}],"curies":[{"name":"wp","href":"https:\/\/api.w.org\/{rel}","templated":true}]}}