{"id":190,"date":"2020-10-28T13:57:23","date_gmt":"2020-10-28T10:57:23","guid":{"rendered":"http:\/\/localhost\/?page_id=190"},"modified":"2023-10-11T17:47:06","modified_gmt":"2023-10-11T14:47:06","slug":"campus-france","status":"publish","type":"page","link":"https:\/\/if-qatar.com\/ar\/campus-france\/","title":{"rendered":"\u0645\u0643\u062a\u0628 \u0643\u0627\u0645\u0628\u0648\u0633 \u0641\u0631\u0627\u0646\u0633"},"content":{"rendered":"<div class=\"wp-block-group add-padding\"><div class=\"wp-block-group__inner-container is-layout-flow wp-block-group-is-layout-flow\">\t\t\t<!-- Flexy Breadcrumb -->\r\n\t\t\t<div class=\"fbc fbc-page\">\r\n\r\n\t\t\t\t<!-- Breadcrumb wrapper -->\r\n\t\t\t\t<div class=\"fbc-wrap\">\r\n\r\n\t\t\t\t\t<!-- Ordered list-->\r\n\t\t\t\t\t<ol class=\"fbc-items\" itemscope itemtype=\"https:\/\/schema.org\/BreadcrumbList\">\r\n\t\t\t\t\t\t            <li itemprop=\"itemListElement\" itemscope itemtype=\"https:\/\/schema.org\/ListItem\">\r\n                <span itemprop=\"name\">\r\n                    <!-- Home Link -->\r\n                    <a itemprop=\"item\" href=\"https:\/\/if-qatar.com\/ar\/\">\r\n                    \r\n                                                    <i class=\"fa fa-home\" aria-hidden=\"true\"><\/i>\u0635\u0641\u062d\u0629 \u0631\u0626\u064a\u0633\u064a\u0629                    <\/a>\r\n                <\/span>\r\n                <meta itemprop=\"position\" content=\"1\" \/><!-- Meta Position-->\r\n             <\/li><li><span class=\"fbc-separator\">\/<\/span><\/li><li class=\"active\" itemprop=\"itemListElement\" itemscope itemtype=\"https:\/\/schema.org\/ListItem\"><span itemprop=\"name\" title=\"\u0645\u0643\u062a\u0628 \u0643\u0627\u0645\u0628\u0648\u0633 \u0641\u0631\u0627\u0646\u0633\">\u0645\u0643\u062a\u0628 \u0643\u0627\u0645\u0628\u0648\u0633 \u0641\u0631\u0627\u0646\u0633<\/span><meta itemprop=\"position\" content=\"2\" \/><\/li>\t\t\t\t\t<\/ol>\r\n\t\t\t\t\t<div class=\"clearfix\"><\/div>\r\n\t\t\t\t<\/div>\r\n\t\t\t<\/div>\r\n\t\t\t\n\n\n\n<h2 class=\"wp-block-heading\"><strong>\u0645\u0643\u062a\u0628 \u0643\u0627\u0645\u0628\u0648\u0633 \u0641\u0631\u0627\u0646\u0633<\/strong><\/h2>\n\n\n\n<p>\"\u0647\u0644 \u0623\u0646\u062a \u0637\u0627\u0644\u0628 \u0648\u062a\u0631\u063a\u0628 \u0641\u064a \u0645\u062a\u0627\u0628\u0639\u0629 \u062f\u0631\u0627\u0633\u062a\u0643 \u0641\u064a \u0641\u0631\u0646\u0633\u0627\u061f \u064a\u0631\u0627\u0641\u0642 \u0645\u0643\u062a\u0628 Campus France \u0627\u0644\u0637\u0644\u0627\u0628 \u0627\u0644\u0623\u062c\u0627\u0646\u0628 \u0641\u064a \u0645\u0634\u0631\u0648\u0639\u0647\u0645 \u0645\u0646 \u062e\u0644\u0627\u0644 \u0634\u0628\u0643\u062a\u0647 \u0627\u0644\u062a\u064a \u062a\u0634\u0645\u0644 \u0645\u0627 \u064a\u0642\u0631\u0628 \u0645\u0646 260 \u0645\u0648\u0642\u0639\u064b\u0627 \u0648\u0641\u0631\u0639\u064b\u0627 \u0641\u064a 123 \u062f\u0648\u0644\u0629 \u062d\u0648\u0644 \u0627\u0644\u0639\u0627\u0644\u0645 \u060c\n\"<\/p>\n\n\n<div class=\"wp-bootstrap-blocks-container container mb-2\">\n\t\n<div class=\"wp-bootstrap-blocks-container container mb-2\">\n\t\n\n<div class=\"wp-block-columns is-layout-flex wp-container-core-columns-is-layout-1 wp-block-columns-is-layout-flex\">\n<div class=\"wp-block-column wp-block-group vignette is-layout-flow wp-block-group-is-layout-flow wp-block-column-is-layout-flow\">\n<a href=\"pourquoi-la-france\">\n\n\n\n<figure class=\"wp-block-image size-large\"><img decoding=\"async\" src=\"https:\/\/if-qatar.com\/wordpress\/wp-content\/uploads\/2022\/03\/Post_Facebook-edited-1024x1024.jpg\" alt=\"\"\/><\/figure>\n\n\n\n<h5 class=\"wp-block-heading has-text-align-center\"><strong>\u0644\u0645\u0627\u0630\u0627 \u0641\u0631\u0646\u0633\u0627\u061f<\/strong><\/h5>\n\n\n\n<p class=\"has-text-align-center has-small-font-size\">\u0627\u0643\u062a\u0634\u0641 \u0644\u0645\u0627\u0630\u0627  \u0644\u0623\u0646 \u0641\u0631\u0646\u0633\u0627 \u0648\u062c\u0647\u0629 \u062c\u0630\u0627\u0628\u0629 \u062c\u062f\u064b\u0627  \u0644\u0644\u0637\u0644\u0627\u0628 \u0645\u0646 \u062c\u0645\u064a\u0639 \u0627\u0644\u062f\u0648\u0644.&nbsp;<\/p>\n\n\n\n<\/a>\n<\/div>\n\n\n\n<div class=\"wp-block-column wp-block-group vignette is-layout-flow wp-block-group-is-layout-flow wp-block-column-is-layout-flow\">\n<a href=\"venir-nous-voir\">\n\n\n\n<figure class=\"wp-block-image size-large\"><img decoding=\"async\" src=\"https:\/\/if-qatar.com\/wordpress\/wp-content\/uploads\/2022\/03\/Campus-france-1-1024x1024.jpg\" alt=\"\"\/><\/figure>\n\n\n\n<h5 class=\"wp-block-heading has-text-align-center\"><strong>\u062a\u0639\u0627\u0644 \u0644\u0644\u0642\u0627\u0626\u0646\u0627<\/strong><\/h5>\n\n\n\n<p class=\"has-text-align-center has-small-font-size\">\"\u062a\u0639\u0627\u0644 \u0648\u0642\u0627\u0628\u0644\u0646\u0627! \u062a\u0641\u0636\u0644 \u0628\u0632\u064a\u0627\u0631\u062a\u0646\u0627 \u0641\u064a \u0645\u0643\u062a\u0628\u0646\u0627 \u0641\u064a \u0627\u0644\u0645\u0639\u0647\u062f \u0627\u0644\u0641\u0631\u0646\u0633\u064a! \u0646\u0642\u062f\u0645 \u0644\u0643 \u062e\u062f\u0645\u0629 \u0627\u0644\u0645\u0631\u0627\u0641\u0642\u0629 \u0648\u0627\u0644\u0645\u0633\u0627\u0639\u062f\u0629 \u0643\u0645\u0627 \u0646\u0642\u062f\u0645 \u0644\u0643 \u0627\u0644\u0646\u0635\u0627\u0626\u062d \u0644\u0645\u062a\u0627\u0628\u0639\u0629 \u062c\u0645\u064a\u0639 \u0627\u0644\u0625\u062c\u0631\u0627\u0621\u0627\u062a \u0627\u0644\u062a\u064a \u062a\u0642\u0648\u0645 \u0628\u0647\u0627 \u0643\u0645\u0627 \u0646\u0642\u062f\u0645 \u0644\u0643 \u0627\u0644\u0646\u0635\u0627\u0626\u062d  \u0641\u064a \u0645\u0627 \u064a\u062a\u0639\u0644\u0642  \u0628\u0627\u0644\u062f\u0631\u0627\u0633\u0629 \u0627\u0644\u062a\u064a \u062a\u062e\u062a\u0627\u0631\u0647\u0627 \"<\/p>\n\n\n\n<\/a>\n<\/div>\n\n\n\n<div class=\"wp-block-column wp-block-group vignette is-layout-flow wp-block-group-is-layout-flow wp-block-column-is-layout-flow\">\n<a href=\"actualites\">\n\n\n\n<figure class=\"wp-block-image size-large\"><img decoding=\"async\" src=\"https:\/\/if-qatar.com\/wordpress\/wp-content\/uploads\/2022\/03\/news-edited.jpg\" alt=\"\"\/><\/figure>\n\n\n\n<h5 class=\"wp-block-heading has-text-align-center\"><strong>\u0623\u062d\u062f\u0627\u062b \u062b\u0642\u0627\u0641\u064a\u0629<\/strong><\/h5>\n\n\n\n<p class=\"has-text-align-center has-small-font-size\">\u0627\u0643\u062a\u0634\u0641 \u062c\u0645\u064a\u0639 \u0623\u062e\u0628\u0627\u0631 \u0643\u0627\u0645\u0628\u0648\u0633 \u0641\u0631\u0627\u0646\u0633<\/p>\n\n\n\n<\/a>\n<\/div>\n\n\n\n<div class=\"wp-block-column wp-block-group vignette is-layout-flow wp-block-group-is-layout-flow wp-block-column-is-layout-flow\">\n<a href=\"france-alumni\">\n\n\n\n<figure class=\"wp-block-image size-large\"><img decoding=\"async\" src=\"https:\/\/if-qatar.com\/wordpress\/wp-content\/uploads\/2022\/03\/Almuni-career--1024x1024.jpg\" alt=\"\"\/><\/figure>\n\n\n\n<h5 class=\"wp-block-heading has-text-align-center\"><strong>\u062e\u0631\u064a\u062c\u0648 \u0641\u0631\u0646\u0633\u0627<\/strong><\/h5>\n\n\n\n<p class=\"has-text-align-center has-small-font-size\">\"\u062e\u0631\u064a\u062c\u0648 \u0641\u0631\u0646\u0633\u0627<\/p>\n\n\n\n<\/a>\n<\/div>\n<\/div>\n\n<\/div>\n\n<\/div>\n<\/div><\/div>","protected":false},"excerpt":{"rendered":"<p>Campus France Vous \u00eates \u00e9tudiant(e) et vous souhaitez poursuivre vos \u00e9tudes en France&nbsp;? Via son r\u00e9seau de pr\u00e8s de 260 espaces et antennes r\u00e9partis dans&nbsp;123 pays dans le monde, Campus France accompagne les \u00e9tudiants&nbsp;\u00e9trangers dans leur projet.<\/p>","protected":false},"author":1,"featured_media":5013,"parent":0,"menu_order":0,"comment_status":"closed","ping_status":"closed","template":"templates\/template-cover.php","meta":{"om_disable_all_campaigns":false,"_monsterinsights_skip_tracking":false,"_monsterinsights_sitenote_active":false,"_monsterinsights_sitenote_note":"","_monsterinsights_sitenote_category":0,"footnotes":""},"class_list":["post-190","page","type-page","status-publish","has-post-thumbnail","hentry"],"yoast_head":"<!-- This site is optimized with the Yoast SEO plugin v24.0 - https:\/\/yoast.com\/wordpress\/plugins\/seo\/ -->\n<title>Campus France - Institut Fran\u00e7ais du Qatar<\/title>\n<meta name=\"robots\" content=\"index, follow, max-snippet:-1, max-image-preview:large, max-video-preview:-1\" \/>\n<link rel=\"canonical\" href=\"https:\/\/if-qatar.com\/ar\/campus-france\/\" \/>\n<meta property=\"og:locale\" content=\"ar_AR\" \/>\n<meta property=\"og:type\" content=\"article\" \/>\n<meta property=\"og:title\" content=\"Campus France - Institut Fran\u00e7ais du Qatar\" \/>\n<meta property=\"og:description\" content=\"Campus France Vous \u00eates \u00e9tudiant(e) et vous souhaitez poursuivre vos \u00e9tudes en France&nbsp;? Via son r\u00e9seau de pr\u00e8s de 260 espaces et antennes r\u00e9partis dans&nbsp;123 pays dans le monde, Campus France accompagne les \u00e9tudiants&nbsp;\u00e9trangers dans leur projet.\" \/>\n<meta property=\"og:url\" content=\"https:\/\/if-qatar.com\/ar\/campus-france\/\" \/>\n<meta property=\"og:site_name\" content=\"Institut Fran\u00e7ais du Qatar\" \/>\n<meta property=\"article:modified_time\" content=\"2023-10-11T14:47:06+00:00\" \/>\n<meta property=\"og:image\" content=\"https:\/\/if-qatar.com\/wordpress\/wp-content\/uploads\/2022\/03\/lll.jpg\" \/>\n\t<meta property=\"og:image:width\" content=\"2160\" \/>\n\t<meta property=\"og:image:height\" content=\"1080\" \/>\n\t<meta property=\"og:image:type\" content=\"image\/jpeg\" \/>\n<meta name=\"twitter:card\" content=\"summary_large_image\" \/>\n<meta name=\"twitter:label1\" content=\"\u0648\u0642\u062a \u0627\u0644\u0642\u0631\u0627\u0621\u0629 \u0627\u0644\u0645\u064f\u0642\u062f\u0651\u0631\" \/>\n\t<meta name=\"twitter:data1\" content=\"\u062f\u0642\u064a\u0642\u0629 \u0648\u0627\u062d\u062f\u0629\" \/>\n<script type=\"application\/ld+json\" class=\"yoast-schema-graph\">{\"@context\":\"https:\/\/schema.org\",\"@graph\":[{\"@type\":\"WebPage\",\"@id\":\"https:\/\/if-qatar.com\/campus-france\/\",\"url\":\"https:\/\/if-qatar.com\/campus-france\/\",\"name\":\"Campus France - Institut Fran\u00e7ais du Qatar\",\"isPartOf\":{\"@id\":\"https:\/\/if-qatar.com\/ar\/#website\"},\"primaryImageOfPage\":{\"@id\":\"https:\/\/if-qatar.com\/campus-france\/#primaryimage\"},\"image\":{\"@id\":\"https:\/\/if-qatar.com\/campus-france\/#primaryimage\"},\"thumbnailUrl\":\"https:\/\/if-qatar.com\/wordpress\/wp-content\/uploads\/2022\/03\/lll.jpg\",\"datePublished\":\"2020-10-28T10:57:23+00:00\",\"dateModified\":\"2023-10-11T14:47:06+00:00\",\"breadcrumb\":{\"@id\":\"https:\/\/if-qatar.com\/campus-france\/#breadcrumb\"},\"inLanguage\":\"ar\",\"potentialAction\":[{\"@type\":\"ReadAction\",\"target\":[\"https:\/\/if-qatar.com\/campus-france\/\"]}]},{\"@type\":\"ImageObject\",\"inLanguage\":\"ar\",\"@id\":\"https:\/\/if-qatar.com\/campus-france\/#primaryimage\",\"url\":\"https:\/\/if-qatar.com\/wordpress\/wp-content\/uploads\/2022\/03\/lll.jpg\",\"contentUrl\":\"https:\/\/if-qatar.com\/wordpress\/wp-content\/uploads\/2022\/03\/lll.jpg\",\"width\":2160,\"height\":1080},{\"@type\":\"BreadcrumbList\",\"@id\":\"https:\/\/if-qatar.com\/campus-france\/#breadcrumb\",\"itemListElement\":[{\"@type\":\"ListItem\",\"position\":1,\"name\":\"Accueil\",\"item\":\"https:\/\/if-qatar.com\/\"},{\"@type\":\"ListItem\",\"position\":2,\"name\":\"Campus France\"}]},{\"@type\":\"WebSite\",\"@id\":\"https:\/\/if-qatar.com\/ar\/#website\",\"url\":\"https:\/\/if-qatar.com\/ar\/\",\"name\":\"Institut Fran\u00e7ais du Qatar\",\"description\":\"\",\"publisher\":{\"@id\":\"https:\/\/if-qatar.com\/ar\/#organization\"},\"potentialAction\":[{\"@type\":\"SearchAction\",\"target\":{\"@type\":\"EntryPoint\",\"urlTemplate\":\"https:\/\/if-qatar.com\/ar\/?s={search_term_string}\"},\"query-input\":{\"@type\":\"PropertyValueSpecification\",\"valueRequired\":true,\"valueName\":\"search_term_string\"}}],\"inLanguage\":\"ar\"},{\"@type\":\"Organization\",\"@id\":\"https:\/\/if-qatar.com\/ar\/#organization\",\"name\":\"Institut Fran\u00e7ais du Qatar\",\"url\":\"https:\/\/if-qatar.com\/ar\/\",\"logo\":{\"@type\":\"ImageObject\",\"inLanguage\":\"ar\",\"@id\":\"https:\/\/if-qatar.com\/ar\/#\/schema\/logo\/image\/\",\"url\":\"https:\/\/if-qatar.com\/wordpress\/wp-content\/uploads\/2022\/10\/LOGO-IFQ-Fond-blanc-Bleu_Plan-de-travail-1.png\",\"contentUrl\":\"https:\/\/if-qatar.com\/wordpress\/wp-content\/uploads\/2022\/10\/LOGO-IFQ-Fond-blanc-Bleu_Plan-de-travail-1.png\",\"width\":2481,\"height\":1636,\"caption\":\"Institut Fran\u00e7ais du Qatar\"},\"image\":{\"@id\":\"https:\/\/if-qatar.com\/ar\/#\/schema\/logo\/image\/\"}}]}<\/script>\n<!-- \/ Yoast SEO plugin. -->","yoast_head_json":{"title":"Campus France - Institut Fran\u00e7ais du Qatar","robots":{"index":"index","follow":"follow","max-snippet":"max-snippet:-1","max-image-preview":"max-image-preview:large","max-video-preview":"max-video-preview:-1"},"canonical":"https:\/\/if-qatar.com\/ar\/campus-france\/","og_locale":"ar_AR","og_type":"article","og_title":"Campus France - Institut Fran\u00e7ais du Qatar","og_description":"Campus France Vous \u00eates \u00e9tudiant(e) et vous souhaitez poursuivre vos \u00e9tudes en France&nbsp;? Via son r\u00e9seau de pr\u00e8s de 260 espaces et antennes r\u00e9partis dans&nbsp;123 pays dans le monde, Campus France accompagne les \u00e9tudiants&nbsp;\u00e9trangers dans leur projet.","og_url":"https:\/\/if-qatar.com\/ar\/campus-france\/","og_site_name":"Institut Fran\u00e7ais du Qatar","article_modified_time":"2023-10-11T14:47:06+00:00","og_image":[{"width":2160,"height":1080,"url":"https:\/\/if-qatar.com\/wordpress\/wp-content\/uploads\/2022\/03\/lll.jpg","type":"image\/jpeg"}],"twitter_card":"summary_large_image","twitter_misc":{"\u0648\u0642\u062a \u0627\u0644\u0642\u0631\u0627\u0621\u0629 \u0627\u0644\u0645\u064f\u0642\u062f\u0651\u0631":"\u062f\u0642\u064a\u0642\u0629 \u0648\u0627\u062d\u062f\u0629"},"schema":{"@context":"https:\/\/schema.org","@graph":[{"@type":"WebPage","@id":"https:\/\/if-qatar.com\/campus-france\/","url":"https:\/\/if-qatar.com\/campus-france\/","name":"Campus France - Institut Fran\u00e7ais du Qatar","isPartOf":{"@id":"https:\/\/if-qatar.com\/ar\/#website"},"primaryImageOfPage":{"@id":"https:\/\/if-qatar.com\/campus-france\/#primaryimage"},"image":{"@id":"https:\/\/if-qatar.com\/campus-france\/#primaryimage"},"thumbnailUrl":"https:\/\/if-qatar.com\/wordpress\/wp-content\/uploads\/2022\/03\/lll.jpg","datePublished":"2020-10-28T10:57:23+00:00","dateModified":"2023-10-11T14:47:06+00:00","breadcrumb":{"@id":"https:\/\/if-qatar.com\/campus-france\/#breadcrumb"},"inLanguage":"ar","potentialAction":[{"@type":"ReadAction","target":["https:\/\/if-qatar.com\/campus-france\/"]}]},{"@type":"ImageObject","inLanguage":"ar","@id":"https:\/\/if-qatar.com\/campus-france\/#primaryimage","url":"https:\/\/if-qatar.com\/wordpress\/wp-content\/uploads\/2022\/03\/lll.jpg","contentUrl":"https:\/\/if-qatar.com\/wordpress\/wp-content\/uploads\/2022\/03\/lll.jpg","width":2160,"height":1080},{"@type":"BreadcrumbList","@id":"https:\/\/if-qatar.com\/campus-france\/#breadcrumb","itemListElement":[{"@type":"ListItem","position":1,"name":"Accueil","item":"https:\/\/if-qatar.com\/"},{"@type":"ListItem","position":2,"name":"Campus France"}]},{"@type":"WebSite","@id":"https:\/\/if-qatar.com\/ar\/#website","url":"https:\/\/if-qatar.com\/ar\/","name":"Institut Fran\u00e7ais du Qatar","description":"","publisher":{"@id":"https:\/\/if-qatar.com\/ar\/#organization"},"potentialAction":[{"@type":"SearchAction","target":{"@type":"EntryPoint","urlTemplate":"https:\/\/if-qatar.com\/ar\/?s={search_term_string}"},"query-input":{"@type":"PropertyValueSpecification","valueRequired":true,"valueName":"search_term_string"}}],"inLanguage":"ar"},{"@type":"Organization","@id":"https:\/\/if-qatar.com\/ar\/#organization","name":"Institut Fran\u00e7ais du Qatar","url":"https:\/\/if-qatar.com\/ar\/","logo":{"@type":"ImageObject","inLanguage":"ar","@id":"https:\/\/if-qatar.com\/ar\/#\/schema\/logo\/image\/","url":"https:\/\/if-qatar.com\/wordpress\/wp-content\/uploads\/2022\/10\/LOGO-IFQ-Fond-blanc-Bleu_Plan-de-travail-1.png","contentUrl":"https:\/\/if-qatar.com\/wordpress\/wp-content\/uploads\/2022\/10\/LOGO-IFQ-Fond-blanc-Bleu_Plan-de-travail-1.png","width":2481,"height":1636,"caption":"Institut Fran\u00e7ais du Qatar"},"image":{"@id":"https:\/\/if-qatar.com\/ar\/#\/schema\/logo\/image\/"}}]}},"_links":{"self":[{"href":"https:\/\/if-qatar.com\/ar\/wp-json\/wp\/v2\/pages\/190"}],"collection":[{"href":"https:\/\/if-qatar.com\/ar\/wp-json\/wp\/v2\/pages"}],"about":[{"href":"https:\/\/if-qatar.com\/ar\/wp-json\/wp\/v2\/types\/page"}],"author":[{"embeddable":true,"href":"https:\/\/if-qatar.com\/ar\/wp-json\/wp\/v2\/users\/1"}],"replies":[{"embeddable":true,"href":"https:\/\/if-qatar.com\/ar\/wp-json\/wp\/v2\/comments?post=190"}],"version-history":[{"count":40,"href":"https:\/\/if-qatar.com\/ar\/wp-json\/wp\/v2\/pages\/190\/revisions"}],"predecessor-version":[{"id":7132,"href":"https:\/\/if-qatar.com\/ar\/wp-json\/wp\/v2\/pages\/190\/revisions\/7132"}],"wp:featuredmedia":[{"embeddable":true,"href":"https:\/\/if-qatar.com\/ar\/wp-json\/wp\/v2\/media\/5013"}],"wp:attachment":[{"href":"https:\/\/if-qatar.com\/ar\/wp-json\/wp\/v2\/media?parent=190"}],"curies":[{"name":"wp","href":"https:\/\/api.w.org\/{rel}","templated":true}]}}