{"id":181,"date":"2020-10-28T13:52:41","date_gmt":"2020-10-28T10:52:41","guid":{"rendered":"http:\/\/localhost\/?page_id=181"},"modified":"2023-10-11T17:01:17","modified_gmt":"2023-10-11T14:01:17","slug":"cours","status":"publish","type":"page","link":"https:\/\/if-qatar.com\/ar\/cours\/","title":{"rendered":"\u062f\u0631\u0648\u0633"},"content":{"rendered":"<div class=\"wp-block-group add-padding\"><div class=\"wp-block-group__inner-container is-layout-flow wp-block-group-is-layout-flow\">\n\t\t\t<!-- Flexy Breadcrumb -->\r\n\t\t\t<div class=\"fbc fbc-page\">\r\n\r\n\t\t\t\t<!-- Breadcrumb wrapper -->\r\n\t\t\t\t<div class=\"fbc-wrap\">\r\n\r\n\t\t\t\t\t<!-- Ordered list-->\r\n\t\t\t\t\t<ol class=\"fbc-items\" itemscope itemtype=\"https:\/\/schema.org\/BreadcrumbList\">\r\n\t\t\t\t\t\t            <li itemprop=\"itemListElement\" itemscope itemtype=\"https:\/\/schema.org\/ListItem\">\r\n                <span itemprop=\"name\">\r\n                    <!-- Home Link -->\r\n                    <a itemprop=\"item\" href=\"https:\/\/if-qatar.com\/ar\/\">\r\n                    \r\n                                                    <i class=\"fa fa-home\" aria-hidden=\"true\"><\/i>\u0635\u0641\u062d\u0629 \u0631\u0626\u064a\u0633\u064a\u0629                    <\/a>\r\n                <\/span>\r\n                <meta itemprop=\"position\" content=\"1\" \/><!-- Meta Position-->\r\n             <\/li><li><span class=\"fbc-separator\">\/<\/span><\/li><li class=\"active\" itemprop=\"itemListElement\" itemscope itemtype=\"https:\/\/schema.org\/ListItem\"><span itemprop=\"name\" title=\"\u062f\u0631\u0648\u0633\">\u062f\u0631\u0648\u0633<\/span><meta itemprop=\"position\" content=\"2\" \/><\/li>\t\t\t\t\t<\/ol>\r\n\t\t\t\t\t<div class=\"clearfix\"><\/div>\r\n\t\t\t\t<\/div>\r\n\t\t\t<\/div>\r\n\t\t\t\n\n\n\n<h2 class=\"wp-block-heading no-margin-top\"><strong><span class=\"has-inline-color has-primary-color\"><strong>\u062f\u0648\u0631\u0627\u062a\u0646\u0627<\/strong><\/span><\/strong><\/h2>\n\n\n\n<p>\u064a\u0642\u062f\u0645 \u0627\u0644\u0645\u0639\u0647\u062f \u0627\u0644\u0641\u0631\u0646\u0633\u064a \u0641\u064a \u0642\u0637\u0631  \u0644\u0643\u0645 \u0627\u0644\u0639\u062f\u064a\u062f \u0645\u0646 \u062f\u0648\u0631\u0627\u062a \u0627\u0644\u0644\u063a\u0629  \u0627\u0644\u0641\u0631\u0646\u0633\u064a\u0629 \u0648\u062f\u0648\u0631\u0627\u062a \u0627\u0644\u0644\u063a\u0629 \u0627\u0644\u0639\u0631\u0628\u064a\u0629 \u0648\u0648\u0631\u0634  \u0644\u062c\u0645\u064a\u0639 \u0627\u0644\u0645\u0633\u062a\u0648\u064a\u0627\u062a \u0648\u0647\u064a \u062a\u0646\u0627\u0633\u0628 \u062c\u0645\u064a\u0639 \u0627\u0644\u0623\u0639\u0645\u0627\u0631.<\/p>\n\n\n\n<p>\u0644\u0627 \u062a\u0646\u062a\u0638\u0631 \u0637\u0648\u064a\u0644\u064b\u0627 \u0644\u0644\u062a\u0633\u062c\u064a\u0644 \u0641\u064a \u062f\u0648\u0631\u0627\u062a\u0646\u0627 \u0627\u0644\u0642\u0627\u062f\u0645\u0629!\"<\/p>\n\n\n<div class=\"wp-bootstrap-blocks-container container mb-2\">\n\t\n<div class=\"wp-bootstrap-blocks-container container mb-2\">\n\t\n\n<div class=\"wp-block-columns is-layout-flex wp-container-core-columns-is-layout-1 wp-block-columns-is-layout-flex\">\n<div class=\"wp-block-column wp-block-group vignette is-layout-flow wp-block-group-is-layout-flow wp-block-column-is-layout-flow\">\n<a href=\"cours-de-francais\/\">\n\n\n\n<figure class=\"wp-block-image size-large\"><img decoding=\"async\" src=\"https:\/\/if-qatar.com\/wordpress\/wp-content\/uploads\/2022\/02\/small-francais-1024x1024.jpg\" alt=\"\"\/><\/figure>\n\n\n\n<h5 class=\"wp-block-heading has-text-align-center\"><strong><strong>\u062f\u0631\u0648\u0633 \u0627\u0644\u0644\u063a\u0629 \u0627\u0644\u0641\u0631\u0646\u0633\u064a\u0629<\/strong><\/strong><\/h5>\n\n\n\n<p class=\"has-text-align-center\">\u0645\u0647\u0645\u0627 \u0643\u0627\u0646 \u0645\u0633\u062a\u0648\u0627\u0643 \u060c \u062a\u0639\u0644\u0645 \u0627\u0644\u0644\u063a\u0629 \u0627\u0644\u0641\u0631\u0646\u0633\u064a\u0629 \u0628\u0641\u0636\u0644 \u062f\u0631\u0648\u0633\u0646\u0627 \u0627\u0644\u062c\u0645\u0627\u0639\u064a\u0629 \u060c \u0648\u062f\u0631\u0648\u0633\u0646\u0627 \u0627\u0644\u062e\u0627\u0635\u0629 \u0623\u0648 \u062f\u0631\u0648\u0633\u0646\u0627 \u062d\u0633\u0628 \u0627\u0644\u0637\u0644\u0628<\/p>\n\n\n\n<\/a>\n<\/div>\n\n\n\n<div class=\"wp-block-column wp-block-group vignette is-layout-flow wp-block-group-is-layout-flow wp-block-column-is-layout-flow\">\n<a href=\"..\/cours-darabe\">\n\n\n\n<figure class=\"wp-block-image size-large\"><img decoding=\"async\" src=\"https:\/\/if-qatar.com\/wordpress\/wp-content\/uploads\/2022\/02\/small-arabe-1024x1024.jpg\" alt=\"\"\/><\/figure>\n\n\n\n<h5 class=\"wp-block-heading has-text-align-center\"><strong>\u062f\u0631\u0648\u0633 \u0627\u0644\u0644\u063a\u0629 \u0627\u0644\u0639\u0631\u0628\u064a\u0629<\/strong><\/h5>\n\n\n\n<p class=\"has-text-align-center\">\u0627\u0646\u063a\u0645\u0633 \u0641\u064a \u0639\u0627\u0644\u0645 \u0627\u0644\u0648\u0637\u0646 \u0627\u0644\u0639\u0631\u0628\u064a \u0645\u0646 \u062e\u0644\u0627\u0644 \u062f\u0648\u0631\u0627\u062a\u0646\u0627 \u0644\u062c\u0645\u064a\u0639 \u0627\u0644\u0645\u0633\u062a\u0648\u064a\u0627\u062a \"<\/p>\n\n\n\n<\/a>\n<\/div>\n\n\n\n<div class=\"wp-block-column wp-block-group vignette is-layout-flow wp-block-group-is-layout-flow wp-block-column-is-layout-flow\">\n<a href=\"..\/ateliers\">\n\n\n\n<figure class=\"wp-block-image size-large\"><img decoding=\"async\" src=\"https:\/\/if-qatar.com\/wordpress\/wp-content\/uploads\/2022\/02\/ALaUne-1-1-1024x1024.png\" alt=\"\"\/><\/figure>\n\n\n\n<h5 class=\"wp-block-heading has-text-align-center\"><strong>\u0648\u0631\u0634 \u0639\u0645\u0644<\/strong><\/h5>\n\n\n\n<p class=\"has-text-align-center\">\u0645\u0627\u0630\u0627 \u0644\u0648 \u0627\u0645\u062a\u0632\u062c\u062a \u0645\u0645\u0627\u0631\u0633\u062a\u0643 \u0644\u0644\u0641\u0631\u0646\u0633\u064a\u0629  \u0645\u0639  \u0645\u0648\u0627\u0636\u064a\u0639 \u0634\u063a\u0641\u0643\u061f \u0627\u0643\u062a\u0634\u0641 \u0628\u0633\u0631\u0639\u0629 \u0648\u0631\u0634 \u0627\u0644\u0639\u0645\u0644 \u0627\u0644\u062a\u064a \u0646\u0646\u0638\u0645\u0647\u0627 \u0648\u0627\u0644\u0645\u0628\u0646\u064a\u0629 \u0639\u0644\u0649 \u0645\u0648\u0627\u0636\u064a\u0639 \u0645\u062d\u062f\u062f\u0629 \u0648\u0647\u064a \u0645\u0643\u0645\u0644\u064b\u0627 \u062d\u0642\u064a\u0642\u064a\u064b\u0627 \u0644\u062f\u0631\u0648\u0633\u0646\u0627 \u0627\u0644\u0641\u0631\u0646\u0633\u064a\u0629!<\/p>\n\n\n\n<\/a>\n<\/div>\n<\/div>\n\n<\/div>\n\n\n<div class=\"wp-bootstrap-blocks-container container mb-2\">\n\t\n\n<div class=\"wp-block-columns is-layout-flex wp-container-core-columns-is-layout-2 wp-block-columns-is-layout-flex\">\n<div class=\"wp-block-column wp-block-group vignette is-layout-flow wp-block-group-is-layout-flow wp-block-column-is-layout-flow\">\n<a href=\"cours-en-entreprise\">\n\n\n\n<figure class=\"wp-block-image size-large\"><img decoding=\"async\" src=\"https:\/\/if-qatar.com\/wordpress\/wp-content\/uploads\/2022\/03\/Cours-en-entreprise-edited-scaled-e1646814119307.jpg\" alt=\"\"\/><\/figure>\n\n\n\n<h5 class=\"wp-block-heading has-text-align-center\"><strong><strong>\u062f\u0648\u0631\u0627\u062a \u0641\u064a \u0627\u0644\u0634\u0631\u0643\u0627\u062a<\/strong><\/strong><\/h5>\n\n\n\n<p class=\"has-text-align-center\">\u064a\u062a\u0639\u0627\u0648\u0646 \u0627\u0644\u0645\u0639\u0647\u062f \u0627\u0644\u0641\u0631\u0646\u0633\u064a \u0641\u064a \u0642\u0637\u0631 \u0645\u0639 \u0627\u0644\u0634\u0631\u0643\u0627\u062a \u0648\u0627\u0644\u0645\u0624\u0633\u0633\u0627\u062a \u0627\u0644\u0639\u0627\u0645\u0629 \u0648\u0627\u0644\u062e\u0627\u0635\u0629 \u0644\u062a\u0637\u0648\u064a\u0631 \u0623\u0641\u0636\u0644 \u0628\u0631\u0646\u0627\u0645\u062c \u062a\u062f\u0631\u064a\u0628\u064a \u0644\u063a\u0648\u064a \u064a\u0644\u0628\u064a \u0627\u062d\u062a\u064a\u0627\u062c\u0627\u062a \u0641\u0631\u0642\u0647\u0645.<\/p>\n\n\n\n<\/a>\n<\/div>\n\n\n\n<div class=\"wp-block-column wp-block-group vignette is-layout-flow wp-block-group-is-layout-flow wp-block-column-is-layout-flow\">\n<a href=\"cours-prives\">\n\n\n\n<figure class=\"wp-block-image size-large\"><img decoding=\"async\" src=\"https:\/\/if-qatar.com\/wordpress\/wp-content\/uploads\/2022\/03\/Cours-prives-edited-1022x1024.jpg\" alt=\"\"\/><\/figure>\n\n\n\n<h5 class=\"wp-block-heading has-text-align-center\"><strong><strong>\u062f\u0631\u0648\u0633 \u062e\u0635\u0648\u0635\u064a\u0629<\/strong><\/strong><\/h5>\n\n\n\n<p class=\"has-text-align-center\">\u064a\u0642\u0648\u0645 \u0645\u062f\u0631\u0633\u0648\u0646\u0627 \u0627\u0644\u0645\u0624\u0647\u0644\u0648\u0646 \u062a\u0623\u0647\u064a\u0644\u0627\u064b \u0639\u0627\u0644\u064a\u064b\u0627 \u0628\u062a\u0637\u0648\u064a\u0631 \u0628\u0631\u0627\u0645\u062c \u062a\u0639\u0644\u064a\u0645\u064a\u0629 \u0645\u0635\u0645\u0645\u0629 \u062e\u0635\u064a\u0635\u064b\u0627 \u0628\u0646\u0627\u0621\u064b \u0639\u0644\u0649 \u0623\u0647\u062f\u0627\u0641\u0643 \u0648\u0627\u062d\u062a\u064a\u0627\u062c\u0627\u062a\u0643. \u0627\u0644\u0623\u0645\u0631 \u0645\u062a\u0631\u0648\u0643 \u0644\u0643 \u0644\u0627\u062e\u062a\u064a\u0627\u0631 \u0645\u062a\u0649 \u062a\u0628\u062f\u0623 \u0648\u0623\u064a\u0646 \u0648\u0645\u062a\u0649.<\/p>\n\n\n\n<\/a>\n<\/div>\n\n\n\n<div class=\"wp-block-column is-layout-flow wp-block-column-is-layout-flow\"><\/div>\n<\/div>\n\n<\/div>\n\n\n\n<h3 class=\"wp-block-heading\"><strong>\u062a\u062f\u0631\u0628 \u0639\u0628\u0631 \u0627\u0644\u0625\u0646\u062a\u0631\u0646\u062a!<\/strong><\/h3>\n\n\n\n<p class=\" translation-block\">\u0627\u0644\u0645\u0639\u0647\u062f \u0627\u0644\u0641\u0631\u0646\u0633\u064a \u064a\u0642\u062f\u0645 \u0644\u0643\u0645 <a href=\"https:\/\/if-qatar.com\/entrainez-vous-en-ligne\/\" data-type=\"page\" data-id=\"5137\" target=\"_self \"> \u062a\u062f\u0631\u064a\u0628 \u0639\u0644\u0649 \u0627\u0644\u0627\u0646\u062a\u0631\u0646\u062a<\/a> \u0644\u0644\u062a\u062d\u0636\u064a\u0631 \u0644\u062f\u0648\u0631\u0627\u062a\u0643 \u0648\u0627\u0645\u062a\u062d\u0627\u0646\u0627\u062a\u0643\u060c \u0644\u0627 \u062a\u0646\u062a\u0638\u0631 \u0623\u0643\u062b\u0631!<\/p>\n\n<\/div>\n<\/div><\/div>","protected":false},"excerpt":{"rendered":"<p>Nos cours L&rsquo;Institut&nbsp;fran\u00e7ais&nbsp;du Qatar propose de&nbsp;nombreux&nbsp;cours&nbsp;de&nbsp;fran\u00e7ais,&nbsp;cours&nbsp;d&rsquo;arabe&nbsp;et ateliers, pour&nbsp;tous&nbsp;les&nbsp;niveaux&nbsp;et&nbsp;adapt\u00e9s&nbsp;\u00e0&nbsp;tous&nbsp;les&nbsp;\u00e2ges.&nbsp;\u200b N&rsquo;attendez&nbsp;plus pour&nbsp;r\u00e9server&nbsp;nos&nbsp;prochaines&nbsp;sessions !<\/p>","protected":false},"author":1,"featured_media":4513,"parent":0,"menu_order":0,"comment_status":"closed","ping_status":"closed","template":"templates\/template-cover.php","meta":{"om_disable_all_campaigns":false,"_monsterinsights_skip_tracking":false,"_monsterinsights_sitenote_active":false,"_monsterinsights_sitenote_note":"","_monsterinsights_sitenote_category":0,"footnotes":""},"class_list":["post-181","page","type-page","status-publish","has-post-thumbnail","hentry"],"yoast_head":"<!-- This site is optimized with the Yoast SEO plugin v24.0 - https:\/\/yoast.com\/wordpress\/plugins\/seo\/ -->\n<title>Cours - Institut Fran\u00e7ais du Qatar<\/title>\n<meta name=\"robots\" content=\"index, follow, max-snippet:-1, max-image-preview:large, max-video-preview:-1\" \/>\n<link rel=\"canonical\" href=\"https:\/\/if-qatar.com\/ar\/cours\/\" \/>\n<meta property=\"og:locale\" content=\"ar_AR\" \/>\n<meta property=\"og:type\" content=\"article\" \/>\n<meta property=\"og:title\" content=\"Cours - Institut Fran\u00e7ais du Qatar\" \/>\n<meta property=\"og:description\" content=\"Nos cours L&rsquo;Institut&nbsp;fran\u00e7ais&nbsp;du Qatar propose de&nbsp;nombreux&nbsp;cours&nbsp;de&nbsp;fran\u00e7ais,&nbsp;cours&nbsp;d&rsquo;arabe&nbsp;et ateliers, pour&nbsp;tous&nbsp;les&nbsp;niveaux&nbsp;et&nbsp;adapt\u00e9s&nbsp;\u00e0&nbsp;tous&nbsp;les&nbsp;\u00e2ges.&nbsp;\u200b N&rsquo;attendez&nbsp;plus pour&nbsp;r\u00e9server&nbsp;nos&nbsp;prochaines&nbsp;sessions !\" \/>\n<meta property=\"og:url\" content=\"https:\/\/if-qatar.com\/ar\/cours\/\" \/>\n<meta property=\"og:site_name\" content=\"Institut Fran\u00e7ais du Qatar\" \/>\n<meta property=\"article:modified_time\" content=\"2023-10-11T14:01:17+00:00\" \/>\n<meta property=\"og:image\" content=\"https:\/\/if-qatar.com\/wordpress\/wp-content\/uploads\/2022\/03\/Landing-page-cours-scaled.jpg\" \/>\n\t<meta property=\"og:image:width\" content=\"2560\" \/>\n\t<meta property=\"og:image:height\" content=\"1707\" \/>\n\t<meta property=\"og:image:type\" content=\"image\/jpeg\" \/>\n<meta name=\"twitter:card\" content=\"summary_large_image\" \/>\n<meta name=\"twitter:label1\" content=\"\u0648\u0642\u062a \u0627\u0644\u0642\u0631\u0627\u0621\u0629 \u0627\u0644\u0645\u064f\u0642\u062f\u0651\u0631\" \/>\n\t<meta name=\"twitter:data1\" content=\"\u062f\u0642\u064a\u0642\u0629 \u0648\u0627\u062d\u062f\u0629\" \/>\n<script type=\"application\/ld+json\" class=\"yoast-schema-graph\">{\"@context\":\"https:\/\/schema.org\",\"@graph\":[{\"@type\":\"WebPage\",\"@id\":\"https:\/\/if-qatar.com\/cours\/\",\"url\":\"https:\/\/if-qatar.com\/cours\/\",\"name\":\"Cours - Institut Fran\u00e7ais du Qatar\",\"isPartOf\":{\"@id\":\"https:\/\/if-qatar.com\/ar\/#website\"},\"primaryImageOfPage\":{\"@id\":\"https:\/\/if-qatar.com\/cours\/#primaryimage\"},\"image\":{\"@id\":\"https:\/\/if-qatar.com\/cours\/#primaryimage\"},\"thumbnailUrl\":\"https:\/\/if-qatar.com\/wordpress\/wp-content\/uploads\/2022\/03\/Landing-page-cours-scaled.jpg\",\"datePublished\":\"2020-10-28T10:52:41+00:00\",\"dateModified\":\"2023-10-11T14:01:17+00:00\",\"breadcrumb\":{\"@id\":\"https:\/\/if-qatar.com\/cours\/#breadcrumb\"},\"inLanguage\":\"ar\",\"potentialAction\":[{\"@type\":\"ReadAction\",\"target\":[\"https:\/\/if-qatar.com\/cours\/\"]}]},{\"@type\":\"ImageObject\",\"inLanguage\":\"ar\",\"@id\":\"https:\/\/if-qatar.com\/cours\/#primaryimage\",\"url\":\"https:\/\/if-qatar.com\/wordpress\/wp-content\/uploads\/2022\/03\/Landing-page-cours-scaled.jpg\",\"contentUrl\":\"https:\/\/if-qatar.com\/wordpress\/wp-content\/uploads\/2022\/03\/Landing-page-cours-scaled.jpg\",\"width\":2560,\"height\":1707,\"caption\":\"Close up detail of team working o new project in coworking space, writing ideas, looking through graphics on tablet and laptop. Teamwork, business concept\"},{\"@type\":\"BreadcrumbList\",\"@id\":\"https:\/\/if-qatar.com\/cours\/#breadcrumb\",\"itemListElement\":[{\"@type\":\"ListItem\",\"position\":1,\"name\":\"Accueil\",\"item\":\"https:\/\/if-qatar.com\/\"},{\"@type\":\"ListItem\",\"position\":2,\"name\":\"Cours\"}]},{\"@type\":\"WebSite\",\"@id\":\"https:\/\/if-qatar.com\/ar\/#website\",\"url\":\"https:\/\/if-qatar.com\/ar\/\",\"name\":\"Institut Fran\u00e7ais du Qatar\",\"description\":\"\",\"publisher\":{\"@id\":\"https:\/\/if-qatar.com\/ar\/#organization\"},\"potentialAction\":[{\"@type\":\"SearchAction\",\"target\":{\"@type\":\"EntryPoint\",\"urlTemplate\":\"https:\/\/if-qatar.com\/ar\/?s={search_term_string}\"},\"query-input\":{\"@type\":\"PropertyValueSpecification\",\"valueRequired\":true,\"valueName\":\"search_term_string\"}}],\"inLanguage\":\"ar\"},{\"@type\":\"Organization\",\"@id\":\"https:\/\/if-qatar.com\/ar\/#organization\",\"name\":\"Institut Fran\u00e7ais du Qatar\",\"url\":\"https:\/\/if-qatar.com\/ar\/\",\"logo\":{\"@type\":\"ImageObject\",\"inLanguage\":\"ar\",\"@id\":\"https:\/\/if-qatar.com\/ar\/#\/schema\/logo\/image\/\",\"url\":\"https:\/\/if-qatar.com\/wordpress\/wp-content\/uploads\/2022\/10\/LOGO-IFQ-Fond-blanc-Bleu_Plan-de-travail-1.png\",\"contentUrl\":\"https:\/\/if-qatar.com\/wordpress\/wp-content\/uploads\/2022\/10\/LOGO-IFQ-Fond-blanc-Bleu_Plan-de-travail-1.png\",\"width\":2481,\"height\":1636,\"caption\":\"Institut Fran\u00e7ais du Qatar\"},\"image\":{\"@id\":\"https:\/\/if-qatar.com\/ar\/#\/schema\/logo\/image\/\"}}]}<\/script>\n<!-- \/ Yoast SEO plugin. -->","yoast_head_json":{"title":"Cours - Institut Fran\u00e7ais du Qatar","robots":{"index":"index","follow":"follow","max-snippet":"max-snippet:-1","max-image-preview":"max-image-preview:large","max-video-preview":"max-video-preview:-1"},"canonical":"https:\/\/if-qatar.com\/ar\/cours\/","og_locale":"ar_AR","og_type":"article","og_title":"Cours - Institut Fran\u00e7ais du Qatar","og_description":"Nos cours L&rsquo;Institut&nbsp;fran\u00e7ais&nbsp;du Qatar propose de&nbsp;nombreux&nbsp;cours&nbsp;de&nbsp;fran\u00e7ais,&nbsp;cours&nbsp;d&rsquo;arabe&nbsp;et ateliers, pour&nbsp;tous&nbsp;les&nbsp;niveaux&nbsp;et&nbsp;adapt\u00e9s&nbsp;\u00e0&nbsp;tous&nbsp;les&nbsp;\u00e2ges.&nbsp;\u200b N&rsquo;attendez&nbsp;plus pour&nbsp;r\u00e9server&nbsp;nos&nbsp;prochaines&nbsp;sessions !","og_url":"https:\/\/if-qatar.com\/ar\/cours\/","og_site_name":"Institut Fran\u00e7ais du Qatar","article_modified_time":"2023-10-11T14:01:17+00:00","og_image":[{"width":2560,"height":1707,"url":"https:\/\/if-qatar.com\/wordpress\/wp-content\/uploads\/2022\/03\/Landing-page-cours-scaled.jpg","type":"image\/jpeg"}],"twitter_card":"summary_large_image","twitter_misc":{"\u0648\u0642\u062a \u0627\u0644\u0642\u0631\u0627\u0621\u0629 \u0627\u0644\u0645\u064f\u0642\u062f\u0651\u0631":"\u062f\u0642\u064a\u0642\u0629 \u0648\u0627\u062d\u062f\u0629"},"schema":{"@context":"https:\/\/schema.org","@graph":[{"@type":"WebPage","@id":"https:\/\/if-qatar.com\/cours\/","url":"https:\/\/if-qatar.com\/cours\/","name":"Cours - Institut Fran\u00e7ais du Qatar","isPartOf":{"@id":"https:\/\/if-qatar.com\/ar\/#website"},"primaryImageOfPage":{"@id":"https:\/\/if-qatar.com\/cours\/#primaryimage"},"image":{"@id":"https:\/\/if-qatar.com\/cours\/#primaryimage"},"thumbnailUrl":"https:\/\/if-qatar.com\/wordpress\/wp-content\/uploads\/2022\/03\/Landing-page-cours-scaled.jpg","datePublished":"2020-10-28T10:52:41+00:00","dateModified":"2023-10-11T14:01:17+00:00","breadcrumb":{"@id":"https:\/\/if-qatar.com\/cours\/#breadcrumb"},"inLanguage":"ar","potentialAction":[{"@type":"ReadAction","target":["https:\/\/if-qatar.com\/cours\/"]}]},{"@type":"ImageObject","inLanguage":"ar","@id":"https:\/\/if-qatar.com\/cours\/#primaryimage","url":"https:\/\/if-qatar.com\/wordpress\/wp-content\/uploads\/2022\/03\/Landing-page-cours-scaled.jpg","contentUrl":"https:\/\/if-qatar.com\/wordpress\/wp-content\/uploads\/2022\/03\/Landing-page-cours-scaled.jpg","width":2560,"height":1707,"caption":"Close up detail of team working o new project in coworking space, writing ideas, looking through graphics on tablet and laptop. Teamwork, business concept"},{"@type":"BreadcrumbList","@id":"https:\/\/if-qatar.com\/cours\/#breadcrumb","itemListElement":[{"@type":"ListItem","position":1,"name":"Accueil","item":"https:\/\/if-qatar.com\/"},{"@type":"ListItem","position":2,"name":"Cours"}]},{"@type":"WebSite","@id":"https:\/\/if-qatar.com\/ar\/#website","url":"https:\/\/if-qatar.com\/ar\/","name":"Institut Fran\u00e7ais du Qatar","description":"","publisher":{"@id":"https:\/\/if-qatar.com\/ar\/#organization"},"potentialAction":[{"@type":"SearchAction","target":{"@type":"EntryPoint","urlTemplate":"https:\/\/if-qatar.com\/ar\/?s={search_term_string}"},"query-input":{"@type":"PropertyValueSpecification","valueRequired":true,"valueName":"search_term_string"}}],"inLanguage":"ar"},{"@type":"Organization","@id":"https:\/\/if-qatar.com\/ar\/#organization","name":"Institut Fran\u00e7ais du Qatar","url":"https:\/\/if-qatar.com\/ar\/","logo":{"@type":"ImageObject","inLanguage":"ar","@id":"https:\/\/if-qatar.com\/ar\/#\/schema\/logo\/image\/","url":"https:\/\/if-qatar.com\/wordpress\/wp-content\/uploads\/2022\/10\/LOGO-IFQ-Fond-blanc-Bleu_Plan-de-travail-1.png","contentUrl":"https:\/\/if-qatar.com\/wordpress\/wp-content\/uploads\/2022\/10\/LOGO-IFQ-Fond-blanc-Bleu_Plan-de-travail-1.png","width":2481,"height":1636,"caption":"Institut Fran\u00e7ais du Qatar"},"image":{"@id":"https:\/\/if-qatar.com\/ar\/#\/schema\/logo\/image\/"}}]}},"_links":{"self":[{"href":"https:\/\/if-qatar.com\/ar\/wp-json\/wp\/v2\/pages\/181"}],"collection":[{"href":"https:\/\/if-qatar.com\/ar\/wp-json\/wp\/v2\/pages"}],"about":[{"href":"https:\/\/if-qatar.com\/ar\/wp-json\/wp\/v2\/types\/page"}],"author":[{"embeddable":true,"href":"https:\/\/if-qatar.com\/ar\/wp-json\/wp\/v2\/users\/1"}],"replies":[{"embeddable":true,"href":"https:\/\/if-qatar.com\/ar\/wp-json\/wp\/v2\/comments?post=181"}],"version-history":[{"count":96,"href":"https:\/\/if-qatar.com\/ar\/wp-json\/wp\/v2\/pages\/181\/revisions"}],"predecessor-version":[{"id":7126,"href":"https:\/\/if-qatar.com\/ar\/wp-json\/wp\/v2\/pages\/181\/revisions\/7126"}],"wp:featuredmedia":[{"embeddable":true,"href":"https:\/\/if-qatar.com\/ar\/wp-json\/wp\/v2\/media\/4513"}],"wp:attachment":[{"href":"https:\/\/if-qatar.com\/ar\/wp-json\/wp\/v2\/media?parent=181"}],"curies":[{"name":"wp","href":"https:\/\/api.w.org\/{rel}","templated":true}]}}