{"id":1418,"date":"2021-03-19T11:30:34","date_gmt":"2021-03-19T08:30:34","guid":{"rendered":"http:\/\/localhost\/?page_id=1418"},"modified":"2022-12-07T11:53:17","modified_gmt":"2022-12-07T08:53:17","slug":"ateliers-de-preparation","status":"publish","type":"page","link":"https:\/\/if-qatar.com\/ar\/examens-et-certifications\/ateliers-de-preparation\/","title":{"rendered":"\u0648\u0631\u0634 \u0627\u0644\u062a\u062d\u0636\u064a\u0631"},"content":{"rendered":"<div class=\"wp-block-group add-padding\"><div class=\"wp-block-group__inner-container is-layout-flow wp-block-group-is-layout-flow\">\t\t\t<!-- Flexy Breadcrumb -->\r\n\t\t\t<div class=\"fbc fbc-page\">\r\n\r\n\t\t\t\t<!-- Breadcrumb wrapper -->\r\n\t\t\t\t<div class=\"fbc-wrap\">\r\n\r\n\t\t\t\t\t<!-- Ordered list-->\r\n\t\t\t\t\t<ol class=\"fbc-items\" itemscope itemtype=\"https:\/\/schema.org\/BreadcrumbList\">\r\n\t\t\t\t\t\t            <li itemprop=\"itemListElement\" itemscope itemtype=\"https:\/\/schema.org\/ListItem\">\r\n                <span itemprop=\"name\">\r\n                    <!-- Home Link -->\r\n                    <a itemprop=\"item\" href=\"https:\/\/if-qatar.com\/ar\/\">\r\n                    \r\n                                                    <i class=\"fa fa-home\" aria-hidden=\"true\"><\/i>\u0635\u0641\u062d\u0629 \u0631\u0626\u064a\u0633\u064a\u0629                    <\/a>\r\n                <\/span>\r\n                <meta itemprop=\"position\" content=\"1\" \/><!-- Meta Position-->\r\n             <\/li><li><span class=\"fbc-separator\">\/<\/span><\/li><li class=\"active\" itemprop=\"itemListElement\" itemscope itemtype=\"https:\/\/schema.org\/ListItem\"><span itemprop=\"name\" title=\"\u0648\u0631\u0634 \u0627\u0644\u062a\u062d\u0636\u064a\u0631\">\u0648\u0631\u0634 \u0627\u0644\u062a\u062d\u0636\u064a\u0631<\/span><meta itemprop=\"position\" content=\"2\" \/><\/li>\t\t\t\t\t<\/ol>\r\n\t\t\t\t\t<div class=\"clearfix\"><\/div>\r\n\t\t\t\t<\/div>\r\n\t\t\t<\/div>\r\n\t\t\t\n\n\n\n<p><em><strong>\u0644\u0644\u062d\u0635\u0648\u0644 \u0639\u0644\u0649 \u0645\u0648\u0627\u0639\u064a\u062f \u0648\u0631\u0634 \u0627\u0644\u0639\u0645\u0644 \u0627\u0644\u0645\u0642\u0628\u0644\u0629 \u060c \u0627\u0646\u0642\u0631 \u0639\u0644\u0649 \u0627\u0644\u0631\u0645\u0632<\/strong><\/em><\/p>\n\n\n<div class=\"event-outer\"><div class=\"event-outer-filter\"><\/div><div class=\"event-filter-loading\"><div class=\"event-filter-loading-gif\"><\/div><\/div><div class=\"event-filter-calendar\"><\/div><\/div>\n\n\n\n<h2 class=\"no-margin-top wp-block-heading\"><strong><span class=\"has-inline-color has-primary-color\"><strong>\u0648\u0631\u0634 \u0639\u0645\u0644<\/strong><\/span><\/strong><\/h2>\n\n\n\n<h3 class=\"wp-block-heading\"><strong>\u0648\u0631\u0634 \u0627\u0644\u062a\u062d\u0636\u064a\u0631 \u0644\u0627\u0645\u062a\u062d\u0627\u0646 TEF<\/strong><\/h3>\n\n\n\n<p>- \u0627\u0643\u062a\u0634\u0641 \u062a\u0642\u0646\u064a\u0627\u062a \u0627\u0644\u0643\u062a\u0627\u0628\u0629 (\u062e\u0628\u0631 \u060c \u0646\u0635 \u062c\u062f\u0644\u064a)<\/p>\n\n\n\n<p>- \u062a\u062f\u0631\u0628 \u0639\u0644\u0649 \u0643\u062a\u0627\u0628\u0629 \u0627\u0644\u062a\u0639\u0628\u064a\u0631\u0627\u062a \u0627\u0644\u0645\u0643\u062a\u0648\u0628\u0629 - \u0627\u0633\u062a\u0641\u062f \u0645\u0646 \u0627\u0644\u0646\u0635\u0627\u0626\u062d \u0648\u0627\u0644\u062a\u0635\u062d\u064a\u062d\u0627\u062a \u0627\u0644\u0634\u062e\u0635\u064a\u0629<\/p>\n\n\n\n<p>\u0627\u0646\u0639\u0634 \u0645\u0647\u0627\u0631\u0627\u062a\u0643 \u0641\u064a \u0627\u0644\u0642\u0648\u0627\u0639\u062f  \u0648\u062a\u0635\u0631\u064a\u0641 \u0627\u0644\u0623\u0641\u0639\u0627\u0644<\/p>\n\n\n\n<p><strong>\u0633\u0627\u0639\u0627\u062a  8  : \u0627\u0644\u062a\u062d\u0636\u064a\u0631 \u0627\u0644\u0639\u0627\u0645 \u0644\u0627\u0645\u062a\u062d\u0627\u0646  TEF  \u0643\u0646\u062f\u0627 16 \u0633\u0627\u0639\u0629  :\u0627\u0644\u062a\u062d\u0636\u064a\u0631 \u0644\u0627\u062e\u062a\u0628\u0627\u0631  \u0627\u0644\u062a\u0639\u0628\u064a\u0631 \u0627\u0644\u0643\u062a\u0627\u0628\u064a \u0641\u064a \u0627\u0645\u062a\u062d\u0627\u0646  TEF  \u0643\u0646\u062f\u0627\u00a0<\/strong>\u0639\u062f\u062f \u0627\u0644\u0633\u0627\u0639\u0627\u062a \u0627\u0644\u0627\u062c\u0645\u0627\u0644\u064a 16 \u0633\u0627\u0639\u0629 (\u0633\u0627\u0639\u062a\u0627\u0646 \u060c \u0645\u0631\u062a\u064a\u0646 \u0641\u064a \u0627\u0644\u0623\u0633\u0628\u0648\u0639) \u0627\u0644\u0631\u0633\u0648\u0645: 1600 \u0631\u064a\u0627\u0644 \u0642\u0637\u0631\u064a<\/p>\n\n\n\n<p><strong>Pr\u00e9paration\u00a0g\u00e9n\u00e9rale\u00a0\u00e0 l&rsquo;examen TEF Canada :\u00a0<\/strong>\u0627\u0644\u062a\u062d\u0636\u064a\u0631 \u0627\u0644\u0639\u0627\u0645 \u0644\u0627\u0645\u062a\u062d\u0627\u0646 TEF Canada: \u0639\u062f\u062f \u0627\u0644\u0633\u0627\u0639\u0627\u062a \u0627\u0644\u0627\u062c\u0645\u0627\u0644\u064a 8 \u0633\u0627\u0639\u0627\u062a (\u0633\u0627\u0639\u062a\u0627\u0646 \u060c \u0645\u0631\u0629 \u0648\u0627\u062d\u062f\u0629 \u0641\u064a \u0627\u0644\u0623\u0633\u0628\u0648\u0639 )\u0627\u0644\u0631\u0633\u0648\u0645: 800 \u0631\u064a\u0627\u0644 \u0642\u0637\u0631\u064a<\/p>\n\n\n\n<p>\u0644\u0644\u062a\u0633\u062c\u064a\u0644 \u060c \u064a\u0631\u062c\u0649 \u0627\u0644\u0627\u062a\u0635\u0627\u0644 <a href=\"mailto:info@if-qatar.com\">info@if-qatar.com<\/a>.<\/p>\n\n\n\n<h3 class=\"wp-block-heading\"><strong>\u0648\u0631\u0634 \u0627\u0644\u062a\u062d\u0636\u064a\u0631 \u0644\u0627\u0645\u062a\u062d\u0627\u0646  \u0645\u0639\u0631\u0641\u0629 \u0627\u0644\u0644\u063a\u0629 \u0627\u0644\u0641\u0631\u0646\u0633\u064a\u0629 TCF<\/strong><\/h3>\n\n\n\n\n\n<h3 class=\"wp-block-heading\"><strong>\u0648\u0631\u0634 \u0639\u0645\u0644 \u0627\u0644\u0625\u0639\u062f\u0627\u062f \u0644\u0640 DELF Junior \u0648TP<\/strong><\/h3>\n\n\n\n<p>8\u0633\u0627\u0639\u0627\u062a: \u062a\u062d\u0636\u064a\u0631  \u0627\u0644\u0645\u062a\u0642\u062f\u0645\u064a\u0646 \u0644\u0627\u062c\u062a\u064a\u0627\u0632 \u0627\u0645\u062a\u062d\u0627\u0646 \u0627\u0644\u062f\u064a\u0644\u0641<\/p>\n\n\n\n<h3 class=\"wp-block-heading\"><strong>DELF \u0623\u0648 TEF, TCF \u062f\u0631\u0648\u0633 \u062e\u0627\u0635\u0629 \u0644\u0644\u062a\u062d\u0636\u064a\u0631\u0644\u0627\u0645\u062a\u062d\u0627\u0646\u0627\u062a<\/strong><\/h3>\n\n\n\n<p>\u0635\u0645\u0645\u062a \u062f\u0631\u0648\u0633 \u0627\u0644\u062a\u062d\u0636\u064a\u0631  \u0627\u0644\u0645\u062a\u0643\u064a\u0641\u0629 \u0647\u0630\u0647  \u0644\u0645\u0631\u0627\u0641\u0642\u062a\u0643 \u0628\u0634\u0643\u0644 \u0623\u0641\u0636\u0644 \u0648\u0625\u0639\u062f\u0627\u062f\u0643 \u0644\u0635\u064a\u063a\u0629 \u0627\u0644\u0627\u0645\u062a\u062d\u0627\u0646\u060c \u0648\u0630\u0644\u0643 \u0644\u0646 \u064a\u0648\u0641\u0631 \u0644\u0643 \u0627\u0644\u0648\u0642\u062a \u0641\u062d\u0633\u0628 \u060c \u0628\u0644 \u0633\u064a\u0633\u0645\u062d \u0644\u0643 \u0623\u064a\u0636\u064b\u0627 \u0628\u0627\u0644\u062d\u0635\u0648\u0644 \u0639\u0644\u0649 \u0639\u0644\u0627\u0645\u0629 \u0623\u0641\u0636\u0644 \u0644\u0644\u0648\u0635\u0648\u0644 \u0625\u0644\u0649 \u0647\u062f\u0641\u0643.<\/p>\n\n\n\n<h3 class=\"wp-block-heading\"><strong>\u0627\u0644\u0627\u0633\u062a\u0639\u062f\u0627\u062f \u0644\u0627\u0645\u062a\u062d\u0627\u0646 TEF \u0623\u0648 DELF B2 \u0645\u0639 <a href=\"https:\/\/prepmyfuture.com\"><span class=\"has-inline-color has-accent-color\">\u0625\u0639\u062f\u0627\u062f \u0645\u0633\u062a\u0642\u0628\u0644\u064a<\/span><\/a><\/strong><\/h3>\n\n\n\n<p>\u062a\u0642\u062f\u0645 \u0644\u0643 \u0647\u0630\u0647 \u0627\u0644\u0645\u0646\u0635\u0629 \u062a\u062d\u0636\u064a\u0631\u0627\u062a \u0644\u0640\u0625\u0645\u062a\u062d\u0627\u0646 TEF \u0645\u0639 \u0648\u062d\u062f\u0627\u062a \u062a\u062a\u0623\u0644\u0641 \u0645\u0646 \u0623\u0633\u0626\u0644\u0629 \u062a\u0645 \u062a\u0643\u064a\u064a\u0641\u0647\u0627 \u0648\u0641\u0642\u064b\u0627 \u0644\u0645\u0633\u062a\u0648\u0649 \u0645\u0647\u0627\u0631\u0627\u062a\u0643 \u0627\u0644\u0644\u063a\u0648\u064a\u0629 \u060c \u0628\u0627\u0644\u0625\u0636\u0627\u0641\u0629 \u0625\u0644\u0649 DELF B2 \u0644\u0644\u0645\u062a\u0642\u062f\u0645\u064a\u0646 \u0625\u0644\u0649 \u0627\u0644\u0627\u0645\u062a\u062d\u0627\u0646 \u0627\u0644\u0630\u064a\u0646 \u062a\u062a\u062c\u0627\u0648\u0632 \u0623\u0639\u0645\u0627\u0631\u0647\u0645 16 \u0639\u0627\u0645\u064b\u0627 \u060c \u0645\u0639 \u0645\u062d\u0627\u0643\u0627\u0629 \u0644\u0644\u0627\u0645\u062a\u062d\u0627\u0646. \u062a\u0642\u062f\u0645 \u0644\u0643 \u0627\u0644\u0645\u0646\u0635\u0629 \u062a\u0642\u0631\u064a\u0631\u064b\u0627 \u064a\u0634\u0631\u062d \u0627\u0644\u0646\u0642\u0627\u0637 \u0627\u0644\u062a\u064a \u064a\u062c\u0628 \u0639\u0644\u064a\u0643 \u062a\u062d\u0633\u064a\u0646\u0647\u0627 \u0648\u0646\u0642\u0627\u0637 \u0642\u0648\u062a\u0643.<\/p>\n\n\n\n<p><\/p>\n<\/div><\/div>\n\n\n\n<p><\/p>","protected":false},"excerpt":{"rendered":"<p>Pour avoir les dates des prochains ateliers, cliquez sur nos filtres : Ateliers Les ateliers de pr\u00e9paration au TEF &#8211; D\u00e9couvrez des techniques de r\u00e9daction (fait-divers, texte argumentatif) &#8211; Entrainez-vous \u00e0 r\u00e9diger des expressions \u00e9crites &#8211; B\u00e9n\u00e9ficiez de conseils et de corrections personnalis\u00e9es &#8211; Rafraichissez vos acquis en grammaire et conjugaison Pr\u00e9paration \u00e0 l\u2019\u00e9preuve d\u2019expression [&hellip;]<\/p>","protected":false},"author":1,"featured_media":209,"parent":1420,"menu_order":1,"comment_status":"closed","ping_status":"closed","template":"templates\/template-cover.php","meta":{"om_disable_all_campaigns":false,"_monsterinsights_skip_tracking":false,"_monsterinsights_sitenote_active":false,"_monsterinsights_sitenote_note":"","_monsterinsights_sitenote_category":0,"footnotes":""},"class_list":["post-1418","page","type-page","status-publish","has-post-thumbnail","hentry"],"yoast_head":"<!-- This site is optimized with the Yoast SEO plugin v24.0 - https:\/\/yoast.com\/wordpress\/plugins\/seo\/ -->\n<title>Ateliers de pr\u00e9paration - Institut Fran\u00e7ais du Qatar<\/title>\n<meta name=\"robots\" content=\"index, follow, max-snippet:-1, max-image-preview:large, max-video-preview:-1\" \/>\n<link rel=\"canonical\" href=\"https:\/\/if-qatar.com\/ar\/examens-et-certifications\/ateliers-de-preparation\/\" \/>\n<meta property=\"og:locale\" content=\"ar_AR\" \/>\n<meta property=\"og:type\" content=\"article\" \/>\n<meta property=\"og:title\" content=\"Ateliers de pr\u00e9paration - Institut Fran\u00e7ais du Qatar\" \/>\n<meta property=\"og:description\" content=\"Pour avoir les dates des prochains ateliers, cliquez sur nos filtres : Ateliers Les ateliers de pr\u00e9paration au TEF &#8211; D\u00e9couvrez des techniques de r\u00e9daction (fait-divers, texte argumentatif) &#8211; Entrainez-vous \u00e0 r\u00e9diger des expressions \u00e9crites &#8211; B\u00e9n\u00e9ficiez de conseils et de corrections personnalis\u00e9es &#8211; Rafraichissez vos acquis en grammaire et conjugaison Pr\u00e9paration \u00e0 l\u2019\u00e9preuve d\u2019expression [&hellip;]\" \/>\n<meta property=\"og:url\" content=\"https:\/\/if-qatar.com\/ar\/examens-et-certifications\/ateliers-de-preparation\/\" \/>\n<meta property=\"og:site_name\" content=\"Institut Fran\u00e7ais du Qatar\" \/>\n<meta property=\"article:modified_time\" content=\"2022-12-07T08:53:17+00:00\" \/>\n<meta property=\"og:image\" content=\"https:\/\/if-qatar.com\/wordpress\/wp-content\/uploads\/2020\/10\/business-woman-working-laptop-scaled.jpg\" \/>\n\t<meta property=\"og:image:width\" content=\"2560\" \/>\n\t<meta property=\"og:image:height\" content=\"1707\" \/>\n\t<meta property=\"og:image:type\" content=\"image\/jpeg\" \/>\n<meta name=\"twitter:card\" content=\"summary_large_image\" \/>\n<meta name=\"twitter:label1\" content=\"\u0648\u0642\u062a \u0627\u0644\u0642\u0631\u0627\u0621\u0629 \u0627\u0644\u0645\u064f\u0642\u062f\u0651\u0631\" \/>\n\t<meta name=\"twitter:data1\" content=\"\u062f\u0642\u064a\u0642\u0629 \u0648\u0627\u062d\u062f\u0629\" \/>\n<script type=\"application\/ld+json\" class=\"yoast-schema-graph\">{\"@context\":\"https:\/\/schema.org\",\"@graph\":[{\"@type\":\"WebPage\",\"@id\":\"https:\/\/if-qatar.com\/en\/examens-et-certifications\/ateliers-de-preparation\/\",\"url\":\"https:\/\/if-qatar.com\/en\/examens-et-certifications\/ateliers-de-preparation\/\",\"name\":\"Ateliers de pr\u00e9paration - Institut Fran\u00e7ais du Qatar\",\"isPartOf\":{\"@id\":\"https:\/\/if-qatar.com\/ar\/#website\"},\"primaryImageOfPage\":{\"@id\":\"https:\/\/if-qatar.com\/en\/examens-et-certifications\/ateliers-de-preparation\/#primaryimage\"},\"image\":{\"@id\":\"https:\/\/if-qatar.com\/en\/examens-et-certifications\/ateliers-de-preparation\/#primaryimage\"},\"thumbnailUrl\":\"https:\/\/if-qatar.com\/wordpress\/wp-content\/uploads\/2020\/10\/business-woman-working-laptop-scaled.jpg\",\"datePublished\":\"2021-03-19T08:30:34+00:00\",\"dateModified\":\"2022-12-07T08:53:17+00:00\",\"breadcrumb\":{\"@id\":\"https:\/\/if-qatar.com\/en\/examens-et-certifications\/ateliers-de-preparation\/#breadcrumb\"},\"inLanguage\":\"ar\",\"potentialAction\":[{\"@type\":\"ReadAction\",\"target\":[\"https:\/\/if-qatar.com\/en\/examens-et-certifications\/ateliers-de-preparation\/\"]}]},{\"@type\":\"ImageObject\",\"inLanguage\":\"ar\",\"@id\":\"https:\/\/if-qatar.com\/en\/examens-et-certifications\/ateliers-de-preparation\/#primaryimage\",\"url\":\"https:\/\/if-qatar.com\/wordpress\/wp-content\/uploads\/2020\/10\/business-woman-working-laptop-scaled.jpg\",\"contentUrl\":\"https:\/\/if-qatar.com\/wordpress\/wp-content\/uploads\/2020\/10\/business-woman-working-laptop-scaled.jpg\",\"width\":2560,\"height\":1707,\"caption\":\"Business woman typing on keyboard laptop working on business report. The blank screen with copy space for your text or advertising content. Selective focus.\"},{\"@type\":\"BreadcrumbList\",\"@id\":\"https:\/\/if-qatar.com\/en\/examens-et-certifications\/ateliers-de-preparation\/#breadcrumb\",\"itemListElement\":[{\"@type\":\"ListItem\",\"position\":1,\"name\":\"Accueil\",\"item\":\"https:\/\/if-qatar.com\/\"},{\"@type\":\"ListItem\",\"position\":2,\"name\":\"Examens et certifications\",\"item\":\"https:\/\/if-qatar.com\/examens-et-certifications\/\"},{\"@type\":\"ListItem\",\"position\":3,\"name\":\"Ateliers de pr\u00e9paration\"}]},{\"@type\":\"WebSite\",\"@id\":\"https:\/\/if-qatar.com\/ar\/#website\",\"url\":\"https:\/\/if-qatar.com\/ar\/\",\"name\":\"Institut Fran\u00e7ais du Qatar\",\"description\":\"\",\"publisher\":{\"@id\":\"https:\/\/if-qatar.com\/ar\/#organization\"},\"potentialAction\":[{\"@type\":\"SearchAction\",\"target\":{\"@type\":\"EntryPoint\",\"urlTemplate\":\"https:\/\/if-qatar.com\/ar\/?s={search_term_string}\"},\"query-input\":{\"@type\":\"PropertyValueSpecification\",\"valueRequired\":true,\"valueName\":\"search_term_string\"}}],\"inLanguage\":\"ar\"},{\"@type\":\"Organization\",\"@id\":\"https:\/\/if-qatar.com\/ar\/#organization\",\"name\":\"Institut Fran\u00e7ais du Qatar\",\"url\":\"https:\/\/if-qatar.com\/ar\/\",\"logo\":{\"@type\":\"ImageObject\",\"inLanguage\":\"ar\",\"@id\":\"https:\/\/if-qatar.com\/ar\/#\/schema\/logo\/image\/\",\"url\":\"https:\/\/if-qatar.com\/wordpress\/wp-content\/uploads\/2022\/10\/LOGO-IFQ-Fond-blanc-Bleu_Plan-de-travail-1.png\",\"contentUrl\":\"https:\/\/if-qatar.com\/wordpress\/wp-content\/uploads\/2022\/10\/LOGO-IFQ-Fond-blanc-Bleu_Plan-de-travail-1.png\",\"width\":2481,\"height\":1636,\"caption\":\"Institut Fran\u00e7ais du Qatar\"},\"image\":{\"@id\":\"https:\/\/if-qatar.com\/ar\/#\/schema\/logo\/image\/\"}}]}<\/script>\n<!-- \/ Yoast SEO plugin. -->","yoast_head_json":{"title":"Ateliers de pr\u00e9paration - Institut Fran\u00e7ais du Qatar","robots":{"index":"index","follow":"follow","max-snippet":"max-snippet:-1","max-image-preview":"max-image-preview:large","max-video-preview":"max-video-preview:-1"},"canonical":"https:\/\/if-qatar.com\/ar\/examens-et-certifications\/ateliers-de-preparation\/","og_locale":"ar_AR","og_type":"article","og_title":"Ateliers de pr\u00e9paration - Institut Fran\u00e7ais du Qatar","og_description":"Pour avoir les dates des prochains ateliers, cliquez sur nos filtres : Ateliers Les ateliers de pr\u00e9paration au TEF &#8211; D\u00e9couvrez des techniques de r\u00e9daction (fait-divers, texte argumentatif) &#8211; Entrainez-vous \u00e0 r\u00e9diger des expressions \u00e9crites &#8211; B\u00e9n\u00e9ficiez de conseils et de corrections personnalis\u00e9es &#8211; Rafraichissez vos acquis en grammaire et conjugaison Pr\u00e9paration \u00e0 l\u2019\u00e9preuve d\u2019expression [&hellip;]","og_url":"https:\/\/if-qatar.com\/ar\/examens-et-certifications\/ateliers-de-preparation\/","og_site_name":"Institut Fran\u00e7ais du Qatar","article_modified_time":"2022-12-07T08:53:17+00:00","og_image":[{"width":2560,"height":1707,"url":"https:\/\/if-qatar.com\/wordpress\/wp-content\/uploads\/2020\/10\/business-woman-working-laptop-scaled.jpg","type":"image\/jpeg"}],"twitter_card":"summary_large_image","twitter_misc":{"\u0648\u0642\u062a \u0627\u0644\u0642\u0631\u0627\u0621\u0629 \u0627\u0644\u0645\u064f\u0642\u062f\u0651\u0631":"\u062f\u0642\u064a\u0642\u0629 \u0648\u0627\u062d\u062f\u0629"},"schema":{"@context":"https:\/\/schema.org","@graph":[{"@type":"WebPage","@id":"https:\/\/if-qatar.com\/en\/examens-et-certifications\/ateliers-de-preparation\/","url":"https:\/\/if-qatar.com\/en\/examens-et-certifications\/ateliers-de-preparation\/","name":"Ateliers de pr\u00e9paration - Institut Fran\u00e7ais du Qatar","isPartOf":{"@id":"https:\/\/if-qatar.com\/ar\/#website"},"primaryImageOfPage":{"@id":"https:\/\/if-qatar.com\/en\/examens-et-certifications\/ateliers-de-preparation\/#primaryimage"},"image":{"@id":"https:\/\/if-qatar.com\/en\/examens-et-certifications\/ateliers-de-preparation\/#primaryimage"},"thumbnailUrl":"https:\/\/if-qatar.com\/wordpress\/wp-content\/uploads\/2020\/10\/business-woman-working-laptop-scaled.jpg","datePublished":"2021-03-19T08:30:34+00:00","dateModified":"2022-12-07T08:53:17+00:00","breadcrumb":{"@id":"https:\/\/if-qatar.com\/en\/examens-et-certifications\/ateliers-de-preparation\/#breadcrumb"},"inLanguage":"ar","potentialAction":[{"@type":"ReadAction","target":["https:\/\/if-qatar.com\/en\/examens-et-certifications\/ateliers-de-preparation\/"]}]},{"@type":"ImageObject","inLanguage":"ar","@id":"https:\/\/if-qatar.com\/en\/examens-et-certifications\/ateliers-de-preparation\/#primaryimage","url":"https:\/\/if-qatar.com\/wordpress\/wp-content\/uploads\/2020\/10\/business-woman-working-laptop-scaled.jpg","contentUrl":"https:\/\/if-qatar.com\/wordpress\/wp-content\/uploads\/2020\/10\/business-woman-working-laptop-scaled.jpg","width":2560,"height":1707,"caption":"Business woman typing on keyboard laptop working on business report. The blank screen with copy space for your text or advertising content. Selective focus."},{"@type":"BreadcrumbList","@id":"https:\/\/if-qatar.com\/en\/examens-et-certifications\/ateliers-de-preparation\/#breadcrumb","itemListElement":[{"@type":"ListItem","position":1,"name":"Accueil","item":"https:\/\/if-qatar.com\/"},{"@type":"ListItem","position":2,"name":"Examens et certifications","item":"https:\/\/if-qatar.com\/examens-et-certifications\/"},{"@type":"ListItem","position":3,"name":"Ateliers de pr\u00e9paration"}]},{"@type":"WebSite","@id":"https:\/\/if-qatar.com\/ar\/#website","url":"https:\/\/if-qatar.com\/ar\/","name":"Institut Fran\u00e7ais du Qatar","description":"","publisher":{"@id":"https:\/\/if-qatar.com\/ar\/#organization"},"potentialAction":[{"@type":"SearchAction","target":{"@type":"EntryPoint","urlTemplate":"https:\/\/if-qatar.com\/ar\/?s={search_term_string}"},"query-input":{"@type":"PropertyValueSpecification","valueRequired":true,"valueName":"search_term_string"}}],"inLanguage":"ar"},{"@type":"Organization","@id":"https:\/\/if-qatar.com\/ar\/#organization","name":"Institut Fran\u00e7ais du Qatar","url":"https:\/\/if-qatar.com\/ar\/","logo":{"@type":"ImageObject","inLanguage":"ar","@id":"https:\/\/if-qatar.com\/ar\/#\/schema\/logo\/image\/","url":"https:\/\/if-qatar.com\/wordpress\/wp-content\/uploads\/2022\/10\/LOGO-IFQ-Fond-blanc-Bleu_Plan-de-travail-1.png","contentUrl":"https:\/\/if-qatar.com\/wordpress\/wp-content\/uploads\/2022\/10\/LOGO-IFQ-Fond-blanc-Bleu_Plan-de-travail-1.png","width":2481,"height":1636,"caption":"Institut Fran\u00e7ais du Qatar"},"image":{"@id":"https:\/\/if-qatar.com\/ar\/#\/schema\/logo\/image\/"}}]}},"_links":{"self":[{"href":"https:\/\/if-qatar.com\/ar\/wp-json\/wp\/v2\/pages\/1418"}],"collection":[{"href":"https:\/\/if-qatar.com\/ar\/wp-json\/wp\/v2\/pages"}],"about":[{"href":"https:\/\/if-qatar.com\/ar\/wp-json\/wp\/v2\/types\/page"}],"author":[{"embeddable":true,"href":"https:\/\/if-qatar.com\/ar\/wp-json\/wp\/v2\/users\/1"}],"replies":[{"embeddable":true,"href":"https:\/\/if-qatar.com\/ar\/wp-json\/wp\/v2\/comments?post=1418"}],"version-history":[{"count":29,"href":"https:\/\/if-qatar.com\/ar\/wp-json\/wp\/v2\/pages\/1418\/revisions"}],"predecessor-version":[{"id":6436,"href":"https:\/\/if-qatar.com\/ar\/wp-json\/wp\/v2\/pages\/1418\/revisions\/6436"}],"up":[{"embeddable":true,"href":"https:\/\/if-qatar.com\/ar\/wp-json\/wp\/v2\/pages\/1420"}],"wp:featuredmedia":[{"embeddable":true,"href":"https:\/\/if-qatar.com\/ar\/wp-json\/wp\/v2\/media\/209"}],"wp:attachment":[{"href":"https:\/\/if-qatar.com\/ar\/wp-json\/wp\/v2\/media?parent=1418"}],"curies":[{"name":"wp","href":"https:\/\/api.w.org\/{rel}","templated":true}]}}